{"id":10905,"date":"2023-08-15T07:13:39","date_gmt":"2023-08-15T07:13:39","guid":{"rendered":"https:\/\/spiroflow1.wpengine.com\/?page_id=10905"},"modified":"2024-11-29T17:48:01","modified_gmt":"2024-11-29T17:48:01","slug":"ersatzteilkontakt","status":"publish","type":"page","link":"https:\/\/www.spiroflow.com\/de\/ersatzteilkontakt\/","title":{"rendered":"Ersatzteilkontakt"},"content":{"rendered":"<div data-elementor-type=\"wp-page\" data-elementor-id=\"10905\" class=\"elementor elementor-10905\" data-elementor-post-type=\"page\">\n\t\t\t\t<div class=\"elementor-element elementor-element-1bbceec e-flex e-con-boxed e-con e-parent\" data-id=\"1bbceec\" data-element_type=\"container\" data-settings=\"{&quot;background_background&quot;:&quot;classic&quot;}\">\n\t\t\t\t\t<div class=\"e-con-inner\">\n\t\t\t\t<div class=\"elementor-element elementor-element-c909334 elementor-widget elementor-widget-heading\" data-id=\"c909334\" data-element_type=\"widget\" data-widget_type=\"heading.default\">\n\t\t\t\t<div class=\"elementor-widget-container\">\n\t\t\t\t\t<h1 class=\"elementor-heading-title elementor-size-default\">Ersatzteile und Austauschteile \u2013 Kontaktieren Sie uns<\/h1>\t\t\t\t<\/div>\n\t\t\t\t<\/div>\n\t\t\t\t\t<\/div>\n\t\t\t\t<\/div>\n\t\t<div class=\"elementor-element elementor-element-4962d41 e-flex e-con-boxed e-con e-parent\" data-id=\"4962d41\" data-element_type=\"container\" data-settings=\"{&quot;background_background&quot;:&quot;classic&quot;}\">\n\t\t\t\t\t<div class=\"e-con-inner\">\n\t\t<div class=\"elementor-element elementor-element-62fcd3c e-con-full e-flex e-con e-child\" data-id=\"62fcd3c\" data-element_type=\"container\">\n\t\t\t\t<div class=\"elementor-element elementor-element-9402a97 elementor-widget elementor-widget-text-editor\" data-id=\"9402a97\" data-element_type=\"widget\" data-widget_type=\"text-editor.default\">\n\t\t\t\t<div class=\"elementor-widget-container\">\n\t\t\t\t\t\t\t\t\t<p>Wenn Sie hochwertige Ersatz- und Austauschteile f\u00fcr Ihre Ausr\u00fcstung ben\u00f6tigen, f\u00fcllen Sie das untenstehende Formular mit m\u00f6glichst vielen Informationen aus.<\/p><p>Wenn Sie sich nicht sicher sind, was Sie ben\u00f6tigen, laden Sie bitte ein Foto mit Ihrer Anfrage hoch.<\/p><p>Alternativ k\u00f6nnen Sie 01200 401781 f\u00fcr die britische Ersatzteilabteilung oder (704) 766-8673 f\u00fcr die USA-Abteilung anrufen.<\/p>\t\t\t\t\t\t\t\t<\/div>\n\t\t\t\t<\/div>\n\t\t\t\t<div class=\"elementor-element elementor-element-7512630 elementor-widget elementor-widget-html\" data-id=\"7512630\" data-element_type=\"widget\" data-widget_type=\"html.default\">\n\t\t\t\t<div class=\"elementor-widget-container\">\n\t\t\t\t\t<script charset=\"utf-8\" type=\"text\/javascript\" src=\"\/\/js.hsforms.net\/forms\/embed\/v2.js\"><\/script>\r\n<script>\r\n  hbspt.forms.create({\r\n    portalId: \"5212366\",\r\n    formId: \"a8112dbe-f6cd-49c5-b9ac-118a136c7351\"\r\n  });\r\n<\/script>\t\t\t\t<\/div>\n\t\t\t\t<\/div>\n\t\t\t\t<\/div>\n\t\t\t\t\t<\/div>\n\t\t\t\t<\/div>\n\t\t\t\t<\/div>","protected":false},"excerpt":{"rendered":"<p>Ersatzteile \u2013 Kontaktieren Sie uns. Ben\u00f6tigen Sie hochwertige Ersatzteile f\u00fcr Ihre Ger\u00e4te? Dann f\u00fcllen Sie das untenstehende Formular mit m\u00f6glichst vielen Informationen aus. Wenn Sie unsicher sind, was Sie ben\u00f6tigen, laden Sie bitte ein Foto mit Ihrer Anfrage hoch. Alternativ erreichen Sie uns telefonisch unter 01200 401781 (f\u00fcr Gro\u00dfbritannien).<\/p>","protected":false},"author":2,"featured_media":0,"parent":0,"menu_order":0,"comment_status":"closed","ping_status":"closed","template":"","meta":{"content-type":"","footnotes":""},"class_list":["post-10905","page","type-page","status-publish","hentry"],"_links":{"self":[{"href":"https:\/\/www.spiroflow.com\/de\/wp-json\/wp\/v2\/pages\/10905","targetHints":{"allow":["GET"]}}],"collection":[{"href":"https:\/\/www.spiroflow.com\/de\/wp-json\/wp\/v2\/pages"}],"about":[{"href":"https:\/\/www.spiroflow.com\/de\/wp-json\/wp\/v2\/types\/page"}],"author":[{"embeddable":true,"href":"https:\/\/www.spiroflow.com\/de\/wp-json\/wp\/v2\/users\/2"}],"replies":[{"embeddable":true,"href":"https:\/\/www.spiroflow.com\/de\/wp-json\/wp\/v2\/comments?post=10905"}],"version-history":[{"count":0,"href":"https:\/\/www.spiroflow.com\/de\/wp-json\/wp\/v2\/pages\/10905\/revisions"}],"wp:attachment":[{"href":"https:\/\/www.spiroflow.com\/de\/wp-json\/wp\/v2\/media?parent=10905"}],"curies":[{"name":"wp","href":"https:\/\/api.w.org\/{rel}","templated":true}]}}