{"id":10906,"date":"2023-08-15T07:16:39","date_gmt":"2023-08-15T07:16:39","guid":{"rendered":"https:\/\/spiroflow1.wpengine.com\/?page_id=10906"},"modified":"2024-03-04T23:21:28","modified_gmt":"2024-03-04T23:21:28","slug":"fordern-sie-experten-heraus","status":"publish","type":"page","link":"https:\/\/www.spiroflow.com\/de\/fordern-sie-experten-heraus\/","title":{"rendered":"Fordern Sie die Experten heraus"},"content":{"rendered":"<div data-elementor-type=\"wp-page\" data-elementor-id=\"10906\" class=\"elementor elementor-10906\" data-elementor-post-type=\"page\">\n\t\t\t\t<div class=\"elementor-element elementor-element-1879a8d e-flex e-con-boxed e-con e-parent\" data-id=\"1879a8d\" data-element_type=\"container\" data-settings=\"{&quot;background_background&quot;:&quot;classic&quot;}\">\n\t\t\t\t\t<div class=\"e-con-inner\">\n\t\t\t\t<div class=\"elementor-element elementor-element-a387e68 elementor-widget elementor-widget-heading\" data-id=\"a387e68\" data-element_type=\"widget\" data-widget_type=\"heading.default\">\n\t\t\t\t<div class=\"elementor-widget-container\">\n\t\t\t\t\t<h1 class=\"elementor-heading-title elementor-size-default\">Fordern Sie die Experten heraus<\/h1>\t\t\t\t<\/div>\n\t\t\t\t<\/div>\n\t\t\t\t\t<\/div>\n\t\t\t\t<\/div>\n\t\t<div class=\"elementor-element elementor-element-2e50819 e-flex e-con-boxed e-con e-parent\" data-id=\"2e50819\" data-element_type=\"container\">\n\t\t\t\t\t<div class=\"e-con-inner\">\n\t\t<div class=\"elementor-element elementor-element-a5ebb25 e-con-full e-flex e-con e-child\" data-id=\"a5ebb25\" data-element_type=\"container\">\n\t\t\t\t<div class=\"elementor-element elementor-element-cdd7608 elementor-widget elementor-widget-text-editor\" data-id=\"cdd7608\" data-element_type=\"widget\" data-widget_type=\"text-editor.default\">\n\t\t\t\t<div class=\"elementor-widget-container\">\n\t\t\t\t\t\t\t\t\t<p>Haben Sie ein l\u00e4stiges Problem, das Sie nicht ganz zu Ihrer Zufriedenheit l\u00f6sen k\u00f6nnen? M\u00f6glicherweise handelt es sich um ein wiederkehrendes Problem, das Ihre Produktionslinie lahmlegt, oder um eine Einschr\u00e4nkung Ihrer vorhandenen Steuerungen.<br \/>Bei Spiroflow verf\u00fcgen wir \u00fcber ein festangestelltes Team von Ingenieuren mit langj\u00e4hriger Erfahrung in der Handhabung und Automatisierung von Trockensch\u00fcttg\u00fctern. Wir laden Sie ein, uns Ihre schwierigsten Probleme mitzuteilen und versprechen, unser Bestes zu tun, um sie f\u00fcr Sie zu l\u00f6sen! Greifen Sie einfach zum Telefonh\u00f6rer oder erz\u00e4hlen Sie uns \u00fcber den untenstehenden Link ein wenig \u00fcber Ihr Problem.<\/p>\t\t\t\t\t\t\t\t<\/div>\n\t\t\t\t<\/div>\n\t\t\t\t<\/div>\n\t\t<div class=\"elementor-element elementor-element-a382739 e-con-full e-flex e-con e-child\" data-id=\"a382739\" data-element_type=\"container\">\n\t\t\t\t<div class=\"elementor-element elementor-element-8e82afc elementor-widget__width-initial elementor-widget elementor-widget-video\" data-id=\"8e82afc\" data-element_type=\"widget\" data-settings=\"{&quot;video_type&quot;:&quot;vimeo&quot;}\" data-widget_type=\"video.default\">\n\t\t\t\t<div class=\"elementor-widget-container\">\n\t\t\t\t\t\t\t<div class=\"elementor-wrapper elementor-open-inline\">\n\t\t\t<iframe class=\"elementor-video-iframe\" allowfullscreen allow=\"clipboard-write\" title=\"vimeo-Videoplayer\" src=\"https:\/\/player.vimeo.com\/video\/220833043?color&amp;autopause=0&amp;loop=0&amp;muted=0&amp;title=1&amp;portrait=1&amp;byline=1#t=\"><\/iframe>\t\t<\/div>\n\t\t\t\t\t\t<\/div>\n\t\t\t\t<\/div>\n\t\t\t\t<\/div>\n\t\t\t\t\t<\/div>\n\t\t\t\t<\/div>\n\t\t<div class=\"elementor-element elementor-element-d81ab33 e-flex e-con-boxed e-con e-parent\" data-id=\"d81ab33\" data-element_type=\"container\" data-settings=\"{&quot;background_background&quot;:&quot;classic&quot;}\">\n\t\t\t\t\t<div class=\"e-con-inner\">\n\t\t\t\t<div class=\"elementor-element elementor-element-9fa149a elementor-widget elementor-widget-html\" data-id=\"9fa149a\" data-element_type=\"widget\" data-widget_type=\"html.default\">\n\t\t\t\t<div class=\"elementor-widget-container\">\n\t\t\t\t\t<!--[if lte IE 8]>\r\n<script charset=\"utf-8\" type=\"text\/javascript\" src=\"\/\/js.hsforms.net\/forms\/v2-legacy.js\"><\/script>\r\n<![endif]-->\r\n<script charset=\"utf-8\" type=\"text\/javascript\" src=\"\/\/js.hsforms.net\/forms\/v2.js\"><\/script>\r\n<script>\r\n  hbspt.forms.create({ \r\n    css: '',\r\n    portalId: '41946',\r\n    formId: '7ed61e0d-d380-41c4-bd16-ddd34e48fd69'\r\n  });\r\n<\/script>\t\t\t\t<\/div>\n\t\t\t\t<\/div>\n\t\t\t\t\t<\/div>\n\t\t\t\t<\/div>\n\t\t\t\t<\/div>","protected":false},"excerpt":{"rendered":"<p>Fordern Sie die Experten heraus Haben Sie ein l\u00e4stiges Problem, das Sie nicht ganz zu Ihrer Zufriedenheit l\u00f6sen k\u00f6nnen? M\u00f6glicherweise handelt es sich um ein wiederkehrendes Problem, das Ihre Produktionslinie lahmlegt, oder um eine Einschr\u00e4nkung Ihrer vorhandenen Steuerungen. Bei Spiroflow verf\u00fcgen wir \u00fcber ein festangestelltes Team von Ingenieuren mit langj\u00e4hriger Erfahrung in der Handhabung und Automatisierung von Trockensch\u00fcttg\u00fctern. [\u2026]<\/p>","protected":false},"author":2,"featured_media":0,"parent":0,"menu_order":0,"comment_status":"closed","ping_status":"closed","template":"","meta":{"content-type":"","footnotes":""},"class_list":["post-10906","page","type-page","status-publish","hentry"],"_links":{"self":[{"href":"https:\/\/www.spiroflow.com\/de\/wp-json\/wp\/v2\/pages\/10906","targetHints":{"allow":["GET"]}}],"collection":[{"href":"https:\/\/www.spiroflow.com\/de\/wp-json\/wp\/v2\/pages"}],"about":[{"href":"https:\/\/www.spiroflow.com\/de\/wp-json\/wp\/v2\/types\/page"}],"author":[{"embeddable":true,"href":"https:\/\/www.spiroflow.com\/de\/wp-json\/wp\/v2\/users\/2"}],"replies":[{"embeddable":true,"href":"https:\/\/www.spiroflow.com\/de\/wp-json\/wp\/v2\/comments?post=10906"}],"version-history":[{"count":0,"href":"https:\/\/www.spiroflow.com\/de\/wp-json\/wp\/v2\/pages\/10906\/revisions"}],"wp:attachment":[{"href":"https:\/\/www.spiroflow.com\/de\/wp-json\/wp\/v2\/media?parent=10906"}],"curies":[{"name":"wp","href":"https:\/\/api.w.org\/{rel}","templated":true}]}}