{"id":10913,"date":"2023-08-15T07:47:42","date_gmt":"2023-08-15T07:47:42","guid":{"rendered":"https:\/\/spiroflow1.wpengine.com\/?page_id=10913"},"modified":"2024-03-04T23:27:14","modified_gmt":"2024-03-04T23:27:14","slug":"flexible-ersatzrohre-fur-schneckenforderer-spiralen","status":"publish","type":"page","link":"https:\/\/www.spiroflow.com\/de\/ersatzteile\/flexible-ersatzrohre-fur-schneckenforderer-spiralen\/","title":{"rendered":"Flexible Ersatzrohre und Spiralen f\u00fcr Schneckenf\u00f6rderer"},"content":{"rendered":"<div data-elementor-type=\"wp-page\" data-elementor-id=\"10913\" class=\"elementor elementor-10913\" data-elementor-post-type=\"page\">\n\t\t\t\t<div class=\"elementor-element elementor-element-941a2a2 e-flex e-con-boxed e-con e-parent\" data-id=\"941a2a2\" data-element_type=\"container\" data-settings=\"{&quot;background_background&quot;:&quot;classic&quot;}\">\n\t\t\t\t\t<div class=\"e-con-inner\">\n\t\t\t\t<div class=\"elementor-element elementor-element-88939d6 elementor-widget elementor-widget-heading\" data-id=\"88939d6\" data-element_type=\"widget\" data-widget_type=\"heading.default\">\n\t\t\t\t<div class=\"elementor-widget-container\">\n\t\t\t\t\t<h1 class=\"elementor-heading-title elementor-size-default\">Flexible Ersatzrohre und Spiralen f\u00fcr Schneckenf\u00f6rderer\n<\/h1>\t\t\t\t<\/div>\n\t\t\t\t<\/div>\n\t\t\t\t\t<\/div>\n\t\t\t\t<\/div>\n\t\t<div class=\"elementor-element elementor-element-82a4f6c e-flex e-con-boxed e-con e-parent\" data-id=\"82a4f6c\" data-element_type=\"container\">\n\t\t\t\t\t<div class=\"e-con-inner\">\n\t\t<div class=\"elementor-element elementor-element-b12b397 e-con-full e-flex e-con e-child\" data-id=\"b12b397\" data-element_type=\"container\">\n\t\t\t\t<div class=\"elementor-element elementor-element-50ef70c elementor-widget elementor-widget-image-carousel\" data-id=\"50ef70c\" data-element_type=\"widget\" data-settings=\"{&quot;slides_to_show&quot;:&quot;1&quot;,&quot;navigation&quot;:&quot;none&quot;,&quot;lazyload&quot;:&quot;yes&quot;,&quot;autoplay_speed&quot;:2000,&quot;autoplay&quot;:&quot;yes&quot;,&quot;pause_on_hover&quot;:&quot;yes&quot;,&quot;pause_on_interaction&quot;:&quot;yes&quot;,&quot;infinite&quot;:&quot;yes&quot;,&quot;effect&quot;:&quot;slide&quot;,&quot;speed&quot;:500}\" data-widget_type=\"image-carousel.default\">\n\t\t\t\t<div class=\"elementor-widget-container\">\n\t\t\t\t\t\t\t<div class=\"elementor-image-carousel-wrapper swiper\" role=\"region\" aria-roledescription=\"carousel\" aria-label=\"Bilderkarussell\" dir=\"ltr\">\n\t\t\t<div class=\"elementor-image-carousel swiper-wrapper\" aria-live=\"off\">\n\t\t\t\t\t\t\t\t<div class=\"swiper-slide\" role=\"group\" aria-roledescription=\"slide\" aria-label=\"1 von 4\"><figure class=\"swiper-slide-inner\"><img class=\"swiper-slide-image swiper-lazy\" data-src=\"https:\/\/www.spiroflow.com\/wp-content\/uploads\/2016\/09\/spirals-01.webp\" alt=\"Drei verschiedene Spiralen\u00a0\" \/><div class=\"swiper-lazy-preloader\"><\/div><\/figure><\/div><div class=\"swiper-slide\" role=\"group\" aria-roledescription=\"slide\" aria-label=\"2 von 4\"><figure class=\"swiper-slide-inner\"><img class=\"swiper-slide-image swiper-lazy\" data-src=\"https:\/\/www.spiroflow.com\/wp-content\/uploads\/2023\/08\/spirals-02.webp\" alt=\"Spiralen-02\" \/><div class=\"swiper-lazy-preloader\"><\/div><\/figure><\/div><div class=\"swiper-slide\" role=\"group\" aria-roledescription=\"slide\" aria-label=\"3 von 4\"><figure class=\"swiper-slide-inner\"><img class=\"swiper-slide-image swiper-lazy\" data-src=\"https:\/\/www.spiroflow.com\/wp-content\/uploads\/2016\/09\/Flexible-Screw-Conveyor-Spirals-300x226-1.png\" alt=\"\" \/><div class=\"swiper-lazy-preloader\"><\/div><\/figure><\/div><div class=\"swiper-slide\" role=\"group\" aria-roledescription=\"slide\" aria-label=\"4 von 4\"><figure class=\"swiper-slide-inner\"><img class=\"swiper-slide-image swiper-lazy\" data-src=\"https:\/\/www.spiroflow.com\/wp-content\/uploads\/2023\/08\/tubes-01.webp\" alt=\"R\u00f6hren-01\" \/><div class=\"swiper-lazy-preloader\"><\/div><\/figure><\/div>\t\t\t<\/div>\n\t\t\t\t\t\t\t\n\t\t\t\t\t\t\t\t\t<\/div>\n\t\t\t\t\t\t<\/div>\n\t\t\t\t<\/div>\n\t\t\t\t<\/div>\n\t\t<div class=\"elementor-element elementor-element-2f8f379 e-con-full e-flex e-con e-child\" data-id=\"2f8f379\" data-element_type=\"container\">\n\t\t\t\t<div class=\"elementor-element elementor-element-62768e3 elementor-widget elementor-widget-heading\" data-id=\"62768e3\" data-element_type=\"widget\" data-widget_type=\"heading.default\">\n\t\t\t\t<div class=\"elementor-widget-container\">\n\t\t\t\t\t<h2 class=\"elementor-heading-title elementor-size-default\">Flexible F\u00f6rderschnecken-Spiralen und -Rohre\n<\/h2>\t\t\t\t<\/div>\n\t\t\t\t<\/div>\n\t\t\t\t<div class=\"elementor-element elementor-element-52e7263 elementor-widget-divider--view-line elementor-widget elementor-widget-divider\" data-id=\"52e7263\" data-element_type=\"widget\" data-widget_type=\"divider.default\">\n\t\t\t\t<div class=\"elementor-widget-container\">\n\t\t\t\t\t\t\t<div class=\"elementor-divider\">\n\t\t\t<span class=\"elementor-divider-separator\">\n\t\t\t\t\t\t<\/span>\n\t\t<\/div>\n\t\t\t\t\t\t<\/div>\n\t\t\t\t<\/div>\n\t\t\t\t<div class=\"elementor-element elementor-element-a2dd4d2 elementor-widget elementor-widget-text-editor\" data-id=\"a2dd4d2\" data-element_type=\"widget\" data-widget_type=\"text-editor.default\">\n\t\t\t\t<div class=\"elementor-widget-container\">\n\t\t\t\t\t\t\t\t\t<div class=\"container\"><div class=\"section-banner-inner\"><div class=\"section-banner-content\"><p>Alle unsere Spiralen f\u00fcr flexible F\u00f6rderschnecken werden aus einer Reihe von Weichstahl und Edelstahl hergestellt. Diese sind alle w\u00e4rmebehandelt, um eine h\u00f6here Festigkeit und Langlebigkeit zu gew\u00e4hrleisten. F\u00fcr bestimmte hochdichte oder aggressive Materialien sind auch Hochleistungsspiralen erh\u00e4ltlich.<\/p><p>Auch f\u00fcr Pharma-Anwendungsprozesse stehen elektropolierte Spiralen zur Verf\u00fcgung.<\/p><p>Passend zu Ihrer Anwendung haben wir verschiedene Spiralprofile auf Lager. Die verf\u00fcgbaren Profile sind rund, flach und abgeschr\u00e4gt.<\/p><\/div><\/div><\/div>\t\t\t\t\t\t\t\t<\/div>\n\t\t\t\t<\/div>\n\t\t\t\t<\/div>\n\t\t\t\t\t<\/div>\n\t\t\t\t<\/div>\n\t\t<div class=\"elementor-element elementor-element-56a9354 e-flex e-con-boxed e-con e-parent\" data-id=\"56a9354\" data-element_type=\"container\">\n\t\t\t\t\t<div class=\"e-con-inner\">\n\t\t<div class=\"elementor-element elementor-element-ce5d6e7 e-con-full e-flex e-con e-child\" data-id=\"ce5d6e7\" data-element_type=\"container\">\n\t\t\t\t<div class=\"elementor-element elementor-element-f2f6ecd elementor-widget elementor-widget-image\" data-id=\"f2f6ecd\" data-element_type=\"widget\" data-widget_type=\"image.default\">\n\t\t\t\t<div class=\"elementor-widget-container\">\n\t\t\t\t\t\t\t\t\t\t\t\t\t\t\t\t<a href=\"https:\/\/www.spiroflow.com\/wp-content\/uploads\/2023\/11\/FSC-SP-Table-1.webp\" data-elementor-open-lightbox=\"yes\" data-elementor-lightbox-title=\"FSC-SP-Table-1\" data-e-action-hash=\"#elementor-action%3Aaction%3Dlightbox%26settings%3DeyJpZCI6MTE3NTgsInVybCI6Imh0dHBzOlwvXC93d3cuc3Bpcm9mbG93LmNvbVwvd3AtY29udGVudFwvdXBsb2Fkc1wvMjAyM1wvMTFcL0ZTQy1TUC1UYWJsZS0xLndlYnAifQ%3D%3D\">\n\t\t\t\t\t\t\t<img fetchpriority=\"high\" decoding=\"async\" width=\"800\" height=\"248\" src=\"https:\/\/www.spiroflow.com\/wp-content\/uploads\/2023\/11\/FSC-SP-Table-1-1024x317.webp\" class=\"attachment-large size-large wp-image-11758\" alt=\"\" srcset=\"https:\/\/www.spiroflow.com\/wp-content\/uploads\/2023\/11\/FSC-SP-Table-1-1024x317.webp 1024w, https:\/\/www.spiroflow.com\/wp-content\/uploads\/2023\/11\/FSC-SP-Table-1-300x93.webp 300w, https:\/\/www.spiroflow.com\/wp-content\/uploads\/2023\/11\/FSC-SP-Table-1-768x237.webp 768w, https:\/\/www.spiroflow.com\/wp-content\/uploads\/2023\/11\/FSC-SP-Table-1-18x6.webp 18w, https:\/\/www.spiroflow.com\/wp-content\/uploads\/2023\/11\/FSC-SP-Table-1.webp 1533w\" sizes=\"(max-width: 800px) 100vw, 800px\" \/>\t\t\t\t\t\t\t\t<\/a>\n\t\t\t\t\t\t\t\t\t\t\t\t\t\t\t<\/div>\n\t\t\t\t<\/div>\n\t\t\t\t<div class=\"elementor-element elementor-element-7ab2648 elementor-widget elementor-widget-image\" data-id=\"7ab2648\" data-element_type=\"widget\" data-widget_type=\"image.default\">\n\t\t\t\t<div class=\"elementor-widget-container\">\n\t\t\t\t\t\t\t\t\t\t\t\t\t\t\t\t<a href=\"https:\/\/www.spiroflow.com\/wp-content\/uploads\/2023\/11\/FSC-SP-Table-2.webp\" data-elementor-open-lightbox=\"yes\" data-elementor-lightbox-title=\"FSC-SP-Table-2\" data-e-action-hash=\"#elementor-action%3Aaction%3Dlightbox%26settings%3DeyJpZCI6MTE3NjAsInVybCI6Imh0dHBzOlwvXC93d3cuc3Bpcm9mbG93LmNvbVwvd3AtY29udGVudFwvdXBsb2Fkc1wvMjAyM1wvMTFcL0ZTQy1TUC1UYWJsZS0yLndlYnAifQ%3D%3D\">\n\t\t\t\t\t\t\t<img decoding=\"async\" width=\"800\" height=\"363\" src=\"https:\/\/www.spiroflow.com\/wp-content\/uploads\/2023\/11\/FSC-SP-Table-2-1024x465.webp\" class=\"attachment-large size-large wp-image-11760\" alt=\"\" srcset=\"https:\/\/www.spiroflow.com\/wp-content\/uploads\/2023\/11\/FSC-SP-Table-2-1024x465.webp 1024w, https:\/\/www.spiroflow.com\/wp-content\/uploads\/2023\/11\/FSC-SP-Table-2-300x136.webp 300w, https:\/\/www.spiroflow.com\/wp-content\/uploads\/2023\/11\/FSC-SP-Table-2-768x349.webp 768w, https:\/\/www.spiroflow.com\/wp-content\/uploads\/2023\/11\/FSC-SP-Table-2-18x8.webp 18w, https:\/\/www.spiroflow.com\/wp-content\/uploads\/2023\/11\/FSC-SP-Table-2.webp 1381w\" sizes=\"(max-width: 800px) 100vw, 800px\" \/>\t\t\t\t\t\t\t\t<\/a>\n\t\t\t\t\t\t\t\t\t\t\t\t\t\t\t<\/div>\n\t\t\t\t<\/div>\n\t\t\t\t<div class=\"elementor-element elementor-element-9d915a2 elementor-widget elementor-widget-text-editor\" data-id=\"9d915a2\" data-element_type=\"widget\" data-widget_type=\"text-editor.default\">\n\t\t\t\t<div class=\"elementor-widget-container\">\n\t\t\t\t\t\t\t\t\t<p>Unsere lebensmittelechten F\u00f6rderrohre aus Polyethylen mit ultrahohem Molekulargewicht (UHMWPE) sind von h\u00f6chster Qualit\u00e4t und langlebiger und abriebfester als alle anderen auf dem Markt. Wir haben einen gro\u00dfen Lagerbestand dieser R\u00f6hren in verschiedenen Gr\u00f6\u00dfen vorr\u00e4tig.<\/p>\t\t\t\t\t\t\t\t<\/div>\n\t\t\t\t<\/div>\n\t\t\t\t<div class=\"elementor-element elementor-element-e354cc0 elementor-widget elementor-widget-image\" data-id=\"e354cc0\" data-element_type=\"widget\" data-widget_type=\"image.default\">\n\t\t\t\t<div class=\"elementor-widget-container\">\n\t\t\t\t\t\t\t\t\t\t\t\t\t\t\t\t<a href=\"https:\/\/www.spiroflow.com\/wp-content\/uploads\/2023\/11\/FSC-SP-Table-3.webp\" data-elementor-open-lightbox=\"yes\" data-elementor-lightbox-title=\"FSC-SP-Table-3\" data-e-action-hash=\"#elementor-action%3Aaction%3Dlightbox%26settings%3DeyJpZCI6MTE3NjEsInVybCI6Imh0dHBzOlwvXC93d3cuc3Bpcm9mbG93LmNvbVwvd3AtY29udGVudFwvdXBsb2Fkc1wvMjAyM1wvMTFcL0ZTQy1TUC1UYWJsZS0zLndlYnAifQ%3D%3D\">\n\t\t\t\t\t\t\t<img decoding=\"async\" width=\"800\" height=\"252\" src=\"https:\/\/www.spiroflow.com\/wp-content\/uploads\/2023\/11\/FSC-SP-Table-3-1024x322.webp\" class=\"attachment-large size-large wp-image-11761\" alt=\"\" srcset=\"https:\/\/www.spiroflow.com\/wp-content\/uploads\/2023\/11\/FSC-SP-Table-3-1024x322.webp 1024w, https:\/\/www.spiroflow.com\/wp-content\/uploads\/2023\/11\/FSC-SP-Table-3-300x94.webp 300w, https:\/\/www.spiroflow.com\/wp-content\/uploads\/2023\/11\/FSC-SP-Table-3-768x242.webp 768w, https:\/\/www.spiroflow.com\/wp-content\/uploads\/2023\/11\/FSC-SP-Table-3-18x6.webp 18w, https:\/\/www.spiroflow.com\/wp-content\/uploads\/2023\/11\/FSC-SP-Table-3.webp 1380w\" sizes=\"(max-width: 800px) 100vw, 800px\" \/>\t\t\t\t\t\t\t\t<\/a>\n\t\t\t\t\t\t\t\t\t\t\t\t\t\t\t<\/div>\n\t\t\t\t<\/div>\n\t\t\t\t<div class=\"elementor-element elementor-element-812cf9f elementor-widget elementor-widget-image\" data-id=\"812cf9f\" data-element_type=\"widget\" data-widget_type=\"image.default\">\n\t\t\t\t<div class=\"elementor-widget-container\">\n\t\t\t\t\t\t\t\t\t\t\t\t\t\t\t\t<a href=\"https:\/\/www.spiroflow.com\/wp-content\/uploads\/2023\/11\/FSC-SP-Table-4.webp\" data-elementor-open-lightbox=\"yes\" data-elementor-lightbox-title=\"FSC-SP-Table-4\" data-e-action-hash=\"#elementor-action%3Aaction%3Dlightbox%26settings%3DeyJpZCI6MTE3NjIsInVybCI6Imh0dHBzOlwvXC93d3cuc3Bpcm9mbG93LmNvbVwvd3AtY29udGVudFwvdXBsb2Fkc1wvMjAyM1wvMTFcL0ZTQy1TUC1UYWJsZS00LndlYnAifQ%3D%3D\">\n\t\t\t\t\t\t\t<img loading=\"lazy\" decoding=\"async\" width=\"800\" height=\"360\" src=\"https:\/\/www.spiroflow.com\/wp-content\/uploads\/2023\/11\/FSC-SP-Table-4-1024x461.webp\" class=\"attachment-large size-large wp-image-11762\" alt=\"\" srcset=\"https:\/\/www.spiroflow.com\/wp-content\/uploads\/2023\/11\/FSC-SP-Table-4-1024x461.webp 1024w, https:\/\/www.spiroflow.com\/wp-content\/uploads\/2023\/11\/FSC-SP-Table-4-300x135.webp 300w, https:\/\/www.spiroflow.com\/wp-content\/uploads\/2023\/11\/FSC-SP-Table-4-768x346.webp 768w, https:\/\/www.spiroflow.com\/wp-content\/uploads\/2023\/11\/FSC-SP-Table-4-18x8.webp 18w, https:\/\/www.spiroflow.com\/wp-content\/uploads\/2023\/11\/FSC-SP-Table-4.webp 1378w\" sizes=\"(max-width: 800px) 100vw, 800px\" \/>\t\t\t\t\t\t\t\t<\/a>\n\t\t\t\t\t\t\t\t\t\t\t\t\t\t\t<\/div>\n\t\t\t\t<\/div>\n\t\t\t\t<div class=\"elementor-element elementor-element-2933709 elementor-widget elementor-widget-text-editor\" data-id=\"2933709\" data-element_type=\"widget\" data-widget_type=\"text-editor.default\">\n\t\t\t\t<div class=\"elementor-widget-container\">\n\t\t\t\t\t\t\t\t\t<p>Wir bieten auch antistatische UHMWPE-Rohre f\u00fcr explosive Materialien und hochbelastbare, abriebfeste Gummi-F\u00f6rderrohre an, die f\u00fcr die abrasivesten Metalle, Zuschlagstoffe und Materialien geeignet sind.<\/p><p>Alle unsere UHMWPE-F\u00f6rderrohre werden unter Einhaltung der Lebensmittelvorschriften in den USA und Gro\u00dfbritannien hergestellt.<\/p>\t\t\t\t\t\t\t\t<\/div>\n\t\t\t\t<\/div>\n\t\t\t\t<\/div>\n\t\t\t\t\t<\/div>\n\t\t\t\t<\/div>\n\t\t<div class=\"elementor-element elementor-element-9cb9583 e-con-full e-flex e-con e-parent\" data-id=\"9cb9583\" data-element_type=\"container\" data-settings=\"{&quot;background_background&quot;:&quot;classic&quot;}\">\n\t\t\t\t<div class=\"elementor-element elementor-element-b467ad5 elementor-widget elementor-widget-heading\" data-id=\"b467ad5\" data-element_type=\"widget\" data-widget_type=\"heading.default\">\n\t\t\t\t<div class=\"elementor-widget-container\">\n\t\t\t\t\t<h2 class=\"elementor-heading-title elementor-size-default\">Bestellen Sie Ersatzteile<\/h2>\t\t\t\t<\/div>\n\t\t\t\t<\/div>\n\t\t\t\t<div class=\"elementor-element elementor-element-eb85463 elementor-widget elementor-widget-text-editor\" data-id=\"eb85463\" data-element_type=\"widget\" data-widget_type=\"text-editor.default\">\n\t\t\t\t<div class=\"elementor-widget-container\">\n\t\t\t\t\t\t\t\t\t<div class=\"container\"><div class=\"section-banner-inner\"><div class=\"section-banner-content\"><p>Kontaktieren Sie noch heute unser Ersatzteilteam, um Ihre Ersatz- und Austauschteile zu bestellen.<\/p><\/div><\/div><\/div>\t\t\t\t\t\t\t\t<\/div>\n\t\t\t\t<\/div>\n\t\t\t\t<div class=\"elementor-element elementor-element-e30e205 elementor-mobile-align-center elementor-align-center elementor-widget elementor-widget-button\" data-id=\"e30e205\" data-element_type=\"widget\" data-widget_type=\"button.default\">\n\t\t\t\t<div class=\"elementor-widget-container\">\n\t\t\t\t\t\t\t\t\t<div class=\"elementor-button-wrapper\">\n\t\t\t\t\t<a class=\"elementor-button elementor-button-link elementor-size-md\" href=\"\/de\/ersatzteilkontakt\/\">\n\t\t\t\t\t\t<span class=\"elementor-button-content-wrapper\">\n\t\t\t\t\t\t\t\t\t<span class=\"elementor-button-text\">KONTAKTIERE UNS<\/span>\n\t\t\t\t\t<\/span>\n\t\t\t\t\t<\/a>\n\t\t\t\t<\/div>\n\t\t\t\t\t\t\t\t<\/div>\n\t\t\t\t<\/div>\n\t\t\t\t<\/div>\n\t\t\t\t<\/div>","protected":false},"excerpt":{"rendered":"<p>Ersatzrohre und -spiralen f\u00fcr flexible F\u00f6rderschnecken Spiralen und Rohre f\u00fcr flexible F\u00f6rderschnecken Alle unsere Spiralen f\u00fcr flexible F\u00f6rderschnecken werden aus einer Reihe von Weichstahl und Edelstahl hergestellt. Diese sind alle w\u00e4rmebehandelt, um eine h\u00f6here Festigkeit und Langlebigkeit zu gew\u00e4hrleisten. F\u00fcr bestimmte hochdichte oder aggressive Materialien sind auch Hochleistungsspiralen erh\u00e4ltlich. Elektropoliertes [\u2026]<\/p>","protected":false},"author":2,"featured_media":0,"parent":10869,"menu_order":0,"comment_status":"closed","ping_status":"closed","template":"","meta":{"content-type":"","footnotes":""},"class_list":["post-10913","page","type-page","status-publish","hentry"],"_links":{"self":[{"href":"https:\/\/www.spiroflow.com\/de\/wp-json\/wp\/v2\/pages\/10913","targetHints":{"allow":["GET"]}}],"collection":[{"href":"https:\/\/www.spiroflow.com\/de\/wp-json\/wp\/v2\/pages"}],"about":[{"href":"https:\/\/www.spiroflow.com\/de\/wp-json\/wp\/v2\/types\/page"}],"author":[{"embeddable":true,"href":"https:\/\/www.spiroflow.com\/de\/wp-json\/wp\/v2\/users\/2"}],"replies":[{"embeddable":true,"href":"https:\/\/www.spiroflow.com\/de\/wp-json\/wp\/v2\/comments?post=10913"}],"version-history":[{"count":0,"href":"https:\/\/www.spiroflow.com\/de\/wp-json\/wp\/v2\/pages\/10913\/revisions"}],"up":[{"embeddable":true,"href":"https:\/\/www.spiroflow.com\/de\/wp-json\/wp\/v2\/pages\/10869"}],"wp:attachment":[{"href":"https:\/\/www.spiroflow.com\/de\/wp-json\/wp\/v2\/media?parent=10913"}],"curies":[{"name":"wp","href":"https:\/\/api.w.org\/{rel}","templated":true}]}}