{"id":10914,"date":"2023-08-15T07:58:06","date_gmt":"2023-08-15T07:58:06","guid":{"rendered":"https:\/\/spiroflow1.wpengine.com\/?page_id=10914"},"modified":"2024-03-04T23:36:02","modified_gmt":"2024-03-04T23:36:02","slug":"ersatzkabel-fur-aeromechanische-forderer","status":"publish","type":"page","link":"https:\/\/www.spiroflow.com\/de\/ersatzteile\/ersatzkabel-fur-aeromechanische-forderer\/","title":{"rendered":"Ersatzkabel f\u00fcr aeromechanische F\u00f6rderer"},"content":{"rendered":"<div data-elementor-type=\"wp-page\" data-elementor-id=\"10914\" class=\"elementor elementor-10914\" data-elementor-post-type=\"page\">\n\t\t\t\t<div class=\"elementor-element elementor-element-1ed4c89 e-flex e-con-boxed e-con e-parent\" data-id=\"1ed4c89\" data-element_type=\"container\" data-settings=\"{&quot;background_background&quot;:&quot;classic&quot;}\">\n\t\t\t\t\t<div class=\"e-con-inner\">\n\t\t\t\t<div class=\"elementor-element elementor-element-4159dba elementor-widget elementor-widget-heading\" data-id=\"4159dba\" data-element_type=\"widget\" data-widget_type=\"heading.default\">\n\t\t\t\t<div class=\"elementor-widget-container\">\n\t\t\t\t\t<h1 class=\"elementor-heading-title elementor-size-default\">Ersatzkabel f\u00fcr aeromechanische F\u00f6rderer<\/h1>\t\t\t\t<\/div>\n\t\t\t\t<\/div>\n\t\t\t\t\t<\/div>\n\t\t\t\t<\/div>\n\t\t<div class=\"elementor-element elementor-element-a63c484 e-flex e-con-boxed e-con e-parent\" data-id=\"a63c484\" data-element_type=\"container\">\n\t\t\t\t\t<div class=\"e-con-inner\">\n\t\t<div class=\"elementor-element elementor-element-203c178 e-con-full e-flex e-con e-child\" data-id=\"203c178\" data-element_type=\"container\">\n\t\t\t\t<div class=\"elementor-element elementor-element-e7237ac elementor-widget elementor-widget-image\" data-id=\"e7237ac\" data-element_type=\"widget\" data-widget_type=\"image.default\">\n\t\t\t\t<div class=\"elementor-widget-container\">\n\t\t\t\t\t\t\t\t\t\t\t\t\t\t\t<img fetchpriority=\"high\" decoding=\"async\" width=\"800\" height=\"600\" src=\"https:\/\/www.spiroflow.com\/wp-content\/uploads\/2013\/11\/3-Cableflow-Tubular-Drag-Conveyor-Coffee-Eight-OClock-1024x768.jpg\" class=\"attachment-large size-large wp-image-7090\" alt=\"Cableflow Rohrschleppf\u00f6rderer, Kaffee (Acht Uhr)\" srcset=\"https:\/\/www.spiroflow.com\/wp-content\/uploads\/2013\/11\/3-Cableflow-Tubular-Drag-Conveyor-Coffee-Eight-OClock-1024x768.jpg 1024w, https:\/\/www.spiroflow.com\/wp-content\/uploads\/2013\/11\/3-Cableflow-Tubular-Drag-Conveyor-Coffee-Eight-OClock-300x225.jpg 300w, https:\/\/www.spiroflow.com\/wp-content\/uploads\/2013\/11\/3-Cableflow-Tubular-Drag-Conveyor-Coffee-Eight-OClock-768x576.jpg 768w, https:\/\/www.spiroflow.com\/wp-content\/uploads\/2013\/11\/3-Cableflow-Tubular-Drag-Conveyor-Coffee-Eight-OClock-1536x1152.jpg 1536w, https:\/\/www.spiroflow.com\/wp-content\/uploads\/2013\/11\/3-Cableflow-Tubular-Drag-Conveyor-Coffee-Eight-OClock-2048x1536.jpg 2048w\" sizes=\"(max-width: 800px) 100vw, 800px\" \/>\t\t\t\t\t\t\t\t\t\t\t\t\t\t\t<\/div>\n\t\t\t\t<\/div>\n\t\t\t\t<\/div>\n\t\t<div class=\"elementor-element elementor-element-b9a4cef e-con-full e-flex e-con e-child\" data-id=\"b9a4cef\" data-element_type=\"container\">\n\t\t\t\t<div class=\"elementor-element elementor-element-4acd302 elementor-widget elementor-widget-heading\" data-id=\"4acd302\" data-element_type=\"widget\" data-widget_type=\"heading.default\">\n\t\t\t\t<div class=\"elementor-widget-container\">\n\t\t\t\t\t<h2 class=\"elementor-heading-title elementor-size-default\">Hochwertige Ersatzteile<\/h2>\t\t\t\t<\/div>\n\t\t\t\t<\/div>\n\t\t\t\t<div class=\"elementor-element elementor-element-848b56e elementor-widget-divider--view-line elementor-widget elementor-widget-divider\" data-id=\"848b56e\" data-element_type=\"widget\" data-widget_type=\"divider.default\">\n\t\t\t\t<div class=\"elementor-widget-container\">\n\t\t\t\t\t\t\t<div class=\"elementor-divider\">\n\t\t\t<span class=\"elementor-divider-separator\">\n\t\t\t\t\t\t<\/span>\n\t\t<\/div>\n\t\t\t\t\t\t<\/div>\n\t\t\t\t<\/div>\n\t\t\t\t<div class=\"elementor-element elementor-element-9f70e0a elementor-widget elementor-widget-text-editor\" data-id=\"9f70e0a\" data-element_type=\"widget\" data-widget_type=\"text-editor.default\">\n\t\t\t\t<div class=\"elementor-widget-container\">\n\t\t\t\t\t\t\t\t\t<p>Die originalen aeromechanischen F\u00f6rdererteile von Spiroflow sind un\u00fcbertroffen. Sie sind auf die Anforderungen des Anwenders und der Maschine optimiert und zeichnen sich durch lange Lebensdauer, h\u00f6chste Qualit\u00e4t und einfache Installation aus. Selbst wenn eine Leitung kurzzeitig ausf\u00e4llt, kostet das Zeit und Geld. Lassen Sie sich also nicht von scheinbar niedrigeren Preisen verf\u00fchren. Der Unterschied zwischen einem Originalteil und einem Nachbau liegt in der Qualit\u00e4t. Original-Spiroflow-Ersatzteile werden aus hochwertigen Materialien hergestellt, die genau auf die betrieblichen Anforderungen unserer Ger\u00e4te abgestimmt sind.<\/p>\t\t\t\t\t\t\t\t<\/div>\n\t\t\t\t<\/div>\n\t\t\t\t<div class=\"elementor-element elementor-element-529fb29 elementor-widget elementor-widget-accordion\" data-id=\"529fb29\" data-element_type=\"widget\" data-widget_type=\"accordion.default\">\n\t\t\t\t<div class=\"elementor-widget-container\">\n\t\t\t\t\t\t\t<div class=\"elementor-accordion\">\n\t\t\t\t\t\t\t<div class=\"elementor-accordion-item\">\n\t\t\t\t\t<div id=\"elementor-tab-title-8661\" class=\"elementor-tab-title\" data-tab=\"1\" role=\"button\" aria-controls=\"elementor-tab-content-8661\" aria-expanded=\"false\">\n\t\t\t\t\t\t\t\t\t\t\t\t\t<span class=\"elementor-accordion-icon elementor-accordion-icon-left\" aria-hidden=\"true\">\n\t\t\t\t\t\t\t\t\t\t\t\t\t\t\t<span class=\"elementor-accordion-icon-closed\"><i class=\"fas fa-plus\"><\/i><\/span>\n\t\t\t\t\t\t\t\t<span class=\"elementor-accordion-icon-opened\"><i class=\"fas fa-minus\"><\/i><\/span>\n\t\t\t\t\t\t\t\t\t\t\t\t\t\t<\/span>\n\t\t\t\t\t\t\t\t\t\t\t\t<a class=\"elementor-accordion-title\" tabindex=\"0\">versteckt<\/a>\n\t\t\t\t\t<\/div>\n\t\t\t\t\t<div id=\"elementor-tab-content-8661\" class=\"elementor-tab-content elementor-clearfix\" data-tab=\"1\" role=\"region\" aria-labelledby=\"elementor-tab-title-8661\"><\/div>\n\t\t\t\t<\/div>\n\t\t\t\t\t\t\t<div class=\"elementor-accordion-item\">\n\t\t\t\t\t<div id=\"elementor-tab-title-8662\" class=\"elementor-tab-title\" data-tab=\"2\" role=\"button\" aria-controls=\"elementor-tab-content-8662\" aria-expanded=\"false\">\n\t\t\t\t\t\t\t\t\t\t\t\t\t<span class=\"elementor-accordion-icon elementor-accordion-icon-left\" aria-hidden=\"true\">\n\t\t\t\t\t\t\t\t\t\t\t\t\t\t\t<span class=\"elementor-accordion-icon-closed\"><i class=\"fas fa-plus\"><\/i><\/span>\n\t\t\t\t\t\t\t\t<span class=\"elementor-accordion-icon-opened\"><i class=\"fas fa-minus\"><\/i><\/span>\n\t\t\t\t\t\t\t\t\t\t\t\t\t\t<\/span>\n\t\t\t\t\t\t\t\t\t\t\t\t<a class=\"elementor-accordion-title\" tabindex=\"0\">Ersatzteile f\u00fcr aeromechanische F\u00f6rderer<\/a>\n\t\t\t\t\t<\/div>\n\t\t\t\t\t<div id=\"elementor-tab-content-8662\" class=\"elementor-tab-content elementor-clearfix\" data-tab=\"2\" role=\"region\" aria-labelledby=\"elementor-tab-title-8662\"><p>Alle unsere Ersatzkabel- und Scheibenbaugruppen f\u00fcr aeromechanische F\u00f6rderer bestehen aus:<\/p><ul><li><strong>Kabel<\/strong>\u00a0\u2013 Kabel aus Edelstahl 304 oder 316<\/li><li><strong>Scheiben<\/strong>\u00a0\u2013 Geformt auf USDA-anerkannten Polyurethan-Scheiben. Auf Hytrel-Scheiben geformt f\u00fcr Hochtemperaturanwendungen<\/li><li><strong>Disc-Gr\u00f6\u00dfen<\/strong>\u00a0\u2013 3 Zoll (75 mm), 4 Zoll (100 mm) oder 5 Zoll (125 mm) Durchmesser<\/li><\/ul><p>Zu den weiteren Ersatzteilen f\u00fcr aerodynamische F\u00f6rderer geh\u00f6ren Endbeschl\u00e4ge, Lagergeh\u00e4use, Lager, Dichtungen, Antriebswellen, Umlenkwellen und Kettenr\u00e4der.<\/p><\/div>\n\t\t\t\t<\/div>\n\t\t\t\t\t\t\t<div class=\"elementor-accordion-item\">\n\t\t\t\t\t<div id=\"elementor-tab-title-8663\" class=\"elementor-tab-title\" data-tab=\"3\" role=\"button\" aria-controls=\"elementor-tab-content-8663\" aria-expanded=\"false\">\n\t\t\t\t\t\t\t\t\t\t\t\t\t<span class=\"elementor-accordion-icon elementor-accordion-icon-left\" aria-hidden=\"true\">\n\t\t\t\t\t\t\t\t\t\t\t\t\t\t\t<span class=\"elementor-accordion-icon-closed\"><i class=\"fas fa-plus\"><\/i><\/span>\n\t\t\t\t\t\t\t\t<span class=\"elementor-accordion-icon-opened\"><i class=\"fas fa-minus\"><\/i><\/span>\n\t\t\t\t\t\t\t\t\t\t\t\t\t\t<\/span>\n\t\t\t\t\t\t\t\t\t\t\t\t<a class=\"elementor-accordion-title\" tabindex=\"0\">Lagerartikel f\u00fcr aeromechanische F\u00f6rderer<\/a>\n\t\t\t\t\t<\/div>\n\t\t\t\t\t<div id=\"elementor-tab-content-8663\" class=\"elementor-tab-content elementor-clearfix\" data-tab=\"3\" role=\"region\" aria-labelledby=\"elementor-tab-title-8663\"><p>Wir f\u00fchren Kabelbaugruppen, Endst\u00fccke, Lagergeh\u00e4use, Lager, Dichtungen, Antriebswellen, Umlenkwellen und Kettenr\u00e4der.<\/p><\/div>\n\t\t\t\t<\/div>\n\t\t\t\t\t\t\t<div class=\"elementor-accordion-item\">\n\t\t\t\t\t<div id=\"elementor-tab-title-8664\" class=\"elementor-tab-title\" data-tab=\"4\" role=\"button\" aria-controls=\"elementor-tab-content-8664\" aria-expanded=\"false\">\n\t\t\t\t\t\t\t\t\t\t\t\t\t<span class=\"elementor-accordion-icon elementor-accordion-icon-left\" aria-hidden=\"true\">\n\t\t\t\t\t\t\t\t\t\t\t\t\t\t\t<span class=\"elementor-accordion-icon-closed\"><i class=\"fas fa-plus\"><\/i><\/span>\n\t\t\t\t\t\t\t\t<span class=\"elementor-accordion-icon-opened\"><i class=\"fas fa-minus\"><\/i><\/span>\n\t\t\t\t\t\t\t\t\t\t\t\t\t\t<\/span>\n\t\t\t\t\t\t\t\t\t\t\t\t<a class=\"elementor-accordion-title\" tabindex=\"0\">Aeromechanischer F\u00f6rderer. Nicht auf Lager befindliche Artikel<\/a>\n\t\t\t\t\t<\/div>\n\t\t\t\t\t<div id=\"elementor-tab-content-8664\" class=\"elementor-tab-content elementor-clearfix\" data-tab=\"4\" role=\"region\" aria-labelledby=\"elementor-tab-title-8664\"><p>Nicht auf Lager befindliche Artikel sind typischerweise Motoren und Getriebe.<\/p><\/div>\n\t\t\t\t<\/div>\n\t\t\t\t\t\t\t<div class=\"elementor-accordion-item\">\n\t\t\t\t\t<div id=\"elementor-tab-title-8665\" class=\"elementor-tab-title\" data-tab=\"5\" role=\"button\" aria-controls=\"elementor-tab-content-8665\" aria-expanded=\"false\">\n\t\t\t\t\t\t\t\t\t\t\t\t\t<span class=\"elementor-accordion-icon elementor-accordion-icon-left\" aria-hidden=\"true\">\n\t\t\t\t\t\t\t\t\t\t\t\t\t\t\t<span class=\"elementor-accordion-icon-closed\"><i class=\"fas fa-plus\"><\/i><\/span>\n\t\t\t\t\t\t\t\t<span class=\"elementor-accordion-icon-opened\"><i class=\"fas fa-minus\"><\/i><\/span>\n\t\t\t\t\t\t\t\t\t\t\t\t\t\t<\/span>\n\t\t\t\t\t\t\t\t\t\t\t\t<a class=\"elementor-accordion-title\" tabindex=\"0\">Ersatzteilpakete<\/a>\n\t\t\t\t\t<\/div>\n\t\t\t\t\t<div id=\"elementor-tab-content-8665\" class=\"elementor-tab-content elementor-clearfix\" data-tab=\"5\" role=\"region\" aria-labelledby=\"elementor-tab-title-8665\"><p>Beim Kauf neuer Ger\u00e4te werden Ersatzteilpakete angeboten, um die Frachtkosten zu senken und Ihnen einen ersten Vorrat an wichtigen Teilen zu bieten. Um mehr zu erfahren, kontaktieren Sie uns unter Angabe der Seriennummer Ihrer Maschine.<\/p><\/div>\n\t\t\t\t<\/div>\n\t\t\t\t\t\t\t<div class=\"elementor-accordion-item\">\n\t\t\t\t\t<div id=\"elementor-tab-title-8666\" class=\"elementor-tab-title\" data-tab=\"6\" role=\"button\" aria-controls=\"elementor-tab-content-8666\" aria-expanded=\"false\">\n\t\t\t\t\t\t\t\t\t\t\t\t\t<span class=\"elementor-accordion-icon elementor-accordion-icon-left\" aria-hidden=\"true\">\n\t\t\t\t\t\t\t\t\t\t\t\t\t\t\t<span class=\"elementor-accordion-icon-closed\"><i class=\"fas fa-plus\"><\/i><\/span>\n\t\t\t\t\t\t\t\t<span class=\"elementor-accordion-icon-opened\"><i class=\"fas fa-minus\"><\/i><\/span>\n\t\t\t\t\t\t\t\t\t\t\t\t\t\t<\/span>\n\t\t\t\t\t\t\t\t\t\t\t\t<a class=\"elementor-accordion-title\" tabindex=\"0\">Ersatzteile f\u00fcr mehrere Hersteller<\/a>\n\t\t\t\t\t<\/div>\n\t\t\t\t\t<div id=\"elementor-tab-content-8666\" class=\"elementor-tab-content elementor-clearfix\" data-tab=\"6\" role=\"region\" aria-labelledby=\"elementor-tab-title-8666\"><p>Nat\u00fcrlich liefern wir Ersatzteile f\u00fcr unsere eigenen Sch\u00fcttguttransportsysteme, aber wussten Sie, dass unsere erstklassigen Teile f\u00fcr den Einsatz in Systemen anderer Hersteller konzipiert sind? Sie k\u00f6nnen ein F\u00f6rderband von einer beliebigen Anzahl von Lieferanten haben. Stellen Sie mit Spiroflow-Ersatzteilen sicher, dass Ihre vorhandene Ausr\u00fcstung die beste Leistung erbringt.<\/p><\/div>\n\t\t\t\t<\/div>\n\t\t\t\t\t\t\t<div class=\"elementor-accordion-item\">\n\t\t\t\t\t<div id=\"elementor-tab-title-8667\" class=\"elementor-tab-title\" data-tab=\"7\" role=\"button\" aria-controls=\"elementor-tab-content-8667\" aria-expanded=\"false\">\n\t\t\t\t\t\t\t\t\t\t\t\t\t<span class=\"elementor-accordion-icon elementor-accordion-icon-left\" aria-hidden=\"true\">\n\t\t\t\t\t\t\t\t\t\t\t\t\t\t\t<span class=\"elementor-accordion-icon-closed\"><i class=\"fas fa-plus\"><\/i><\/span>\n\t\t\t\t\t\t\t\t<span class=\"elementor-accordion-icon-opened\"><i class=\"fas fa-minus\"><\/i><\/span>\n\t\t\t\t\t\t\t\t\t\t\t\t\t\t<\/span>\n\t\t\t\t\t\t\t\t\t\t\t\t<a class=\"elementor-accordion-title\" tabindex=\"0\">24-Stunden-Bearbeitungszeit f\u00fcr Lagerartikel<\/a>\n\t\t\t\t\t<\/div>\n\t\t\t\t\t<div id=\"elementor-tab-content-8667\" class=\"elementor-tab-content elementor-clearfix\" data-tab=\"7\" role=\"region\" aria-labelledby=\"elementor-tab-title-8667\"><p>Wenn Sie ein Ersatzteil ben\u00f6tigen, verstehen wir, dass Sie es schnell ben\u00f6tigen. Jeder Prozessausfall wirkt sich negativ auf Ihre Produktivit\u00e4t und Rentabilit\u00e4t sowie m\u00f6glicherweise auf die Kundenzufriedenheitsbewertungen Ihres Unternehmens aus. Wir k\u00f6nnen Ihnen helfen, Ihre Leitung schnell wieder betriebsbereit zu machen. Daher sind unsere Standardersatzteile ab Lager verf\u00fcgbar und k\u00f6nnen innerhalb von 24 Stunden per Nachtspediteur oder per Luftfracht an Sie versendet werden.<\/p><p>Wir ermutigen unsere Kunden, wichtige und insbesondere nicht standardm\u00e4\u00dfige Ersatzteile auf Lager zu halten, um unn\u00f6tige Lieferzeiten zu vermeiden. Stellen Sie sich Folgendes vor: Ihr Prozess l\u00e4uft rund um die Uhr und die Spirale in diesem 10 Jahre alten F\u00f6rderband f\u00e4llt w\u00e4hrend der Freitagnachtschicht endg\u00fcltig aus. Sie bestellen das Teil am Montagmorgen, erhalten es dann und bauen es am Dienstag ein. Sie haben mindestens 3\u00bd Tage verloren. Die Kosten dieser Ausfallzeit stehen h\u00f6chstwahrscheinlich in keinem Verh\u00e4ltnis zu den Kosten f\u00fcr die Bevorratung des entsprechenden Ersatzteils vor Ort.<\/p><\/div>\n\t\t\t\t<\/div>\n\t\t\t\t\t\t\t<div class=\"elementor-accordion-item\">\n\t\t\t\t\t<div id=\"elementor-tab-title-8668\" class=\"elementor-tab-title\" data-tab=\"8\" role=\"button\" aria-controls=\"elementor-tab-content-8668\" aria-expanded=\"false\">\n\t\t\t\t\t\t\t\t\t\t\t\t\t<span class=\"elementor-accordion-icon elementor-accordion-icon-left\" aria-hidden=\"true\">\n\t\t\t\t\t\t\t\t\t\t\t\t\t\t\t<span class=\"elementor-accordion-icon-closed\"><i class=\"fas fa-plus\"><\/i><\/span>\n\t\t\t\t\t\t\t\t<span class=\"elementor-accordion-icon-opened\"><i class=\"fas fa-minus\"><\/i><\/span>\n\t\t\t\t\t\t\t\t\t\t\t\t\t\t<\/span>\n\t\t\t\t\t\t\t\t\t\t\t\t<a class=\"elementor-accordion-title\" tabindex=\"0\">Empfohlene Ersatzteile<\/a>\n\t\t\t\t\t<\/div>\n\t\t\t\t\t<div id=\"elementor-tab-content-8668\" class=\"elementor-tab-content elementor-clearfix\" data-tab=\"8\" role=\"region\" aria-labelledby=\"elementor-tab-title-8668\"><p>Kaufen Sie neue Ausr\u00fcstung, um Ihre Produktion zu verbessern? Alle unsere Ger\u00e4te werden vor dem Versand mit einer empfohlenen Ersatzteilliste geliefert. Sprechen Sie noch heute mit Ihrem Techniker \u00fcber die Hinzuf\u00fcgung dieser Option, um Versand- und Ausfallkosten zu sparen.<\/p><p>\u00a0<\/p><\/div>\n\t\t\t\t<\/div>\n\t\t\t\t\t\t\t\t<\/div>\n\t\t\t\t\t\t<\/div>\n\t\t\t\t<\/div>\n\t\t\t\t<\/div>\n\t\t\t\t\t<\/div>\n\t\t\t\t<\/div>\n\t\t<div class=\"elementor-element elementor-element-9dc745c e-con-full e-flex e-con e-parent\" data-id=\"9dc745c\" data-element_type=\"container\" data-settings=\"{&quot;background_background&quot;:&quot;classic&quot;}\">\n\t\t\t\t<div class=\"elementor-element elementor-element-c5050b4 elementor-widget elementor-widget-heading\" data-id=\"c5050b4\" data-element_type=\"widget\" data-widget_type=\"heading.default\">\n\t\t\t\t<div class=\"elementor-widget-container\">\n\t\t\t\t\t<h2 class=\"elementor-heading-title elementor-size-default\">Bestellen Sie Ersatzteile<\/h2>\t\t\t\t<\/div>\n\t\t\t\t<\/div>\n\t\t\t\t<div class=\"elementor-element elementor-element-20b69e6 elementor-widget elementor-widget-text-editor\" data-id=\"20b69e6\" data-element_type=\"widget\" data-widget_type=\"text-editor.default\">\n\t\t\t\t<div class=\"elementor-widget-container\">\n\t\t\t\t\t\t\t\t\t<div class=\"container\"><div class=\"section-banner-inner\"><div class=\"section-banner-content\"><p>Kontaktieren Sie noch heute unser Ersatzteilteam, um Ihre Ersatz- und Austauschteile zu bestellen.<\/p><\/div><\/div><\/div>\t\t\t\t\t\t\t\t<\/div>\n\t\t\t\t<\/div>\n\t\t\t\t<div class=\"elementor-element elementor-element-c305988 elementor-mobile-align-center elementor-align-center elementor-widget elementor-widget-button\" data-id=\"c305988\" data-element_type=\"widget\" data-widget_type=\"button.default\">\n\t\t\t\t<div class=\"elementor-widget-container\">\n\t\t\t\t\t\t\t\t\t<div class=\"elementor-button-wrapper\">\n\t\t\t\t\t<a class=\"elementor-button elementor-button-link elementor-size-md\" href=\"\/de\/ersatzteilkontakt\/\">\n\t\t\t\t\t\t<span class=\"elementor-button-content-wrapper\">\n\t\t\t\t\t\t\t\t\t<span class=\"elementor-button-text\">KONTAKTIERE UNS<\/span>\n\t\t\t\t\t<\/span>\n\t\t\t\t\t<\/a>\n\t\t\t\t<\/div>\n\t\t\t\t\t\t\t\t<\/div>\n\t\t\t\t<\/div>\n\t\t\t\t<\/div>\n\t\t\t\t<\/div>","protected":false},"excerpt":{"rendered":"<p>Hochwertige Ersatzteile f\u00fcr aeromechanische F\u00f6rderer. Die originalen aerodynamischen F\u00f6rdererteile von Spiroflow sind un\u00fcbertroffen. Sie sind auf die Anforderungen des Anwenders und der Maschine optimiert und zeichnen sich durch lange Lebensdauer, h\u00f6chste Qualit\u00e4t und einfache Installation aus. Selbst wenn eine Leitung kurzzeitig ausf\u00e4llt, kostet das Zeit und [\u2026]<\/p>","protected":false},"author":2,"featured_media":0,"parent":10869,"menu_order":0,"comment_status":"closed","ping_status":"closed","template":"","meta":{"content-type":"","footnotes":""},"class_list":["post-10914","page","type-page","status-publish","hentry"],"_links":{"self":[{"href":"https:\/\/www.spiroflow.com\/de\/wp-json\/wp\/v2\/pages\/10914","targetHints":{"allow":["GET"]}}],"collection":[{"href":"https:\/\/www.spiroflow.com\/de\/wp-json\/wp\/v2\/pages"}],"about":[{"href":"https:\/\/www.spiroflow.com\/de\/wp-json\/wp\/v2\/types\/page"}],"author":[{"embeddable":true,"href":"https:\/\/www.spiroflow.com\/de\/wp-json\/wp\/v2\/users\/2"}],"replies":[{"embeddable":true,"href":"https:\/\/www.spiroflow.com\/de\/wp-json\/wp\/v2\/comments?post=10914"}],"version-history":[{"count":0,"href":"https:\/\/www.spiroflow.com\/de\/wp-json\/wp\/v2\/pages\/10914\/revisions"}],"up":[{"embeddable":true,"href":"https:\/\/www.spiroflow.com\/de\/wp-json\/wp\/v2\/pages\/10869"}],"wp:attachment":[{"href":"https:\/\/www.spiroflow.com\/de\/wp-json\/wp\/v2\/media?parent=10914"}],"curies":[{"name":"wp","href":"https:\/\/api.w.org\/{rel}","templated":true}]}}