{"id":10916,"date":"2023-08-15T08:07:23","date_gmt":"2023-08-15T08:07:23","guid":{"rendered":"https:\/\/spiroflow1.wpengine.com\/?page_id=10916"},"modified":"2024-03-04T23:41:52","modified_gmt":"2024-03-04T23:41:52","slug":"ersatzketten-fur-schleppkettenforderer","status":"publish","type":"page","link":"https:\/\/www.spiroflow.com\/de\/ersatzteile\/ersatzketten-fur-schleppkettenforderer\/","title":{"rendered":"Ersatzketten f\u00fcr Schleppkettenf\u00f6rderer"},"content":{"rendered":"<div data-elementor-type=\"wp-page\" data-elementor-id=\"10916\" class=\"elementor elementor-10916\" data-elementor-post-type=\"page\">\n\t\t\t\t<div class=\"elementor-element elementor-element-65dbc30 e-flex e-con-boxed e-con e-parent\" data-id=\"65dbc30\" data-element_type=\"container\" data-settings=\"{&quot;background_background&quot;:&quot;classic&quot;}\">\n\t\t\t\t\t<div class=\"e-con-inner\">\n\t\t\t\t<div class=\"elementor-element elementor-element-52d86c3 elementor-widget elementor-widget-heading\" data-id=\"52d86c3\" data-element_type=\"widget\" data-widget_type=\"heading.default\">\n\t\t\t\t<div class=\"elementor-widget-container\">\n\t\t\t\t\t<h1 class=\"elementor-heading-title elementor-size-default\">Ersatzkabel f\u00fcr Kabelschleppf\u00f6rderer\n<\/h1>\t\t\t\t<\/div>\n\t\t\t\t<\/div>\n\t\t\t\t\t<\/div>\n\t\t\t\t<\/div>\n\t\t<div class=\"elementor-element elementor-element-3d32372 e-flex e-con-boxed e-con e-parent\" data-id=\"3d32372\" data-element_type=\"container\">\n\t\t\t\t\t<div class=\"e-con-inner\">\n\t\t<div class=\"elementor-element elementor-element-b4e815b e-con-full e-flex e-con e-child\" data-id=\"b4e815b\" data-element_type=\"container\">\n\t\t\t\t<div class=\"elementor-element elementor-element-2efbe14 elementor-widget elementor-widget-image\" data-id=\"2efbe14\" data-element_type=\"widget\" data-widget_type=\"image.default\">\n\t\t\t\t<div class=\"elementor-widget-container\">\n\t\t\t\t\t\t\t\t\t\t\t\t\t\t\t<img fetchpriority=\"high\" decoding=\"async\" width=\"600\" height=\"445\" src=\"https:\/\/www.spiroflow.com\/wp-content\/uploads\/2023\/08\/Cablevey-Hero-Image.webp\" class=\"attachment-large size-large wp-image-340\" alt=\"Kabel- vs. Kettenschleppf\u00f6rderer auf wei\u00dfem Hintergrund\" srcset=\"https:\/\/www.spiroflow.com\/wp-content\/uploads\/2023\/08\/Cablevey-Hero-Image.webp 600w, https:\/\/www.spiroflow.com\/wp-content\/uploads\/2023\/08\/Cablevey-Hero-Image-300x223.webp 300w\" sizes=\"(max-width: 600px) 100vw, 600px\" \/>\t\t\t\t\t\t\t\t\t\t\t\t\t\t\t<\/div>\n\t\t\t\t<\/div>\n\t\t\t\t<\/div>\n\t\t<div class=\"elementor-element elementor-element-1536451 e-con-full e-flex e-con e-child\" data-id=\"1536451\" data-element_type=\"container\">\n\t\t\t\t<div class=\"elementor-element elementor-element-3fd9e60 elementor-widget elementor-widget-heading\" data-id=\"3fd9e60\" data-element_type=\"widget\" data-widget_type=\"heading.default\">\n\t\t\t\t<div class=\"elementor-widget-container\">\n\t\t\t\t\t<h2 class=\"elementor-heading-title elementor-size-default\">Hochwertige Ersatzteile<\/h2>\t\t\t\t<\/div>\n\t\t\t\t<\/div>\n\t\t\t\t<div class=\"elementor-element elementor-element-1b64b26 elementor-widget-divider--view-line elementor-widget elementor-widget-divider\" data-id=\"1b64b26\" data-element_type=\"widget\" data-widget_type=\"divider.default\">\n\t\t\t\t<div class=\"elementor-widget-container\">\n\t\t\t\t\t\t\t<div class=\"elementor-divider\">\n\t\t\t<span class=\"elementor-divider-separator\">\n\t\t\t\t\t\t<\/span>\n\t\t<\/div>\n\t\t\t\t\t\t<\/div>\n\t\t\t\t<\/div>\n\t\t\t\t<div class=\"elementor-element elementor-element-a8ca871 elementor-widget elementor-widget-text-editor\" data-id=\"a8ca871\" data-element_type=\"widget\" data-widget_type=\"text-editor.default\">\n\t\t\t\t<div class=\"elementor-widget-container\">\n\t\t\t\t\t\t\t\t\t<p>Die Originalteile von Spiroflow-Schleppkettenf\u00f6rderern sind un\u00fcbertroffen. Sie sind auf die Anforderungen des Anwenders und der Maschine optimiert und zeichnen sich durch lange Lebensdauer, h\u00f6chste Qualit\u00e4t und einfache Installation aus. Selbst wenn eine Leitung kurzzeitig ausf\u00e4llt, kostet das Zeit und Geld. Lassen Sie sich also nicht von scheinbar niedrigeren Preisen verf\u00fchren. Der Unterschied zwischen einem Originalteil und einem Nachbau liegt in der Qualit\u00e4t. Original-Spiroflow-Ersatzteile werden aus hochwertigen Materialien hergestellt, die genau auf die betrieblichen Anforderungen unserer Ger\u00e4te abgestimmt sind.<\/p>\t\t\t\t\t\t\t\t<\/div>\n\t\t\t\t<\/div>\n\t\t\t\t<div class=\"elementor-element elementor-element-cd8a98f elementor-widget elementor-widget-accordion\" data-id=\"cd8a98f\" data-element_type=\"widget\" data-widget_type=\"accordion.default\">\n\t\t\t\t<div class=\"elementor-widget-container\">\n\t\t\t\t\t\t\t<div class=\"elementor-accordion\">\n\t\t\t\t\t\t\t<div class=\"elementor-accordion-item\">\n\t\t\t\t\t<div id=\"elementor-tab-title-2151\" class=\"elementor-tab-title\" data-tab=\"1\" role=\"button\" aria-controls=\"elementor-tab-content-2151\" aria-expanded=\"false\">\n\t\t\t\t\t\t\t\t\t\t\t\t\t<span class=\"elementor-accordion-icon elementor-accordion-icon-left\" aria-hidden=\"true\">\n\t\t\t\t\t\t\t\t\t\t\t\t\t\t\t<span class=\"elementor-accordion-icon-closed\"><i class=\"fas fa-plus\"><\/i><\/span>\n\t\t\t\t\t\t\t\t<span class=\"elementor-accordion-icon-opened\"><i class=\"fas fa-minus\"><\/i><\/span>\n\t\t\t\t\t\t\t\t\t\t\t\t\t\t<\/span>\n\t\t\t\t\t\t\t\t\t\t\t\t<a class=\"elementor-accordion-title\" tabindex=\"0\">versteckt<\/a>\n\t\t\t\t\t<\/div>\n\t\t\t\t\t<div id=\"elementor-tab-content-2151\" class=\"elementor-tab-content elementor-clearfix\" data-tab=\"1\" role=\"region\" aria-labelledby=\"elementor-tab-title-2151\"><\/div>\n\t\t\t\t<\/div>\n\t\t\t\t\t\t\t<div class=\"elementor-accordion-item\">\n\t\t\t\t\t<div id=\"elementor-tab-title-2152\" class=\"elementor-tab-title\" data-tab=\"2\" role=\"button\" aria-controls=\"elementor-tab-content-2152\" aria-expanded=\"false\">\n\t\t\t\t\t\t\t\t\t\t\t\t\t<span class=\"elementor-accordion-icon elementor-accordion-icon-left\" aria-hidden=\"true\">\n\t\t\t\t\t\t\t\t\t\t\t\t\t\t\t<span class=\"elementor-accordion-icon-closed\"><i class=\"fas fa-plus\"><\/i><\/span>\n\t\t\t\t\t\t\t\t<span class=\"elementor-accordion-icon-opened\"><i class=\"fas fa-minus\"><\/i><\/span>\n\t\t\t\t\t\t\t\t\t\t\t\t\t\t<\/span>\n\t\t\t\t\t\t\t\t\t\t\t\t<a class=\"elementor-accordion-title\" tabindex=\"0\">Ketten- und Scheibenbaugruppen f\u00fcr Kettenf\u00f6rderer:<\/a>\n\t\t\t\t\t<\/div>\n\t\t\t\t\t<div id=\"elementor-tab-content-2152\" class=\"elementor-tab-content elementor-clearfix\" data-tab=\"2\" role=\"region\" aria-labelledby=\"elementor-tab-title-2152\"><ul><li>Kette aus Edelstahl 304 oder 316<\/li><li>UHMWPE-Scheiben<\/li><li>4 Zoll (100 mm) Durchmesser<\/li><\/ul><\/div>\n\t\t\t\t<\/div>\n\t\t\t\t\t\t\t<div class=\"elementor-accordion-item\">\n\t\t\t\t\t<div id=\"elementor-tab-title-2153\" class=\"elementor-tab-title\" data-tab=\"3\" role=\"button\" aria-controls=\"elementor-tab-content-2153\" aria-expanded=\"false\">\n\t\t\t\t\t\t\t\t\t\t\t\t\t<span class=\"elementor-accordion-icon elementor-accordion-icon-left\" aria-hidden=\"true\">\n\t\t\t\t\t\t\t\t\t\t\t\t\t\t\t<span class=\"elementor-accordion-icon-closed\"><i class=\"fas fa-plus\"><\/i><\/span>\n\t\t\t\t\t\t\t\t<span class=\"elementor-accordion-icon-opened\"><i class=\"fas fa-minus\"><\/i><\/span>\n\t\t\t\t\t\t\t\t\t\t\t\t\t\t<\/span>\n\t\t\t\t\t\t\t\t\t\t\t\t<a class=\"elementor-accordion-title\" tabindex=\"0\">Ketten- und Scheibenbaugruppen f\u00fcr Dynaflow-F\u00f6rderer:<\/a>\n\t\t\t\t\t<\/div>\n\t\t\t\t\t<div id=\"elementor-tab-content-2153\" class=\"elementor-tab-content elementor-clearfix\" data-tab=\"3\" role=\"region\" aria-labelledby=\"elementor-tab-title-2153\"><ul><li>Versiegelte Bolzenkette mit Stahlscheiben<\/li><li>Gliederkette mit UHMWPE-Scheiben<\/li><li>Geschmiedete Kette mit gusseisernen Scheiben<\/li><li>3 Zoll (75 mm), 4 Zoll (100 mm), 6 Zoll (150 mm) oder 8 Fu\u00df (200 mm) Durchmesser<\/li><\/ul><\/div>\n\t\t\t\t<\/div>\n\t\t\t\t\t\t\t<div class=\"elementor-accordion-item\">\n\t\t\t\t\t<div id=\"elementor-tab-title-2154\" class=\"elementor-tab-title\" data-tab=\"4\" role=\"button\" aria-controls=\"elementor-tab-content-2154\" aria-expanded=\"false\">\n\t\t\t\t\t\t\t\t\t\t\t\t\t<span class=\"elementor-accordion-icon elementor-accordion-icon-left\" aria-hidden=\"true\">\n\t\t\t\t\t\t\t\t\t\t\t\t\t\t\t<span class=\"elementor-accordion-icon-closed\"><i class=\"fas fa-plus\"><\/i><\/span>\n\t\t\t\t\t\t\t\t<span class=\"elementor-accordion-icon-opened\"><i class=\"fas fa-minus\"><\/i><\/span>\n\t\t\t\t\t\t\t\t\t\t\t\t\t\t<\/span>\n\t\t\t\t\t\t\t\t\t\t\t\t<a class=\"elementor-accordion-title\" tabindex=\"0\">Ersatzteilpakete<\/a>\n\t\t\t\t\t<\/div>\n\t\t\t\t\t<div id=\"elementor-tab-content-2154\" class=\"elementor-tab-content elementor-clearfix\" data-tab=\"4\" role=\"region\" aria-labelledby=\"elementor-tab-title-2154\"><p>Beim Kauf neuer Ger\u00e4te werden Ersatzteilpakete angeboten, um die Frachtkosten zu senken und Ihnen einen ersten Vorrat an wichtigen Teilen zu bieten. Um mehr zu erfahren, kontaktieren Sie uns unter Angabe der Seriennummer Ihrer Maschine.<\/p><p>\u00a0<\/p><\/div>\n\t\t\t\t<\/div>\n\t\t\t\t\t\t\t<div class=\"elementor-accordion-item\">\n\t\t\t\t\t<div id=\"elementor-tab-title-2155\" class=\"elementor-tab-title\" data-tab=\"5\" role=\"button\" aria-controls=\"elementor-tab-content-2155\" aria-expanded=\"false\">\n\t\t\t\t\t\t\t\t\t\t\t\t\t<span class=\"elementor-accordion-icon elementor-accordion-icon-left\" aria-hidden=\"true\">\n\t\t\t\t\t\t\t\t\t\t\t\t\t\t\t<span class=\"elementor-accordion-icon-closed\"><i class=\"fas fa-plus\"><\/i><\/span>\n\t\t\t\t\t\t\t\t<span class=\"elementor-accordion-icon-opened\"><i class=\"fas fa-minus\"><\/i><\/span>\n\t\t\t\t\t\t\t\t\t\t\t\t\t\t<\/span>\n\t\t\t\t\t\t\t\t\t\t\t\t<a class=\"elementor-accordion-title\" tabindex=\"0\">Ersatzteile f\u00fcr mehrere Hersteller<\/a>\n\t\t\t\t\t<\/div>\n\t\t\t\t\t<div id=\"elementor-tab-content-2155\" class=\"elementor-tab-content elementor-clearfix\" data-tab=\"5\" role=\"region\" aria-labelledby=\"elementor-tab-title-2155\"><p>Nat\u00fcrlich liefern wir Ersatzteile f\u00fcr unsere eigenen Sch\u00fcttguttransportsysteme, aber wussten Sie, dass unsere erstklassigen Teile f\u00fcr den Einsatz in Systemen anderer Hersteller konzipiert sind? Sie k\u00f6nnen ein F\u00f6rderband von einer beliebigen Anzahl von Lieferanten haben. Stellen Sie mit Spiroflow-Ersatzteilen sicher, dass Ihre vorhandene Ausr\u00fcstung die beste Leistung erbringt.<\/p><p>\u00a0<\/p><\/div>\n\t\t\t\t<\/div>\n\t\t\t\t\t\t\t<div class=\"elementor-accordion-item\">\n\t\t\t\t\t<div id=\"elementor-tab-title-2156\" class=\"elementor-tab-title\" data-tab=\"6\" role=\"button\" aria-controls=\"elementor-tab-content-2156\" aria-expanded=\"false\">\n\t\t\t\t\t\t\t\t\t\t\t\t\t<span class=\"elementor-accordion-icon elementor-accordion-icon-left\" aria-hidden=\"true\">\n\t\t\t\t\t\t\t\t\t\t\t\t\t\t\t<span class=\"elementor-accordion-icon-closed\"><i class=\"fas fa-plus\"><\/i><\/span>\n\t\t\t\t\t\t\t\t<span class=\"elementor-accordion-icon-opened\"><i class=\"fas fa-minus\"><\/i><\/span>\n\t\t\t\t\t\t\t\t\t\t\t\t\t\t<\/span>\n\t\t\t\t\t\t\t\t\t\t\t\t<a class=\"elementor-accordion-title\" tabindex=\"0\">Empfohlene Ersatzteile<\/a>\n\t\t\t\t\t<\/div>\n\t\t\t\t\t<div id=\"elementor-tab-content-2156\" class=\"elementor-tab-content elementor-clearfix\" data-tab=\"6\" role=\"region\" aria-labelledby=\"elementor-tab-title-2156\"><p>Kaufen Sie neue Ausr\u00fcstung, um Ihre Produktion zu verbessern? Alle unsere Ger\u00e4te werden vor dem Versand mit einer empfohlenen Ersatzteilliste geliefert. Sprechen Sie noch heute mit Ihrem Techniker \u00fcber die Hinzuf\u00fcgung dieser Option, um Versand- und Ausfallkosten zu sparen.<\/p><p>\u00a0<\/p><\/div>\n\t\t\t\t<\/div>\n\t\t\t\t\t\t\t\t<\/div>\n\t\t\t\t\t\t<\/div>\n\t\t\t\t<\/div>\n\t\t\t\t<\/div>\n\t\t\t\t\t<\/div>\n\t\t\t\t<\/div>\n\t\t<div class=\"elementor-element elementor-element-c21ffeb e-con-full e-flex e-con e-parent\" data-id=\"c21ffeb\" data-element_type=\"container\" data-settings=\"{&quot;background_background&quot;:&quot;classic&quot;}\">\n\t\t\t\t<div class=\"elementor-element elementor-element-e04b663 elementor-widget elementor-widget-heading\" data-id=\"e04b663\" data-element_type=\"widget\" data-widget_type=\"heading.default\">\n\t\t\t\t<div class=\"elementor-widget-container\">\n\t\t\t\t\t<h2 class=\"elementor-heading-title elementor-size-default\">Bestellen Sie Ersatzteile<\/h2>\t\t\t\t<\/div>\n\t\t\t\t<\/div>\n\t\t\t\t<div class=\"elementor-element elementor-element-80775e7 elementor-widget elementor-widget-text-editor\" data-id=\"80775e7\" data-element_type=\"widget\" data-widget_type=\"text-editor.default\">\n\t\t\t\t<div class=\"elementor-widget-container\">\n\t\t\t\t\t\t\t\t\t<div class=\"container\"><div class=\"section-banner-inner\"><div class=\"section-banner-content\"><p>Kontaktieren Sie noch heute unser Ersatzteilteam, um Ihre Ersatz- und Austauschteile zu bestellen.<\/p><\/div><\/div><\/div>\t\t\t\t\t\t\t\t<\/div>\n\t\t\t\t<\/div>\n\t\t\t\t<div class=\"elementor-element elementor-element-32dd34c elementor-mobile-align-center elementor-align-center elementor-widget elementor-widget-button\" data-id=\"32dd34c\" data-element_type=\"widget\" data-widget_type=\"button.default\">\n\t\t\t\t<div class=\"elementor-widget-container\">\n\t\t\t\t\t\t\t\t\t<div class=\"elementor-button-wrapper\">\n\t\t\t\t\t<a class=\"elementor-button elementor-button-link elementor-size-md\" href=\"\/de\/ersatzteilkontakt\/\">\n\t\t\t\t\t\t<span class=\"elementor-button-content-wrapper\">\n\t\t\t\t\t\t\t\t\t<span class=\"elementor-button-text\">KONTAKTIERE UNS<\/span>\n\t\t\t\t\t<\/span>\n\t\t\t\t\t<\/a>\n\t\t\t\t<\/div>\n\t\t\t\t\t\t\t\t<\/div>\n\t\t\t\t<\/div>\n\t\t\t\t<\/div>\n\t\t\t\t<\/div>","protected":false},"excerpt":{"rendered":"<p>Ersatzkabel f\u00fcr Kabelschleppf\u00f6rderer Hochwertige Ersatzteile Originalteile f\u00fcr Kabelschleppf\u00f6rderer von Spiroflow sind un\u00fcbertroffen. Sie sind auf die Anforderungen des Benutzers und der Maschine optimiert und zeichnen sich durch lange Lebensdauer, hervorragende Qualit\u00e4t und einfache Installation aus. Selbst wenn eine Leitung f\u00fcr kurze Zeit ausf\u00e4llt, kostet dies Zeit und [\u2026]<\/p>","protected":false},"author":2,"featured_media":0,"parent":10869,"menu_order":0,"comment_status":"closed","ping_status":"closed","template":"","meta":{"content-type":"","footnotes":""},"class_list":["post-10916","page","type-page","status-publish","hentry"],"_links":{"self":[{"href":"https:\/\/www.spiroflow.com\/de\/wp-json\/wp\/v2\/pages\/10916","targetHints":{"allow":["GET"]}}],"collection":[{"href":"https:\/\/www.spiroflow.com\/de\/wp-json\/wp\/v2\/pages"}],"about":[{"href":"https:\/\/www.spiroflow.com\/de\/wp-json\/wp\/v2\/types\/page"}],"author":[{"embeddable":true,"href":"https:\/\/www.spiroflow.com\/de\/wp-json\/wp\/v2\/users\/2"}],"replies":[{"embeddable":true,"href":"https:\/\/www.spiroflow.com\/de\/wp-json\/wp\/v2\/comments?post=10916"}],"version-history":[{"count":0,"href":"https:\/\/www.spiroflow.com\/de\/wp-json\/wp\/v2\/pages\/10916\/revisions"}],"up":[{"embeddable":true,"href":"https:\/\/www.spiroflow.com\/de\/wp-json\/wp\/v2\/pages\/10869"}],"wp:attachment":[{"href":"https:\/\/www.spiroflow.com\/de\/wp-json\/wp\/v2\/media?parent=10916"}],"curies":[{"name":"wp","href":"https:\/\/api.w.org\/{rel}","templated":true}]}}