{"id":11354,"date":"2023-08-30T15:32:03","date_gmt":"2023-08-30T15:32:03","guid":{"rendered":"https:\/\/www.spiroflow.com\/?page_id=11354"},"modified":"2024-03-05T22:25:08","modified_gmt":"2024-03-05T22:25:08","slug":"terms-amp-bedingungen","status":"publish","type":"page","link":"https:\/\/www.spiroflow.com\/de\/terms-amp-bedingungen\/","title":{"rendered":"Terms &amp; amp; Bedingungen"},"content":{"rendered":"<div data-elementor-type=\"wp-page\" data-elementor-id=\"11354\" class=\"elementor elementor-11354\" data-elementor-post-type=\"page\">\n\t\t\t\t<div class=\"elementor-element elementor-element-1ad01a2 e-flex e-con-boxed e-con e-parent\" data-id=\"1ad01a2\" data-element_type=\"container\" data-settings=\"{&quot;background_background&quot;:&quot;classic&quot;}\">\n\t\t\t\t\t<div class=\"e-con-inner\">\n\t\t\t\t<div class=\"elementor-element elementor-element-f423ca0 elementor-widget elementor-widget-heading\" data-id=\"f423ca0\" data-element_type=\"widget\" data-widget_type=\"heading.default\">\n\t\t\t\t<div class=\"elementor-widget-container\">\n\t\t\t\t\t<h1 class=\"elementor-heading-title elementor-size-default\">Allgemeine Gesch\u00e4ftsbedingungen\n<\/h1>\t\t\t\t<\/div>\n\t\t\t\t<\/div>\n\t\t\t\t\t<\/div>\n\t\t\t\t<\/div>\n\t\t<div class=\"elementor-element elementor-element-dbddfde e-flex e-con-boxed e-con e-parent\" data-id=\"dbddfde\" data-element_type=\"container\">\n\t\t\t\t\t<div class=\"e-con-inner\">\n\t\t<div class=\"elementor-element elementor-element-0c96b64 e-con-full e-flex e-con e-child\" data-id=\"0c96b64\" data-element_type=\"container\">\n\t\t\t\t<div class=\"elementor-element elementor-element-8c1852b elementor-widget elementor-widget-text-editor\" data-id=\"8c1852b\" data-element_type=\"widget\" data-widget_type=\"text-editor.default\">\n\t\t\t\t<div class=\"elementor-widget-container\">\n\t\t\t\t\t\t\t\t\t<div class=\"default-row-col default-row-1-col default-row-col1 default-row-1-col1\"><div class=\"default-row-col-content\"><div class=\"default-row-col default-row-1-col default-row-col1 default-row-1-col1\"><div class=\"default-row-col-content\"><h3>1. Website-Betreiber<\/h3><p>Diese Website wird von Spiroflow Limited betrieben. Unsere Umsatzsteuer-Identifikationsnummer lautet GB 732 9112 49. Unser B\u00fcro befindet sich in Unit B, Prime Point, Lower Eccleshill Rd, Darwen BB3 0RP. Sie k\u00f6nnen uns unter 01200 409253 anrufen oder uns eine E-Mail an info@spiroflow.com senden.<\/p><h3>2. Lizenz<\/h3><ol type=\"a\"><li>Spiroflow Limited gew\u00e4hrt Ihnen eine nicht ausschlie\u00dfliche Lizenz zur Nutzung dieser Website gem\u00e4\u00df den folgenden Allgemeinen Gesch\u00e4ftsbedingungen.<\/li><li>Wir k\u00f6nnen diese Lizenz jederzeit ohne Vorank\u00fcndigung k\u00fcndigen.<\/li><\/ol><h3>3. Materialien auf der Website<\/h3><ol type=\"a\"><li>Diese Website enth\u00e4lt Material, das Eigentum des Betreibers ist oder an diesen lizenziert wurde. Dieses Material umfasst unter anderem Design, Layout, Aussehen, Erscheinungsbild und Grafiken. Es ist durch Gesetze zum Schutz des geistigen Eigentums gesch\u00fctzt, einschlie\u00dflich, aber nicht beschr\u00e4nkt auf das Urheberrecht.<\/li><li>Sie d\u00fcrfen das Material auf dieser Website f\u00fcr den pers\u00f6nlichen Gebrauch oder zum Zweck der Gesch\u00e4ftsabwicklung mit uns ansehen, nutzen, herunterladen und speichern. Eine kommerzielle Nutzung ist nicht gestattet. Die Weiterverbreitung, Wiederver\u00f6ffentlichung oder anderweitige Zug\u00e4nglichmachung des Materials auf dieser Website an Dritte ist ohne unsere vorherige schriftliche Zustimmung untersagt.<\/li><li>Die unbefugte Nutzung dieser Website kann zu Schadensersatzanspr\u00fcchen f\u00fchren und\/oder eine Straftat darstellen.<\/li><\/ol><h3>4. Genauigkeit der Informationen<\/h3><ol type=\"a\"><li>Die Informationen auf dieser Website werden nach bestem Wissen und Gewissen bereitgestellt und dienen nur der allgemeinen Information und dem Interesse. \u00c4nderungen ohne Vorank\u00fcndigung vorbehalten. Wir \u00fcbernehmen keine Verantwortung f\u00fcr etwaige Ungenauigkeiten und\u00a0<em>(au\u00dfer wie in Abschnitt 6c dargelegt)<\/em>\u00a0Machen Sie keine Zusicherungen und geben Sie keine Garantie f\u00fcr deren Richtigkeit.<\/li><li>Die Informationen auf dieser Website sollten nicht als verl\u00e4sslich angesehen werden und stellen keine Beratung oder Empfehlung dar. Durch die Nutzung dieser Website best\u00e4tigen Sie, dass Sie sich nicht auf solche Informationen verlassen haben. Alle Vereinbarungen, die zwischen Ihnen und auf der Website genannten oder genannten Dritten getroffen werden, erfolgen ausschlie\u00dflich auf Ihr eigenes Risiko und Ihre alleinige Verantwortung.<\/li><\/ol><h3>5. Verlinkung<\/h3><ol type=\"a\"><li>Diese Website kann Links zu anderen Websites enthalten. Wir \u00fcbernehmen keine Verantwortung oder Haftung f\u00fcr den Inhalt anderer Websites, die nicht unserer strikten Kontrolle unterliegen. Ein Link stellt weder eine Empfehlung irgendeiner Art durch uns f\u00fcr diese andere Website dar, noch sollte dies als solche ausgelegt werden.<\/li><li>Sie d\u00fcrfen ohne unsere vorherige schriftliche Zustimmung keinen Link zu dieser Website von einer anderen Website oder einem anderen Dokument erstellen.<\/li><\/ol><h3>6. Haftung<\/h3><ol type=\"a\"><li>Wir garantieren nicht, dass die Nutzung dieser Website mit der gesamten Hardware und Software kompatibel ist, die von Besuchern der Website verwendet werden kann.<\/li><li>Au\u00dfer wie in Klausel 6c dargelegt, haften wir Ihnen gegen\u00fcber in keiner Weise, sei es aus Vertrag oder aus unerlaubter Handlung\u00a0<em>(einschlie\u00dflich Fahrl\u00e4ssigkeit)<\/em>, Verletzung gesetzlicher Pflichten, R\u00fcckerstattung oder anderweitig f\u00fcr Verletzungen, Todesf\u00e4lle, Sch\u00e4den oder direkte, indirekte oder Folgesch\u00e4den\u00a0<em>(Alle drei Begriffe umfassen, ohne Einschr\u00e4nkung, reine wirtschaftliche Verluste, entgangene Gewinne, Gesch\u00e4ftsverluste, Ersch\u00f6pfung des Firmenwerts und \u00e4hnliche Verluste.)<\/em>\u00a0jeglicher Art, die sich aus oder im Zusammenhang mit der Nutzung dieser Website oder der Nutzung, dem Zugriff, dem Herunterladen oder dem Vertrauen auf auf dieser Website enthaltene Informationen oder andere Materialien ergibt, einschlie\u00dflich, aber nicht beschr\u00e4nkt auf, als Folge eines Computervirus.<\/li><li>Diese Allgemeinen Gesch\u00e4ftsbedingungen schlie\u00dfen unsere Haftung nicht aus\u00a0<em>(wenn \u00fcberhaupt)<\/em>\u00a0Ihnen gegen\u00fcber f\u00fcr Personensch\u00e4den oder Todesf\u00e4lle, die auf unsere Fahrl\u00e4ssigkeit zur\u00fcckzuf\u00fchren sind, f\u00fcr Betrug oder f\u00fcr andere Angelegenheiten, bei denen es f\u00fcr uns rechtswidrig w\u00e4re, unsere Haftung auszuschlie\u00dfen oder zu versuchen, sie auszuschlie\u00dfen.<\/li><\/ol><h3>7. Datenschutz<\/h3><p>Unsere Datenschutzrichtlinie ist Teil dieser Allgemeinen Gesch\u00e4ftsbedingungen.<\/p><h3>8. Vollst\u00e4ndige Vereinbarung<\/h3><p>Diese Allgemeinen Gesch\u00e4ftsbedingungen\u00a0<em>(einschlie\u00dflich der in Abschnitt 7 genannten Datenschutzrichtlinie)<\/em>\u00a0enthalten alle Bedingungen, die Sie und der Betreiber im Zusammenhang mit der Nutzung der Website vereinbart haben.<\/p><h3>9. Gerichtsstand und Anerkennung dieser Allgemeinen Gesch\u00e4ftsbedingungen<\/h3><p>Diese Website wird von Spiroflow Limited von unseren B\u00fcros in England aus kontrolliert und betrieben. Die Entstehung, Existenz, Konstruktion, Leistung und G\u00fcltigkeit dieser Allgemeinen Gesch\u00e4ftsbedingungen oder einer Bestimmung dieser Allgemeinen Gesch\u00e4ftsbedingungen in allen Aspekten oder etwaige Streitigkeiten im Zusammenhang mit den auf dieser Website enthaltenen Materialien unterliegen englischem Recht. Die ausschlie\u00dfliche Zust\u00e4ndigkeit f\u00fcr die Beilegung von Streitigkeiten, die sich aus oder im Zusammenhang mit diesen Allgemeinen Gesch\u00e4ftsbedingungen oder der Nutzung der Website ergeben, liegt bei den englischen Gerichten.<\/p><ol type=\"a\"><li>Durch Ihre fortgesetzte Nutzung dieser Website erkl\u00e4ren Sie sich mit diesen Allgemeinen Gesch\u00e4ftsbedingungen einverstanden.<\/li><\/ol><\/div><\/div><\/div><\/div>\t\t\t\t\t\t\t\t<\/div>\n\t\t\t\t<\/div>\n\t\t\t\t<\/div>\n\t\t\t\t\t<\/div>\n\t\t\t\t<\/div>\n\t\t\t\t<\/div>","protected":false},"excerpt":{"rendered":"<p>Allgemeine Gesch\u00e4ftsbedingungen 1. Website-Betreiber Diese Website wird von Spiroflow Limited betrieben. Unsere Umsatzsteuer-Identifikationsnummer lautet GB 732 9112 49. Unser B\u00fcro befindet sich in Unit B, Prime Point, Lower Eccleshill Rd, Darwen BB3 0RP. Sie erreichen uns telefonisch unter 01200 409253 oder per E-Mail unter info@spiroflow.com. 2. Lizenz Spiroflow Limited gew\u00e4hrt Ihnen eine [\u2026]<\/p>","protected":false},"author":2,"featured_media":0,"parent":0,"menu_order":0,"comment_status":"closed","ping_status":"closed","template":"","meta":{"content-type":"","footnotes":""},"class_list":["post-11354","page","type-page","status-publish","hentry"],"_links":{"self":[{"href":"https:\/\/www.spiroflow.com\/de\/wp-json\/wp\/v2\/pages\/11354","targetHints":{"allow":["GET"]}}],"collection":[{"href":"https:\/\/www.spiroflow.com\/de\/wp-json\/wp\/v2\/pages"}],"about":[{"href":"https:\/\/www.spiroflow.com\/de\/wp-json\/wp\/v2\/types\/page"}],"author":[{"embeddable":true,"href":"https:\/\/www.spiroflow.com\/de\/wp-json\/wp\/v2\/users\/2"}],"replies":[{"embeddable":true,"href":"https:\/\/www.spiroflow.com\/de\/wp-json\/wp\/v2\/comments?post=11354"}],"version-history":[{"count":0,"href":"https:\/\/www.spiroflow.com\/de\/wp-json\/wp\/v2\/pages\/11354\/revisions"}],"wp:attachment":[{"href":"https:\/\/www.spiroflow.com\/de\/wp-json\/wp\/v2\/media?parent=11354"}],"curies":[{"name":"wp","href":"https:\/\/api.w.org\/{rel}","templated":true}]}}