{"id":12122,"date":"2024-02-20T03:48:11","date_gmt":"2024-02-20T03:48:11","guid":{"rendered":"https:\/\/www.spiroflow.com\/?page_id=12122"},"modified":"2024-11-29T17:48:35","modified_gmt":"2024-11-29T17:48:35","slug":"zielseite-fur-grosbeutelfuller","status":"publish","type":"page","link":"https:\/\/www.spiroflow.com\/de\/zielseite-fur-grosbeutelfuller\/","title":{"rendered":"Gro\u00dfbeutelf\u00fcller"},"content":{"rendered":"<div data-elementor-type=\"wp-page\" data-elementor-id=\"12122\" class=\"elementor elementor-12122\" data-elementor-post-type=\"page\">\n\t\t\t\t<div class=\"elementor-element elementor-element-c5cf3d5 e-grid e-con-boxed e-con e-parent\" data-id=\"c5cf3d5\" data-element_type=\"container\" data-settings=\"{&quot;background_background&quot;:&quot;slideshow&quot;,&quot;background_slideshow_gallery&quot;:[{&quot;id&quot;:12416,&quot;url&quot;:&quot;https:\\\/\\\/www.spiroflow.com\\\/wp-content\\\/uploads\\\/2024\\\/05\\\/Spiroflow-bulk-bag-filling-1216-X-500.webp&quot;}],&quot;background_slideshow_loop&quot;:&quot;yes&quot;,&quot;background_slideshow_slide_duration&quot;:5000,&quot;background_slideshow_slide_transition&quot;:&quot;fade&quot;,&quot;background_slideshow_transition_duration&quot;:500}\">\n\t\t\t\t\t<div class=\"e-con-inner\">\n\t\t\t\t<div class=\"elementor-element elementor-element-32668e4 elementor-widget elementor-widget-heading\" data-id=\"32668e4\" data-element_type=\"widget\" data-widget_type=\"heading.default\">\n\t\t\t\t<div class=\"elementor-widget-container\">\n\t\t\t\t\t<h1 class=\"elementor-heading-title elementor-size-default\">Bef\u00fcllen von Gro\u00dfgebinden<\/h1>\t\t\t\t<\/div>\n\t\t\t\t<\/div>\n\t\t\t\t<div class=\"elementor-element elementor-element-5c80275 elementor-widget elementor-widget-heading\" data-id=\"5c80275\" data-element_type=\"widget\" data-widget_type=\"heading.default\">\n\t\t\t\t<div class=\"elementor-widget-container\">\n\t\t\t\t\t<h2 class=\"elementor-heading-title elementor-size-default\">Schalten Sie erstklassige L\u00f6sungen zum Bef\u00fcllen von Gro\u00dfgebinden frei<\/h2>\t\t\t\t<\/div>\n\t\t\t\t<\/div>\n\t\t\t\t\t<\/div>\n\t\t\t\t<\/div>\n\t\t<div class=\"elementor-element elementor-element-74f3bad e-grid e-con-boxed e-con e-parent\" data-id=\"74f3bad\" data-element_type=\"container\" id=\"request_quote\">\n\t\t\t\t\t<div class=\"e-con-inner\">\n\t\t<div class=\"elementor-element elementor-element-70c9d80 e-grid e-con-boxed e-con e-child\" data-id=\"70c9d80\" data-element_type=\"container\">\n\t\t\t\t\t<div class=\"e-con-inner\">\n\t\t\t\t<div class=\"elementor-element elementor-element-bce34f7 elementor-widget elementor-widget-spacer\" data-id=\"bce34f7\" data-element_type=\"widget\" data-widget_type=\"spacer.default\">\n\t\t\t\t<div class=\"elementor-widget-container\">\n\t\t\t\t\t\t\t<div class=\"elementor-spacer\">\n\t\t\t<div class=\"elementor-spacer-inner\"><\/div>\n\t\t<\/div>\n\t\t\t\t\t\t<\/div>\n\t\t\t\t<\/div>\n\t\t\t\t\t<\/div>\n\t\t\t\t<\/div>\n\t\t\t\t\t<\/div>\n\t\t\t\t<\/div>\n\t\t<div class=\"elementor-element elementor-element-aee0017 e-flex e-con-boxed e-con e-parent\" data-id=\"aee0017\" data-element_type=\"container\" id=\"request_quote\">\n\t\t\t\t\t<div class=\"e-con-inner\">\n\t\t<div class=\"elementor-element elementor-element-3be447c e-con-full e-flex e-con e-child\" data-id=\"3be447c\" data-element_type=\"container\">\n\t\t\t\t<div class=\"elementor-element elementor-element-eca42ef elementor-widget elementor-widget-text-editor\" data-id=\"eca42ef\" data-element_type=\"widget\" data-widget_type=\"text-editor.default\">\n\t\t\t\t<div class=\"elementor-widget-container\">\n\t\t\t\t\t\t\t\t\t<p><strong>M\u00f6chten Sie Ihre Produktivit\u00e4t steigern und Kosten senken? Fordern Sie noch heute ein Angebot an! <\/strong><\/p>\t\t\t\t\t\t\t\t<\/div>\n\t\t\t\t<\/div>\n\t\t\t\t<div class=\"elementor-element elementor-element-ea34827 elementor-widget elementor-widget-html\" data-id=\"ea34827\" data-element_type=\"widget\" data-widget_type=\"html.default\">\n\t\t\t\t<div class=\"elementor-widget-container\">\n\t\t\t\t\t<script charset=\"utf-8\" type=\"text\/javascript\" src=\"\/\/js.hsforms.net\/forms\/embed\/v2.js\"><\/script>\r\n<script>\r\n  hbspt.forms.create({\r\n    portalId: \"5212366\",\r\n    formId: \"944eceb8-5218-42aa-8ebc-4a5c30d1768b\"\r\n  });\r\n<\/script>\t\t\t\t<\/div>\n\t\t\t\t<\/div>\n\t\t\t\t<\/div>\n\t\t<div class=\"elementor-element elementor-element-bd5c637 e-con-full e-flex e-con e-child\" data-id=\"bd5c637\" data-element_type=\"container\">\n\t\t<div class=\"elementor-element elementor-element-c87f6f3 e-flex e-con-boxed e-con e-child\" data-id=\"c87f6f3\" data-element_type=\"container\">\n\t\t\t\t\t<div class=\"e-con-inner\">\n\t\t\t\t<div class=\"elementor-element elementor-element-27d488a elementor-widget elementor-widget-text-editor\" data-id=\"27d488a\" data-element_type=\"widget\" data-widget_type=\"text-editor.default\">\n\t\t\t\t<div class=\"elementor-widget-container\">\n\t\t\t\t\t\t\t\t\t<p><strong>Spiroflow ist ein f\u00fchrender Anbieter von Big-Bag-Abf\u00fcllanlagen und Abf\u00fcllger\u00e4ten und bietet innovative F\u00f6rderl\u00f6sungen, die auf Ihre Gesch\u00e4ftsanforderungen zugeschnitten sind. Unsere fortschrittlichen Systeme optimieren den Betrieb sowohl f\u00fcr die Bef\u00fcllung kleiner als auch gro\u00dfer Mengen und verbessern so Effizienz, Genauigkeit und Leistung.<\/strong><\/p>\t\t\t\t\t\t\t\t<\/div>\n\t\t\t\t<\/div>\n\t\t\t\t\t<\/div>\n\t\t\t\t<\/div>\n\t\t<div class=\"elementor-element elementor-element-4a754b4 e-flex e-con-boxed e-con e-child\" data-id=\"4a754b4\" data-element_type=\"container\">\n\t\t\t\t\t<div class=\"e-con-inner\">\n\t\t\t\t<div class=\"elementor-element elementor-element-686fb20 elementor-widget elementor-widget-text-editor\" data-id=\"686fb20\" data-element_type=\"widget\" data-widget_type=\"text-editor.default\">\n\t\t\t\t<div class=\"elementor-widget-container\">\n\t\t\t\t\t\t\t\t\t<p><strong>Verbesserte Produktivit\u00e4t<\/strong>: Die Gro\u00dfsackf\u00fcllmaschinen von Spiroflow sind auf Produktivit\u00e4tssteigerung ausgelegt und k\u00f6nnen bis zu 40 S\u00e4cke mit einer Tonne pro Stunde f\u00fcllen.<\/p>\n<p><strong>Staubfreier Betrieb<\/strong>: Die Big-Bag-F\u00fcller von Spiroflow sind mit zahlreichen Funktionen zur Staubvermeidung ausgestattet. Dazu geh\u00f6ren Dichtungsmechanismen, geschlossene Systeme und ein integriertes Staubsammelsystem.<\/p>\n<p><strong>Pr\u00e4zise Wiegegenauigkeit: <\/strong>Die Gro\u00dfsackf\u00fcller von Spiroflow bieten eine pr\u00e4zise Wiegegenauigkeit und stellen sicher, dass jeder Sack mit dem genau erforderlichen Gewicht gef\u00fcllt wird.<\/p>\n<p><strong>Maximieren Sie die Dichte von Gro\u00dfgebinden:<\/strong>&nbsp; Die Big-Bag-F\u00fcller von Spiroflow gew\u00e4hrleisten eine optimale Produktdichte und erm\u00f6glichen so das sichere und effiziente Stapeln von Big-Bags.<\/p>\n<p><strong>Vielseitige Kompatibilit\u00e4t:<\/strong> Die Big-Bag-F\u00fcller von Spiroflow sind mit verschiedenen Big-Bag-Typen kompatibel und bieten die Flexibilit\u00e4t, unterschiedlichen Betriebsanforderungen gerecht zu werden.<\/p>\n<p><strong>Verbesserte Stabilit\u00e4t und Sicherheit:<\/strong> Die Gro\u00dfsackf\u00fcller von Spiroflow sorgen f\u00fcr stabilere und sicherere S\u00e4cke, indem sie eine gleichm\u00e4\u00dfige Bef\u00fcllung und optimale Sackformung gew\u00e4hrleisten und so das Risiko von Versch\u00fcttungen und Unf\u00e4llen verringern.<\/p>\n<p><strong>Benutzerfreundliche Bedienung<\/strong>: Unser Big-Bag-F\u00fcller verf\u00fcgt \u00fcber intuitive Steuerungsfunktionen und eine benutzerfreundliche Oberfl\u00e4che, um die Bedienung einfach und effizient zu gestalten.&nbsp;<\/p>\n<p><strong>Reduzierter Wartungsaufwand:<\/strong> Die auf Langlebigkeit und Zuverl\u00e4ssigkeit ausgelegten Big-Bag-F\u00fcller von Spiroflow erfordern nur minimale Wartung, was zu geringeren Ausfallzeiten und Wartungskosten f\u00fchrt.<\/p>\t\t\t\t\t\t\t\t<\/div>\n\t\t\t\t<\/div>\n\t\t\t\t\t<\/div>\n\t\t\t\t<\/div>\n\t\t\t\t<\/div>\n\t\t\t\t\t<\/div>\n\t\t\t\t<\/div>\n\t\t<div class=\"elementor-element elementor-element-2ca13d2 e-flex e-con-boxed e-con e-parent\" data-id=\"2ca13d2\" data-element_type=\"container\">\n\t\t\t\t\t<div class=\"e-con-inner\">\n\t\t\t\t<div class=\"elementor-element elementor-element-eb13882 elementor-widget elementor-widget-spacer\" data-id=\"eb13882\" data-element_type=\"widget\" data-widget_type=\"spacer.default\">\n\t\t\t\t<div class=\"elementor-widget-container\">\n\t\t\t\t\t\t\t<div class=\"elementor-spacer\">\n\t\t\t<div class=\"elementor-spacer-inner\"><\/div>\n\t\t<\/div>\n\t\t\t\t\t\t<\/div>\n\t\t\t\t<\/div>\n\t\t\t\t<div class=\"elementor-element elementor-element-a67786c elementor-widget-divider--view-line elementor-widget elementor-widget-divider\" data-id=\"a67786c\" data-element_type=\"widget\" data-widget_type=\"divider.default\">\n\t\t\t\t<div class=\"elementor-widget-container\">\n\t\t\t\t\t\t\t<div class=\"elementor-divider\">\n\t\t\t<span class=\"elementor-divider-separator\">\n\t\t\t\t\t\t<\/span>\n\t\t<\/div>\n\t\t\t\t\t\t<\/div>\n\t\t\t\t<\/div>\n\t\t\t\t<div class=\"elementor-element elementor-element-b9fe49e elementor-widget elementor-widget-text-editor\" data-id=\"b9fe49e\" data-element_type=\"widget\" data-widget_type=\"text-editor.default\">\n\t\t\t\t<div class=\"elementor-widget-container\">\n\t\t\t\t\t\t\t\t\t<!DOCTYPE html>\n<html lang=\"en\">\n<head>\n    <meta charset=\"UTF-8\">\n    <meta name=\"viewport\" content=\"width=device-width, initial-scale=1.0\">\n    <style>\n        \/* Specific styles for each paragraph as originally provided *\/\n        blockquote {\n            text-align: center;\n            font-size: 22px;\n            font-weight: 400;\n            font-style: italic;\n            color: grey;\n            margin: 20px;\n        }\n\n        .author, .position {\n            text-align: right;\n            font-weight: 600;\n            color: grey;\n            padding-right: 40px;\n            margin-bottom: 5px;\n            margin-top: 5px;\n        }\n\n        \/* Mobile view styles *\/\n        @media (max-width: 767px) {\n            blockquote {\n                font-size: 16px;\n            }\n            \n            .author, .position {\n                font-size: 13px;\n                padding-right: 20px;\n            }\n        }\n    <\/style>\n<\/head>\n<body>\n\n<blockquote>\n    \u201eSpiroflow ist immer bereit, mit uns zusammenzuarbeiten. Ihr Steuerungsingenieur arbeitete vor Ort an der Programmierung der Bedienfelder, was die Investition wert war. Spiroflow-Big-Bag-F\u00fcller sind einfach und langlebig und liefern die F\u00fcllgeschwindigkeit, die wir brauchten, und mehr.\u201c\n<\/blockquote>\n\n<p class=\"author\">Lee Swinson<\/p>\n\n<p class=\"position\">Gr\u00fcnder \u2013 Golden Grove<\/p>\n\n<\/body>\n<\/html>\n\t\t\t\t\t\t\t\t<\/div>\n\t\t\t\t<\/div>\n\t\t\t\t<div class=\"elementor-element elementor-element-3c50c84 elementor-widget-divider--view-line elementor-widget elementor-widget-divider\" data-id=\"3c50c84\" data-element_type=\"widget\" data-widget_type=\"divider.default\">\n\t\t\t\t<div class=\"elementor-widget-container\">\n\t\t\t\t\t\t\t<div class=\"elementor-divider\">\n\t\t\t<span class=\"elementor-divider-separator\">\n\t\t\t\t\t\t<\/span>\n\t\t<\/div>\n\t\t\t\t\t\t<\/div>\n\t\t\t\t<\/div>\n\t\t\t\t\t<\/div>\n\t\t\t\t<\/div>\n\t\t<div class=\"elementor-element elementor-element-9ff9769 e-flex e-con-boxed e-con e-parent\" data-id=\"9ff9769\" data-element_type=\"container\">\n\t\t\t\t\t<div class=\"e-con-inner\">\n\t\t<div class=\"elementor-element elementor-element-6b191e3 e-con-full e-flex e-con e-child\" data-id=\"6b191e3\" data-element_type=\"container\">\n\t\t\t\t<div class=\"elementor-element elementor-element-206207a elementor-widget elementor-widget-heading\" data-id=\"206207a\" data-element_type=\"widget\" data-widget_type=\"heading.default\">\n\t\t\t\t<div class=\"elementor-widget-container\">\n\t\t\t\t\t<h2 class=\"elementor-heading-title elementor-size-default\">Entdecken Sie unsere Big Bag-Bef\u00fcller<\/h2>\t\t\t\t<\/div>\n\t\t\t\t<\/div>\n\t\t\t\t<\/div>\n\t\t\t\t\t<\/div>\n\t\t\t\t<\/div>\n\t\t<div class=\"elementor-element elementor-element-003fad9 e-grid e-con-boxed e-con e-parent\" data-id=\"003fad9\" data-element_type=\"container\">\n\t\t\t\t\t<div class=\"e-con-inner\">\n\t\t<div class=\"elementor-element elementor-element-8f17acc e-flex e-con-boxed e-con e-child\" data-id=\"8f17acc\" data-element_type=\"container\">\n\t\t\t\t\t<div class=\"e-con-inner\">\n\t\t\t\t<div class=\"elementor-element elementor-element-addbb24 elementor-widget elementor-widget-image\" data-id=\"addbb24\" data-element_type=\"widget\" data-widget_type=\"image.default\">\n\t\t\t\t<div class=\"elementor-widget-container\">\n\t\t\t\t\t\t\t\t\t\t\t\t\t\t\t<img fetchpriority=\"high\" decoding=\"async\" width=\"300\" height=\"300\" src=\"https:\/\/www.spiroflow.com\/wp-content\/uploads\/2024\/05\/CTE-Bulk-Bag-Fillers-300x300-1.webp\" class=\"attachment-full size-full wp-image-12440\" alt=\"CTE-Gro\u00dfsackf\u00fcller (300 x 300)\" srcset=\"https:\/\/www.spiroflow.com\/wp-content\/uploads\/2024\/05\/CTE-Bulk-Bag-Fillers-300x300-1.webp 300w, https:\/\/www.spiroflow.com\/wp-content\/uploads\/2024\/05\/CTE-Bulk-Bag-Fillers-300x300-1-150x150.webp 150w, https:\/\/www.spiroflow.com\/wp-content\/uploads\/2024\/05\/CTE-Bulk-Bag-Fillers-300x300-1-12x12.webp 12w\" sizes=\"(max-width: 300px) 100vw, 300px\" \/>\t\t\t\t\t\t\t\t\t\t\t\t\t\t\t<\/div>\n\t\t\t\t<\/div>\n\t\t\t\t<div class=\"elementor-element elementor-element-68ba949 elementor-widget elementor-widget-n-accordion\" data-id=\"68ba949\" data-element_type=\"widget\" data-settings=\"{&quot;default_state&quot;:&quot;all_collapsed&quot;,&quot;max_items_expended&quot;:&quot;one&quot;,&quot;n_accordion_animation_duration&quot;:{&quot;unit&quot;:&quot;ms&quot;,&quot;size&quot;:400,&quot;sizes&quot;:[]}}\" data-widget_type=\"nested-accordion.default\">\n\t\t\t\t<div class=\"elementor-widget-container\">\n\t\t\t\t\t\t\t<div class=\"e-n-accordion\" aria-label=\"Akkordeon. \u00d6ffnen Sie Links mit der Eingabetaste oder der Leertaste, schlie\u00dfen Sie sie mit der Escape-Taste und navigieren Sie mit den Pfeiltasten\">\n\t\t\t\t\t\t<details id=\"e-n-accordion-item-1090\" class=\"e-n-accordion-item\" >\n\t\t\t\t<summary class=\"e-n-accordion-item-title\" data-accordion-index=\"1\" tabindex=\"0\" aria-expanded=\"false\" aria-controls=\"e-n-accordion-item-1090\" >\n\t\t\t\t\t<span class='e-n-accordion-item-title-header'><h2 class=\"e-n-accordion-item-title-text\"> CTE-Gro\u00dfsackf\u00fcller <\/h2><\/span>\n\t\t\t\t\t\t\t<span class='e-n-accordion-item-title-icon'>\n\t\t\t<span class='e-opened' ><i aria-hidden=\"true\" class=\"fas fa-minus\"><\/i><\/span>\n\t\t\t<span class='e-closed'><i aria-hidden=\"true\" class=\"fas fa-plus\"><\/i><\/span>\n\t\t<\/span>\n\n\t\t\t\t\t\t<\/summary>\n\t\t\t\t<div role=\"region\" aria-labelledby=\"e-n-accordion-item-1090\" class=\"elementor-element elementor-element-3caae7f e-con-full e-flex e-con e-child\" data-id=\"3caae7f\" data-element_type=\"container\">\n\t\t\t\t<div class=\"elementor-element elementor-element-fb6b255 elementor-widget elementor-widget-text-editor\" data-id=\"fb6b255\" data-element_type=\"widget\" data-widget_type=\"text-editor.default\">\n\t\t\t\t<div class=\"elementor-widget-container\">\n\t\t\t\t\t\t\t\t\t<p>Der Spiroflow Cone Table Elite (CTE) Bulk Bag Filler verf\u00fcgt \u00fcber ein patentiertes Kegeltisch-Verdichtungssystem, das das Material im Sack verdichtet, die Sackstabilit\u00e4t deutlich verbessert und den Gesamtdurchsatz beim F\u00fcllen erh\u00f6ht. Zu den wichtigsten betrieblichen Vorteilen z\u00e4hlen:\u00a0<\/p><ul><li>Branchenf\u00fchrende Beutelf\u00fcllraten (\u00fcber 35 Beutel\/Stunde)<\/li><li>\u00dcberlegene Verdichtung, Stabilit\u00e4t und Stapelbarkeit<\/li><li>Pr\u00e4zises Wiegen f\u00fcr minimalen Abfall<\/li><\/ul>\t\t\t\t\t\t\t\t<\/div>\n\t\t\t\t<\/div>\n\t\t\t\t<div class=\"elementor-element elementor-element-9daf06b elementor-mobile-align-center elementor-align-center elementor-widget elementor-widget-button\" data-id=\"9daf06b\" data-element_type=\"widget\" data-widget_type=\"button.default\">\n\t\t\t\t<div class=\"elementor-widget-container\">\n\t\t\t\t\t\t\t\t\t<div class=\"elementor-button-wrapper\">\n\t\t\t\t\t<a class=\"elementor-button elementor-button-link elementor-size-sm\" href=\"#request_quote\">\n\t\t\t\t\t\t<span class=\"elementor-button-content-wrapper\">\n\t\t\t\t\t\t\t\t\t<span class=\"elementor-button-text\">Fordern Sie ein Angebot an<\/span>\n\t\t\t\t\t<\/span>\n\t\t\t\t\t<\/a>\n\t\t\t\t<\/div>\n\t\t\t\t\t\t\t\t<\/div>\n\t\t\t\t<\/div>\n\t\t\t\t<\/div>\n\t\t\t\t\t<\/details>\n\t\t\t\t\t<\/div>\n\t\t\t\t\t\t<\/div>\n\t\t\t\t<\/div>\n\t\t\t\t\t<\/div>\n\t\t\t\t<\/div>\n\t\t<div class=\"elementor-element elementor-element-4fb7c05 e-flex e-con-boxed e-con e-child\" data-id=\"4fb7c05\" data-element_type=\"container\">\n\t\t\t\t\t<div class=\"e-con-inner\">\n\t\t\t\t<div class=\"elementor-element elementor-element-86e65ea elementor-widget elementor-widget-image\" data-id=\"86e65ea\" data-element_type=\"widget\" data-widget_type=\"image.default\">\n\t\t\t\t<div class=\"elementor-widget-container\">\n\t\t\t\t\t\t\t\t\t\t\t\t\t\t\t<img decoding=\"async\" width=\"300\" height=\"300\" src=\"https:\/\/www.spiroflow.com\/wp-content\/uploads\/2024\/05\/C-Series-Bulk-Bag-Fillers-300x300-1.webp\" class=\"attachment-full size-full wp-image-12439\" alt=\"Gro\u00dfsackf\u00fcller der C-Serie (300 x 300)\" srcset=\"https:\/\/www.spiroflow.com\/wp-content\/uploads\/2024\/05\/C-Series-Bulk-Bag-Fillers-300x300-1.webp 300w, https:\/\/www.spiroflow.com\/wp-content\/uploads\/2024\/05\/C-Series-Bulk-Bag-Fillers-300x300-1-150x150.webp 150w, https:\/\/www.spiroflow.com\/wp-content\/uploads\/2024\/05\/C-Series-Bulk-Bag-Fillers-300x300-1-12x12.webp 12w\" sizes=\"(max-width: 300px) 100vw, 300px\" \/>\t\t\t\t\t\t\t\t\t\t\t\t\t\t\t<\/div>\n\t\t\t\t<\/div>\n\t\t\t\t<div class=\"elementor-element elementor-element-87d58c9 elementor-widget elementor-widget-n-accordion\" data-id=\"87d58c9\" data-element_type=\"widget\" data-settings=\"{&quot;default_state&quot;:&quot;all_collapsed&quot;,&quot;max_items_expended&quot;:&quot;one&quot;,&quot;n_accordion_animation_duration&quot;:{&quot;unit&quot;:&quot;ms&quot;,&quot;size&quot;:400,&quot;sizes&quot;:[]}}\" data-widget_type=\"nested-accordion.default\">\n\t\t\t\t<div class=\"elementor-widget-container\">\n\t\t\t\t\t\t\t<div class=\"e-n-accordion\" aria-label=\"Akkordeon. \u00d6ffnen Sie Links mit der Eingabetaste oder der Leertaste, schlie\u00dfen Sie sie mit der Escape-Taste und navigieren Sie mit den Pfeiltasten\">\n\t\t\t\t\t\t<details id=\"e-n-accordion-item-1420\" class=\"e-n-accordion-item\" >\n\t\t\t\t<summary class=\"e-n-accordion-item-title\" data-accordion-index=\"1\" tabindex=\"0\" aria-expanded=\"false\" aria-controls=\"e-n-accordion-item-1420\" >\n\t\t\t\t\t<span class='e-n-accordion-item-title-header'><h2 class=\"e-n-accordion-item-title-text\"> Gro\u00dfbeutelf\u00fcller der C-Serie <\/h2><\/span>\n\t\t\t\t\t\t\t<span class='e-n-accordion-item-title-icon'>\n\t\t\t<span class='e-opened' ><i aria-hidden=\"true\" class=\"fas fa-minus\"><\/i><\/span>\n\t\t\t<span class='e-closed'><i aria-hidden=\"true\" class=\"fas fa-plus\"><\/i><\/span>\n\t\t<\/span>\n\n\t\t\t\t\t\t<\/summary>\n\t\t\t\t<div role=\"region\" aria-labelledby=\"e-n-accordion-item-1420\" class=\"elementor-element elementor-element-cc27079 e-con-full e-flex e-con e-child\" data-id=\"cc27079\" data-element_type=\"container\">\n\t\t\t\t<div class=\"elementor-element elementor-element-07d89e9 elementor-widget elementor-widget-text-editor\" data-id=\"07d89e9\" data-element_type=\"widget\" data-widget_type=\"text-editor.default\">\n\t\t\t\t<div class=\"elementor-widget-container\">\n\t\t\t\t\t\t\t\t\t<p>Die Big-Bag-F\u00fcller der C-Serie von Spiroflow sind f\u00fcr die effiziente Verpackung, Lagerung und den Transport von Materialien in Big-Bags konzipiert. Diese F\u00fcller sind \u00e4u\u00dferst vielseitig und bieten Optionen f\u00fcr einfaches volumetrisches F\u00fcllen bis hin zu automatisiertem F\u00fcllen nach Gewicht. Wichtige betriebliche Vorteile:<\/p><ul><li>Erreichen Sie staubfreie, vollst\u00e4ndige Eind\u00e4mmung<\/li><li>Entnahme von S\u00e4cken mit Gabelstaplern und Palettenwagen<\/li><li>Automatisierungsbereit f\u00fcr einen reibungslosen Betrieb<\/li><\/ul>\t\t\t\t\t\t\t\t<\/div>\n\t\t\t\t<\/div>\n\t\t\t\t<div class=\"elementor-element elementor-element-7307b57 elementor-mobile-align-center elementor-align-center elementor-widget elementor-widget-button\" data-id=\"7307b57\" data-element_type=\"widget\" data-widget_type=\"button.default\">\n\t\t\t\t<div class=\"elementor-widget-container\">\n\t\t\t\t\t\t\t\t\t<div class=\"elementor-button-wrapper\">\n\t\t\t\t\t<a class=\"elementor-button elementor-button-link elementor-size-sm\" href=\"#request_quote\">\n\t\t\t\t\t\t<span class=\"elementor-button-content-wrapper\">\n\t\t\t\t\t\t\t\t\t<span class=\"elementor-button-text\">Fordern Sie ein Angebot an<\/span>\n\t\t\t\t\t<\/span>\n\t\t\t\t\t<\/a>\n\t\t\t\t<\/div>\n\t\t\t\t\t\t\t\t<\/div>\n\t\t\t\t<\/div>\n\t\t\t\t<\/div>\n\t\t\t\t\t<\/details>\n\t\t\t\t\t<\/div>\n\t\t\t\t\t\t<\/div>\n\t\t\t\t<\/div>\n\t\t\t\t\t<\/div>\n\t\t\t\t<\/div>\n\t\t<div class=\"elementor-element elementor-element-5f5bf85 e-flex e-con-boxed e-con e-child\" data-id=\"5f5bf85\" data-element_type=\"container\">\n\t\t\t\t\t<div class=\"e-con-inner\">\n\t\t\t\t<div class=\"elementor-element elementor-element-e6db439 elementor-widget elementor-widget-image\" data-id=\"e6db439\" data-element_type=\"widget\" data-widget_type=\"image.default\">\n\t\t\t\t<div class=\"elementor-widget-container\">\n\t\t\t\t\t\t\t\t\t\t\t\t\t\t\t<img decoding=\"async\" width=\"300\" height=\"300\" src=\"https:\/\/www.spiroflow.com\/wp-content\/uploads\/2024\/05\/Base-Model-Bulk-Bag-Fillers-300x300-1.webp\" class=\"attachment-full size-full wp-image-12441\" alt=\"\" srcset=\"https:\/\/www.spiroflow.com\/wp-content\/uploads\/2024\/05\/Base-Model-Bulk-Bag-Fillers-300x300-1.webp 300w, https:\/\/www.spiroflow.com\/wp-content\/uploads\/2024\/05\/Base-Model-Bulk-Bag-Fillers-300x300-1-150x150.webp 150w, https:\/\/www.spiroflow.com\/wp-content\/uploads\/2024\/05\/Base-Model-Bulk-Bag-Fillers-300x300-1-12x12.webp 12w\" sizes=\"(max-width: 300px) 100vw, 300px\" \/>\t\t\t\t\t\t\t\t\t\t\t\t\t\t\t<\/div>\n\t\t\t\t<\/div>\n\t\t\t\t<div class=\"elementor-element elementor-element-c690b0f elementor-widget elementor-widget-n-accordion\" data-id=\"c690b0f\" data-element_type=\"widget\" data-settings=\"{&quot;default_state&quot;:&quot;all_collapsed&quot;,&quot;max_items_expended&quot;:&quot;one&quot;,&quot;n_accordion_animation_duration&quot;:{&quot;unit&quot;:&quot;ms&quot;,&quot;size&quot;:400,&quot;sizes&quot;:[]}}\" data-widget_type=\"nested-accordion.default\">\n\t\t\t\t<div class=\"elementor-widget-container\">\n\t\t\t\t\t\t\t<div class=\"e-n-accordion\" aria-label=\"Akkordeon. \u00d6ffnen Sie Links mit der Eingabetaste oder der Leertaste, schlie\u00dfen Sie sie mit der Escape-Taste und navigieren Sie mit den Pfeiltasten\">\n\t\t\t\t\t\t<details id=\"e-n-accordion-item-2080\" class=\"e-n-accordion-item\" >\n\t\t\t\t<summary class=\"e-n-accordion-item-title\" data-accordion-index=\"1\" tabindex=\"0\" aria-expanded=\"false\" aria-controls=\"e-n-accordion-item-2080\" >\n\t\t\t\t\t<span class='e-n-accordion-item-title-header'><h2 class=\"e-n-accordion-item-title-text\"> Basismodell f\u00fcr Gro\u00dfbeutelf\u00fcller <\/h2><\/span>\n\t\t\t\t\t\t\t<span class='e-n-accordion-item-title-icon'>\n\t\t\t<span class='e-opened' ><i aria-hidden=\"true\" class=\"fas fa-minus\"><\/i><\/span>\n\t\t\t<span class='e-closed'><i aria-hidden=\"true\" class=\"fas fa-plus\"><\/i><\/span>\n\t\t<\/span>\n\n\t\t\t\t\t\t<\/summary>\n\t\t\t\t<div role=\"region\" aria-labelledby=\"e-n-accordion-item-2080\" class=\"elementor-element elementor-element-d882e5f e-con-full e-flex e-con e-child\" data-id=\"d882e5f\" data-element_type=\"container\">\n\t\t\t\t<div class=\"elementor-element elementor-element-eb311be elementor-widget elementor-widget-text-editor\" data-id=\"eb311be\" data-element_type=\"widget\" data-widget_type=\"text-editor.default\">\n\t\t\t\t<div class=\"elementor-widget-container\">\n\t\t\t\t\t\t\t\t\t<p>Die Big-Bag-F\u00fcller der Basismodelle von Spiroflow zeichnen sich durch einen einfachen Rahmen und eine robuste Konstruktion aus. Je nach Umgebung sind sie wahlweise aus polyurethanbeschichtetem Karbon-\/Weichstahl oder Edelstahl mit Steel-It-Beschichtung erh\u00e4ltlich. Sie eignen sich f\u00fcr F\u00fcllvorg\u00e4nge mit geringem Volumen. Zu den wichtigsten betrieblichen Vorteilen z\u00e4hlen:\u00a0<\/p><ul><li>Staubfreier Betrieb<\/li><li>Vielseitige Umzugsarbeiten<\/li><li>Kosteng\u00fcnstiger Betrieb<\/li><li>Einfach und zuverl\u00e4ssig f\u00fcr ungef\u00e4hrliche Stoffe\u00a0<\/li><\/ul>\t\t\t\t\t\t\t\t<\/div>\n\t\t\t\t<\/div>\n\t\t\t\t<div class=\"elementor-element elementor-element-c60cfde elementor-mobile-align-center elementor-align-center elementor-widget elementor-widget-button\" data-id=\"c60cfde\" data-element_type=\"widget\" data-widget_type=\"button.default\">\n\t\t\t\t<div class=\"elementor-widget-container\">\n\t\t\t\t\t\t\t\t\t<div class=\"elementor-button-wrapper\">\n\t\t\t\t\t<a class=\"elementor-button elementor-button-link elementor-size-sm\" href=\"#request_quote\">\n\t\t\t\t\t\t<span class=\"elementor-button-content-wrapper\">\n\t\t\t\t\t\t\t\t\t<span class=\"elementor-button-text\">Fordern Sie ein Angebot an<\/span>\n\t\t\t\t\t<\/span>\n\t\t\t\t\t<\/a>\n\t\t\t\t<\/div>\n\t\t\t\t\t\t\t\t<\/div>\n\t\t\t\t<\/div>\n\t\t\t\t<\/div>\n\t\t\t\t\t<\/details>\n\t\t\t\t\t<\/div>\n\t\t\t\t\t\t<\/div>\n\t\t\t\t<\/div>\n\t\t\t\t\t<\/div>\n\t\t\t\t<\/div>\n\t\t\t\t\t<\/div>\n\t\t\t\t<\/div>\n\t\t\t\t<\/div>","protected":false},"excerpt":{"rendered":"<p>Bef\u00fcllen von Gro\u00dfgebinden Entdecken Sie erstklassige L\u00f6sungen zum Bef\u00fcllen von Gro\u00dfgebinden Sind Sie bereit, Ihre Produktivit\u00e4t zu steigern und Kosten zu senken? Fordern Sie noch heute ein Angebot an! Spiroflow ist ein f\u00fchrender Anbieter von Gro\u00dfgebinden- und Abf\u00fcllanlagen und bietet innovative F\u00f6rderl\u00f6sungen, die auf Ihre Gesch\u00e4ftsanforderungen zugeschnitten sind. Unsere fortschrittlichen Systeme optimieren den Betrieb sowohl f\u00fcr das Bef\u00fcllen kleiner als auch gro\u00dfer Mengen und verbessern die Effizienz, Genauigkeit [\u2026]<\/p>","protected":false},"author":2,"featured_media":9603,"parent":0,"menu_order":0,"comment_status":"closed","ping_status":"closed","template":"","meta":{"content-type":"","footnotes":""},"class_list":["post-12122","page","type-page","status-publish","has-post-thumbnail","hentry"],"_links":{"self":[{"href":"https:\/\/www.spiroflow.com\/de\/wp-json\/wp\/v2\/pages\/12122","targetHints":{"allow":["GET"]}}],"collection":[{"href":"https:\/\/www.spiroflow.com\/de\/wp-json\/wp\/v2\/pages"}],"about":[{"href":"https:\/\/www.spiroflow.com\/de\/wp-json\/wp\/v2\/types\/page"}],"author":[{"embeddable":true,"href":"https:\/\/www.spiroflow.com\/de\/wp-json\/wp\/v2\/users\/2"}],"replies":[{"embeddable":true,"href":"https:\/\/www.spiroflow.com\/de\/wp-json\/wp\/v2\/comments?post=12122"}],"version-history":[{"count":0,"href":"https:\/\/www.spiroflow.com\/de\/wp-json\/wp\/v2\/pages\/12122\/revisions"}],"wp:featuredmedia":[{"embeddable":true,"href":"https:\/\/www.spiroflow.com\/de\/wp-json\/wp\/v2\/media\/9603"}],"wp:attachment":[{"href":"https:\/\/www.spiroflow.com\/de\/wp-json\/wp\/v2\/media?parent=12122"}],"curies":[{"name":"wp","href":"https:\/\/api.w.org\/{rel}","templated":true}]}}