{"id":12192,"date":"2024-03-19T19:53:38","date_gmt":"2024-03-19T19:53:38","guid":{"rendered":"https:\/\/www.spiroflow.com\/?page_id=12192"},"modified":"2024-08-15T12:17:46","modified_gmt":"2024-08-15T12:17:46","slug":"aeromechanisches-forderband-lp","status":"publish","type":"page","link":"https:\/\/www.spiroflow.com\/de\/aeromechanisches-forderband-lp\/","title":{"rendered":"Aeromechanischer F\u00f6rderer \u2013 LP"},"content":{"rendered":"<div data-elementor-type=\"wp-page\" data-elementor-id=\"12192\" class=\"elementor elementor-12192\" data-elementor-post-type=\"page\">\n\t\t\t\t<div class=\"elementor-element elementor-element-b247525 e-grid e-con-boxed e-con e-parent\" data-id=\"b247525\" data-element_type=\"container\" data-settings=\"{&quot;background_background&quot;:&quot;classic&quot;}\">\n\t\t\t\t\t<div class=\"e-con-inner\">\n\t\t\t\t<div class=\"elementor-element elementor-element-81638e8 elementor-widget elementor-widget-spacer\" data-id=\"81638e8\" data-element_type=\"widget\" data-widget_type=\"spacer.default\">\n\t\t\t\t<div class=\"elementor-widget-container\">\n\t\t\t\t\t\t\t<div class=\"elementor-spacer\">\n\t\t\t<div class=\"elementor-spacer-inner\"><\/div>\n\t\t<\/div>\n\t\t\t\t\t\t<\/div>\n\t\t\t\t<\/div>\n\t\t\t\t<div class=\"elementor-element elementor-element-448a44e elementor-widget elementor-widget-heading\" data-id=\"448a44e\" data-element_type=\"widget\" data-widget_type=\"heading.default\">\n\t\t\t\t<div class=\"elementor-widget-container\">\n\t\t\t\t\t<h1 class=\"elementor-heading-title elementor-size-default\">AEROMECHANISCHE F\u00d6RDERANLAGEN<\/h1>\t\t\t\t<\/div>\n\t\t\t\t<\/div>\n\t\t\t\t<div class=\"elementor-element elementor-element-ef6fee5 elementor-widget elementor-widget-heading\" data-id=\"ef6fee5\" data-element_type=\"widget\" data-widget_type=\"heading.default\">\n\t\t\t\t<div class=\"elementor-widget-container\">\n\t\t\t\t\t<h2 class=\"elementor-heading-title elementor-size-default\">MAXIMIEREN SIE IHRE EFFIZIENZ MIT DEN AEROMECHANISCHEN F\u00d6RDERANLAGEN VON SPIROFLOW<\/h2>\t\t\t\t<\/div>\n\t\t\t\t<\/div>\n\t\t\t\t<div class=\"elementor-element elementor-element-32c4d93 elementor-widget elementor-widget-spacer\" data-id=\"32c4d93\" data-element_type=\"widget\" data-widget_type=\"spacer.default\">\n\t\t\t\t<div class=\"elementor-widget-container\">\n\t\t\t\t\t\t\t<div class=\"elementor-spacer\">\n\t\t\t<div class=\"elementor-spacer-inner\"><\/div>\n\t\t<\/div>\n\t\t\t\t\t\t<\/div>\n\t\t\t\t<\/div>\n\t\t\t\t\t<\/div>\n\t\t\t\t<\/div>\n\t\t<div class=\"elementor-element elementor-element-671c79e e-grid e-con-boxed e-con e-parent\" data-id=\"671c79e\" data-element_type=\"container\">\n\t\t\t\t\t<div class=\"e-con-inner\">\n\t\t<div class=\"elementor-element elementor-element-25a3438 e-grid e-con-boxed e-con e-child\" data-id=\"25a3438\" data-element_type=\"container\">\n\t\t\t\t\t<div class=\"e-con-inner\">\n\t\t\t\t<div class=\"elementor-element elementor-element-80d1898 elementor-widget elementor-widget-spacer\" data-id=\"80d1898\" data-element_type=\"widget\" data-widget_type=\"spacer.default\">\n\t\t\t\t<div class=\"elementor-widget-container\">\n\t\t\t\t\t\t\t<div class=\"elementor-spacer\">\n\t\t\t<div class=\"elementor-spacer-inner\"><\/div>\n\t\t<\/div>\n\t\t\t\t\t\t<\/div>\n\t\t\t\t<\/div>\n\t\t\t\t\t<\/div>\n\t\t\t\t<\/div>\n\t\t\t\t\t<\/div>\n\t\t\t\t<\/div>\n\t\t<div class=\"elementor-element elementor-element-fcd1482 e-grid e-con-boxed e-con e-parent\" data-id=\"fcd1482\" data-element_type=\"container\">\n\t\t\t\t\t<div class=\"e-con-inner\">\n\t\t\t\t<div class=\"elementor-element elementor-element-3b7db60 elementor-widget elementor-widget-text-editor\" data-id=\"3b7db60\" data-element_type=\"widget\" data-widget_type=\"text-editor.default\">\n\t\t\t\t<div class=\"elementor-widget-container\">\n\t\t\t\t\t\t\t\t\t<p><strong>Schonend zu br\u00fcchigem Material:<\/strong> Unsere fortschrittliche F\u00f6rdertechnologie st\u00fctzt zerbrechliche Produkte in einem Luftkissen und minimiert so Sch\u00e4den.<\/p><p><strong>Vielseitiges Design mit mehreren Ein-\/Ausl\u00e4ssen:<\/strong> Unsere aeromechanischen F\u00f6rderer sind auf Vielseitigkeit ausgelegt. Sie erm\u00f6glichen die gleichzeitige Handhabung mehrerer Materialien oder Zutaten, sodass keine separaten F\u00f6rderer erforderlich sind und Sie Platz sparen.<\/p><p><strong>Stabiler Betrieb ohne Druckbeaufschlagung:<\/strong> Die F\u00f6rderer arbeiten drucklos und halten den Druck im Gleichgewicht. Dies garantiert einen gleichm\u00e4\u00dfigen Materialfluss, verringert das Risiko von Leckagen oder Verstopfungen und sorgt f\u00fcr einen reibungslosen Betrieb.<\/p><p><strong>Leiser Betrieb:<\/strong> Unsere F\u00f6rderb\u00e4nder minimieren den Energieverbrauch, arbeiten leise und bieten hohe Effizienz und Leistung. Freuen Sie sich \u00fcber einen ruhigeren Arbeitsplatz und geringere Betriebskosten ohne Kompromisse.<\/p><p><strong>Konsequenter Materialmix:<\/strong> Unsere F\u00f6rderer garantieren minimale Entmischung und Zersetzung, stellen eine gleichm\u00e4\u00dfige Mischung und Qualit\u00e4t Ihrer Produkte sicher und optimieren die Produktionsprozesse.<\/p><p><strong>Leicht zu reinigen, zu waschen und zu trocknen:<\/strong> Unsere F\u00f6rderer sind hygienisch, leicht zu reinigen und maximieren die Produktivit\u00e4t durch Minimierung von Ausfallzeiten.<\/p><p>\u00a0<\/p><p><strong>Entdecken Sie die Vorteile aerodynamischer F\u00f6rderer und erfahren Sie, wie diese Ihre Betriebsabl\u00e4ufe ver\u00e4ndern und Ihre Effizienz steigern k\u00f6nnen.<\/strong><\/p><p>\u00a0<\/p>\t\t\t\t\t\t\t\t<\/div>\n\t\t\t\t<\/div>\n\t\t<div class=\"elementor-element elementor-element-5e3b0ac e-flex e-con-boxed e-con e-child\" data-id=\"5e3b0ac\" data-element_type=\"container\">\n\t\t\t\t\t<div class=\"e-con-inner\">\n\t\t\t\t<div class=\"elementor-element elementor-element-c6abcf4 elementor-widget elementor-widget-text-editor\" data-id=\"c6abcf4\" data-element_type=\"widget\" data-widget_type=\"text-editor.default\">\n\t\t\t\t<div class=\"elementor-widget-container\">\n\t\t\t\t\t\t\t\t\t<p><strong>Vereinbaren Sie noch heute einen Gespr\u00e4chstermin mit unseren Experten!<\/strong><\/p>\t\t\t\t\t\t\t\t<\/div>\n\t\t\t\t<\/div>\n\t\t\t\t<div class=\"elementor-element elementor-element-e1d72cf elementor-widget elementor-widget-html\" data-id=\"e1d72cf\" data-element_type=\"widget\" data-widget_type=\"html.default\">\n\t\t\t\t<div class=\"elementor-widget-container\">\n\t\t\t\t\t<script charset=\"utf-8\" type=\"text\/javascript\" src=\"\/\/js.hsforms.net\/forms\/embed\/v2.js\"><\/script>\r\n<script>\r\n  hbspt.forms.create({\r\n    region: \"na1\",\r\n    portalId: \"41946\",\r\n    formId: \"2331c034-ee9a-4c33-b73b-761892826e40\"\r\n  });\r\n<\/script>\t\t\t\t<\/div>\n\t\t\t\t<\/div>\n\t\t\t\t\t<\/div>\n\t\t\t\t<\/div>\n\t\t\t\t\t<\/div>\n\t\t\t\t<\/div>\n\t\t<div class=\"elementor-element elementor-element-fe99033 e-flex e-con-boxed e-con e-parent\" data-id=\"fe99033\" data-element_type=\"container\">\n\t\t\t\t\t<div class=\"e-con-inner\">\n\t\t\t\t<div class=\"elementor-element elementor-element-02d566f elementor-widget elementor-widget-spacer\" data-id=\"02d566f\" data-element_type=\"widget\" data-widget_type=\"spacer.default\">\n\t\t\t\t<div class=\"elementor-widget-container\">\n\t\t\t\t\t\t\t<div class=\"elementor-spacer\">\n\t\t\t<div class=\"elementor-spacer-inner\"><\/div>\n\t\t<\/div>\n\t\t\t\t\t\t<\/div>\n\t\t\t\t<\/div>\n\t\t\t\t<div class=\"elementor-element elementor-element-ac0ccaa elementor-widget-divider--view-line elementor-widget elementor-widget-divider\" data-id=\"ac0ccaa\" data-element_type=\"widget\" data-widget_type=\"divider.default\">\n\t\t\t\t<div class=\"elementor-widget-container\">\n\t\t\t\t\t\t\t<div class=\"elementor-divider\">\n\t\t\t<span class=\"elementor-divider-separator\">\n\t\t\t\t\t\t<\/span>\n\t\t<\/div>\n\t\t\t\t\t\t<\/div>\n\t\t\t\t<\/div>\n\t\t\t\t<div class=\"elementor-element elementor-element-2a2b130 elementor-widget elementor-widget-html\" data-id=\"2a2b130\" data-element_type=\"widget\" data-widget_type=\"html.default\">\n\t\t\t\t<div class=\"elementor-widget-container\">\n\t\t\t\t\t\n<!DOCTYPE html>\n<html lang=\"en\">\n<head>\n     <style>\n        \/* Specific styles for each paragraph as originally provided *\/\n        p.quote {\n            text-align: center;\n            font-size: 22px;\n            font-weight: 650;\n            font-style: italic;\n            color: grey;\n        }\n\n        p.author, p.position {\n            text-align: right;\n            font-weight:600;\n            color: grey;\n            padding-right: 40px;\n            margin-bottom: 5px;\n            margin-top: 5px;\n        }\n\n        \/* Mobile view styles *\/\n        @media (max-width: 767px) {\n            p {\n                font-size: 13px;}\n        \n        }\n    <\/style>\n<\/head>\n<body>\n\n<p class=\"quote\">\u201eUnsere eigenen Ingenieure haben den Spiroflow Aero Mechanical Conveyor installiert und in Betrieb genommen und er hat seitdem sehr gute Leistungen erbracht.\u201c<\/p>\n\n<p class=\"author\">Andrew Pynn<\/p>\n\n<p class=\"position\">Leitender Steuerungsingenieur bei Butcher&#039;s Pet Care<\/p>\n\n<\/body>\n<\/html>\n\n\n\n\t\t\t\t<\/div>\n\t\t\t\t<\/div>\n\t\t\t\t<div class=\"elementor-element elementor-element-4089ed8 elementor-widget-divider--view-line elementor-widget elementor-widget-divider\" data-id=\"4089ed8\" data-element_type=\"widget\" data-widget_type=\"divider.default\">\n\t\t\t\t<div class=\"elementor-widget-container\">\n\t\t\t\t\t\t\t<div class=\"elementor-divider\">\n\t\t\t<span class=\"elementor-divider-separator\">\n\t\t\t\t\t\t<\/span>\n\t\t<\/div>\n\t\t\t\t\t\t<\/div>\n\t\t\t\t<\/div>\n\t\t\t\t<div class=\"elementor-element elementor-element-7ba1d82 elementor-widget elementor-widget-spacer\" data-id=\"7ba1d82\" data-element_type=\"widget\" data-widget_type=\"spacer.default\">\n\t\t\t\t<div class=\"elementor-widget-container\">\n\t\t\t\t\t\t\t<div class=\"elementor-spacer\">\n\t\t\t<div class=\"elementor-spacer-inner\"><\/div>\n\t\t<\/div>\n\t\t\t\t\t\t<\/div>\n\t\t\t\t<\/div>\n\t\t\t\t\t<\/div>\n\t\t\t\t<\/div>\n\t\t<div class=\"elementor-element elementor-element-24521e5 e-grid e-con-boxed e-con e-parent\" data-id=\"24521e5\" data-element_type=\"container\">\n\t\t\t\t\t<div class=\"e-con-inner\">\n\t\t\t\t<div class=\"elementor-element elementor-element-eff2917 elementor-widget elementor-widget-heading\" data-id=\"eff2917\" data-element_type=\"widget\" data-widget_type=\"heading.default\">\n\t\t\t\t<div class=\"elementor-widget-container\">\n\t\t\t\t\t<h2 class=\"elementor-heading-title elementor-size-default\">Vertrauen Sie Spiroflow<\/h2>\t\t\t\t<\/div>\n\t\t\t\t<\/div>\n\t\t\t\t<div class=\"elementor-element elementor-element-863cae9 elementor-widget elementor-widget-text-editor\" data-id=\"863cae9\" data-element_type=\"widget\" data-widget_type=\"text-editor.default\">\n\t\t\t\t<div class=\"elementor-widget-container\">\n\t\t\t\t\t\t\t\t\t<p>Wir sind f\u00fchrend in der F\u00f6rdertechnik und bieten innovative L\u00f6sungen, die mit Ihrem Unternehmen wachsen und so langfristigen Erfolg und Effizienz gew\u00e4hrleisten.<\/p>\t\t\t\t\t\t\t\t<\/div>\n\t\t\t\t<\/div>\n\t\t\t\t<div class=\"elementor-element elementor-element-a81c0b8 elementor-widget elementor-widget-spacer\" data-id=\"a81c0b8\" data-element_type=\"widget\" data-widget_type=\"spacer.default\">\n\t\t\t\t<div class=\"elementor-widget-container\">\n\t\t\t\t\t\t\t<div class=\"elementor-spacer\">\n\t\t\t<div class=\"elementor-spacer-inner\"><\/div>\n\t\t<\/div>\n\t\t\t\t\t\t<\/div>\n\t\t\t\t<\/div>\n\t\t\t\t\t<\/div>\n\t\t\t\t<\/div>\n\t\t<div class=\"elementor-element elementor-element-24ed545 e-grid e-con-boxed e-con e-parent\" data-id=\"24ed545\" data-element_type=\"container\">\n\t\t\t\t\t<div class=\"e-con-inner\">\n\t\t\t\t<div class=\"elementor-element elementor-element-ae96dc5 elementor-widget elementor-widget-image\" data-id=\"ae96dc5\" data-element_type=\"widget\" data-widget_type=\"image.default\">\n\t\t\t\t<div class=\"elementor-widget-container\">\n\t\t\t\t\t\t\t\t\t\t\t\t\t\t\t<img decoding=\"async\" src=\"https:\/\/www.spiroflow.com\/wp-content\/uploads\/elementor\/thumbs\/Aero-Mechanical-Conveyor-In-Facility-2-qm7nzq5bvvd5it6nzy9992zllr959jdtf73lvj9jy0.webp\" title=\"Aeromechanisches F\u00f6rderband \u2013 In der Anlage (2)\" alt=\"Aeromechanisches F\u00f6rderband \u2013 In der Anlage\" loading=\"lazy\" \/>\t\t\t\t\t\t\t\t\t\t\t\t\t\t\t<\/div>\n\t\t\t\t<\/div>\n\t\t\t\t<div class=\"elementor-element elementor-element-6aeb41c elementor-widget elementor-widget-image\" data-id=\"6aeb41c\" data-element_type=\"widget\" data-widget_type=\"image.default\">\n\t\t\t\t<div class=\"elementor-widget-container\">\n\t\t\t\t\t\t\t\t\t\t\t\t\t\t\t<img decoding=\"async\" src=\"https:\/\/www.spiroflow.com\/wp-content\/uploads\/elementor\/thumbs\/Aero-Mechanical-Conveyor-In-Facility-4-qm7nzr362pefuf5augnvtkr2754ih8hjrbr3ct85rs.webp\" title=\"Aeromechanisches F\u00f6rderband \u2013 In der Anlage (4)\" alt=\"Aeromechanisches F\u00f6rderband \u2013 In der Anlage\" loading=\"lazy\" \/>\t\t\t\t\t\t\t\t\t\t\t\t\t\t\t<\/div>\n\t\t\t\t<\/div>\n\t\t\t\t<div class=\"elementor-element elementor-element-e89f825 elementor-widget elementor-widget-image\" data-id=\"e89f825\" data-element_type=\"widget\" data-widget_type=\"image.default\">\n\t\t\t\t<div class=\"elementor-widget-container\">\n\t\t\t\t\t\t\t\t\t\t\t\t\t\t\t<img fetchpriority=\"high\" decoding=\"async\" width=\"300\" height=\"236\" src=\"https:\/\/www.spiroflow.com\/wp-content\/uploads\/2024\/04\/Aero-Mechanical-Conveyor-In-Facility.webp\" class=\"attachment-large size-large wp-image-12250\" alt=\"Aeromechanisches F\u00f6rderband \u2013 In der Anlage\" srcset=\"https:\/\/www.spiroflow.com\/wp-content\/uploads\/2024\/04\/Aero-Mechanical-Conveyor-In-Facility.webp 300w, https:\/\/www.spiroflow.com\/wp-content\/uploads\/2024\/04\/Aero-Mechanical-Conveyor-In-Facility-15x12.webp 15w\" sizes=\"(max-width: 300px) 100vw, 300px\" \/>\t\t\t\t\t\t\t\t\t\t\t\t\t\t\t<\/div>\n\t\t\t\t<\/div>\n\t\t\t\t\t<\/div>\n\t\t\t\t<\/div>\n\t\t<div class=\"elementor-element elementor-element-9389862 e-grid e-con-boxed e-con e-parent\" data-id=\"9389862\" data-element_type=\"container\">\n\t\t\t\t\t<div class=\"e-con-inner\">\n\t\t\t\t<div class=\"elementor-element elementor-element-6c16bfb elementor-widget elementor-widget-spacer\" data-id=\"6c16bfb\" data-element_type=\"widget\" data-widget_type=\"spacer.default\">\n\t\t\t\t<div class=\"elementor-widget-container\">\n\t\t\t\t\t\t\t<div class=\"elementor-spacer\">\n\t\t\t<div class=\"elementor-spacer-inner\"><\/div>\n\t\t<\/div>\n\t\t\t\t\t\t<\/div>\n\t\t\t\t<\/div>\n\t\t\t\t\t<\/div>\n\t\t\t\t<\/div>\n\t\t<div class=\"elementor-element elementor-element-8ca73ba e-grid e-con-boxed e-con e-parent\" data-id=\"8ca73ba\" data-element_type=\"container\">\n\t\t\t\t\t<div class=\"e-con-inner\">\n\t\t\t\t<div class=\"elementor-element elementor-element-cb408ce elementor-widget elementor-widget-heading\" data-id=\"cb408ce\" data-element_type=\"widget\" data-widget_type=\"heading.default\">\n\t\t\t\t<div class=\"elementor-widget-container\">\n\t\t\t\t\t<h2 class=\"elementor-heading-title elementor-size-default\">Einige der grundlegenden aeromechanischen F\u00f6rderbandkonfigurationen von Spiroflow. Viele weitere Layouts k\u00f6nnen nach Kundenwunsch entworfen werden. <\/h2>\t\t\t\t<\/div>\n\t\t\t\t<\/div>\n\t\t\t\t<div class=\"elementor-element elementor-element-a93ca5d elementor-widget elementor-widget-spacer\" data-id=\"a93ca5d\" data-element_type=\"widget\" data-widget_type=\"spacer.default\">\n\t\t\t\t<div class=\"elementor-widget-container\">\n\t\t\t\t\t\t\t<div class=\"elementor-spacer\">\n\t\t\t<div class=\"elementor-spacer-inner\"><\/div>\n\t\t<\/div>\n\t\t\t\t\t\t<\/div>\n\t\t\t\t<\/div>\n\t\t\t\t\t<\/div>\n\t\t\t\t<\/div>\n\t\t<div class=\"elementor-element elementor-element-ec1ed4a e-grid e-con-boxed e-con e-parent\" data-id=\"ec1ed4a\" data-element_type=\"container\">\n\t\t\t\t\t<div class=\"e-con-inner\">\n\t\t\t\t<div class=\"elementor-element elementor-element-c6195a7 elementor-widget elementor-widget-image\" data-id=\"c6195a7\" data-element_type=\"widget\" data-widget_type=\"image.default\">\n\t\t\t\t<div class=\"elementor-widget-container\">\n\t\t\t\t\t\t\t\t\t\t\t\t\t\t\t<img decoding=\"async\" src=\"https:\/\/www.spiroflow.com\/wp-content\/uploads\/2023\/08\/aero-config-01.webp\" title=\"aero-konfiguration-01\" alt=\"aero-konfiguration-01\" loading=\"lazy\" \/>\t\t\t\t\t\t\t\t\t\t\t\t\t\t\t<\/div>\n\t\t\t\t<\/div>\n\t\t\t\t<div class=\"elementor-element elementor-element-7ae0d6a elementor-widget elementor-widget-spacer\" data-id=\"7ae0d6a\" data-element_type=\"widget\" data-widget_type=\"spacer.default\">\n\t\t\t\t<div class=\"elementor-widget-container\">\n\t\t\t\t\t\t\t<div class=\"elementor-spacer\">\n\t\t\t<div class=\"elementor-spacer-inner\"><\/div>\n\t\t<\/div>\n\t\t\t\t\t\t<\/div>\n\t\t\t\t<\/div>\n\t\t\t\t\t<\/div>\n\t\t\t\t<\/div>\n\t\t\t\t<\/div>","protected":false},"excerpt":{"rendered":"<p>AEROMECHANISCHE F\u00d6RDERER MAXIMIEREN SIE IHRE EFFIZIENZ MIT DEN AEROMECHANISCHEN F\u00d6RDERERN VON SPIROFLOW Schonend zu br\u00fcchigem Material: Unsere fortschrittliche F\u00f6rdertechnik st\u00fctzt zerbrechliche Produkte in einem Luftkissen und minimiert so Sch\u00e4den. Vielseitiges Design mit mehreren Ein-\/Ausl\u00e4ssen: Unsere aeromechanischen F\u00f6rderer sind auf Vielseitigkeit ausgelegt, sodass Sie mehrere Materialien oder Zutaten gleichzeitig verarbeiten k\u00f6nnen, ohne [\u2026]<\/p>","protected":false},"author":2,"featured_media":12246,"parent":0,"menu_order":0,"comment_status":"closed","ping_status":"closed","template":"","meta":{"content-type":"","footnotes":""},"class_list":["post-12192","page","type-page","status-publish","has-post-thumbnail","hentry"],"_links":{"self":[{"href":"https:\/\/www.spiroflow.com\/de\/wp-json\/wp\/v2\/pages\/12192","targetHints":{"allow":["GET"]}}],"collection":[{"href":"https:\/\/www.spiroflow.com\/de\/wp-json\/wp\/v2\/pages"}],"about":[{"href":"https:\/\/www.spiroflow.com\/de\/wp-json\/wp\/v2\/types\/page"}],"author":[{"embeddable":true,"href":"https:\/\/www.spiroflow.com\/de\/wp-json\/wp\/v2\/users\/2"}],"replies":[{"embeddable":true,"href":"https:\/\/www.spiroflow.com\/de\/wp-json\/wp\/v2\/comments?post=12192"}],"version-history":[{"count":0,"href":"https:\/\/www.spiroflow.com\/de\/wp-json\/wp\/v2\/pages\/12192\/revisions"}],"wp:featuredmedia":[{"embeddable":true,"href":"https:\/\/www.spiroflow.com\/de\/wp-json\/wp\/v2\/media\/12246"}],"wp:attachment":[{"href":"https:\/\/www.spiroflow.com\/de\/wp-json\/wp\/v2\/media?parent=12192"}],"curies":[{"name":"wp","href":"https:\/\/api.w.org\/{rel}","templated":true}]}}