{"id":123,"date":"2023-07-31T21:55:46","date_gmt":"2023-07-31T21:55:46","guid":{"rendered":"https:\/\/spiroflow1.wpengine.com\/?page_id=123"},"modified":"2024-02-21T20:49:38","modified_gmt":"2024-02-21T20:49:38","slug":"uber-automatisierungslosungen","status":"publish","type":"page","link":"https:\/\/www.spiroflow.com\/de\/uber-automatisierungslosungen\/","title":{"rendered":"Automatisierungsl\u00f6sungen"},"content":{"rendered":"<div data-elementor-type=\"wp-page\" data-elementor-id=\"123\" class=\"elementor elementor-123\" data-elementor-post-type=\"page\">\n\t\t\t\t<div class=\"elementor-element elementor-element-fa06061 e-flex e-con-boxed e-con e-parent\" data-id=\"fa06061\" data-element_type=\"container\" data-settings=\"{&quot;background_background&quot;:&quot;classic&quot;}\">\n\t\t\t\t\t<div class=\"e-con-inner\">\n\t\t\t\t<div class=\"elementor-element elementor-element-15139a6 elementor-widget__width-initial elementor-widget elementor-widget-heading\" data-id=\"15139a6\" data-element_type=\"widget\" data-widget_type=\"heading.default\">\n\t\t\t\t<div class=\"elementor-widget-container\">\n\t\t\t\t\t<h1 class=\"elementor-heading-title elementor-size-default\">\u00dcber Spiroflow Automation<\/h1>\t\t\t\t<\/div>\n\t\t\t\t<\/div>\n\t\t\t\t\t<\/div>\n\t\t\t\t<\/div>\n\t\t<div class=\"elementor-element elementor-element-912c28b e-flex e-con-boxed e-con e-parent\" data-id=\"912c28b\" data-element_type=\"container\">\n\t\t\t\t\t<div class=\"e-con-inner\">\n\t\t<div class=\"elementor-element elementor-element-a03d560 e-con-full e-flex e-con e-child\" data-id=\"a03d560\" data-element_type=\"container\">\n\t\t\t\t<div class=\"elementor-element elementor-element-22217c2 elementor-widget elementor-widget-heading\" data-id=\"22217c2\" data-element_type=\"widget\" data-widget_type=\"heading.default\">\n\t\t\t\t<div class=\"elementor-widget-container\">\n\t\t\t\t\t<h2 class=\"elementor-heading-title elementor-size-default\">Intelligentere Fertigung auf Knopfdruck<\/h2>\t\t\t\t<\/div>\n\t\t\t\t<\/div>\n\t\t\t\t<div class=\"elementor-element elementor-element-b6618a6 elementor-widget-divider--view-line elementor-widget elementor-widget-divider\" data-id=\"b6618a6\" data-element_type=\"widget\" data-widget_type=\"divider.default\">\n\t\t\t\t<div class=\"elementor-widget-container\">\n\t\t\t\t\t\t\t<div class=\"elementor-divider\">\n\t\t\t<span class=\"elementor-divider-separator\">\n\t\t\t\t\t\t<\/span>\n\t\t<\/div>\n\t\t\t\t\t\t<\/div>\n\t\t\t\t<\/div>\n\t\t\t\t<div class=\"elementor-element elementor-element-c435e6a elementor-widget elementor-widget-text-editor\" data-id=\"c435e6a\" data-element_type=\"widget\" data-widget_type=\"text-editor.default\">\n\t\t\t\t<div class=\"elementor-widget-container\">\n\t\t\t\t\t\t\t\t\t<p>Spiroflow Automation ist ein Full-Service-Anbieter f\u00fcr industrielle Steuerung, Vernetzung und Automatisierung. Wir sind auf die Integration von Steuerungssystemen spezialisiert. insbesondere SPS und Bewegungssteuerung, Pressensteuerung und Prozessautomatisierung. Von eigenst\u00e4ndigen Maschinen bis hin zu anlagenweiten Systemen mit mehreren Steuerungen kombiniert Spiroflow umfassendes technisches Fachwissen mit kreativen technologischen L\u00f6sungen, um unseren Kunden dabei zu helfen, die Produktion zu steigern, Kosten zu senken und die Sicherheit zu verbessern.<\/p>\t\t\t\t\t\t\t\t<\/div>\n\t\t\t\t<\/div>\n\t\t\t\t<div class=\"elementor-element elementor-element-4617a66 animated-slow elementor-invisible elementor-widget elementor-widget-image\" data-id=\"4617a66\" data-element_type=\"widget\" data-settings=\"{&quot;_animation&quot;:&quot;fadeInUp&quot;}\" data-widget_type=\"image.default\">\n\t\t\t\t<div class=\"elementor-widget-container\">\n\t\t\t\t\t\t\t\t\t\t\t\t\t\t\t<img fetchpriority=\"high\" decoding=\"async\" width=\"704\" height=\"573\" src=\"https:\/\/www.spiroflow.com\/wp-content\/uploads\/2023\/07\/home-floating-image-final.webp\" class=\"attachment-large size-large wp-image-126\" alt=\"\" srcset=\"https:\/\/www.spiroflow.com\/wp-content\/uploads\/2023\/07\/home-floating-image-final.webp 704w, https:\/\/www.spiroflow.com\/wp-content\/uploads\/2023\/07\/home-floating-image-final-300x244.webp 300w\" sizes=\"(max-width: 704px) 100vw, 704px\" \/>\t\t\t\t\t\t\t\t\t\t\t\t\t\t\t<\/div>\n\t\t\t\t<\/div>\n\t\t\t\t<div class=\"elementor-element elementor-element-b1d6ae6 elementor-mobile-align-center elementor-align-center elementor-widget elementor-widget-button\" data-id=\"b1d6ae6\" data-element_type=\"widget\" data-widget_type=\"button.default\">\n\t\t\t\t<div class=\"elementor-widget-container\">\n\t\t\t\t\t\t\t\t\t<div class=\"elementor-button-wrapper\">\n\t\t\t\t\t<a class=\"elementor-button elementor-button-link elementor-size-md\" href=\"https:\/\/spiroflowautomation.com\/\" target=\"_blank\" rel=\"noopener\">\n\t\t\t\t\t\t<span class=\"elementor-button-content-wrapper\">\n\t\t\t\t\t\t\t\t\t<span class=\"elementor-button-text\">ERFAHREN SIE MEHR UNTER SPIROFLOWAUTOMATION.COM<\/span>\n\t\t\t\t\t<\/span>\n\t\t\t\t\t<\/a>\n\t\t\t\t<\/div>\n\t\t\t\t\t\t\t\t<\/div>\n\t\t\t\t<\/div>\n\t\t\t\t<\/div>\n\t\t<div class=\"elementor-element elementor-element-8e68caf e-con-full e-flex e-con e-child\" data-id=\"8e68caf\" data-element_type=\"container\">\n\t\t\t\t<div class=\"elementor-element elementor-element-68c8aea elementor-widget elementor-widget-heading\" data-id=\"68c8aea\" data-element_type=\"widget\" data-widget_type=\"heading.default\">\n\t\t\t\t<div class=\"elementor-widget-container\">\n\t\t\t\t\t<h2 class=\"elementor-heading-title elementor-size-default\">Firmenkatalog: <br>Das ist Spiroflow<\/h2>\t\t\t\t<\/div>\n\t\t\t\t<\/div>\n\t\t\t\t<div class=\"elementor-element elementor-element-0c62abd elementor-widget-divider--view-line elementor-widget elementor-widget-divider\" data-id=\"0c62abd\" data-element_type=\"widget\" data-widget_type=\"divider.default\">\n\t\t\t\t<div class=\"elementor-widget-container\">\n\t\t\t\t\t\t\t<div class=\"elementor-divider\">\n\t\t\t<span class=\"elementor-divider-separator\">\n\t\t\t\t\t\t<\/span>\n\t\t<\/div>\n\t\t\t\t\t\t<\/div>\n\t\t\t\t<\/div>\n\t\t\t\t<div class=\"elementor-element elementor-element-6043400 elementor-widget elementor-widget-text-editor\" data-id=\"6043400\" data-element_type=\"widget\" data-widget_type=\"text-editor.default\">\n\t\t\t\t<div class=\"elementor-widget-container\">\n\t\t\t\t\t\t\t\t\t<p>Bl\u00e4ttern Sie durch unseren interaktiven Online-Unternehmenskatalog und erfahren Sie mehr \u00fcber die Geschichte, die Werte und unser umfassendes Produkt- und Dienstleistungsangebot von Spiroflow zur Modernisierung Ihrer Anlage.<\/p>\t\t\t\t\t\t\t\t<\/div>\n\t\t\t\t<\/div>\n\t\t\t\t<div class=\"elementor-element elementor-element-e0800b1 elementor-widget elementor-widget-image\" data-id=\"e0800b1\" data-element_type=\"widget\" data-widget_type=\"image.default\">\n\t\t\t\t<div class=\"elementor-widget-container\">\n\t\t\t\t\t\t\t\t\t\t\t\t\t\t\t\t<a href=\"https:\/\/issuu.com\/spiroflow\/docs\/2018_spi_cataloguewebsite?e=33856933\/65729434\" target=\"_blank\" rel=\"noopener\">\n\t\t\t\t\t\t\t<img decoding=\"async\" width=\"497\" height=\"600\" src=\"https:\/\/www.spiroflow.com\/wp-content\/uploads\/2023\/10\/Spiroflow-New-Catalogue-Img.webp\" class=\"elementor-animation-rotate attachment-large size-large wp-image-11618\" alt=\"\" srcset=\"https:\/\/www.spiroflow.com\/wp-content\/uploads\/2023\/10\/Spiroflow-New-Catalogue-Img.webp 497w, https:\/\/www.spiroflow.com\/wp-content\/uploads\/2023\/10\/Spiroflow-New-Catalogue-Img-249x300.webp 249w, https:\/\/www.spiroflow.com\/wp-content\/uploads\/2023\/10\/Spiroflow-New-Catalogue-Img-10x12.webp 10w\" sizes=\"(max-width: 497px) 100vw, 497px\" \/>\t\t\t\t\t\t\t\t<\/a>\n\t\t\t\t\t\t\t\t\t\t\t\t\t\t\t<\/div>\n\t\t\t\t<\/div>\n\t\t\t\t<div class=\"elementor-element elementor-element-47f8798 elementor-mobile-align-center elementor-align-justify elementor-widget elementor-widget-button\" data-id=\"47f8798\" data-element_type=\"widget\" data-widget_type=\"button.default\">\n\t\t\t\t<div class=\"elementor-widget-container\">\n\t\t\t\t\t\t\t\t\t<div class=\"elementor-button-wrapper\">\n\t\t\t\t\t<a class=\"elementor-button elementor-button-link elementor-size-md\" href=\"\/wp-content\/uploads\/2024\/02\/SPI_2023_AHSBooklet_0328_v5.pdf\" target=\"_blank\">\n\t\t\t\t\t\t<span class=\"elementor-button-content-wrapper\">\n\t\t\t\t\t\t\t\t\t<span class=\"elementor-button-text\">KATALOG HERUNTERLADEN<\/span>\n\t\t\t\t\t<\/span>\n\t\t\t\t\t<\/a>\n\t\t\t\t<\/div>\n\t\t\t\t\t\t\t\t<\/div>\n\t\t\t\t<\/div>\n\t\t\t\t<\/div>\n\t\t\t\t\t<\/div>\n\t\t\t\t<\/div>\n\t\t<div class=\"elementor-element elementor-element-a598531 e-con-full e-flex e-con e-parent\" data-id=\"a598531\" data-element_type=\"container\" data-settings=\"{&quot;background_background&quot;:&quot;classic&quot;}\">\n\t\t\t\t<div class=\"elementor-element elementor-element-1d78b9d elementor-widget elementor-widget-heading\" data-id=\"1d78b9d\" data-element_type=\"widget\" data-widget_type=\"heading.default\">\n\t\t\t\t<div class=\"elementor-widget-container\">\n\t\t\t\t\t<p class=\"elementor-heading-title elementor-size-default\">Sprechen Sie mit einem Experten<\/p>\t\t\t\t<\/div>\n\t\t\t\t<\/div>\n\t\t\t\t<div class=\"elementor-element elementor-element-ced1d14 elementor-widget elementor-widget-text-editor\" data-id=\"ced1d14\" data-element_type=\"widget\" data-widget_type=\"text-editor.default\">\n\t\t\t\t<div class=\"elementor-widget-container\">\n\t\t\t\t\t\t\t\t\t<div class=\"container\"><div class=\"section-banner-inner\"><div class=\"section-banner-content\"><p>Gerne beantworten wir Ihre Fragen! Kontaktieren Sie uns noch heute, wir werden Ihnen so schnell wie m\u00f6glich antworten.<\/p><\/div><\/div><\/div>\t\t\t\t\t\t\t\t<\/div>\n\t\t\t\t<\/div>\n\t\t\t\t<div class=\"elementor-element elementor-element-a2a9eda elementor-mobile-align-center elementor-align-center elementor-widget elementor-widget-button\" data-id=\"a2a9eda\" data-element_type=\"widget\" data-widget_type=\"button.default\">\n\t\t\t\t<div class=\"elementor-widget-container\">\n\t\t\t\t\t\t\t\t\t<div class=\"elementor-button-wrapper\">\n\t\t\t\t\t<a class=\"elementor-button elementor-button-link elementor-size-md\" href=\"\/de\/kontaktiere-uns\/\" target=\"_blank\">\n\t\t\t\t\t\t<span class=\"elementor-button-content-wrapper\">\n\t\t\t\t\t\t\t\t\t<span class=\"elementor-button-text\">KONTAKTIERE UNS<\/span>\n\t\t\t\t\t<\/span>\n\t\t\t\t\t<\/a>\n\t\t\t\t<\/div>\n\t\t\t\t\t\t\t\t<\/div>\n\t\t\t\t<\/div>\n\t\t\t\t<\/div>\n\t\t<div class=\"elementor-element elementor-element-6b0aa6e e-flex e-con-boxed e-con e-parent\" data-id=\"6b0aa6e\" data-element_type=\"container\">\n\t\t\t\t\t<div class=\"e-con-inner\">\n\t\t\t\t<div class=\"elementor-element elementor-element-965b7fd elementor-widget elementor-widget-heading\" data-id=\"965b7fd\" data-element_type=\"widget\" data-widget_type=\"heading.default\">\n\t\t\t\t<div class=\"elementor-widget-container\">\n\t\t\t\t\t<h2 class=\"elementor-heading-title elementor-size-default\">Fragen? Wir sind hier um zu helfen!<\/h2>\t\t\t\t<\/div>\n\t\t\t\t<\/div>\n\t\t\t\t<div class=\"elementor-element elementor-element-cb1b086 elementor-widget-divider--view-line elementor-widget elementor-widget-divider\" data-id=\"cb1b086\" data-element_type=\"widget\" data-widget_type=\"divider.default\">\n\t\t\t\t<div class=\"elementor-widget-container\">\n\t\t\t\t\t\t\t<div class=\"elementor-divider\">\n\t\t\t<span class=\"elementor-divider-separator\">\n\t\t\t\t\t\t<\/span>\n\t\t<\/div>\n\t\t\t\t\t\t<\/div>\n\t\t\t\t<\/div>\n\t\t\t\t<div class=\"elementor-element elementor-element-d747bef elementor-widget elementor-widget-text-editor\" data-id=\"d747bef\" data-element_type=\"widget\" data-widget_type=\"text-editor.default\">\n\t\t\t\t<div class=\"elementor-widget-container\">\n\t\t\t\t\t\t\t\t\t<p>Unser engagiertes Expertenteam ist bestrebt, die richtige L\u00f6sung bereitzustellen, nicht irgendeine L\u00f6sung. Deshalb bieten wir Ihnen umfassende Systeml\u00f6sungen an\u00a0<strong><em>Bewegen Sie, was wichtig ist<\/em><\/strong>.<\/p>\t\t\t\t\t\t\t\t<\/div>\n\t\t\t\t<\/div>\n\t\t\t\t<div class=\"elementor-element elementor-element-84e9443 elementor-widget elementor-widget-html\" data-id=\"84e9443\" data-element_type=\"widget\" data-widget_type=\"html.default\">\n\t\t\t\t<div class=\"elementor-widget-container\">\n\t\t\t\t\t<!--[if lte IE 8]>\r\n<script charset=\"utf-8\" type=\"text\/javascript\" src=\"\/\/js.hsforms.net\/forms\/v2-legacy.js\"><\/script>\r\n<![endif]-->\r\n<script charset=\"utf-8\" type=\"text\/javascript\" src=\"\/\/js.hsforms.net\/forms\/v2.js\"><\/script>\r\n<script>\r\n  hbspt.forms.create({\r\n\tportalId: \"41946\",\r\n\tformId: \"6d64dd5c-3812-4f7e-8863-3b54c21f22cc\",\r\n});\r\n<\/script>\t\t\t\t<\/div>\n\t\t\t\t<\/div>\n\t\t\t\t\t<\/div>\n\t\t\t\t<\/div>\n\t\t\t\t<\/div>","protected":false},"excerpt":{"rendered":"<p>\u00dcber Spiroflow Automation Intelligentere Fertigung auf Knopfdruck Spiroflow Automation ist ein Full-Service-Anbieter f\u00fcr industrielle Steuerung, Vernetzung und Automatisierung. Wir sind auf die Integration von Steuerungssystemen spezialisiert. insbesondere SPS und Bewegungssteuerung, Pressensteuerung und Prozessautomatisierung. Von eigenst\u00e4ndigen Maschinen bis hin zu anlagenweiten Systemen mit mehreren Steuerungen kombiniert Spiroflow umfassendes technisches Fachwissen mit kreativen technologischen L\u00f6sungen, um [\u2026] zu helfen.<\/p>","protected":false},"author":2,"featured_media":0,"parent":0,"menu_order":0,"comment_status":"closed","ping_status":"closed","template":"","meta":{"content-type":"","footnotes":""},"class_list":["post-123","page","type-page","status-publish","hentry"],"_links":{"self":[{"href":"https:\/\/www.spiroflow.com\/de\/wp-json\/wp\/v2\/pages\/123","targetHints":{"allow":["GET"]}}],"collection":[{"href":"https:\/\/www.spiroflow.com\/de\/wp-json\/wp\/v2\/pages"}],"about":[{"href":"https:\/\/www.spiroflow.com\/de\/wp-json\/wp\/v2\/types\/page"}],"author":[{"embeddable":true,"href":"https:\/\/www.spiroflow.com\/de\/wp-json\/wp\/v2\/users\/2"}],"replies":[{"embeddable":true,"href":"https:\/\/www.spiroflow.com\/de\/wp-json\/wp\/v2\/comments?post=123"}],"version-history":[{"count":0,"href":"https:\/\/www.spiroflow.com\/de\/wp-json\/wp\/v2\/pages\/123\/revisions"}],"wp:attachment":[{"href":"https:\/\/www.spiroflow.com\/de\/wp-json\/wp\/v2\/media?parent=123"}],"curies":[{"name":"wp","href":"https:\/\/api.w.org\/{rel}","templated":true}]}}