{"id":242,"date":"2023-08-09T18:30:46","date_gmt":"2023-08-09T18:30:46","guid":{"rendered":"https:\/\/spiroflow1.wpengine.com\/?page_id=242"},"modified":"2024-07-31T15:57:12","modified_gmt":"2024-07-31T15:57:12","slug":"losungen-fur-die-abfullung-von-grossacken","status":"publish","type":"page","link":"https:\/\/www.spiroflow.com\/de\/losungen-fur-die-abfullung-von-grossacken\/","title":{"rendered":"L\u00f6sungen f\u00fcr Gro\u00dfbeutelf\u00fcller"},"content":{"rendered":"<div data-elementor-type=\"wp-page\" data-elementor-id=\"242\" class=\"elementor elementor-242\" data-elementor-post-type=\"page\">\n\t\t\t\t<div class=\"elementor-element elementor-element-51f9901 e-flex e-con-boxed e-con e-parent\" data-id=\"51f9901\" data-element_type=\"container\" data-settings=\"{&quot;background_background&quot;:&quot;classic&quot;}\">\n\t\t\t\t\t<div class=\"e-con-inner\">\n\t\t\t\t<div class=\"elementor-element elementor-element-ac5db53 elementor-widget elementor-widget-heading\" data-id=\"ac5db53\" data-element_type=\"widget\" data-widget_type=\"heading.default\">\n\t\t\t\t<div class=\"elementor-widget-container\">\n\t\t\t\t\t<h1 class=\"elementor-heading-title elementor-size-default\">Gro\u00dfbeutelf\u00fcller<\/h1>\t\t\t\t<\/div>\n\t\t\t\t<\/div>\n\t\t\t\t\t<\/div>\n\t\t\t\t<\/div>\n\t\t<div class=\"elementor-element elementor-element-2a4e3ca e-flex e-con-boxed e-con e-parent\" data-id=\"2a4e3ca\" data-element_type=\"container\">\n\t\t\t\t\t<div class=\"e-con-inner\">\n\t\t<div class=\"elementor-element elementor-element-983a1ac e-con-full e-flex e-con e-child\" data-id=\"983a1ac\" data-element_type=\"container\">\n\t\t\t\t<div class=\"elementor-element elementor-element-5d76cdd elementor-widget elementor-widget-text-editor\" data-id=\"5d76cdd\" data-element_type=\"widget\" data-widget_type=\"text-editor.default\">\n\t\t\t\t<div class=\"elementor-widget-container\">\n\t\t\t\t\t\t\t\t\t<p><span style=\"font-weight: 400;\">Spiroflow ist f\u00fchrend in der Branche <\/span><b>F\u00fcller f\u00fcr Gro\u00dfs\u00e4cke<\/b><span style=\"font-weight: 400;\"> und Abf\u00fcllanlagen und bietet innovative F\u00f6rderl\u00f6sungen und andere Ausr\u00fcstung, die auf die Anforderungen Ihres Unternehmens zugeschnitten sind. Unabh\u00e4ngig davon, ob Sie kleine oder gro\u00dfe Abf\u00fcllmengen ben\u00f6tigen, sind unsere fortschrittlichen industriellen F\u00f6rdersysteme und Abf\u00fcllanlagen darauf ausgelegt, Ihre Abl\u00e4ufe zu optimieren und die Effizienz, Genauigkeit und Gesamtleistung zu steigern.<\/span><\/p>\t\t\t\t\t\t\t\t<\/div>\n\t\t\t\t<\/div>\n\t\t\t\t<div class=\"elementor-element elementor-element-616082a elementor-widget elementor-widget-heading\" data-id=\"616082a\" data-element_type=\"widget\" data-widget_type=\"heading.default\">\n\t\t\t\t<div class=\"elementor-widget-container\">\n\t\t\t\t\t<h2 class=\"elementor-heading-title elementor-size-default\">Umfassendes Sortiment an Big-Bag-F\u00fcllern<\/h2>\t\t\t\t<\/div>\n\t\t\t\t<\/div>\n\t\t\t\t<div class=\"elementor-element elementor-element-5d1eed1 elementor-widget elementor-widget-text-editor\" data-id=\"5d1eed1\" data-element_type=\"widget\" data-widget_type=\"text-editor.default\">\n\t\t\t\t<div class=\"elementor-widget-container\">\n\t\t\t\t\t\t\t\t\t<p><span style=\"font-weight: 400;\">Unser umfangreiches Sortiment an Big-Bag-F\u00fcllern stellt sicher, dass wir f\u00fcr jede Anwendung die richtige L\u00f6sung haben:<\/span><\/p>\t\t\t\t\t\t\t\t<\/div>\n\t\t\t\t<\/div>\n\t\t<div class=\"elementor-element elementor-element-f2c9de6 e-con-full e-flex e-con e-child\" data-id=\"f2c9de6\" data-element_type=\"container\">\n\t\t<div class=\"elementor-element elementor-element-9270727 colzoom e-con-full e-flex e-con e-child\" data-id=\"9270727\" data-element_type=\"container\" data-settings=\"{&quot;background_background&quot;:&quot;classic&quot;}\" link=\"\/c-series-bulk-bag-fillers\/\">\n\t\t\t\t<div class=\"elementor-element elementor-element-19c1d4f elementor-widget elementor-widget-image\" data-id=\"19c1d4f\" data-element_type=\"widget\" data-widget_type=\"image.default\">\n\t\t\t\t<div class=\"elementor-widget-container\">\n\t\t\t\t\t\t\t\t\t\t\t\t\t\t\t\t<a href=\"https:\/\/www.spiroflow.com\/de\/grosbeutelfuller-der-c-serie\/\">\n\t\t\t\t\t\t\t<img fetchpriority=\"high\" decoding=\"async\" width=\"300\" height=\"300\" src=\"https:\/\/www.spiroflow.com\/wp-content\/uploads\/2023\/08\/filler-c-series-gallery-new-300x300.webp\" class=\"attachment-medium size-medium wp-image-437\" alt=\"\" srcset=\"https:\/\/www.spiroflow.com\/wp-content\/uploads\/2023\/08\/filler-c-series-gallery-new-300x300.webp 300w, https:\/\/www.spiroflow.com\/wp-content\/uploads\/2023\/08\/filler-c-series-gallery-new-150x150.webp 150w, https:\/\/www.spiroflow.com\/wp-content\/uploads\/2023\/08\/filler-c-series-gallery-new.webp 600w\" sizes=\"(max-width: 300px) 100vw, 300px\" \/>\t\t\t\t\t\t\t\t<\/a>\n\t\t\t\t\t\t\t\t\t\t\t\t\t\t\t<\/div>\n\t\t\t\t<\/div>\n\t\t\t\t<div class=\"elementor-element elementor-element-c956f28 elementor-widget elementor-widget-heading\" data-id=\"c956f28\" data-element_type=\"widget\" data-widget_type=\"heading.default\">\n\t\t\t\t<div class=\"elementor-widget-container\">\n\t\t\t\t\t<p class=\"elementor-heading-title elementor-size-default\"><a href=\"https:\/\/www.spiroflow.com\/de\/grosbeutelfuller-der-c-serie\/\">Gro\u00dfbeutelf\u00fcller der C-Serie<\/a><\/p>\t\t\t\t<\/div>\n\t\t\t\t<\/div>\n\t\t\t\t<div class=\"elementor-element elementor-element-f191914 elementor-widget elementor-widget-text-editor\" data-id=\"f191914\" data-element_type=\"widget\" data-widget_type=\"text-editor.default\">\n\t\t\t\t<div class=\"elementor-widget-container\">\n\t\t\t\t\t\t\t\t\t<p><span style=\"font-weight: 400;\">Perfekt f\u00fcr hohe Volumenanforderungen und gew\u00e4hrleistet eine schnelle und pr\u00e4zise Bef\u00fcllung.<\/span><\/p>\t\t\t\t\t\t\t\t<\/div>\n\t\t\t\t<\/div>\n\t\t\t\t<\/div>\n\t\t<div class=\"elementor-element elementor-element-80270aa colzoom e-con-full e-flex e-con e-child\" data-id=\"80270aa\" data-element_type=\"container\" data-settings=\"{&quot;background_background&quot;:&quot;classic&quot;}\" link=\"\/cte-bulk-bag-fillers\/\">\n\t\t\t\t<div class=\"elementor-element elementor-element-8aa3478 elementor-widget elementor-widget-image\" data-id=\"8aa3478\" data-element_type=\"widget\" data-widget_type=\"image.default\">\n\t\t\t\t<div class=\"elementor-widget-container\">\n\t\t\t\t\t\t\t\t\t\t\t\t\t\t\t\t<a href=\"https:\/\/www.spiroflow.com\/de\/cte-bulk-bag-fuller\/\">\n\t\t\t\t\t\t\t<img decoding=\"async\" width=\"300\" height=\"300\" src=\"https:\/\/www.spiroflow.com\/wp-content\/uploads\/2023\/08\/Spiroflow-CTE-Bulk-Bag-Filler-1024x1024-1-300x300.jpg\" class=\"attachment-medium size-medium wp-image-476\" alt=\"\" srcset=\"https:\/\/www.spiroflow.com\/wp-content\/uploads\/2023\/08\/Spiroflow-CTE-Bulk-Bag-Filler-1024x1024-1-300x300.jpg 300w, https:\/\/www.spiroflow.com\/wp-content\/uploads\/2023\/08\/Spiroflow-CTE-Bulk-Bag-Filler-1024x1024-1-150x150.jpg 150w, https:\/\/www.spiroflow.com\/wp-content\/uploads\/2023\/08\/Spiroflow-CTE-Bulk-Bag-Filler-1024x1024-1-768x768.jpg 768w, https:\/\/www.spiroflow.com\/wp-content\/uploads\/2023\/08\/Spiroflow-CTE-Bulk-Bag-Filler-1024x1024-1.jpg 1024w\" sizes=\"(max-width: 300px) 100vw, 300px\" \/>\t\t\t\t\t\t\t\t<\/a>\n\t\t\t\t\t\t\t\t\t\t\t\t\t\t\t<\/div>\n\t\t\t\t<\/div>\n\t\t\t\t<div class=\"elementor-element elementor-element-52d36eb elementor-widget elementor-widget-heading\" data-id=\"52d36eb\" data-element_type=\"widget\" data-widget_type=\"heading.default\">\n\t\t\t\t<div class=\"elementor-widget-container\">\n\t\t\t\t\t<p class=\"elementor-heading-title elementor-size-default\"><a href=\"https:\/\/www.spiroflow.com\/de\/cte-bulk-bag-fuller\/\">CTE-Gro\u00dfsackf\u00fcller<\/a><\/p>\t\t\t\t<\/div>\n\t\t\t\t<\/div>\n\t\t\t\t<div class=\"elementor-element elementor-element-fbbf14f elementor-widget elementor-widget-text-editor\" data-id=\"fbbf14f\" data-element_type=\"widget\" data-widget_type=\"text-editor.default\">\n\t\t\t\t<div class=\"elementor-widget-container\">\n\t\t\t\t\t\t\t\t\t<p><span style=\"font-weight: 400;\">Ma\u00dfgeschneidert f\u00fcr spezifische Branchenanforderungen und Integration modernster Technologie f\u00fcr \u00fcberragende Leistung.<\/span><\/p>\t\t\t\t\t\t\t\t<\/div>\n\t\t\t\t<\/div>\n\t\t\t\t<\/div>\n\t\t<div class=\"elementor-element elementor-element-2b9413e colzoom e-con-full e-flex e-con e-child\" data-id=\"2b9413e\" data-element_type=\"container\" data-settings=\"{&quot;background_background&quot;:&quot;classic&quot;}\" link=\"\/base-model-bulk-bag-fillers\/\">\n\t\t\t\t<div class=\"elementor-element elementor-element-79104c0 elementor-widget elementor-widget-image\" data-id=\"79104c0\" data-element_type=\"widget\" data-widget_type=\"image.default\">\n\t\t\t\t<div class=\"elementor-widget-container\">\n\t\t\t\t\t\t\t\t\t\t\t\t\t\t\t\t<a href=\"https:\/\/www.spiroflow.com\/de\/basismodell-fur-grosbeutelfuller\/\">\n\t\t\t\t\t\t\t<img decoding=\"async\" width=\"300\" height=\"300\" src=\"https:\/\/www.spiroflow.com\/wp-content\/uploads\/2023\/08\/filler-base-gallery-02-e1506110574154-300x300.webp\" class=\"attachment-medium size-medium wp-image-494\" alt=\"\" srcset=\"https:\/\/www.spiroflow.com\/wp-content\/uploads\/2023\/08\/filler-base-gallery-02-e1506110574154-300x300.webp 300w, https:\/\/www.spiroflow.com\/wp-content\/uploads\/2023\/08\/filler-base-gallery-02-e1506110574154-150x150.webp 150w, https:\/\/www.spiroflow.com\/wp-content\/uploads\/2023\/08\/filler-base-gallery-02-e1506110574154.webp 600w\" sizes=\"(max-width: 300px) 100vw, 300px\" \/>\t\t\t\t\t\t\t\t<\/a>\n\t\t\t\t\t\t\t\t\t\t\t\t\t\t\t<\/div>\n\t\t\t\t<\/div>\n\t\t\t\t<div class=\"elementor-element elementor-element-2d510af elementor-widget elementor-widget-heading\" data-id=\"2d510af\" data-element_type=\"widget\" data-widget_type=\"heading.default\">\n\t\t\t\t<div class=\"elementor-widget-container\">\n\t\t\t\t\t<p class=\"elementor-heading-title elementor-size-default\"><a href=\"https:\/\/www.spiroflow.com\/de\/basismodell-fur-grosbeutelfuller\/\">Basismodell f\u00fcr Gro\u00dfbeutelf\u00fcller<\/a><\/p>\t\t\t\t<\/div>\n\t\t\t\t<\/div>\n\t\t\t\t<div class=\"elementor-element elementor-element-f681656 elementor-widget elementor-widget-text-editor\" data-id=\"f681656\" data-element_type=\"widget\" data-widget_type=\"text-editor.default\">\n\t\t\t\t<div class=\"elementor-widget-container\">\n\t\t\t\t\t\t\t\t\t<p><span style=\"font-weight: 400;\">Ideal f\u00fcr Unternehmen, die zuverl\u00e4ssige, kosteng\u00fcnstige Abf\u00fclll\u00f6sungen suchen, ohne Kompromisse bei der Qualit\u00e4t einzugehen.<\/span><\/p>\t\t\t\t\t\t\t\t<\/div>\n\t\t\t\t<\/div>\n\t\t\t\t<\/div>\n\t\t\t\t<\/div>\n\t\t<div class=\"elementor-element elementor-element-9fe5b15 e-flex e-con-boxed e-con e-child\" data-id=\"9fe5b15\" data-element_type=\"container\">\n\t\t\t\t\t<div class=\"e-con-inner\">\n\t\t\t\t<div class=\"elementor-element elementor-element-d00ec90 elementor-widget__width-initial elementor-widget elementor-widget-heading\" data-id=\"d00ec90\" data-element_type=\"widget\" data-widget_type=\"heading.default\">\n\t\t\t\t<div class=\"elementor-widget-container\">\n\t\t\t\t\t<p class=\"elementor-heading-title elementor-size-default\">Auswahl des richtigen F\u00fcllstoffs: Vergleichstabelle<\/p>\t\t\t\t<\/div>\n\t\t\t\t<\/div>\n\t\t\t\t<div class=\"elementor-element elementor-element-8ad1a6e elementor-mobile-align-justify elementor-align-justify elementor-widget__width-initial elementor-widget elementor-widget-button\" data-id=\"8ad1a6e\" data-element_type=\"widget\" data-widget_type=\"button.default\">\n\t\t\t\t<div class=\"elementor-widget-container\">\n\t\t\t\t\t\t\t\t\t<div class=\"elementor-button-wrapper\">\n\t\t\t\t\t<a class=\"elementor-button elementor-button-link elementor-size-md\" href=\"https:\/\/www.spiroflow.com\/wp-content\/uploads\/2023\/08\/BBF-Comparison-11-2017-FINAL.pdf\" target=\"_blank\">\n\t\t\t\t\t\t<span class=\"elementor-button-content-wrapper\">\n\t\t\t\t\t\t\t\t\t<span class=\"elementor-button-text\">Laden Sie die vollst\u00e4ndige Vergleichstabelle herunter<\/span>\n\t\t\t\t\t<\/span>\n\t\t\t\t\t<\/a>\n\t\t\t\t<\/div>\n\t\t\t\t\t\t\t\t<\/div>\n\t\t\t\t<\/div>\n\t\t\t\t\t<\/div>\n\t\t\t\t<\/div>\n\t\t\t\t<div class=\"elementor-element elementor-element-1c6b228 elementor-mobile-align-justify elementor-align-justify elementor-widget elementor-widget-button\" data-id=\"1c6b228\" data-element_type=\"widget\" data-widget_type=\"button.default\">\n\t\t\t\t<div class=\"elementor-widget-container\">\n\t\t\t\t\t\t\t\t\t<div class=\"elementor-button-wrapper\">\n\t\t\t\t\t<a class=\"elementor-button elementor-button-link elementor-size-md\" href=\"https:\/\/issuu.com\/spiroflow\/docs\/spiroflow-bulk_bag_filler_guide-4?utm_medium=referral&#038;utm_source=www.spiroflow.com\" target=\"_blank\">\n\t\t\t\t\t\t<span class=\"elementor-button-content-wrapper\">\n\t\t\t\t\t\t\t\t\t<span class=\"elementor-button-text\">Der komplette Leitfaden zur Anpassung von Gro\u00dfbeutelf\u00fcllern<\/span>\n\t\t\t\t\t<\/span>\n\t\t\t\t\t<\/a>\n\t\t\t\t<\/div>\n\t\t\t\t\t\t\t\t<\/div>\n\t\t\t\t<\/div>\n\t\t\t\t<\/div>\n\t\t\t\t\t<\/div>\n\t\t\t\t<\/div>\n\t\t<div class=\"elementor-element elementor-element-cdd8c17 e-flex e-con-boxed e-con e-parent\" data-id=\"cdd8c17\" data-element_type=\"container\">\n\t\t\t\t\t<div class=\"e-con-inner\">\n\t\t\t\t<div class=\"elementor-element elementor-element-2fb20d0 elementor-widget elementor-widget-heading\" data-id=\"2fb20d0\" data-element_type=\"widget\" data-widget_type=\"heading.default\">\n\t\t\t\t<div class=\"elementor-widget-container\">\n\t\t\t\t\t<h3 class=\"elementor-heading-title elementor-size-default\">Fortschrittliche Abf\u00fclltechnologien<\/h3>\t\t\t\t<\/div>\n\t\t\t\t<\/div>\n\t\t\t\t<div class=\"elementor-element elementor-element-a874c46 elementor-widget elementor-widget-text-editor\" data-id=\"a874c46\" data-element_type=\"widget\" data-widget_type=\"text-editor.default\">\n\t\t\t\t<div class=\"elementor-widget-container\">\n\t\t\t\t\t\t\t\t\t<p>Bei Spiroflow nutzen wir modernste Technologie, um Ihre F\u00f6rdersysteme effizienter zu machen. Durch die Zugabe von Big-Bag-F\u00fcllern wird der Abf\u00fcllvorgang besser und schneller. Unsere Maschinen k\u00f6nnen bis zu 40 Beutel pro Stunde f\u00fcllen, sodass Sie viel erledigen k\u00f6nnen, ohne an Qualit\u00e4t einzub\u00fc\u00dfen. Unser Special <b>Kegeltisch-Verdichtungssystem<\/b><span style=\"font-weight: 400;\"> ist ein Game-Changer. Es hilft dabei, mehr in jeden Beutel zu packen, macht die Beutel stabiler und beschleunigt den F\u00fcllvorgang, was eine bessere Leistung als die \u00fcblichen Methoden erbringt. Dar\u00fcber hinaus stellen unsere pr\u00e4zisen Wiegesysteme sicher, dass jeder Beutel genau richtig gef\u00fcllt ist, was den Abfall reduziert und die Konsistenz gew\u00e4hrleistet.<\/span><\/p>\t\t\t\t\t\t\t\t<\/div>\n\t\t\t\t<\/div>\n\t\t\t\t<div class=\"elementor-element elementor-element-bf0d830 elementor-widget elementor-widget-heading\" data-id=\"bf0d830\" data-element_type=\"widget\" data-widget_type=\"heading.default\">\n\t\t\t\t<div class=\"elementor-widget-container\">\n\t\t\t\t\t<h2 class=\"elementor-heading-title elementor-size-default\">F\u00f6rder- und Materialtransportl\u00f6sungen<\/h2>\t\t\t\t<\/div>\n\t\t\t\t<\/div>\n\t\t\t\t<div class=\"elementor-element elementor-element-0d74c98 elementor-widget elementor-widget-text-editor\" data-id=\"0d74c98\" data-element_type=\"widget\" data-widget_type=\"text-editor.default\">\n\t\t\t\t<div class=\"elementor-widget-container\">\n\t\t\t\t\t\t\t\t\t<p><span style=\"font-weight: 400;\">Bei Spiroflow verstehen wir, dass ein effizienter Abf\u00fcllprozess Teil eines gr\u00f6\u00dferen \u00d6kosystems ist. Deshalb bieten wir umfassende L\u00f6sungen f\u00fcr den Materialtransport:<\/span><\/p>\t\t\t\t\t\t\t\t<\/div>\n\t\t\t\t<\/div>\n\t\t<div class=\"elementor-element elementor-element-59a905e e-con-full e-flex e-con e-child\" data-id=\"59a905e\" data-element_type=\"container\">\n\t\t<div class=\"elementor-element elementor-element-6740e59 colzoom e-con-full e-flex e-con e-child\" data-id=\"6740e59\" data-element_type=\"container\" data-settings=\"{&quot;background_background&quot;:&quot;classic&quot;}\" link=\"\/c-series-bulk-bag-fillers\/\">\n\t\t\t\t<div class=\"elementor-element elementor-element-41147ba elementor-widget elementor-widget-heading\" data-id=\"41147ba\" data-element_type=\"widget\" data-widget_type=\"heading.default\">\n\t\t\t\t<div class=\"elementor-widget-container\">\n\t\t\t\t\t<p class=\"elementor-heading-title elementor-size-default\">Flexibler Schneckenf\u00f6rderer<\/p>\t\t\t\t<\/div>\n\t\t\t\t<\/div>\n\t\t\t\t<div class=\"elementor-element elementor-element-3cf4991 elementor-widget elementor-widget-text-editor\" data-id=\"3cf4991\" data-element_type=\"widget\" data-widget_type=\"text-editor.default\">\n\t\t\t\t<div class=\"elementor-widget-container\">\n\t\t\t\t\t\t\t\t\t<p><span style=\"font-weight: 400;\">Eine vielseitige L\u00f6sung f\u00fcr den einfachen und effizienten Transport verschiedener Materialien.<\/span><\/p>\t\t\t\t\t\t\t\t<\/div>\n\t\t\t\t<\/div>\n\t\t\t\t<\/div>\n\t\t<div class=\"elementor-element elementor-element-0c0032e colzoom e-con-full e-flex e-con e-child\" data-id=\"0c0032e\" data-element_type=\"container\" data-settings=\"{&quot;background_background&quot;:&quot;classic&quot;}\" link=\"\/cte-bulk-bag-fillers\/\">\n\t\t\t\t<div class=\"elementor-element elementor-element-b68dd78 elementor-widget elementor-widget-heading\" data-id=\"b68dd78\" data-element_type=\"widget\" data-widget_type=\"heading.default\">\n\t\t\t\t<div class=\"elementor-widget-container\">\n\t\t\t\t\t<p class=\"elementor-heading-title elementor-size-default\">CTE-Gro\u00dfsackf\u00fcller<\/p>\t\t\t\t<\/div>\n\t\t\t\t<\/div>\n\t\t\t\t<div class=\"elementor-element elementor-element-278ae9d elementor-widget elementor-widget-text-editor\" data-id=\"278ae9d\" data-element_type=\"widget\" data-widget_type=\"text-editor.default\">\n\t\t\t\t<div class=\"elementor-widget-container\">\n\t\t\t\t\t\t\t\t\t<p><span style=\"font-weight: 400;\">Effizient und pr\u00e4zise. CTE-F\u00fcller verwenden einen Kegeltischverdichter, um m\u00f6glichst viel Material in jeden Beutel zu packen.<\/span><\/p>\t\t\t\t\t\t\t\t<\/div>\n\t\t\t\t<\/div>\n\t\t\t\t<\/div>\n\t\t<div class=\"elementor-element elementor-element-e980daf colzoom e-con-full e-flex e-con e-child\" data-id=\"e980daf\" data-element_type=\"container\" data-settings=\"{&quot;background_background&quot;:&quot;classic&quot;}\" link=\"\/base-model-bulk-bag-fillers\/\">\n\t\t\t\t<div class=\"elementor-element elementor-element-7c46456 elementor-widget elementor-widget-heading\" data-id=\"7c46456\" data-element_type=\"widget\" data-widget_type=\"heading.default\">\n\t\t\t\t<div class=\"elementor-widget-container\">\n\t\t\t\t\t<p class=\"elementor-heading-title elementor-size-default\">Andere F\u00f6rdertechniken<\/p>\t\t\t\t<\/div>\n\t\t\t\t<\/div>\n\t\t\t\t<div class=\"elementor-element elementor-element-e86d8f6 elementor-widget elementor-widget-text-editor\" data-id=\"e86d8f6\" data-element_type=\"widget\" data-widget_type=\"text-editor.default\">\n\t\t\t\t<div class=\"elementor-widget-container\">\n\t\t\t\t\t\t\t\t\t<p><span style=\"font-weight: 400;\">Arbeiten Sie mit uns zusammen, wenn es um F\u00f6rdersysteme geht, die auf Ihre spezifischen Anforderungen zugeschnitten sind.<\/span><\/p>\t\t\t\t\t\t\t\t<\/div>\n\t\t\t\t<\/div>\n\t\t\t\t<\/div>\n\t\t\t\t<\/div>\n\t\t\t\t<div class=\"elementor-element elementor-element-c3327d0 elementor-widget elementor-widget-heading\" data-id=\"c3327d0\" data-element_type=\"widget\" data-widget_type=\"heading.default\">\n\t\t\t\t<div class=\"elementor-widget-container\">\n\t\t\t\t\t<h3 class=\"elementor-heading-title elementor-size-default\">Vorteile und Kosteneinsparungen<\/h3>\t\t\t\t<\/div>\n\t\t\t\t<\/div>\n\t\t\t\t<div class=\"elementor-element elementor-element-00e2051 elementor-widget elementor-widget-text-editor\" data-id=\"00e2051\" data-element_type=\"widget\" data-widget_type=\"text-editor.default\">\n\t\t\t\t<div class=\"elementor-widget-container\">\n\t\t\t\t\t\t\t\t\t<p>Wenn Sie sich f\u00fcr Spiroflow entscheiden, bedeutet das mehr als nur neue Ger\u00e4te anzuschaffen \u2013 es geht darum, Ihren gesamten Betrieb effizienter zu gestalten. Mit unseren F\u00f6rdersystemen k\u00f6nnen Sie die Produktion rationalisieren. Und mit Gro\u00dfbeutelf\u00fcllern, die jeden Beutel mit mehr Produkt f\u00fcllen k\u00f6nnen, wodurch die Verpackungskosten gesenkt werden. Durch die Verdichtung von Beuteln werden diese stabiler, was zu einer sichereren Lagerung und Handhabung f\u00fchrt. Sie k\u00f6nnen Beutel schneller f\u00fcllen und so Ihre Produktionsmenge steigern, ohne an Qualit\u00e4t einzub\u00fc\u00dfen. Au\u00dferdem k\u00f6nnen Sie <b>Sparen Sie bis zu 25% Kosten<\/b><span style=\"font-weight: 400;\"> B. Versand, Lagerung und Arbeitsaufwand, was f\u00fcr Ihr Unternehmen mehr Gewinn bedeutet.<\/span><\/p>\t\t\t\t\t\t\t\t<\/div>\n\t\t\t\t<\/div>\n\t\t\t\t<div class=\"elementor-element elementor-element-b6cf905 elementor-widget elementor-widget-heading\" data-id=\"b6cf905\" data-element_type=\"widget\" data-widget_type=\"heading.default\">\n\t\t\t\t<div class=\"elementor-widget-container\">\n\t\t\t\t\t<h2 class=\"elementor-heading-title elementor-size-default\">Entdecken Sie Spiroflow \u2013 Hersteller von Abf\u00fcllanlagen und F\u00f6rderb\u00e4ndern<\/h2>\t\t\t\t<\/div>\n\t\t\t\t<\/div>\n\t\t\t\t<div class=\"elementor-element elementor-element-fc4cfef elementor-widget elementor-widget-text-editor\" data-id=\"fc4cfef\" data-element_type=\"widget\" data-widget_type=\"text-editor.default\">\n\t\t\t\t<div class=\"elementor-widget-container\">\n\t\t\t\t\t\t\t\t\t<p><span style=\"font-weight: 400;\">Spiroflow ist mehr als nur ein Anbieter von Abf\u00fcll- und F\u00f6rderanlagen. <\/span><b>Wir sind Partner f\u00fcr den Erfolg Ihres Unternehmens<\/b>, bietet ma\u00dfgeschneiderte L\u00f6sungen, die sich nahtlos in Ihren Betrieb integrieren lassen. Kontaktieren Sie uns noch heute, um zu erfahren, wie unsere L\u00f6sungen f\u00fcr Big-Bag-Bef\u00fcller, Big-Bag-Entleerer und F\u00f6rdersysteme Ihren Produktionsprozess revolutionieren k\u00f6nnen.<\/p>\t\t\t\t\t\t\t\t<\/div>\n\t\t\t\t<\/div>\n\t\t\t\t\t<\/div>\n\t\t\t\t<\/div>\n\t\t\t\t<\/div>","protected":false},"excerpt":{"rendered":"<p>F\u00fcllmaschinen f\u00fcr Gro\u00dfgebinde Spiroflow ist ein f\u00fchrendes Unternehmen im Bereich F\u00fcllmaschinen f\u00fcr Gro\u00dfgebinde und Abf\u00fcllanlagen und bietet innovative F\u00f6rderl\u00f6sungen und andere Ger\u00e4te, die auf die Anforderungen Ihres Unternehmens zugeschnitten sind. Ganz gleich, ob Sie kleine oder gro\u00dfe Mengen abf\u00fcllen m\u00fcssen, unsere fortschrittlichen industriellen F\u00f6rdersysteme und F\u00fcllmaschinen sind darauf ausgelegt, Ihre Abl\u00e4ufe zu optimieren, die Effizienz zu steigern, [\u2026]<\/p>","protected":false},"author":2,"featured_media":0,"parent":0,"menu_order":0,"comment_status":"closed","ping_status":"closed","template":"","meta":{"content-type":"","footnotes":""},"class_list":["post-242","page","type-page","status-publish","hentry"],"_links":{"self":[{"href":"https:\/\/www.spiroflow.com\/de\/wp-json\/wp\/v2\/pages\/242","targetHints":{"allow":["GET"]}}],"collection":[{"href":"https:\/\/www.spiroflow.com\/de\/wp-json\/wp\/v2\/pages"}],"about":[{"href":"https:\/\/www.spiroflow.com\/de\/wp-json\/wp\/v2\/types\/page"}],"author":[{"embeddable":true,"href":"https:\/\/www.spiroflow.com\/de\/wp-json\/wp\/v2\/users\/2"}],"replies":[{"embeddable":true,"href":"https:\/\/www.spiroflow.com\/de\/wp-json\/wp\/v2\/comments?post=242"}],"version-history":[{"count":0,"href":"https:\/\/www.spiroflow.com\/de\/wp-json\/wp\/v2\/pages\/242\/revisions"}],"wp:attachment":[{"href":"https:\/\/www.spiroflow.com\/de\/wp-json\/wp\/v2\/media?parent=242"}],"curies":[{"name":"wp","href":"https:\/\/api.w.org\/{rel}","templated":true}]}}