{"id":708,"date":"2023-08-11T13:17:12","date_gmt":"2023-08-11T13:17:12","guid":{"rendered":"https:\/\/spiroflow1.wpengine.com\/?page_id=708"},"modified":"2024-03-20T11:30:49","modified_gmt":"2024-03-20T11:30:49","slug":"systemlosungen","status":"publish","type":"page","link":"https:\/\/www.spiroflow.com\/de\/systemlosungen\/","title":{"rendered":"Systeml\u00f6sungen"},"content":{"rendered":"<div data-elementor-type=\"wp-page\" data-elementor-id=\"708\" class=\"elementor elementor-708\" data-elementor-post-type=\"page\">\n\t\t\t\t<div class=\"elementor-element elementor-element-6d563ee e-flex e-con-boxed e-con e-parent\" data-id=\"6d563ee\" data-element_type=\"container\" data-settings=\"{&quot;background_background&quot;:&quot;classic&quot;}\">\n\t\t\t\t\t<div class=\"e-con-inner\">\n\t\t\t\t<div class=\"elementor-element elementor-element-af5f415 elementor-widget elementor-widget-heading\" data-id=\"af5f415\" data-element_type=\"widget\" data-widget_type=\"heading.default\">\n\t\t\t\t<div class=\"elementor-widget-container\">\n\t\t\t\t\t<h1 class=\"elementor-heading-title elementor-size-default\">Systeml\u00f6sungen<\/h1>\t\t\t\t<\/div>\n\t\t\t\t<\/div>\n\t\t\t\t\t<\/div>\n\t\t\t\t<\/div>\n\t\t<div class=\"elementor-element elementor-element-4dfff3e e-flex e-con-boxed e-con e-parent\" data-id=\"4dfff3e\" data-element_type=\"container\">\n\t\t\t\t\t<div class=\"e-con-inner\">\n\t\t<div class=\"elementor-element elementor-element-d79b326 e-con-full e-flex e-con e-child\" data-id=\"d79b326\" data-element_type=\"container\">\n\t\t\t\t<div class=\"elementor-element elementor-element-1ad6310 elementor-widget elementor-widget-text-editor\" data-id=\"1ad6310\" data-element_type=\"widget\" data-widget_type=\"text-editor.default\">\n\t\t\t\t<div class=\"elementor-widget-container\">\n\t\t\t\t\t\t\t\t\t<p><span style=\"font-weight: 400;\">Bei Spiroflow dreht sich alles um Innovation und die Bereitstellung erstklassiger Leistungen <\/span><b>Systeml\u00f6sungen<\/b><span style=\"font-weight: 400;\"> Dazu geh\u00f6ren F\u00f6rdertechnik, Systeme zur Lebensmittelverarbeitung, Systeme zur Dosierung von Chemikalien mit Gewichtsabnahme und Abf\u00fcllsysteme f\u00fcr Gro\u00dfs\u00e4cke mit Gewichtszunahme. Wir verstehen, dass sich die Bed\u00fcrfnisse unserer Kunden st\u00e4ndig \u00e4ndern, deshalb stellen wir sicher, dass wir mit den neuesten F\u00f6rderl\u00f6sungen immer einen Schritt voraus sind.<\/span><\/p><p><span style=\"font-weight: 400;\">Unser breites Produktsortiment ist auf die vielf\u00e4ltigen Bed\u00fcrfnisse von Verarbeitern zugeschnitten, die oft mehr als nur ein einzelnes Ger\u00e4t ben\u00f6tigen. Unsere erfahrenen Ingenieure sind <\/span><b>Experten bei der Auswahl der richtigen Maschinen<\/b><span style=\"font-weight: 400;\"> und integrieren Sie es nahtlos in Ihr bestehendes Setup, um sicherzustellen, dass Ihre Abl\u00e4ufe reibungslos und effizient laufen.<\/span><\/p>\t\t\t\t\t\t\t\t<\/div>\n\t\t\t\t<\/div>\n\t\t\t\t<\/div>\n\t\t\t\t\t<\/div>\n\t\t\t\t<\/div>\n\t\t<div class=\"elementor-element elementor-element-82c392a e-flex e-con-boxed e-con e-parent\" data-id=\"82c392a\" data-element_type=\"container\">\n\t\t\t\t\t<div class=\"e-con-inner\">\n\t\t<div class=\"elementor-element elementor-element-7e922b5 e-con-full e-flex e-con e-child\" data-id=\"7e922b5\" data-element_type=\"container\">\n\t\t\t\t<div class=\"elementor-element elementor-element-6056ad3 elementor-widget elementor-widget-image\" data-id=\"6056ad3\" data-element_type=\"widget\" data-widget_type=\"image.default\">\n\t\t\t\t<div class=\"elementor-widget-container\">\n\t\t\t\t\t\t\t\t\t\t\t\t\t\t\t<img fetchpriority=\"high\" decoding=\"async\" width=\"800\" height=\"531\" src=\"https:\/\/www.spiroflow.com\/wp-content\/uploads\/2017\/06\/1008-CS-Image-1-Tunnocks-Flexible-Screw-Conveyor-with-Hoppers-1024x680.jpg\" class=\"attachment-large size-large wp-image-9439\" alt=\"Ein flexibler Schneckenf\u00f6rderer mit Trichtern\" srcset=\"https:\/\/www.spiroflow.com\/wp-content\/uploads\/2017\/06\/1008-CS-Image-1-Tunnocks-Flexible-Screw-Conveyor-with-Hoppers-1024x680.jpg 1024w, https:\/\/www.spiroflow.com\/wp-content\/uploads\/2017\/06\/1008-CS-Image-1-Tunnocks-Flexible-Screw-Conveyor-with-Hoppers-300x199.jpg 300w, https:\/\/www.spiroflow.com\/wp-content\/uploads\/2017\/06\/1008-CS-Image-1-Tunnocks-Flexible-Screw-Conveyor-with-Hoppers-768x510.jpg 768w, https:\/\/www.spiroflow.com\/wp-content\/uploads\/2017\/06\/1008-CS-Image-1-Tunnocks-Flexible-Screw-Conveyor-with-Hoppers-1536x1020.jpg 1536w, https:\/\/www.spiroflow.com\/wp-content\/uploads\/2017\/06\/1008-CS-Image-1-Tunnocks-Flexible-Screw-Conveyor-with-Hoppers-2048x1360.jpg 2048w\" sizes=\"(max-width: 800px) 100vw, 800px\" \/>\t\t\t\t\t\t\t\t\t\t\t\t\t\t\t<\/div>\n\t\t\t\t<\/div>\n\t\t\t\t<\/div>\n\t\t<div class=\"elementor-element elementor-element-e2d649f e-con-full e-flex e-con e-child\" data-id=\"e2d649f\" data-element_type=\"container\">\n\t\t\t\t<div class=\"elementor-element elementor-element-d107a8a elementor-widget elementor-widget-heading\" data-id=\"d107a8a\" data-element_type=\"widget\" data-widget_type=\"heading.default\">\n\t\t\t\t<div class=\"elementor-widget-container\">\n\t\t\t\t\t<h2 class=\"elementor-heading-title elementor-size-default\">Lebensmittelverarbeitungssysteme<\/h2>\t\t\t\t<\/div>\n\t\t\t\t<\/div>\n\t\t\t\t<div class=\"elementor-element elementor-element-7213608 elementor-widget-divider--view-line elementor-widget elementor-widget-divider\" data-id=\"7213608\" data-element_type=\"widget\" data-widget_type=\"divider.default\">\n\t\t\t\t<div class=\"elementor-widget-container\">\n\t\t\t\t\t\t\t<div class=\"elementor-divider\">\n\t\t\t<span class=\"elementor-divider-separator\">\n\t\t\t\t\t\t<\/span>\n\t\t<\/div>\n\t\t\t\t\t\t<\/div>\n\t\t\t\t<\/div>\n\t\t\t\t<div class=\"elementor-element elementor-element-b5808c2 elementor-widget elementor-widget-text-editor\" data-id=\"b5808c2\" data-element_type=\"widget\" data-widget_type=\"text-editor.default\">\n\t\t\t\t<div class=\"elementor-widget-container\">\n\t\t\t\t\t\t\t\t\t<p><span style=\"font-weight: 400;\">Unser ma\u00dfgeschneidertes System mischt fachm\u00e4nnisch Semmelbr\u00f6sel und Gew\u00fcrze f\u00fcr Chicken Nuggets. Es beginnt mit einem Big-Bag-Entleerer und einem flexiblen Schneckenf\u00f6rderer <\/span><b>Transport vorgemischter Gew\u00fcrze<\/b><span style=\"font-weight: 400;\"> zu einem Schwalltrichter. Dieser Trichter f\u00fchrt die Gew\u00fcrze dann einem pr\u00e4zisen Gewichtsverlustdosierer zu, der sie zu einem horizontalen flexiblen Schneckenf\u00f6rderer bef\u00f6rdert.<\/span><\/p><p><span style=\"font-weight: 400;\">Als n\u00e4chstes f\u00fchrt ein gro\u00dfer Trichter die Semmelbr\u00f6sel einem weiteren Gewichtsverlustdosierer zu, der mit einem etwas gr\u00f6\u00dferen flexiblen Schneckenf\u00f6rderer verbunden ist. <\/span><b>Bei diesem Aufbau werden die Gew\u00fcrze zusammengef\u00fchrt<\/b><span style=\"font-weight: 400;\"> und Semmelbr\u00f6sel im kontinuierlichen Mischprozess.<\/span><\/p><p><span style=\"font-weight: 400;\">Die Mischung gelangt dann in einen Trichter und wird anschlie\u00dfend vertikal angehoben<\/span><b>durch ein aeromechanisches F\u00f6rderband<\/b><span style=\"font-weight: 400;\"> zu einem weiteren flexiblen Schneckenf\u00f6rderer (hier nicht dargestellt). Schlie\u00dflich gelangt die Mischung zu einem Big-Bag-F\u00fcller oder einer Verpackungsmaschine.<\/span><\/p>\t\t\t\t\t\t\t\t<\/div>\n\t\t\t\t<\/div>\n\t\t\t\t<\/div>\n\t\t\t\t\t<\/div>\n\t\t\t\t<\/div>\n\t\t<div class=\"elementor-element elementor-element-2eabc1d e-flex e-con-boxed e-con e-parent\" data-id=\"2eabc1d\" data-element_type=\"container\">\n\t\t\t\t\t<div class=\"e-con-inner\">\n\t\t<div class=\"elementor-element elementor-element-1b737b0 e-con-full e-flex e-con e-child\" data-id=\"1b737b0\" data-element_type=\"container\">\n\t\t\t\t<div class=\"elementor-element elementor-element-6cbcb4b elementor-widget elementor-widget-heading\" data-id=\"6cbcb4b\" data-element_type=\"widget\" data-widget_type=\"heading.default\">\n\t\t\t\t<div class=\"elementor-widget-container\">\n\t\t\t\t\t<h2 class=\"elementor-heading-title elementor-size-default\">Gewichtsverlust-Dosiersysteme f\u00fcr Chemikalien\n<\/h2>\t\t\t\t<\/div>\n\t\t\t\t<\/div>\n\t\t\t\t<div class=\"elementor-element elementor-element-3bac1e9 elementor-widget-divider--view-line elementor-widget elementor-widget-divider\" data-id=\"3bac1e9\" data-element_type=\"widget\" data-widget_type=\"divider.default\">\n\t\t\t\t<div class=\"elementor-widget-container\">\n\t\t\t\t\t\t\t<div class=\"elementor-divider\">\n\t\t\t<span class=\"elementor-divider-separator\">\n\t\t\t\t\t\t<\/span>\n\t\t<\/div>\n\t\t\t\t\t\t<\/div>\n\t\t\t\t<\/div>\n\t\t\t\t<div class=\"elementor-element elementor-element-d23c170 elementor-widget elementor-widget-text-editor\" data-id=\"d23c170\" data-element_type=\"widget\" data-widget_type=\"text-editor.default\">\n\t\t\t\t<div class=\"elementor-widget-container\">\n\t\t\t\t\t\t\t\t\t<p><span style=\"font-weight: 400;\">Das Gewichtsverlust-Dosiersystem f\u00fcr Chemikalien wurde von Spiroflow-Ingenieuren entwickelt <\/span><b>f\u00fcr einen Top-Batteriehersteller<\/b><span style=\"font-weight: 400;\">. Sie waren auf der Suche nach Herstellern von F\u00f6rdersystemen, die ihre Gesch\u00e4ftst\u00e4tigkeit steigern konnten. Dieses System kombiniert bestimmte Mengen an Ru\u00df, Graphit und zwei Arten von EMD.\u00a0<\/span><\/p><p><span style=\"font-weight: 400;\">Das von uns entwickelte F\u00f6rderbandsystem umfasst zwei Big-Bag-Entleerger\u00e4te, die EMD in einen Trichter leiten, w\u00e4hrend Bag-Entladestationen mit Handschuhboxen und flexiblen Schneckenf\u00f6rderern Ru\u00df und Graphit hinzuf\u00fcgen. Nach dem Mischen dieser Zutaten wird ein <\/span><b>Ein aeromechanischer F\u00f6rderer transportiert die Mischung<\/b><span style=\"font-weight: 400;\"> zu einem anderen Mischer, um die Chargengr\u00f6\u00dfen im Gewichtsverlustverfahren zu \u00fcberpr\u00fcfen. Anschlie\u00dfend transportiert ein horizontaler flexibler Schneckenf\u00f6rderer die Trockenmischung zur Fl\u00fcssigkeitszugabe zu einem Endmischer.<\/span><\/p>\t\t\t\t\t\t\t\t<\/div>\n\t\t\t\t<\/div>\n\t\t\t\t<\/div>\n\t\t<div class=\"elementor-element elementor-element-d380987 e-con-full e-flex e-con e-child\" data-id=\"d380987\" data-element_type=\"container\">\n\t\t\t\t<div class=\"elementor-element elementor-element-09098a1 elementor-widget elementor-widget-image\" data-id=\"09098a1\" data-element_type=\"widget\" data-widget_type=\"image.default\">\n\t\t\t\t<div class=\"elementor-widget-container\">\n\t\t\t\t\t\t\t\t\t\t\t\t\t\t\t<img decoding=\"async\" width=\"753\" height=\"395\" src=\"https:\/\/www.spiroflow.com\/wp-content\/uploads\/2023\/08\/equip-solutions-02.webp\" class=\"attachment-large size-large wp-image-720\" alt=\"Gewichtsverlust-Dosiersystem f\u00fcr Chemikalien\" srcset=\"https:\/\/www.spiroflow.com\/wp-content\/uploads\/2023\/08\/equip-solutions-02.webp 753w, https:\/\/www.spiroflow.com\/wp-content\/uploads\/2023\/08\/equip-solutions-02-300x157.webp 300w\" sizes=\"(max-width: 753px) 100vw, 753px\" \/>\t\t\t\t\t\t\t\t\t\t\t\t\t\t\t<\/div>\n\t\t\t\t<\/div>\n\t\t\t\t<\/div>\n\t\t\t\t\t<\/div>\n\t\t\t\t<\/div>\n\t\t<div class=\"elementor-element elementor-element-d35f661 e-flex e-con-boxed e-con e-parent\" data-id=\"d35f661\" data-element_type=\"container\">\n\t\t\t\t\t<div class=\"e-con-inner\">\n\t\t<div class=\"elementor-element elementor-element-c53eb63 e-con-full e-flex e-con e-child\" data-id=\"c53eb63\" data-element_type=\"container\">\n\t\t\t\t<div class=\"elementor-element elementor-element-71e2a8c elementor-widget elementor-widget-image\" data-id=\"71e2a8c\" data-element_type=\"widget\" data-widget_type=\"image.default\">\n\t\t\t\t<div class=\"elementor-widget-container\">\n\t\t\t\t\t\t\t\t\t\t\t\t\t\t\t<img decoding=\"async\" width=\"593\" height=\"439\" src=\"https:\/\/www.spiroflow.com\/wp-content\/uploads\/2023\/08\/equip-solutions-03.webp\" class=\"attachment-large size-large wp-image-721\" alt=\"Gewichtszunahmesystem f\u00fcr die Bef\u00fcllung von Gro\u00dfs\u00e4cken\" srcset=\"https:\/\/www.spiroflow.com\/wp-content\/uploads\/2023\/08\/equip-solutions-03.webp 593w, https:\/\/www.spiroflow.com\/wp-content\/uploads\/2023\/08\/equip-solutions-03-300x222.webp 300w\" sizes=\"(max-width: 593px) 100vw, 593px\" \/>\t\t\t\t\t\t\t\t\t\t\t\t\t\t\t<\/div>\n\t\t\t\t<\/div>\n\t\t\t\t<\/div>\n\t\t<div class=\"elementor-element elementor-element-684ab5b e-con-full e-flex e-con e-child\" data-id=\"684ab5b\" data-element_type=\"container\">\n\t\t\t\t<div class=\"elementor-element elementor-element-f4b06bd elementor-widget elementor-widget-heading\" data-id=\"f4b06bd\" data-element_type=\"widget\" data-widget_type=\"heading.default\">\n\t\t\t\t<div class=\"elementor-widget-container\">\n\t\t\t\t\t<h2 class=\"elementor-heading-title elementor-size-default\">Gewichtszunahme-Big-Bag-Abf\u00fcllsysteme<\/h2>\t\t\t\t<\/div>\n\t\t\t\t<\/div>\n\t\t\t\t<div class=\"elementor-element elementor-element-f3969ed elementor-widget-divider--view-line elementor-widget elementor-widget-divider\" data-id=\"f3969ed\" data-element_type=\"widget\" data-widget_type=\"divider.default\">\n\t\t\t\t<div class=\"elementor-widget-container\">\n\t\t\t\t\t\t\t<div class=\"elementor-divider\">\n\t\t\t<span class=\"elementor-divider-separator\">\n\t\t\t\t\t\t<\/span>\n\t\t<\/div>\n\t\t\t\t\t\t<\/div>\n\t\t\t\t<\/div>\n\t\t\t\t<div class=\"elementor-element elementor-element-9e637b3 elementor-widget elementor-widget-text-editor\" data-id=\"9e637b3\" data-element_type=\"widget\" data-widget_type=\"text-editor.default\">\n\t\t\t\t<div class=\"elementor-widget-container\">\n\t\t\t\t\t\t\t\t\t<p><span style=\"font-weight: 400;\">Dieses f\u00fcr einen bekannten Teppichhersteller konzipierte Setup umfasst <\/span><b>Drei Big-Bag-F\u00fcller f\u00fcr die Handhabung von PVC-Mehlstaub<\/b><span style=\"font-weight: 400;\">. \u00dcber den F\u00fcllern steuern eine Zellradschleuse, ein Umlenkventil und ein Schieber den Fluss des PVC-Mehlstaubs zu einer doppelten F\u00fcllstation mit Gewichtszunahme. Diese Station erm\u00f6glicht eine effiziente Bef\u00fcllung und schnelle Beutelwechsel und steigert so die Produktivit\u00e4t des Bedieners.<\/span><\/p><p><span style=\"font-weight: 400;\">Ein zus\u00e4tzlicher Big-Bag-F\u00fcller verwaltet den \u00fcber ein werksweites Staubsammelsystem gesammelten PVC-Mehlstaub. Es verwendet eine flexible F\u00f6rderschnecke in einem Trichter, <\/span><b>Beschaffung von Material aus einem externen Setup<\/b><span style=\"font-weight: 400;\"> (nicht gezeigt).<\/span><\/p>\t\t\t\t\t\t\t\t<\/div>\n\t\t\t\t<\/div>\n\t\t\t\t<\/div>\n\t\t\t\t\t<\/div>\n\t\t\t\t<\/div>\n\t\t<div class=\"elementor-element elementor-element-6bc50e4 e-flex e-con-boxed e-con e-parent\" data-id=\"6bc50e4\" data-element_type=\"container\">\n\t\t\t\t\t<div class=\"e-con-inner\">\n\t\t\t\t<div class=\"elementor-element elementor-element-4da7f8d elementor-widget elementor-widget-heading\" data-id=\"4da7f8d\" data-element_type=\"widget\" data-widget_type=\"heading.default\">\n\t\t\t\t<div class=\"elementor-widget-container\">\n\t\t\t\t\t<h2 class=\"elementor-heading-title elementor-size-default\">Investieren Sie in unsere Systeml\u00f6sungen und steigern Sie Ihren Betrieb<\/h2>\t\t\t\t<\/div>\n\t\t\t\t<\/div>\n\t\t\t\t<div class=\"elementor-element elementor-element-584cf71 elementor-widget-divider--view-line elementor-widget elementor-widget-divider\" data-id=\"584cf71\" data-element_type=\"widget\" data-widget_type=\"divider.default\">\n\t\t\t\t<div class=\"elementor-widget-container\">\n\t\t\t\t\t\t\t<div class=\"elementor-divider\">\n\t\t\t<span class=\"elementor-divider-separator\">\n\t\t\t\t\t\t<\/span>\n\t\t<\/div>\n\t\t\t\t\t\t<\/div>\n\t\t\t\t<\/div>\n\t\t\t\t<div class=\"elementor-element elementor-element-7d042bb elementor-widget elementor-widget-text-editor\" data-id=\"7d042bb\" data-element_type=\"widget\" data-widget_type=\"text-editor.default\">\n\t\t\t\t<div class=\"elementor-widget-container\">\n\t\t\t\t\t\t\t\t\t<p><span style=\"font-weight: 400;\">Spiroflow zeichnet sich als f\u00fchrender Anbieter von benutzerfreundlichen, effektiven Bandf\u00f6rdersysteml\u00f6sungen und anderen Ger\u00e4ten aus. Wir sind auf die Entwicklung kompletter F\u00f6rderbandl\u00f6sungen spezialisiert, die den spezifischen Anforderungen unserer Kunden entsprechen. Unsere Systeme reichen von der Lebensmittelverarbeitung \u00fcber die Dosierung von Chemikalien bis hin zur Bef\u00fcllung von Gro\u00dfs\u00e4cken <\/span><b>Alles dreht sich um intelligentes Design und Zuverl\u00e4ssigkeit<\/b><span style=\"font-weight: 400;\">.<\/span><\/p><p><span style=\"font-weight: 400;\">Das Herzst\u00fcck sind unsere industriellen F\u00f6rdersysteme, darunter sowohl F\u00f6rderbandsysteme als auch <\/span><b>gr\u00f6\u00dfere industrielle Einrichtungen<\/b><span style=\"font-weight: 400;\">. Diese Systeme sind entscheidend f\u00fcr das reibungslose Mischen von Zutaten in der Lebensmittelproduktion oder die Durchf\u00fchrung pr\u00e4ziser Messungen in chemischen Prozessen.<\/span><\/p><p><span style=\"font-weight: 400;\">Als einer der f\u00fchrenden Hersteller von F\u00f6rderb\u00e4ndern wissen wir, wie wichtig starke und zuverl\u00e4ssige F\u00f6rderb\u00e4nder f\u00fcr einen reibungslosen Betrieb sind. Deshalb konzentrieren wir uns auf den Bau langlebiger, qualitativ hochwertiger F\u00f6rderbandsysteme, auf die Sie sich verlassen k\u00f6nnen. Unser <\/span><b>Bef\u00fcll- und Entladel\u00f6sungen<\/b><span style=\"font-weight: 400;\"> k\u00f6nnen Ihre Prozesse automatisieren und Ihre Abl\u00e4ufe verbessern und gleichzeitig Produktsch\u00e4den und -verluste minimieren. Mit Spiroflow erhalten Sie mehr als nur ein Produkt. Sie gewinnen einen Partner, der sich f\u00fcr Innovation und Verbesserung einsetzt und sicherstellt, dass unsere L\u00f6sungen stets den hohen Standards entsprechen, die unsere Kunden erwarten.<\/span><\/p>\t\t\t\t\t\t\t\t<\/div>\n\t\t\t\t<\/div>\n\t\t\t\t\t<\/div>\n\t\t\t\t<\/div>\n\t\t<div class=\"elementor-element elementor-element-d02a737 e-con-full e-flex e-con e-parent\" data-id=\"d02a737\" data-element_type=\"container\" data-settings=\"{&quot;background_background&quot;:&quot;classic&quot;}\">\n\t\t\t\t<div class=\"elementor-element elementor-element-935f2f0 elementor-widget__width-inherit elementor-widget elementor-widget-heading\" data-id=\"935f2f0\" data-element_type=\"widget\" data-widget_type=\"heading.default\">\n\t\t\t\t<div class=\"elementor-widget-container\">\n\t\t\t\t\t<p class=\"elementor-heading-title elementor-size-default\">Brauche Unterst\u00fctzung? Kontaktieren Sie uns noch heute, wir werden Ihnen so schnell wie m\u00f6glich antworten<\/p>\t\t\t\t<\/div>\n\t\t\t\t<\/div>\n\t\t\t\t<div class=\"elementor-element elementor-element-14af650 elementor-align-center elementor-mobile-align-center elementor-widget elementor-widget-button\" data-id=\"14af650\" data-element_type=\"widget\" data-widget_type=\"button.default\">\n\t\t\t\t<div class=\"elementor-widget-container\">\n\t\t\t\t\t\t\t\t\t<div class=\"elementor-button-wrapper\">\n\t\t\t\t\t<a class=\"elementor-button elementor-button-link elementor-size-md\" href=\"\/de\/kontaktiere-uns\/\">\n\t\t\t\t\t\t<span class=\"elementor-button-content-wrapper\">\n\t\t\t\t\t\t\t\t\t<span class=\"elementor-button-text\">Kontaktiere uns<\/span>\n\t\t\t\t\t<\/span>\n\t\t\t\t\t<\/a>\n\t\t\t\t<\/div>\n\t\t\t\t\t\t\t\t<\/div>\n\t\t\t\t<\/div>\n\t\t\t\t<\/div>\n\t\t\t\t<\/div>","protected":false},"excerpt":{"rendered":"<p>Systeml\u00f6sungen Bei Spiroflow dreht sich alles um Innovation und die Bereitstellung erstklassiger Systeml\u00f6sungen, die F\u00f6rdertechnologien, Lebensmittelverarbeitungssysteme, chemische Dosiersysteme mit Gewichtsverlust und Systeme zur Gewichtszunahme in Gro\u00dfgebinden umfassen. Wir wissen, dass sich die Bed\u00fcrfnisse unserer Kunden st\u00e4ndig \u00e4ndern, und sorgen daher daf\u00fcr, dass wir mit den neuesten F\u00f6rderl\u00f6sungen immer auf dem neuesten Stand sind. Unsere [\u2026]<\/p>","protected":false},"author":2,"featured_media":719,"parent":0,"menu_order":0,"comment_status":"closed","ping_status":"closed","template":"","meta":{"content-type":"","footnotes":""},"class_list":["post-708","page","type-page","status-publish","has-post-thumbnail","hentry"],"_links":{"self":[{"href":"https:\/\/www.spiroflow.com\/de\/wp-json\/wp\/v2\/pages\/708","targetHints":{"allow":["GET"]}}],"collection":[{"href":"https:\/\/www.spiroflow.com\/de\/wp-json\/wp\/v2\/pages"}],"about":[{"href":"https:\/\/www.spiroflow.com\/de\/wp-json\/wp\/v2\/types\/page"}],"author":[{"embeddable":true,"href":"https:\/\/www.spiroflow.com\/de\/wp-json\/wp\/v2\/users\/2"}],"replies":[{"embeddable":true,"href":"https:\/\/www.spiroflow.com\/de\/wp-json\/wp\/v2\/comments?post=708"}],"version-history":[{"count":0,"href":"https:\/\/www.spiroflow.com\/de\/wp-json\/wp\/v2\/pages\/708\/revisions"}],"wp:featuredmedia":[{"embeddable":true,"href":"https:\/\/www.spiroflow.com\/de\/wp-json\/wp\/v2\/media\/719"}],"wp:attachment":[{"href":"https:\/\/www.spiroflow.com\/de\/wp-json\/wp\/v2\/media?parent=708"}],"curies":[{"name":"wp","href":"https:\/\/api.w.org\/{rel}","templated":true}]}}