{"id":709,"date":"2023-08-11T13:17:23","date_gmt":"2023-08-11T13:17:23","guid":{"rendered":"https:\/\/spiroflow1.wpengine.com\/?page_id=709"},"modified":"2024-03-19T22:28:28","modified_gmt":"2024-03-19T22:28:28","slug":"wiegen-von-dosierlosungen","status":"publish","type":"page","link":"https:\/\/www.spiroflow.com\/de\/wiegen-von-dosierlosungen\/","title":{"rendered":"W\u00e4ge- und Dosierl\u00f6sungen"},"content":{"rendered":"<div data-elementor-type=\"wp-page\" data-elementor-id=\"709\" class=\"elementor elementor-709\" data-elementor-post-type=\"page\">\n\t\t\t\t<div class=\"elementor-element elementor-element-77394d9 e-flex e-con-boxed e-con e-parent\" data-id=\"77394d9\" data-element_type=\"container\" data-settings=\"{&quot;background_background&quot;:&quot;classic&quot;}\">\n\t\t\t\t\t<div class=\"e-con-inner\">\n\t\t\t\t<div class=\"elementor-element elementor-element-f4149f7 elementor-widget elementor-widget-heading\" data-id=\"f4149f7\" data-element_type=\"widget\" data-widget_type=\"heading.default\">\n\t\t\t\t<div class=\"elementor-widget-container\">\n\t\t\t\t\t<h1 class=\"elementor-heading-title elementor-size-default\">W\u00e4ge- und Dosierl\u00f6sungen<\/h1>\t\t\t\t<\/div>\n\t\t\t\t<\/div>\n\t\t\t\t\t<\/div>\n\t\t\t\t<\/div>\n\t\t<div class=\"elementor-element elementor-element-a40909d e-flex e-con-boxed e-con e-parent\" data-id=\"a40909d\" data-element_type=\"container\">\n\t\t\t\t\t<div class=\"e-con-inner\">\n\t\t\t\t<div class=\"elementor-element elementor-element-68ba436 elementor-widget elementor-widget-text-editor\" data-id=\"68ba436\" data-element_type=\"widget\" data-widget_type=\"text-editor.default\">\n\t\t\t\t<div class=\"elementor-widget-container\">\n\t\t\t\t\t\t\t\t\t<p><span style=\"font-weight: 400;\">Pr\u00e4zise <\/span><b>W\u00e4ge- und Dosierl\u00f6sungen<\/b><span style=\"font-weight: 400;\"> sind entscheidend f\u00fcr die Aufrechterhaltung der Produktqualit\u00e4t und der betrieblichen Effizienz. Diese Systeme sind f\u00fcr die Minimierung von Materialverschwendung und die Maximierung der Ressourcennutzung von entscheidender Bedeutung. Dies wirkt sich wiederum direkt auf das Endergebnis eines Unternehmens aus, indem es die Kosteneffizienz der Produktionsprozesse optimiert.<\/span><\/p>\t\t\t\t\t\t\t\t<\/div>\n\t\t\t\t<\/div>\n\t\t\t\t\t<\/div>\n\t\t\t\t<\/div>\n\t\t<div class=\"elementor-element elementor-element-02925f8 e-flex e-con-boxed e-con e-parent\" data-id=\"02925f8\" data-element_type=\"container\">\n\t\t\t\t\t<div class=\"e-con-inner\">\n\t\t<div class=\"elementor-element elementor-element-57ab694 e-con-full e-flex e-con e-child\" data-id=\"57ab694\" data-element_type=\"container\">\n\t\t\t\t<div class=\"elementor-element elementor-element-fe64cf5 elementor-widget elementor-widget-heading\" data-id=\"fe64cf5\" data-element_type=\"widget\" data-widget_type=\"heading.default\">\n\t\t\t\t<div class=\"elementor-widget-container\">\n\t\t\t\t\t<h2 class=\"elementor-heading-title elementor-size-default\">Gewichtsverlust-Dosiersysteme f\u00fcr Chemikalien\n<\/h2>\t\t\t\t<\/div>\n\t\t\t\t<\/div>\n\t\t\t\t<div class=\"elementor-element elementor-element-5c9019e elementor-widget-divider--view-line elementor-widget elementor-widget-divider\" data-id=\"5c9019e\" data-element_type=\"widget\" data-widget_type=\"divider.default\">\n\t\t\t\t<div class=\"elementor-widget-container\">\n\t\t\t\t\t\t\t<div class=\"elementor-divider\">\n\t\t\t<span class=\"elementor-divider-separator\">\n\t\t\t\t\t\t<\/span>\n\t\t<\/div>\n\t\t\t\t\t\t<\/div>\n\t\t\t\t<\/div>\n\t\t\t\t<div class=\"elementor-element elementor-element-e365c88 elementor-widget elementor-widget-text-editor\" data-id=\"e365c88\" data-element_type=\"widget\" data-widget_type=\"text-editor.default\">\n\t\t\t\t<div class=\"elementor-widget-container\">\n\t\t\t\t\t\t\t\t\t<p><span style=\"font-weight: 400;\">Die Ingenieure von Spiroflow entwickelten ein spezielles Gewichtsverlust-Dosiersystem f\u00fcr Chemikalien, ma\u00dfgeschneidert f\u00fcr einen f\u00fchrenden Batteriehersteller f\u00fcr den Milit\u00e4r- und Gesundheitssektor. Dieses innovative System kombiniert eine einzigartige Mischung aus <\/span><b>Ru\u00df, Graphit und zwei Sorten EMD<\/b><span style=\"font-weight: 400;\">. Es verwendet zwei Big-Bag-Entladevorrichtungen, die EMD in einen Trichter bef\u00f6rdern.<\/span><\/p><p><span style=\"font-weight: 400;\">Dar\u00fcber hinaus werden Ru\u00df und Graphit \u00fcber zwei Sackentleerstationen in denselben Trichter gef\u00f6rdert <\/span><b>mit Handschuhf\u00e4chern ausgestattet<\/b><span style=\"font-weight: 400;\">, Sackverdichter und vielseitige flexible F\u00f6rderschnecken. Anschlie\u00dfend leitet der Trichter diese Materialien zur gr\u00fcndlichen Durchmischung in einen Mixer.<\/span><\/p><p><span style=\"font-weight: 400;\">Nach dem Mischen wird die Mischung mithilfe eines aeromechanischen F\u00f6rderers zu einer anderen Mischstation transportiert, um sicherzustellen, dass die Mischung hergestellt wird <\/span><b>Pr\u00e4zision der Losgr\u00f6\u00dfe der Verlustabnahme<\/b><span style=\"font-weight: 400;\">. Abschlie\u00dfend transportiert eine horizontale flexible F\u00f6rderschnecke aus dem umfangreichen Angebot an F\u00f6rderl\u00f6sungen die Trockenmischung effizient zu einem weiteren Mischer zur Integration der fl\u00fcssigen Komponenten. Dieser Prozess ist ein Beispiel f\u00fcr die hochmodernen F\u00f6rdertechnologien und F\u00f6rderbandl\u00f6sungen des f\u00fchrenden Herstellers von F\u00f6rdersystemen \u2013 Spiroflow. Es zeigt unser Engagement f\u00fcr die Bereitstellung umfassender industrieller F\u00f6rdersysteme.<\/span><\/p>\t\t\t\t\t\t\t\t<\/div>\n\t\t\t\t<\/div>\n\t\t\t\t<\/div>\n\t\t<div class=\"elementor-element elementor-element-2854b92 e-con-full e-flex e-con e-child\" data-id=\"2854b92\" data-element_type=\"container\">\n\t\t\t\t<div class=\"elementor-element elementor-element-f202f47 elementor-widget elementor-widget-image\" data-id=\"f202f47\" data-element_type=\"widget\" data-widget_type=\"image.default\">\n\t\t\t\t<div class=\"elementor-widget-container\">\n\t\t\t\t\t\t\t\t\t\t\t\t\t\t\t<img fetchpriority=\"high\" decoding=\"async\" width=\"753\" height=\"395\" src=\"https:\/\/www.spiroflow.com\/wp-content\/uploads\/2023\/08\/equip-solutions-02.webp\" class=\"attachment-large size-large wp-image-720\" alt=\"Gewichtsverlust-Dosiersystem f\u00fcr Chemikalien\" srcset=\"https:\/\/www.spiroflow.com\/wp-content\/uploads\/2023\/08\/equip-solutions-02.webp 753w, https:\/\/www.spiroflow.com\/wp-content\/uploads\/2023\/08\/equip-solutions-02-300x157.webp 300w\" sizes=\"(max-width: 753px) 100vw, 753px\" \/>\t\t\t\t\t\t\t\t\t\t\t\t\t\t\t<\/div>\n\t\t\t\t<\/div>\n\t\t\t\t<\/div>\n\t\t\t\t\t<\/div>\n\t\t\t\t<\/div>\n\t\t<div class=\"elementor-element elementor-element-0aa0bba e-flex e-con-boxed e-con e-parent\" data-id=\"0aa0bba\" data-element_type=\"container\">\n\t\t\t\t\t<div class=\"e-con-inner\">\n\t\t<div class=\"elementor-element elementor-element-56227f5 e-con-full e-flex e-con e-child\" data-id=\"56227f5\" data-element_type=\"container\">\n\t\t\t\t<div class=\"elementor-element elementor-element-6467987 elementor-widget elementor-widget-image\" data-id=\"6467987\" data-element_type=\"widget\" data-widget_type=\"image.default\">\n\t\t\t\t<div class=\"elementor-widget-container\">\n\t\t\t\t\t\t\t\t\t\t\t\t\t\t\t<img decoding=\"async\" width=\"593\" height=\"439\" src=\"https:\/\/www.spiroflow.com\/wp-content\/uploads\/2023\/08\/equip-solutions-03.webp\" class=\"attachment-large size-large wp-image-721\" alt=\"Gewichtszunahmesystem f\u00fcr die Bef\u00fcllung von Gro\u00dfs\u00e4cken\" srcset=\"https:\/\/www.spiroflow.com\/wp-content\/uploads\/2023\/08\/equip-solutions-03.webp 593w, https:\/\/www.spiroflow.com\/wp-content\/uploads\/2023\/08\/equip-solutions-03-300x222.webp 300w\" sizes=\"(max-width: 593px) 100vw, 593px\" \/>\t\t\t\t\t\t\t\t\t\t\t\t\t\t\t<\/div>\n\t\t\t\t<\/div>\n\t\t\t\t<\/div>\n\t\t<div class=\"elementor-element elementor-element-592db6d e-con-full e-flex e-con e-child\" data-id=\"592db6d\" data-element_type=\"container\">\n\t\t\t\t<div class=\"elementor-element elementor-element-df32b9c elementor-widget elementor-widget-heading\" data-id=\"df32b9c\" data-element_type=\"widget\" data-widget_type=\"heading.default\">\n\t\t\t\t<div class=\"elementor-widget-container\">\n\t\t\t\t\t<h2 class=\"elementor-heading-title elementor-size-default\">Gewichtszunahme-Big-Bag-Abf\u00fcllsysteme<\/h2>\t\t\t\t<\/div>\n\t\t\t\t<\/div>\n\t\t\t\t<div class=\"elementor-element elementor-element-ceb0d09 elementor-widget-divider--view-line elementor-widget elementor-widget-divider\" data-id=\"ceb0d09\" data-element_type=\"widget\" data-widget_type=\"divider.default\">\n\t\t\t\t<div class=\"elementor-widget-container\">\n\t\t\t\t\t\t\t<div class=\"elementor-divider\">\n\t\t\t<span class=\"elementor-divider-separator\">\n\t\t\t\t\t\t<\/span>\n\t\t<\/div>\n\t\t\t\t\t\t<\/div>\n\t\t\t\t<\/div>\n\t\t\t\t<div class=\"elementor-element elementor-element-9881471 elementor-widget elementor-widget-text-editor\" data-id=\"9881471\" data-element_type=\"widget\" data-widget_type=\"text-editor.default\">\n\t\t\t\t<div class=\"elementor-widget-container\">\n\t\t\t\t\t\t\t\t\t<p><span style=\"font-weight: 400;\">Drei unterschiedliche Big-Bag-F\u00fcller waren unerl\u00e4sslich, um einen ma\u00dfgeschneiderten PVC-Mehlstaubprozess zu entwickeln, der auf einen gro\u00dfen Teppichhersteller zugeschnitten ist. Dar\u00fcber positioniert ist eine Ausgabeeinheit, die mit einem ausgestattet ist <\/span><b>Zellenradschleuse, Umschaltventil und Schieber<\/b><span style=\"font-weight: 400;\"> leitet PVC-Mehlstaub effizient in ein Doppel-Big-Bag-Abf\u00fcllsystem mit Gewichtszunahme.<\/span><\/p><p><span style=\"font-weight: 400;\">Dieses System, <\/span><b>Sorgf\u00e4ltig konstruiert f\u00fcr h\u00f6chste Absackleistung<\/b><span style=\"font-weight: 400;\"> und eine verbesserte Bedienereffizienz erm\u00f6glichen das gleichzeitige Bef\u00fcllen eines Big-Bags und erleichtern gleichzeitig den Austausch eines anderen. Dieser reibungslose Betrieb ist ein Beweis f\u00fcr die innovativen F\u00f6rderbandsysteme und -l\u00f6sungen spezialisierter F\u00f6rderbandhersteller wie Spiroflow.<\/span><\/p><p><span style=\"font-weight: 400;\">Dar\u00fcber hinaus steht ein dritter Big-Bag-F\u00fcller f\u00fcr die Aufnahme von PVC-Mehlstaub bereit, der \u00fcber ein umfassendes werksweites Staubsammelsystem anf\u00e4llt. Dieser F\u00fcllstoff ist <\/span><b>durch eine flexible F\u00f6rderschnecke kontinuierlich nachgef\u00fcllt<\/b><span style=\"font-weight: 400;\">, ein integraler Bestandteil des Bandf\u00f6rdersystems, das von einer bestimmten externen Quelle stammt. Dieser Aufbau verdeutlicht nicht nur die Effizienz moderner F\u00f6rderbandsysteme, sondern unterstreicht auch die Pr\u00e4zisionstechnik f\u00fchrender Bandf\u00f6rdererhersteller bei der Erf\u00fcllung industrieller Anforderungen.<\/span><\/p>\t\t\t\t\t\t\t\t<\/div>\n\t\t\t\t<\/div>\n\t\t\t\t<\/div>\n\t\t\t\t\t<\/div>\n\t\t\t\t<\/div>\n\t\t<div class=\"elementor-element elementor-element-2fb1a5d e-flex e-con-boxed e-con e-parent\" data-id=\"2fb1a5d\" data-element_type=\"container\">\n\t\t\t\t\t<div class=\"e-con-inner\">\n\t\t\t\t<div class=\"elementor-element elementor-element-fcf0d25 elementor-widget elementor-widget-heading\" data-id=\"fcf0d25\" data-element_type=\"widget\" data-widget_type=\"heading.default\">\n\t\t\t\t<div class=\"elementor-widget-container\">\n\t\t\t\t\t<h2 class=\"elementor-heading-title elementor-size-default\">W\u00e4ge- und Dosierl\u00f6sungen f\u00fcr betriebliche Effizienz<\/h2>\t\t\t\t<\/div>\n\t\t\t\t<\/div>\n\t\t\t\t<div class=\"elementor-element elementor-element-b701a82 elementor-widget-divider--view-line elementor-widget elementor-widget-divider\" data-id=\"b701a82\" data-element_type=\"widget\" data-widget_type=\"divider.default\">\n\t\t\t\t<div class=\"elementor-widget-container\">\n\t\t\t\t\t\t\t<div class=\"elementor-divider\">\n\t\t\t<span class=\"elementor-divider-separator\">\n\t\t\t\t\t\t<\/span>\n\t\t<\/div>\n\t\t\t\t\t\t<\/div>\n\t\t\t\t<\/div>\n\t\t\t\t<div class=\"elementor-element elementor-element-745e4a8 elementor-widget elementor-widget-text-editor\" data-id=\"745e4a8\" data-element_type=\"widget\" data-widget_type=\"text-editor.default\">\n\t\t\t\t<div class=\"elementor-widget-container\">\n\t\t\t\t\t\t\t\t\t<p><span style=\"font-weight: 400;\">Das ma\u00dfgeschneiderte Chemikaliendosiersystem mit Gewichtsabnahme und die ma\u00dfgeschneiderten PVC-Mehlstaub-Big-Bag-Abf\u00fcllsysteme sind beispielhafte Beispiele f\u00fcr fortschrittliche Technik und pr\u00e4zise Fertigung. Durch die Integration hochentwickelter F\u00f6rderb\u00e4nder und anderer Ger\u00e4te gehen wir auf spezifische industrielle Anforderungen ein und gew\u00e4hrleisten <\/span><b>Effizienz, Genauigkeit und Produktivit\u00e4t<\/b><span style=\"font-weight: 400;\">.<\/span><\/p><p><span style=\"font-weight: 400;\">Dadurch erf\u00fcllt jeder Teil unserer Systeml\u00f6sung, vom F\u00f6rderbandsystem bis zur Bef\u00fcllung und Entladung, die hohen Anforderungen spezieller Anwendungen. Diese Systeme sind ein Beweis f\u00fcr das Engagement <\/span><b>Exzellenz im Bereich industrieller F\u00f6rdersysteme<\/b><span style=\"font-weight: 400;\">. Sie zeigen, dass pr\u00e4zise Technik und durchdachtes Design die betriebliche Effektivit\u00e4t und Produktqualit\u00e4t in verschiedenen Industrielandschaften erheblich verbessern k\u00f6nnen.<\/span><\/p>\t\t\t\t\t\t\t\t<\/div>\n\t\t\t\t<\/div>\n\t\t\t\t\t<\/div>\n\t\t\t\t<\/div>\n\t\t<div class=\"elementor-element elementor-element-ca3d413 e-con-full e-flex e-con e-parent\" data-id=\"ca3d413\" data-element_type=\"container\" data-settings=\"{&quot;background_background&quot;:&quot;classic&quot;}\">\n\t\t\t\t<div class=\"elementor-element elementor-element-945c110 elementor-widget elementor-widget-heading\" data-id=\"945c110\" data-element_type=\"widget\" data-widget_type=\"heading.default\">\n\t\t\t\t<div class=\"elementor-widget-container\">\n\t\t\t\t\t<p class=\"elementor-heading-title elementor-size-default\">Brauche Unterst\u00fctzung? Kontaktieren Sie uns noch heute, wir werden Ihnen so schnell wie m\u00f6glich antworten<\/p>\t\t\t\t<\/div>\n\t\t\t\t<\/div>\n\t\t\t\t<div class=\"elementor-element elementor-element-b89c2f8 elementor-align-center elementor-mobile-align-center elementor-widget elementor-widget-button\" data-id=\"b89c2f8\" data-element_type=\"widget\" data-widget_type=\"button.default\">\n\t\t\t\t<div class=\"elementor-widget-container\">\n\t\t\t\t\t\t\t\t\t<div class=\"elementor-button-wrapper\">\n\t\t\t\t\t<a class=\"elementor-button elementor-button-link elementor-size-md\" href=\"\/de\/kontaktiere-uns\/\">\n\t\t\t\t\t\t<span class=\"elementor-button-content-wrapper\">\n\t\t\t\t\t\t\t\t\t<span class=\"elementor-button-text\">Kontaktiere uns<\/span>\n\t\t\t\t\t<\/span>\n\t\t\t\t\t<\/a>\n\t\t\t\t<\/div>\n\t\t\t\t\t\t\t\t<\/div>\n\t\t\t\t<\/div>\n\t\t\t\t<\/div>\n\t\t\t\t<\/div>","protected":false},"excerpt":{"rendered":"<p>W\u00e4ge- und Dosierl\u00f6sungen Pr\u00e4zise W\u00e4ge- und Dosierl\u00f6sungen sind entscheidend f\u00fcr die Aufrechterhaltung der Produktqualit\u00e4t und der Betriebseffizienz. Diese Systeme sind unerl\u00e4sslich, um Materialabf\u00e4lle zu minimieren und die Ressourcennutzung zu maximieren. Dies wiederum wirkt sich direkt auf das Endergebnis eines Unternehmens aus, indem es die Kosteneffizienz der Produktionsprozesse optimiert. Die Ingenieure f\u00fcr chemische Dosiersysteme mit Gewichtsverlust bei Spiroflow haben ein [\u2026]<\/p>","protected":false},"author":2,"featured_media":722,"parent":0,"menu_order":0,"comment_status":"closed","ping_status":"closed","template":"","meta":{"content-type":"","footnotes":""},"class_list":["post-709","page","type-page","status-publish","has-post-thumbnail","hentry"],"_links":{"self":[{"href":"https:\/\/www.spiroflow.com\/de\/wp-json\/wp\/v2\/pages\/709","targetHints":{"allow":["GET"]}}],"collection":[{"href":"https:\/\/www.spiroflow.com\/de\/wp-json\/wp\/v2\/pages"}],"about":[{"href":"https:\/\/www.spiroflow.com\/de\/wp-json\/wp\/v2\/types\/page"}],"author":[{"embeddable":true,"href":"https:\/\/www.spiroflow.com\/de\/wp-json\/wp\/v2\/users\/2"}],"replies":[{"embeddable":true,"href":"https:\/\/www.spiroflow.com\/de\/wp-json\/wp\/v2\/comments?post=709"}],"version-history":[{"count":0,"href":"https:\/\/www.spiroflow.com\/de\/wp-json\/wp\/v2\/pages\/709\/revisions"}],"wp:featuredmedia":[{"embeddable":true,"href":"https:\/\/www.spiroflow.com\/de\/wp-json\/wp\/v2\/media\/722"}],"wp:attachment":[{"href":"https:\/\/www.spiroflow.com\/de\/wp-json\/wp\/v2\/media?parent=709"}],"curies":[{"name":"wp","href":"https:\/\/api.w.org\/{rel}","templated":true}]}}