{"id":711,"date":"2023-08-11T13:17:50","date_gmt":"2023-08-11T13:17:50","guid":{"rendered":"https:\/\/spiroflow1.wpengine.com\/?page_id=711"},"modified":"2024-03-20T17:19:46","modified_gmt":"2024-03-20T17:19:46","slug":"halbautomatische-abfulllosungen","status":"publish","type":"page","link":"https:\/\/www.spiroflow.com\/de\/halbautomatische-abfulllosungen\/","title":{"rendered":"Halbautomatische Abf\u00fclll\u00f6sungen"},"content":{"rendered":"<div data-elementor-type=\"wp-page\" data-elementor-id=\"711\" class=\"elementor elementor-711\" data-elementor-post-type=\"page\">\n\t\t\t\t<div class=\"elementor-element elementor-element-fa8f271 e-flex e-con-boxed e-con e-parent\" data-id=\"fa8f271\" data-element_type=\"container\" data-settings=\"{&quot;background_background&quot;:&quot;classic&quot;}\">\n\t\t\t\t\t<div class=\"e-con-inner\">\n\t\t\t\t<div class=\"elementor-element elementor-element-365e086 elementor-widget elementor-widget-heading\" data-id=\"365e086\" data-element_type=\"widget\" data-widget_type=\"heading.default\">\n\t\t\t\t<div class=\"elementor-widget-container\">\n\t\t\t\t\t<h1 class=\"elementor-heading-title elementor-size-default\">Halbautomatische Abf\u00fclll\u00f6sungen<\/h1>\t\t\t\t<\/div>\n\t\t\t\t<\/div>\n\t\t\t\t\t<\/div>\n\t\t\t\t<\/div>\n\t\t<div class=\"elementor-element elementor-element-e8d9e7c e-flex e-con-boxed e-con e-parent\" data-id=\"e8d9e7c\" data-element_type=\"container\">\n\t\t\t\t\t<div class=\"e-con-inner\">\n\t\t\t\t<div class=\"elementor-element elementor-element-8f7b571 elementor-widget elementor-widget-text-editor\" data-id=\"8f7b571\" data-element_type=\"widget\" data-widget_type=\"text-editor.default\">\n\t\t\t\t<div class=\"elementor-widget-container\">\n\t\t\t\t\t\t\t\t\t<p><span style=\"font-weight: 400;\">Bei Spiroflow sind wir stolz auf unsere Ingenieurskunst <\/span><b>halbautomatische Abf\u00fclll\u00f6sungen<\/b><span style=\"font-weight: 400;\"> die einen erheblichen Effizienz- und Produktivit\u00e4tssprung darstellen. Sie sind besonders hilfreich f\u00fcr Gro\u00dfverbraucher in industriellen Umgebungen.<\/span><\/p>\t\t\t\t\t\t\t\t<\/div>\n\t\t\t\t<\/div>\n\t\t\t\t\t<\/div>\n\t\t\t\t<\/div>\n\t\t<div class=\"elementor-element elementor-element-f4f52c3 e-flex e-con-boxed e-con e-parent\" data-id=\"f4f52c3\" data-element_type=\"container\">\n\t\t\t\t\t<div class=\"e-con-inner\">\n\t\t\t\t<div class=\"elementor-element elementor-element-f1b206a elementor-widget__width-initial elementor-widget-mobile__width-inherit elementor-widget elementor-widget-text-editor\" data-id=\"f1b206a\" data-element_type=\"widget\" data-widget_type=\"text-editor.default\">\n\t\t\t\t<div class=\"elementor-widget-container\">\n\t\t\t\t\t\t\t\t\t<p><span style=\"font-weight: 400;\">Unsere fortschrittlichen Systeme sind sorgf\u00e4ltig darauf ausgelegt, den Abf\u00fcllprozess zu rationalisieren und einen kontinuierlichen Betrieb zu gew\u00e4hrleisten, der manuelle Eingriffe in den kritischen Phasen des Entladens jedes Beutels oder Kartons \u00fcberfl\u00fcssig macht. Das Herzst\u00fcck unserer Anlagen ist ein ausgekl\u00fcgeltes F\u00f6rderbandsystem, das dabei eine entscheidende Rolle spielt <\/span><b>Automatisierung der Bewegung und Handhabung von Materialien<\/b><span style=\"font-weight: 400;\">.<\/span><\/p>\t\t\t\t\t\t\t\t<\/div>\n\t\t\t\t<\/div>\n\t\t\t\t<div class=\"elementor-element elementor-element-e3b3b50 elementor-widget__width-initial elementor-widget-mobile__width-inherit elementor-widget elementor-widget-image\" data-id=\"e3b3b50\" data-element_type=\"widget\" data-widget_type=\"image.default\">\n\t\t\t\t<div class=\"elementor-widget-container\">\n\t\t\t\t\t\t\t\t\t\t\t\t\t\t\t<img fetchpriority=\"high\" decoding=\"async\" width=\"589\" height=\"589\" src=\"https:\/\/www.spiroflow.com\/wp-content\/uploads\/2023\/08\/equip-filling-solutions-01.webp\" class=\"attachment-medium_large size-medium_large wp-image-724\" alt=\"Eine Grafik, die den Aufbau des halbautomatischen Systems zeigt\" srcset=\"https:\/\/www.spiroflow.com\/wp-content\/uploads\/2023\/08\/equip-filling-solutions-01.webp 589w, https:\/\/www.spiroflow.com\/wp-content\/uploads\/2023\/08\/equip-filling-solutions-01-300x300.webp 300w, https:\/\/www.spiroflow.com\/wp-content\/uploads\/2023\/08\/equip-filling-solutions-01-150x150.webp 150w\" sizes=\"(max-width: 589px) 100vw, 589px\" \/>\t\t\t\t\t\t\t\t\t\t\t\t\t\t\t<\/div>\n\t\t\t\t<\/div>\n\t\t\t\t\t<\/div>\n\t\t\t\t<\/div>\n\t\t<div class=\"elementor-element elementor-element-51f52b7 e-flex e-con-boxed e-con e-parent\" data-id=\"51f52b7\" data-element_type=\"container\">\n\t\t\t\t\t<div class=\"e-con-inner\">\n\t\t\t\t<div class=\"elementor-element elementor-element-c2ee219 elementor-widget elementor-widget-heading\" data-id=\"c2ee219\" data-element_type=\"widget\" data-widget_type=\"heading.default\">\n\t\t\t\t<div class=\"elementor-widget-container\">\n\t\t\t\t\t<h2 class=\"elementor-heading-title elementor-size-default\">Optimierte Materialhandhabung halbautomatischer Abf\u00fclll\u00f6sungen<\/h2>\t\t\t\t<\/div>\n\t\t\t\t<\/div>\n\t\t\t\t<div class=\"elementor-element elementor-element-978c658 elementor-widget elementor-widget-text-editor\" data-id=\"978c658\" data-element_type=\"widget\" data-widget_type=\"text-editor.default\">\n\t\t\t\t<div class=\"elementor-widget-container\">\n\t\t\t\t\t\t\t\t\t<p><span style=\"font-weight: 400;\">In unserem typischen halbautomatischen Abf\u00fcllaufbau werden Paletten automatisch der Abf\u00fcllanlage zugef\u00fchrt, um eine nahtlose Versorgung mit zu verarbeitenden Materialien zu gew\u00e4hrleisten. Erm\u00f6glicht wird dies durch unsere hochmodernen F\u00f6rderbandl\u00f6sungen <\/span><b>wesentlich f\u00fcr die Aufrechterhaltung des Flusses und der Effizienz<\/b><span style=\"font-weight: 400;\"> der Operation. Die Beutel selbst sind sicher an pneumatisch bet\u00e4tigten Haken befestigt, ein Merkmal, das den Anspruch unseres Systems an Pr\u00e4zision und Zuverl\u00e4ssigkeit unterstreicht.<\/span><\/p>\t\t\t\t\t\t\t\t<\/div>\n\t\t\t\t<\/div>\n\t\t\t\t\t<\/div>\n\t\t\t\t<\/div>\n\t\t<div class=\"elementor-element elementor-element-8233db9 e-flex e-con-boxed e-con e-parent\" data-id=\"8233db9\" data-element_type=\"container\">\n\t\t\t\t\t<div class=\"e-con-inner\">\n\t\t\t\t<div class=\"elementor-element elementor-element-65b70ea elementor-widget elementor-widget-heading\" data-id=\"65b70ea\" data-element_type=\"widget\" data-widget_type=\"heading.default\">\n\t\t\t\t<div class=\"elementor-widget-container\">\n\t\t\t\t\t<h3 class=\"elementor-heading-title elementor-size-default\">Automatisierter \u00dcbergang und effiziente Nachbef\u00fcllung der Bef\u00f6rderung<\/h3>\t\t\t\t<\/div>\n\t\t\t\t<\/div>\n\t\t\t\t<div class=\"elementor-element elementor-element-9df809a elementor-widget elementor-widget-text-editor\" data-id=\"9df809a\" data-element_type=\"widget\" data-widget_type=\"text-editor.default\">\n\t\t\t\t<div class=\"elementor-widget-container\">\n\t\t\t\t\t\t\t\t\t<p><span style=\"font-weight: 400;\">Sobald die F\u00fcllphase abgeschlossen ist, stellt unser System seine autonomen F\u00e4higkeiten unter Beweis, indem es die Schleifen automatisch freigibt. Dies markiert die <\/span><b>\u00dcbergang von der Bef\u00fcllung zur n\u00e4chsten Phase<\/b><span style=\"font-weight: 400;\"> der Operation. Nach dem Bef\u00fcllen werden die S\u00e4cke umgehend \u00fcber angetriebene Abzugsf\u00f6rderb\u00e4nder, die ein wesentlicher Bestandteil unseres Bandf\u00f6rdersystems sind, entlang der Produktionslinie transportiert. Dies optimiert nicht nur den Arbeitsablauf, sondern minimiert auch die Zeit, die jeder Beutel in der \u00dcbergangsphase verbringt, und steigert so die Gesamtproduktivit\u00e4t.<\/span><\/p>\t\t\t\t\t\t\t\t<\/div>\n\t\t\t\t<\/div>\n\t\t\t\t<div class=\"elementor-element elementor-element-002c2ee elementor-widget elementor-widget-heading\" data-id=\"002c2ee\" data-element_type=\"widget\" data-widget_type=\"heading.default\">\n\t\t\t\t<div class=\"elementor-widget-container\">\n\t\t\t\t\t<h3 class=\"elementor-heading-title elementor-size-default\">Vielseitiger Materialtransport<\/h3>\t\t\t\t<\/div>\n\t\t\t\t<\/div>\n\t\t\t\t<div class=\"elementor-element elementor-element-613c9a1 elementor-widget elementor-widget-text-editor\" data-id=\"613c9a1\" data-element_type=\"widget\" data-widget_type=\"text-editor.default\">\n\t\t\t\t<div class=\"elementor-widget-container\">\n\t\t\t\t\t\t\t\t\t<p><span style=\"font-weight: 400;\">Die Integration von F\u00f6rdertechnologien, wie zum Beispiel der flexiblen F\u00f6rderschnecke, erh\u00f6ht die Flexibilit\u00e4t und Anpassungsf\u00e4higkeit unserer industriellen F\u00f6rdersysteme zus\u00e4tzlich. Diese F\u00f6rderer sind f\u00fcr ihre F\u00e4higkeit bekannt <\/span><b>k\u00f6nnen mit einer Vielzahl von Materialien umgehen<\/b><span style=\"font-weight: 400;\">Dies verleiht unseren halbautomatischen Abf\u00fclll\u00f6sungen eine zus\u00e4tzliche Vielseitigkeit.<\/span><\/p>\t\t\t\t\t\t\t\t<\/div>\n\t\t\t\t<\/div>\n\t\t\t\t\t<\/div>\n\t\t\t\t<\/div>\n\t\t<div class=\"elementor-element elementor-element-e38e384 e-flex e-con-boxed e-con e-parent\" data-id=\"e38e384\" data-element_type=\"container\">\n\t\t\t\t\t<div class=\"e-con-inner\">\n\t\t\t\t<div class=\"elementor-element elementor-element-fbce030 elementor-widget elementor-widget-heading\" data-id=\"fbce030\" data-element_type=\"widget\" data-widget_type=\"heading.default\">\n\t\t\t\t<div class=\"elementor-widget-container\">\n\t\t\t\t\t<h2 class=\"elementor-heading-title elementor-size-default\">Nahtlose Integration halbautomatischer Abf\u00fclll\u00f6sungen<\/h2>\t\t\t\t<\/div>\n\t\t\t\t<\/div>\n\t\t\t\t<div class=\"elementor-element elementor-element-978e392 elementor-widget elementor-widget-text-editor\" data-id=\"978e392\" data-element_type=\"widget\" data-widget_type=\"text-editor.default\">\n\t\t\t\t<div class=\"elementor-widget-container\">\n\t\t\t\t\t\t\t\t\t<p><span style=\"font-weight: 400;\">Unsere halbautomatischen Abf\u00fclll\u00f6sungen, angetrieben durch fortschrittliche F\u00f6rderbandsysteme und -technologien, bieten eine robuste und effiziente M\u00f6glichkeit <\/span><b>Steigern Sie die Produktivit\u00e4t gro\u00dfvolumiger Benutzer<\/b><span style=\"font-weight: 400;\">. Die nahtlose Integration dieser Systeme und F\u00f6rderbandl\u00f6sungen und -technologien gew\u00e4hrleistet einen reibungslosen, kontinuierlichen Betrieb und markiert einen bedeutenden Fortschritt in der industriellen Materialhandhabung und -verarbeitung.<\/span><\/p><p><span style=\"font-weight: 400;\">Zu den Hauptmerkmalen unserer halbautomatischen Abf\u00fclll\u00f6sungen geh\u00f6ren:<\/span><\/p><ul><li style=\"font-weight: 400;\" aria-level=\"1\"><b>Dauerbetrieb<\/b><span style=\"font-weight: 400;\"> \u2013 Das Anhalten und Entladen jedes einzelnen Beutels oder Kartons entf\u00e4llt, wodurch ein reibungsloser Produktionsfluss gew\u00e4hrleistet wird.<\/span><\/li><li style=\"font-weight: 400;\" aria-level=\"1\"><b>Automatisierte Palettenzuf\u00fchrung<\/b><span style=\"font-weight: 400;\"> \u2013 Paletten werden automatisch der Abf\u00fcllanlage zugef\u00fchrt, erleichtert durch fortschrittliche F\u00f6rderbandl\u00f6sungen von Spiroflow.<\/span><\/li><li style=\"font-weight: 400;\" aria-level=\"1\"><b>Pneumatisch betriebene Haken<\/b><span style=\"font-weight: 400;\"> \u2013 Schlaufen und halten Sie die Beutel w\u00e4hrend des F\u00fcllvorgangs sicher, um Pr\u00e4zision und Zuverl\u00e4ssigkeit zu gew\u00e4hrleisten.<\/span><\/li><li style=\"font-weight: 400;\" aria-level=\"1\"><b>Automatische Loop-Freigabe<\/b><span style=\"font-weight: 400;\"> \u2013 Nach dem Bef\u00fcllen werden die Schleifen automatisch freigegeben, was den \u00dcbergang zur n\u00e4chsten Betriebsphase vereinfacht.<\/span><\/li><li style=\"font-weight: 400;\" aria-level=\"1\"><b>Angetriebenes Abzugsband<\/b><span style=\"font-weight: 400;\"> \u2013 Bewegt die gef\u00fcllten Beutel effizient entlang der Produktionslinie, integriert in das F\u00f6rderbandsystem.<\/span><\/li><li style=\"font-weight: 400;\" aria-level=\"1\"><b>Integration mit F\u00f6rderl\u00f6sungen<\/b><span style=\"font-weight: 400;\"> \u2013 Systeme wie F\u00f6rderbandsysteme von Spiroflow erh\u00f6hen die Vielseitigkeit bei der Handhabung einer breiten Palette von Materialien.<\/span><\/li><li style=\"font-weight: 400;\" aria-level=\"1\"><b>Anpassung des Systems<\/b><span style=\"font-weight: 400;\"> \u2013 Als f\u00fchrender Hersteller von F\u00f6rdersystemen bieten wir ma\u00dfgeschneiderte L\u00f6sungen f\u00fcr spezifische industrielle Anforderungen.<\/span><\/li><\/ul>\t\t\t\t\t\t\t\t<\/div>\n\t\t\t\t<\/div>\n\t\t\t\t<div class=\"elementor-element elementor-element-eb4e76c elementor-widget elementor-widget-text-editor\" data-id=\"eb4e76c\" data-element_type=\"widget\" data-widget_type=\"text-editor.default\">\n\t\t\t\t<div class=\"elementor-widget-container\">\n\t\t\t\t\t\t\t\t\t<p><span style=\"font-weight: 400;\">Wir sind die Hersteller von F\u00f6rderb\u00e4ndern, die sich Ihrem Erfolg verschrieben haben und nicht nur L\u00f6sungen, sondern auch Folgendes bieten <\/span><b>Weg in eine effizientere und produktivere Zukunft<\/b><span style=\"font-weight: 400;\">.<\/span><\/p>\t\t\t\t\t\t\t\t<\/div>\n\t\t\t\t<\/div>\n\t\t\t\t<div class=\"elementor-element elementor-element-f408836 elementor-widget elementor-widget-heading\" data-id=\"f408836\" data-element_type=\"widget\" data-widget_type=\"heading.default\">\n\t\t\t\t<div class=\"elementor-widget-container\">\n\t\t\t\t\t<h2 class=\"elementor-heading-title elementor-size-default\">Erstellen Sie ma\u00dfgeschneiderte L\u00f6sungen mit Herstellern von F\u00f6rderb\u00e4ndern\n<\/h2>\t\t\t\t<\/div>\n\t\t\t\t<\/div>\n\t\t\t\t<div class=\"elementor-element elementor-element-3153ac4 elementor-widget elementor-widget-text-editor\" data-id=\"3153ac4\" data-element_type=\"widget\" data-widget_type=\"text-editor.default\">\n\t\t\t\t<div class=\"elementor-widget-container\">\n\t\t\t\t\t\t\t\t\t<p><span style=\"font-weight: 400;\">Als Branchenf\u00fchrer ist Spiroflow mehr als nur Hersteller von F\u00f6rdersystemen \u2013 wir sind Ihr Partner bei der Bereitstellung <\/span><b>ma\u00dfgeschneiderte L\u00f6sungen, die den spezifischen Anforderungen gerecht werden<\/b><span style=\"font-weight: 400;\"> verschiedener industrieller Anwendungen. Ob es sich um ein ma\u00dfgeschneidertes F\u00f6rderbandsystem oder ein eher standardisiertes industrielles F\u00f6rdersystem handelt, wir nutzen unser Fachwissen, um L\u00f6sungen zu liefern, die auf die betrieblichen Ziele unserer Kunden abgestimmt sind.<\/span><\/p>\t\t\t\t\t\t\t\t<\/div>\n\t\t\t\t<\/div>\n\t\t\t\t\t<\/div>\n\t\t\t\t<\/div>\n\t\t<div class=\"elementor-element elementor-element-6b7a45b e-con-full e-flex e-con e-parent\" data-id=\"6b7a45b\" data-element_type=\"container\" data-settings=\"{&quot;background_background&quot;:&quot;classic&quot;}\">\n\t\t\t\t<div class=\"elementor-element elementor-element-4af5ad6 elementor-widget elementor-widget-heading\" data-id=\"4af5ad6\" data-element_type=\"widget\" data-widget_type=\"heading.default\">\n\t\t\t\t<div class=\"elementor-widget-container\">\n\t\t\t\t\t<p class=\"elementor-heading-title elementor-size-default\">Brauche Unterst\u00fctzung? Kontaktieren Sie uns noch heute, wir werden Ihnen so schnell wie m\u00f6glich antworten<\/p>\t\t\t\t<\/div>\n\t\t\t\t<\/div>\n\t\t\t\t<div class=\"elementor-element elementor-element-ef7faec elementor-align-center elementor-mobile-align-center elementor-widget elementor-widget-button\" data-id=\"ef7faec\" data-element_type=\"widget\" data-widget_type=\"button.default\">\n\t\t\t\t<div class=\"elementor-widget-container\">\n\t\t\t\t\t\t\t\t\t<div class=\"elementor-button-wrapper\">\n\t\t\t\t\t<a class=\"elementor-button elementor-button-link elementor-size-md\" href=\"\/de\/kontaktiere-uns\/\">\n\t\t\t\t\t\t<span class=\"elementor-button-content-wrapper\">\n\t\t\t\t\t\t\t\t\t<span class=\"elementor-button-text\">Kontaktiere uns<\/span>\n\t\t\t\t\t<\/span>\n\t\t\t\t\t<\/a>\n\t\t\t\t<\/div>\n\t\t\t\t\t\t\t\t<\/div>\n\t\t\t\t<\/div>\n\t\t\t\t<\/div>\n\t\t\t\t<\/div>","protected":false},"excerpt":{"rendered":"<p>Halbautomatische Abf\u00fclll\u00f6sungen Bei Spiroflow sind wir stolz darauf, halbautomatische Abf\u00fclll\u00f6sungen zu entwickeln, die einen deutlichen Sprung in Sachen Effizienz und Produktivit\u00e4t bedeuten. Sie sind besonders hilfreich f\u00fcr Gro\u00dfverbraucher in industriellen Umgebungen. Unsere fortschrittlichen Systeme sind sorgf\u00e4ltig darauf ausgelegt, den Abf\u00fcllprozess zu optimieren und einen kontinuierlichen Betrieb zu erm\u00f6glichen, der manuelle Eingriffe w\u00e4hrend des [\u2026] \u00fcberfl\u00fcssig macht.<\/p>","protected":false},"author":2,"featured_media":532,"parent":0,"menu_order":0,"comment_status":"closed","ping_status":"closed","template":"","meta":{"content-type":"","footnotes":""},"class_list":["post-711","page","type-page","status-publish","has-post-thumbnail","hentry"],"_links":{"self":[{"href":"https:\/\/www.spiroflow.com\/de\/wp-json\/wp\/v2\/pages\/711","targetHints":{"allow":["GET"]}}],"collection":[{"href":"https:\/\/www.spiroflow.com\/de\/wp-json\/wp\/v2\/pages"}],"about":[{"href":"https:\/\/www.spiroflow.com\/de\/wp-json\/wp\/v2\/types\/page"}],"author":[{"embeddable":true,"href":"https:\/\/www.spiroflow.com\/de\/wp-json\/wp\/v2\/users\/2"}],"replies":[{"embeddable":true,"href":"https:\/\/www.spiroflow.com\/de\/wp-json\/wp\/v2\/comments?post=711"}],"version-history":[{"count":0,"href":"https:\/\/www.spiroflow.com\/de\/wp-json\/wp\/v2\/pages\/711\/revisions"}],"wp:featuredmedia":[{"embeddable":true,"href":"https:\/\/www.spiroflow.com\/de\/wp-json\/wp\/v2\/media\/532"}],"wp:attachment":[{"href":"https:\/\/www.spiroflow.com\/de\/wp-json\/wp\/v2\/media?parent=711"}],"curies":[{"name":"wp","href":"https:\/\/api.w.org\/{rel}","templated":true}]}}