{"id":10905,"date":"2023-08-15T07:13:39","date_gmt":"2023-08-15T07:13:39","guid":{"rendered":"https:\/\/spiroflow1.wpengine.com\/?page_id=10905"},"modified":"2024-11-29T17:48:01","modified_gmt":"2024-11-29T17:48:01","slug":"contacto-de-repuestos","status":"publish","type":"page","link":"https:\/\/www.spiroflow.com\/es\/contacto-de-repuestos\/","title":{"rendered":"Contacto de piezas de repuesto"},"content":{"rendered":"<div data-elementor-type=\"wp-page\" data-elementor-id=\"10905\" class=\"elementor elementor-10905\" data-elementor-post-type=\"page\">\n\t\t\t\t<div class=\"elementor-element elementor-element-1bbceec e-flex e-con-boxed e-con e-parent\" data-id=\"1bbceec\" data-element_type=\"container\" data-settings=\"{&quot;background_background&quot;:&quot;classic&quot;}\">\n\t\t\t\t\t<div class=\"e-con-inner\">\n\t\t\t\t<div class=\"elementor-element elementor-element-c909334 elementor-widget elementor-widget-heading\" data-id=\"c909334\" data-element_type=\"widget\" data-widget_type=\"heading.default\">\n\t\t\t\t<div class=\"elementor-widget-container\">\n\t\t\t\t\t<h1 class=\"elementor-heading-title elementor-size-default\">Repuestos y piezas de recambio \u2013 Cont\u00e1ctenos<\/h1>\t\t\t\t<\/div>\n\t\t\t\t<\/div>\n\t\t\t\t\t<\/div>\n\t\t\t\t<\/div>\n\t\t<div class=\"elementor-element elementor-element-4962d41 e-flex e-con-boxed e-con e-parent\" data-id=\"4962d41\" data-element_type=\"container\" data-settings=\"{&quot;background_background&quot;:&quot;classic&quot;}\">\n\t\t\t\t\t<div class=\"e-con-inner\">\n\t\t<div class=\"elementor-element elementor-element-62fcd3c e-con-full e-flex e-con e-child\" data-id=\"62fcd3c\" data-element_type=\"container\">\n\t\t\t\t<div class=\"elementor-element elementor-element-9402a97 elementor-widget elementor-widget-text-editor\" data-id=\"9402a97\" data-element_type=\"widget\" data-widget_type=\"text-editor.default\">\n\t\t\t\t<div class=\"elementor-widget-container\">\n\t\t\t\t\t\t\t\t\t<p>Si necesita repuestos y repuestos de alta calidad para su equipo, complete el siguiente formulario con la mayor cantidad de informaci\u00f3n posible.<\/p><p>Si no est\u00e1 seguro de qu\u00e9 es lo que necesita, suba una foto con su consulta.<\/p><p>Alternativamente, puede llamar al 01200 401781 para el departamento de repuestos del Reino Unido o al (704) 766-8673 para el departamento de EE. UU.<\/p>\t\t\t\t\t\t\t\t<\/div>\n\t\t\t\t<\/div>\n\t\t\t\t<div class=\"elementor-element elementor-element-7512630 elementor-widget elementor-widget-html\" data-id=\"7512630\" data-element_type=\"widget\" data-widget_type=\"html.default\">\n\t\t\t\t<div class=\"elementor-widget-container\">\n\t\t\t\t\t<script charset=\"utf-8\" type=\"text\/javascript\" src=\"\/\/js.hsforms.net\/forms\/embed\/v2.js\"><\/script>\r\n<script>\r\n  hbspt.forms.create({\r\n    portalId: \"5212366\",\r\n    formId: \"a8112dbe-f6cd-49c5-b9ac-118a136c7351\"\r\n  });\r\n<\/script>\t\t\t\t<\/div>\n\t\t\t\t<\/div>\n\t\t\t\t<\/div>\n\t\t\t\t\t<\/div>\n\t\t\t\t<\/div>\n\t\t\t\t<\/div>","protected":false},"excerpt":{"rendered":"<p>Repuestos y piezas de repuesto: cont\u00e1ctenos. Si necesita repuestos y piezas de repuesto de alta calidad para su equipo, complete el formulario a continuaci\u00f3n con la mayor cantidad de informaci\u00f3n posible. Si no est\u00e1 seguro de lo que necesita, adjunte una foto a su consulta. Tambi\u00e9n puede llamar al 01200 401781 para el Reino Unido [\u2026]<\/p>","protected":false},"author":2,"featured_media":0,"parent":0,"menu_order":0,"comment_status":"closed","ping_status":"closed","template":"","meta":{"content-type":"","footnotes":""},"class_list":["post-10905","page","type-page","status-publish","hentry"],"_links":{"self":[{"href":"https:\/\/www.spiroflow.com\/es\/wp-json\/wp\/v2\/pages\/10905","targetHints":{"allow":["GET"]}}],"collection":[{"href":"https:\/\/www.spiroflow.com\/es\/wp-json\/wp\/v2\/pages"}],"about":[{"href":"https:\/\/www.spiroflow.com\/es\/wp-json\/wp\/v2\/types\/page"}],"author":[{"embeddable":true,"href":"https:\/\/www.spiroflow.com\/es\/wp-json\/wp\/v2\/users\/2"}],"replies":[{"embeddable":true,"href":"https:\/\/www.spiroflow.com\/es\/wp-json\/wp\/v2\/comments?post=10905"}],"version-history":[{"count":0,"href":"https:\/\/www.spiroflow.com\/es\/wp-json\/wp\/v2\/pages\/10905\/revisions"}],"wp:attachment":[{"href":"https:\/\/www.spiroflow.com\/es\/wp-json\/wp\/v2\/media?parent=10905"}],"curies":[{"name":"Gracias","href":"https:\/\/api.w.org\/{rel}","templated":true}]}}