{"id":10914,"date":"2023-08-15T07:58:06","date_gmt":"2023-08-15T07:58:06","guid":{"rendered":"https:\/\/spiroflow1.wpengine.com\/?page_id=10914"},"modified":"2024-03-04T23:36:02","modified_gmt":"2024-03-04T23:36:02","slug":"cables-de-repuesto-para-transportadores-aeromecanicos","status":"publish","type":"page","link":"https:\/\/www.spiroflow.com\/es\/piezas-de-repuesto\/cables-de-repuesto-para-transportadores-aeromecanicos\/","title":{"rendered":"Cables de repuesto para transportadores aeromec\u00e1nicos"},"content":{"rendered":"<div data-elementor-type=\"wp-page\" data-elementor-id=\"10914\" class=\"elementor elementor-10914\" data-elementor-post-type=\"page\">\n\t\t\t\t<div class=\"elementor-element elementor-element-1ed4c89 e-flex e-con-boxed e-con e-parent\" data-id=\"1ed4c89\" data-element_type=\"container\" data-settings=\"{&quot;background_background&quot;:&quot;classic&quot;}\">\n\t\t\t\t\t<div class=\"e-con-inner\">\n\t\t\t\t<div class=\"elementor-element elementor-element-4159dba elementor-widget elementor-widget-heading\" data-id=\"4159dba\" data-element_type=\"widget\" data-widget_type=\"heading.default\">\n\t\t\t\t<div class=\"elementor-widget-container\">\n\t\t\t\t\t<h1 class=\"elementor-heading-title elementor-size-default\">Cables de repuesto para transportadores aeromec\u00e1nicos<\/h1>\t\t\t\t<\/div>\n\t\t\t\t<\/div>\n\t\t\t\t\t<\/div>\n\t\t\t\t<\/div>\n\t\t<div class=\"elementor-element elementor-element-a63c484 e-flex e-con-boxed e-con e-parent\" data-id=\"a63c484\" data-element_type=\"container\">\n\t\t\t\t\t<div class=\"e-con-inner\">\n\t\t<div class=\"elementor-element elementor-element-203c178 e-con-full e-flex e-con e-child\" data-id=\"203c178\" data-element_type=\"container\">\n\t\t\t\t<div class=\"elementor-element elementor-element-e7237ac elementor-widget elementor-widget-image\" data-id=\"e7237ac\" data-element_type=\"widget\" data-widget_type=\"image.default\">\n\t\t\t\t<div class=\"elementor-widget-container\">\n\t\t\t\t\t\t\t\t\t\t\t\t\t\t\t<img fetchpriority=\"high\" decoding=\"async\" width=\"800\" height=\"600\" src=\"https:\/\/www.spiroflow.com\/wp-content\/uploads\/2013\/11\/3-Cableflow-Tubular-Drag-Conveyor-Coffee-Eight-OClock-1024x768.jpg\" class=\"attachment-large size-large wp-image-7090\" alt=\"Transportador de arrastre tubular Cableflow, caf\u00e9 (ocho en punto)\" srcset=\"https:\/\/www.spiroflow.com\/wp-content\/uploads\/2013\/11\/3-Cableflow-Tubular-Drag-Conveyor-Coffee-Eight-OClock-1024x768.jpg 1024w, https:\/\/www.spiroflow.com\/wp-content\/uploads\/2013\/11\/3-Cableflow-Tubular-Drag-Conveyor-Coffee-Eight-OClock-300x225.jpg 300w, https:\/\/www.spiroflow.com\/wp-content\/uploads\/2013\/11\/3-Cableflow-Tubular-Drag-Conveyor-Coffee-Eight-OClock-768x576.jpg 768w, https:\/\/www.spiroflow.com\/wp-content\/uploads\/2013\/11\/3-Cableflow-Tubular-Drag-Conveyor-Coffee-Eight-OClock-1536x1152.jpg 1536w, https:\/\/www.spiroflow.com\/wp-content\/uploads\/2013\/11\/3-Cableflow-Tubular-Drag-Conveyor-Coffee-Eight-OClock-2048x1536.jpg 2048w\" sizes=\"(max-width: 800px) 100vw, 800px\" \/>\t\t\t\t\t\t\t\t\t\t\t\t\t\t\t<\/div>\n\t\t\t\t<\/div>\n\t\t\t\t<\/div>\n\t\t<div class=\"elementor-element elementor-element-b9a4cef e-con-full e-flex e-con e-child\" data-id=\"b9a4cef\" data-element_type=\"container\">\n\t\t\t\t<div class=\"elementor-element elementor-element-4acd302 elementor-widget elementor-widget-heading\" data-id=\"4acd302\" data-element_type=\"widget\" data-widget_type=\"heading.default\">\n\t\t\t\t<div class=\"elementor-widget-container\">\n\t\t\t\t\t<h2 class=\"elementor-heading-title elementor-size-default\">Piezas de repuesto de calidad<\/h2>\t\t\t\t<\/div>\n\t\t\t\t<\/div>\n\t\t\t\t<div class=\"elementor-element elementor-element-848b56e elementor-widget-divider--view-line elementor-widget elementor-widget-divider\" data-id=\"848b56e\" data-element_type=\"widget\" data-widget_type=\"divider.default\">\n\t\t\t\t<div class=\"elementor-widget-container\">\n\t\t\t\t\t\t\t<div class=\"elementor-divider\">\n\t\t\t<span class=\"elementor-divider-separator\">\n\t\t\t\t\t\t<\/span>\n\t\t<\/div>\n\t\t\t\t\t\t<\/div>\n\t\t\t\t<\/div>\n\t\t\t\t<div class=\"elementor-element elementor-element-9f70e0a elementor-widget elementor-widget-text-editor\" data-id=\"9f70e0a\" data-element_type=\"widget\" data-widget_type=\"text-editor.default\">\n\t\t\t\t<div class=\"elementor-widget-container\">\n\t\t\t\t\t\t\t\t\t<p>Las piezas originales del transportador aeromec\u00e1nico de Spiroflow son incomparables. Est\u00e1n optimizados para los requisitos del usuario y de la m\u00e1quina, y se distinguen por su larga vida \u00fatil, calidad superior e instalaci\u00f3n sencilla. Incluso cuando una l\u00ednea no funciona por un corto tiempo, cuesta tiempo y dinero, as\u00ed que no se deje tentar por precios que parezcan m\u00e1s bajos. La diferencia entre una pieza original y una r\u00e9plica est\u00e1 en la calidad. Los repuestos originales de Spiroflow se fabrican con materiales de primera calidad que se adaptan con precisi\u00f3n a las demandas operativas de nuestros equipos.<\/p>\t\t\t\t\t\t\t\t<\/div>\n\t\t\t\t<\/div>\n\t\t\t\t<div class=\"elementor-element elementor-element-529fb29 elementor-widget elementor-widget-accordion\" data-id=\"529fb29\" data-element_type=\"widget\" data-widget_type=\"accordion.default\">\n\t\t\t\t<div class=\"elementor-widget-container\">\n\t\t\t\t\t\t\t<div class=\"elementor-accordion\">\n\t\t\t\t\t\t\t<div class=\"elementor-accordion-item\">\n\t\t\t\t\t<div id=\"elementor-tab-title-8661\" class=\"elementor-tab-title\" data-tab=\"1\" role=\"button\" aria-controls=\"elementor-tab-content-8661\" aria-expanded=\"false\">\n\t\t\t\t\t\t\t\t\t\t\t\t\t<span class=\"elementor-accordion-icon elementor-accordion-icon-left\" aria-hidden=\"true\">\n\t\t\t\t\t\t\t\t\t\t\t\t\t\t\t<span class=\"elementor-accordion-icon-closed\"><i class=\"fas fa-plus\"><\/i><\/span>\n\t\t\t\t\t\t\t\t<span class=\"elementor-accordion-icon-opened\"><i class=\"fas fa-minus\"><\/i><\/span>\n\t\t\t\t\t\t\t\t\t\t\t\t\t\t<\/span>\n\t\t\t\t\t\t\t\t\t\t\t\t<a class=\"elementor-accordion-title\" tabindex=\"0\">oculto<\/a>\n\t\t\t\t\t<\/div>\n\t\t\t\t\t<div id=\"elementor-tab-content-8661\" class=\"elementor-tab-content elementor-clearfix\" data-tab=\"1\" role=\"region\" aria-labelledby=\"elementor-tab-title-8661\"><\/div>\n\t\t\t\t<\/div>\n\t\t\t\t\t\t\t<div class=\"elementor-accordion-item\">\n\t\t\t\t\t<div id=\"elementor-tab-title-8662\" class=\"elementor-tab-title\" data-tab=\"2\" role=\"button\" aria-controls=\"elementor-tab-content-8662\" aria-expanded=\"false\">\n\t\t\t\t\t\t\t\t\t\t\t\t\t<span class=\"elementor-accordion-icon elementor-accordion-icon-left\" aria-hidden=\"true\">\n\t\t\t\t\t\t\t\t\t\t\t\t\t\t\t<span class=\"elementor-accordion-icon-closed\"><i class=\"fas fa-plus\"><\/i><\/span>\n\t\t\t\t\t\t\t\t<span class=\"elementor-accordion-icon-opened\"><i class=\"fas fa-minus\"><\/i><\/span>\n\t\t\t\t\t\t\t\t\t\t\t\t\t\t<\/span>\n\t\t\t\t\t\t\t\t\t\t\t\t<a class=\"elementor-accordion-title\" tabindex=\"0\">Piezas de repuesto para transportadores aeromec\u00e1nicos<\/a>\n\t\t\t\t\t<\/div>\n\t\t\t\t\t<div id=\"elementor-tab-content-8662\" class=\"elementor-tab-content elementor-clearfix\" data-tab=\"2\" role=\"region\" aria-labelledby=\"elementor-tab-title-8662\"><p>Todos nuestros conjuntos de cables y discos de repuesto para transportadores aeromec\u00e1nicos est\u00e1n hechos de:<\/p><ul><li><strong>cables<\/strong>\u00a0\u2013 Cables de acero inoxidable 304 o acero inoxidable 316<\/li><li><strong>Discos<\/strong>\u00a0\u2013 Moldeado sobre discos de poliuretano aceptados por la USDA. Moldeado en discos Hytrel para aplicaciones de alta temperatura.<\/li><li><strong>Tama\u00f1os de disco<\/strong>\u00a0\u2013 \u200bDi\u00e1metros de 3\u201d (75 mm), 4\u201d (100 mm) o 5\u201d (125 mm)<\/li><\/ul><p>Otras piezas de repuesto para transportadores aeromec\u00e1nicos incluyen accesorios de extremo, carcasas de cojinetes, cojinetes, sellos, ejes de transmisi\u00f3n, ejes locos y ruedas dentadas.<\/p><\/div>\n\t\t\t\t<\/div>\n\t\t\t\t\t\t\t<div class=\"elementor-accordion-item\">\n\t\t\t\t\t<div id=\"elementor-tab-title-8663\" class=\"elementor-tab-title\" data-tab=\"3\" role=\"button\" aria-controls=\"elementor-tab-content-8663\" aria-expanded=\"false\">\n\t\t\t\t\t\t\t\t\t\t\t\t\t<span class=\"elementor-accordion-icon elementor-accordion-icon-left\" aria-hidden=\"true\">\n\t\t\t\t\t\t\t\t\t\t\t\t\t\t\t<span class=\"elementor-accordion-icon-closed\"><i class=\"fas fa-plus\"><\/i><\/span>\n\t\t\t\t\t\t\t\t<span class=\"elementor-accordion-icon-opened\"><i class=\"fas fa-minus\"><\/i><\/span>\n\t\t\t\t\t\t\t\t\t\t\t\t\t\t<\/span>\n\t\t\t\t\t\t\t\t\t\t\t\t<a class=\"elementor-accordion-title\" tabindex=\"0\">Art\u00edculos en existencia del transportador aeromec\u00e1nico<\/a>\n\t\t\t\t\t<\/div>\n\t\t\t\t\t<div id=\"elementor-tab-content-8663\" class=\"elementor-tab-content elementor-clearfix\" data-tab=\"3\" role=\"region\" aria-labelledby=\"elementor-tab-title-8663\"><p>Disponemos de conjuntos de cables, accesorios de extremo, carcasas de cojinetes, cojinetes, sellos, ejes de transmisi\u00f3n, ejes locos y ruedas dentadas.<\/p><\/div>\n\t\t\t\t<\/div>\n\t\t\t\t\t\t\t<div class=\"elementor-accordion-item\">\n\t\t\t\t\t<div id=\"elementor-tab-title-8664\" class=\"elementor-tab-title\" data-tab=\"4\" role=\"button\" aria-controls=\"elementor-tab-content-8664\" aria-expanded=\"false\">\n\t\t\t\t\t\t\t\t\t\t\t\t\t<span class=\"elementor-accordion-icon elementor-accordion-icon-left\" aria-hidden=\"true\">\n\t\t\t\t\t\t\t\t\t\t\t\t\t\t\t<span class=\"elementor-accordion-icon-closed\"><i class=\"fas fa-plus\"><\/i><\/span>\n\t\t\t\t\t\t\t\t<span class=\"elementor-accordion-icon-opened\"><i class=\"fas fa-minus\"><\/i><\/span>\n\t\t\t\t\t\t\t\t\t\t\t\t\t\t<\/span>\n\t\t\t\t\t\t\t\t\t\t\t\t<a class=\"elementor-accordion-title\" tabindex=\"0\">Transportador aeromec\u00e1nico Art\u00edculos sin inventario<\/a>\n\t\t\t\t\t<\/div>\n\t\t\t\t\t<div id=\"elementor-tab-content-8664\" class=\"elementor-tab-content elementor-clearfix\" data-tab=\"4\" role=\"region\" aria-labelledby=\"elementor-tab-title-8664\"><p>Los art\u00edculos que no est\u00e1n en stock suelen ser motores y cajas de cambios.<\/p><\/div>\n\t\t\t\t<\/div>\n\t\t\t\t\t\t\t<div class=\"elementor-accordion-item\">\n\t\t\t\t\t<div id=\"elementor-tab-title-8665\" class=\"elementor-tab-title\" data-tab=\"5\" role=\"button\" aria-controls=\"elementor-tab-content-8665\" aria-expanded=\"false\">\n\t\t\t\t\t\t\t\t\t\t\t\t\t<span class=\"elementor-accordion-icon elementor-accordion-icon-left\" aria-hidden=\"true\">\n\t\t\t\t\t\t\t\t\t\t\t\t\t\t\t<span class=\"elementor-accordion-icon-closed\"><i class=\"fas fa-plus\"><\/i><\/span>\n\t\t\t\t\t\t\t\t<span class=\"elementor-accordion-icon-opened\"><i class=\"fas fa-minus\"><\/i><\/span>\n\t\t\t\t\t\t\t\t\t\t\t\t\t\t<\/span>\n\t\t\t\t\t\t\t\t\t\t\t\t<a class=\"elementor-accordion-title\" tabindex=\"0\">Paquetes de repuestos<\/a>\n\t\t\t\t\t<\/div>\n\t\t\t\t\t<div id=\"elementor-tab-content-8665\" class=\"elementor-tab-content elementor-clearfix\" data-tab=\"5\" role=\"region\" aria-labelledby=\"elementor-tab-title-8665\"><p>Se ofrecen paquetes de repuestos al comprar equipos nuevos para reducir los costos de flete y brindarle un stock inicial de repuestos esenciales. Para saber m\u00e1s cont\u00e1ctenos con el n\u00famero de serie de su m\u00e1quina.<\/p><\/div>\n\t\t\t\t<\/div>\n\t\t\t\t\t\t\t<div class=\"elementor-accordion-item\">\n\t\t\t\t\t<div id=\"elementor-tab-title-8666\" class=\"elementor-tab-title\" data-tab=\"6\" role=\"button\" aria-controls=\"elementor-tab-content-8666\" aria-expanded=\"false\">\n\t\t\t\t\t\t\t\t\t\t\t\t\t<span class=\"elementor-accordion-icon elementor-accordion-icon-left\" aria-hidden=\"true\">\n\t\t\t\t\t\t\t\t\t\t\t\t\t\t\t<span class=\"elementor-accordion-icon-closed\"><i class=\"fas fa-plus\"><\/i><\/span>\n\t\t\t\t\t\t\t\t<span class=\"elementor-accordion-icon-opened\"><i class=\"fas fa-minus\"><\/i><\/span>\n\t\t\t\t\t\t\t\t\t\t\t\t\t\t<\/span>\n\t\t\t\t\t\t\t\t\t\t\t\t<a class=\"elementor-accordion-title\" tabindex=\"0\">Piezas de repuesto para m\u00faltiples fabricantes<\/a>\n\t\t\t\t\t<\/div>\n\t\t\t\t\t<div id=\"elementor-tab-content-8666\" class=\"elementor-tab-content elementor-clearfix\" data-tab=\"6\" role=\"region\" aria-labelledby=\"elementor-tab-title-8666\"><p>Por supuesto, proporcionamos piezas de repuesto para nuestros propios sistemas de manipulaci\u00f3n de materiales a granel, pero \u00bfsab\u00eda que nuestras piezas de primera calidad est\u00e1n dise\u00f1adas para funcionar en sistemas suministrados por otros fabricantes? Puede tener un transportador de cualquier n\u00famero de proveedores. Aseg\u00farese de que su equipo actual funcione al m\u00e1ximo con las piezas de repuesto de Spiroflow.<\/p><\/div>\n\t\t\t\t<\/div>\n\t\t\t\t\t\t\t<div class=\"elementor-accordion-item\">\n\t\t\t\t\t<div id=\"elementor-tab-title-8667\" class=\"elementor-tab-title\" data-tab=\"7\" role=\"button\" aria-controls=\"elementor-tab-content-8667\" aria-expanded=\"false\">\n\t\t\t\t\t\t\t\t\t\t\t\t\t<span class=\"elementor-accordion-icon elementor-accordion-icon-left\" aria-hidden=\"true\">\n\t\t\t\t\t\t\t\t\t\t\t\t\t\t\t<span class=\"elementor-accordion-icon-closed\"><i class=\"fas fa-plus\"><\/i><\/span>\n\t\t\t\t\t\t\t\t<span class=\"elementor-accordion-icon-opened\"><i class=\"fas fa-minus\"><\/i><\/span>\n\t\t\t\t\t\t\t\t\t\t\t\t\t\t<\/span>\n\t\t\t\t\t\t\t\t\t\t\t\t<a class=\"elementor-accordion-title\" tabindex=\"0\">Entrega en 24 horas de art\u00edculos en stock<\/a>\n\t\t\t\t\t<\/div>\n\t\t\t\t\t<div id=\"elementor-tab-content-8667\" class=\"elementor-tab-content elementor-clearfix\" data-tab=\"7\" role=\"region\" aria-labelledby=\"elementor-tab-title-8667\"><p>Cuando necesita una pieza de repuesto, entendemos que la necesita r\u00e1pidamente. Cualquier tiempo de inactividad del proceso afecta negativamente su productividad y rentabilidad, y posiblemente los \u00edndices de satisfacci\u00f3n del cliente de su empresa. Podemos ayudarle a que su l\u00ednea vuelva a funcionar r\u00e1pidamente. Por lo tanto, nuestras piezas de repuesto est\u00e1ndar est\u00e1n en stock y se le pueden enviar en un plazo de 24 horas mediante un transportista nocturno o por transporte a\u00e9reo.<\/p><p>Alentamos a nuestros clientes a almacenar repuestos esenciales y especialmente no est\u00e1ndar para evitar tiempos de entrega innecesarios. Imag\u00ednese esto: su proceso funciona las 24 horas del d\u00eda, los 7 d\u00edas de la semana y la espiral de ese transportador de 10 a\u00f1os finalmente falla durante el turno del viernes por la noche. Usted solicita la pieza el lunes por la ma\u00f1ana, luego la recibe y la instala el martes. Ha perdido al menos 3\u00bd d\u00edas. Es muy probable que el costo de este tiempo de inactividad sea desproporcionado con respecto al costo de almacenar la pieza de repuesto adecuada en el sitio.<\/p><\/div>\n\t\t\t\t<\/div>\n\t\t\t\t\t\t\t<div class=\"elementor-accordion-item\">\n\t\t\t\t\t<div id=\"elementor-tab-title-8668\" class=\"elementor-tab-title\" data-tab=\"8\" role=\"button\" aria-controls=\"elementor-tab-content-8668\" aria-expanded=\"false\">\n\t\t\t\t\t\t\t\t\t\t\t\t\t<span class=\"elementor-accordion-icon elementor-accordion-icon-left\" aria-hidden=\"true\">\n\t\t\t\t\t\t\t\t\t\t\t\t\t\t\t<span class=\"elementor-accordion-icon-closed\"><i class=\"fas fa-plus\"><\/i><\/span>\n\t\t\t\t\t\t\t\t<span class=\"elementor-accordion-icon-opened\"><i class=\"fas fa-minus\"><\/i><\/span>\n\t\t\t\t\t\t\t\t\t\t\t\t\t\t<\/span>\n\t\t\t\t\t\t\t\t\t\t\t\t<a class=\"elementor-accordion-title\" tabindex=\"0\">Repuestos recomendados<\/a>\n\t\t\t\t\t<\/div>\n\t\t\t\t\t<div id=\"elementor-tab-content-8668\" class=\"elementor-tab-content elementor-clearfix\" data-tab=\"8\" role=\"region\" aria-labelledby=\"elementor-tab-title-8668\"><p>\u00bfEst\u00e1 comprando nuevos equipos para mejorar su producci\u00f3n? Todos nuestros equipos se suministran con una lista de repuestos recomendados antes del env\u00edo. Hable hoy con su ingeniero sobre c\u00f3mo agregar esta opci\u00f3n para ahorrar en costos de env\u00edo y tiempo de inactividad.<\/p><p>\u00a0<\/p><\/div>\n\t\t\t\t<\/div>\n\t\t\t\t\t\t\t\t<\/div>\n\t\t\t\t\t\t<\/div>\n\t\t\t\t<\/div>\n\t\t\t\t<\/div>\n\t\t\t\t\t<\/div>\n\t\t\t\t<\/div>\n\t\t<div class=\"elementor-element elementor-element-9dc745c e-con-full e-flex e-con e-parent\" data-id=\"9dc745c\" data-element_type=\"container\" data-settings=\"{&quot;background_background&quot;:&quot;classic&quot;}\">\n\t\t\t\t<div class=\"elementor-element elementor-element-c5050b4 elementor-widget elementor-widget-heading\" data-id=\"c5050b4\" data-element_type=\"widget\" data-widget_type=\"heading.default\">\n\t\t\t\t<div class=\"elementor-widget-container\">\n\t\t\t\t\t<h2 class=\"elementor-heading-title elementor-size-default\">Solicitar piezas de repuesto<\/h2>\t\t\t\t<\/div>\n\t\t\t\t<\/div>\n\t\t\t\t<div class=\"elementor-element elementor-element-20b69e6 elementor-widget elementor-widget-text-editor\" data-id=\"20b69e6\" data-element_type=\"widget\" data-widget_type=\"text-editor.default\">\n\t\t\t\t<div class=\"elementor-widget-container\">\n\t\t\t\t\t\t\t\t\t<div class=\"container\"><div class=\"section-banner-inner\"><div class=\"section-banner-content\"><p>P\u00f3ngase en contacto con nuestro equipo de repuestos hoy para solicitar sus repuestos y repuestos.<\/p><\/div><\/div><\/div>\t\t\t\t\t\t\t\t<\/div>\n\t\t\t\t<\/div>\n\t\t\t\t<div class=\"elementor-element elementor-element-c305988 elementor-mobile-align-center elementor-align-center elementor-widget elementor-widget-button\" data-id=\"c305988\" data-element_type=\"widget\" data-widget_type=\"button.default\">\n\t\t\t\t<div class=\"elementor-widget-container\">\n\t\t\t\t\t\t\t\t\t<div class=\"elementor-button-wrapper\">\n\t\t\t\t\t<a class=\"elementor-button elementor-button-link elementor-size-md\" href=\"\/es\/contacto-de-repuestos\/\">\n\t\t\t\t\t\t<span class=\"elementor-button-content-wrapper\">\n\t\t\t\t\t\t\t\t\t<span class=\"elementor-button-text\">CONT\u00c1CTENOS<\/span>\n\t\t\t\t\t<\/span>\n\t\t\t\t\t<\/a>\n\t\t\t\t<\/div>\n\t\t\t\t\t\t\t\t<\/div>\n\t\t\t\t<\/div>\n\t\t\t\t<\/div>\n\t\t\t\t<\/div>","protected":false},"excerpt":{"rendered":"<p>Cables de repuesto para transportadores aeromec\u00e1nicos Piezas de repuesto de calidad Las piezas originales de transportadores aeromec\u00e1nicos de Spiroflow son incomparables. Est\u00e1n optimizados para los requisitos del usuario y de la m\u00e1quina, y se distinguen por su larga vida \u00fatil, calidad superior e instalaci\u00f3n sencilla. Incluso cuando una l\u00ednea est\u00e1 fuera de servicio por un corto tiempo, cuesta tiempo y [\u2026]<\/p>","protected":false},"author":2,"featured_media":0,"parent":10869,"menu_order":0,"comment_status":"closed","ping_status":"closed","template":"","meta":{"content-type":"","footnotes":""},"class_list":["post-10914","page","type-page","status-publish","hentry"],"_links":{"self":[{"href":"https:\/\/www.spiroflow.com\/es\/wp-json\/wp\/v2\/pages\/10914","targetHints":{"allow":["GET"]}}],"collection":[{"href":"https:\/\/www.spiroflow.com\/es\/wp-json\/wp\/v2\/pages"}],"about":[{"href":"https:\/\/www.spiroflow.com\/es\/wp-json\/wp\/v2\/types\/page"}],"author":[{"embeddable":true,"href":"https:\/\/www.spiroflow.com\/es\/wp-json\/wp\/v2\/users\/2"}],"replies":[{"embeddable":true,"href":"https:\/\/www.spiroflow.com\/es\/wp-json\/wp\/v2\/comments?post=10914"}],"version-history":[{"count":0,"href":"https:\/\/www.spiroflow.com\/es\/wp-json\/wp\/v2\/pages\/10914\/revisions"}],"up":[{"embeddable":true,"href":"https:\/\/www.spiroflow.com\/es\/wp-json\/wp\/v2\/pages\/10869"}],"wp:attachment":[{"href":"https:\/\/www.spiroflow.com\/es\/wp-json\/wp\/v2\/media?parent=10914"}],"curies":[{"name":"Gracias","href":"https:\/\/api.w.org\/{rel}","templated":true}]}}