{"id":10916,"date":"2023-08-15T08:07:23","date_gmt":"2023-08-15T08:07:23","guid":{"rendered":"https:\/\/spiroflow1.wpengine.com\/?page_id=10916"},"modified":"2024-03-04T23:41:52","modified_gmt":"2024-03-04T23:41:52","slug":"cadenas-de-reemplazo-del-transportador-de-cadena-de-arrastre","status":"publish","type":"page","link":"https:\/\/www.spiroflow.com\/es\/piezas-de-repuesto\/cadenas-de-reemplazo-del-transportador-de-cadena-de-arrastre\/","title":{"rendered":"Cadenas de repuesto para transportadores de cadena de arrastre"},"content":{"rendered":"<div data-elementor-type=\"wp-page\" data-elementor-id=\"10916\" class=\"elementor elementor-10916\" data-elementor-post-type=\"page\">\n\t\t\t\t<div class=\"elementor-element elementor-element-65dbc30 e-flex e-con-boxed e-con e-parent\" data-id=\"65dbc30\" data-element_type=\"container\" data-settings=\"{&quot;background_background&quot;:&quot;classic&quot;}\">\n\t\t\t\t\t<div class=\"e-con-inner\">\n\t\t\t\t<div class=\"elementor-element elementor-element-52d86c3 elementor-widget elementor-widget-heading\" data-id=\"52d86c3\" data-element_type=\"widget\" data-widget_type=\"heading.default\">\n\t\t\t\t<div class=\"elementor-widget-container\">\n\t\t\t\t\t<h1 class=\"elementor-heading-title elementor-size-default\">Cables de repuesto para transportadores de arrastre de cables\n<\/h1>\t\t\t\t<\/div>\n\t\t\t\t<\/div>\n\t\t\t\t\t<\/div>\n\t\t\t\t<\/div>\n\t\t<div class=\"elementor-element elementor-element-3d32372 e-flex e-con-boxed e-con e-parent\" data-id=\"3d32372\" data-element_type=\"container\">\n\t\t\t\t\t<div class=\"e-con-inner\">\n\t\t<div class=\"elementor-element elementor-element-b4e815b e-con-full e-flex e-con e-child\" data-id=\"b4e815b\" data-element_type=\"container\">\n\t\t\t\t<div class=\"elementor-element elementor-element-2efbe14 elementor-widget elementor-widget-image\" data-id=\"2efbe14\" data-element_type=\"widget\" data-widget_type=\"image.default\">\n\t\t\t\t<div class=\"elementor-widget-container\">\n\t\t\t\t\t\t\t\t\t\t\t\t\t\t\t<img fetchpriority=\"high\" decoding=\"async\" width=\"600\" height=\"445\" src=\"https:\/\/www.spiroflow.com\/wp-content\/uploads\/2023\/08\/Cablevey-Hero-Image.webp\" class=\"attachment-large size-large wp-image-340\" alt=\"Transportadores de cable versus transportadores de arrastre de cadena sobre un fondo blanco.\" srcset=\"https:\/\/www.spiroflow.com\/wp-content\/uploads\/2023\/08\/Cablevey-Hero-Image.webp 600w, https:\/\/www.spiroflow.com\/wp-content\/uploads\/2023\/08\/Cablevey-Hero-Image-300x223.webp 300w\" sizes=\"(max-width: 600px) 100vw, 600px\" \/>\t\t\t\t\t\t\t\t\t\t\t\t\t\t\t<\/div>\n\t\t\t\t<\/div>\n\t\t\t\t<\/div>\n\t\t<div class=\"elementor-element elementor-element-1536451 e-con-full e-flex e-con e-child\" data-id=\"1536451\" data-element_type=\"container\">\n\t\t\t\t<div class=\"elementor-element elementor-element-3fd9e60 elementor-widget elementor-widget-heading\" data-id=\"3fd9e60\" data-element_type=\"widget\" data-widget_type=\"heading.default\">\n\t\t\t\t<div class=\"elementor-widget-container\">\n\t\t\t\t\t<h2 class=\"elementor-heading-title elementor-size-default\">Piezas de repuesto de calidad<\/h2>\t\t\t\t<\/div>\n\t\t\t\t<\/div>\n\t\t\t\t<div class=\"elementor-element elementor-element-1b64b26 elementor-widget-divider--view-line elementor-widget elementor-widget-divider\" data-id=\"1b64b26\" data-element_type=\"widget\" data-widget_type=\"divider.default\">\n\t\t\t\t<div class=\"elementor-widget-container\">\n\t\t\t\t\t\t\t<div class=\"elementor-divider\">\n\t\t\t<span class=\"elementor-divider-separator\">\n\t\t\t\t\t\t<\/span>\n\t\t<\/div>\n\t\t\t\t\t\t<\/div>\n\t\t\t\t<\/div>\n\t\t\t\t<div class=\"elementor-element elementor-element-a8ca871 elementor-widget elementor-widget-text-editor\" data-id=\"a8ca871\" data-element_type=\"widget\" data-widget_type=\"text-editor.default\">\n\t\t\t\t<div class=\"elementor-widget-container\">\n\t\t\t\t\t\t\t\t\t<p>Las piezas originales del transportador de cadena de arrastre de Spiroflow son incomparables. Est\u00e1n optimizados para los requisitos del usuario y de la m\u00e1quina, y se distinguen por su larga vida \u00fatil, calidad superior e instalaci\u00f3n sencilla. Incluso cuando una l\u00ednea no funciona por un corto tiempo, cuesta tiempo y dinero, as\u00ed que no se deje tentar por precios que parezcan m\u00e1s bajos. La diferencia entre una pieza original y una r\u00e9plica est\u00e1 en la calidad. Los repuestos originales de Spiroflow se fabrican con materiales de primera calidad que se adaptan con precisi\u00f3n a las demandas operativas de nuestros equipos.<\/p>\t\t\t\t\t\t\t\t<\/div>\n\t\t\t\t<\/div>\n\t\t\t\t<div class=\"elementor-element elementor-element-cd8a98f elementor-widget elementor-widget-accordion\" data-id=\"cd8a98f\" data-element_type=\"widget\" data-widget_type=\"accordion.default\">\n\t\t\t\t<div class=\"elementor-widget-container\">\n\t\t\t\t\t\t\t<div class=\"elementor-accordion\">\n\t\t\t\t\t\t\t<div class=\"elementor-accordion-item\">\n\t\t\t\t\t<div id=\"elementor-tab-title-2151\" class=\"elementor-tab-title\" data-tab=\"1\" role=\"button\" aria-controls=\"elementor-tab-content-2151\" aria-expanded=\"false\">\n\t\t\t\t\t\t\t\t\t\t\t\t\t<span class=\"elementor-accordion-icon elementor-accordion-icon-left\" aria-hidden=\"true\">\n\t\t\t\t\t\t\t\t\t\t\t\t\t\t\t<span class=\"elementor-accordion-icon-closed\"><i class=\"fas fa-plus\"><\/i><\/span>\n\t\t\t\t\t\t\t\t<span class=\"elementor-accordion-icon-opened\"><i class=\"fas fa-minus\"><\/i><\/span>\n\t\t\t\t\t\t\t\t\t\t\t\t\t\t<\/span>\n\t\t\t\t\t\t\t\t\t\t\t\t<a class=\"elementor-accordion-title\" tabindex=\"0\">oculto<\/a>\n\t\t\t\t\t<\/div>\n\t\t\t\t\t<div id=\"elementor-tab-content-2151\" class=\"elementor-tab-content elementor-clearfix\" data-tab=\"1\" role=\"region\" aria-labelledby=\"elementor-tab-title-2151\"><\/div>\n\t\t\t\t<\/div>\n\t\t\t\t\t\t\t<div class=\"elementor-accordion-item\">\n\t\t\t\t\t<div id=\"elementor-tab-title-2152\" class=\"elementor-tab-title\" data-tab=\"2\" role=\"button\" aria-controls=\"elementor-tab-content-2152\" aria-expanded=\"false\">\n\t\t\t\t\t\t\t\t\t\t\t\t\t<span class=\"elementor-accordion-icon elementor-accordion-icon-left\" aria-hidden=\"true\">\n\t\t\t\t\t\t\t\t\t\t\t\t\t\t\t<span class=\"elementor-accordion-icon-closed\"><i class=\"fas fa-plus\"><\/i><\/span>\n\t\t\t\t\t\t\t\t<span class=\"elementor-accordion-icon-opened\"><i class=\"fas fa-minus\"><\/i><\/span>\n\t\t\t\t\t\t\t\t\t\t\t\t\t\t<\/span>\n\t\t\t\t\t\t\t\t\t\t\t\t<a class=\"elementor-accordion-title\" tabindex=\"0\">Conjuntos de cadena y discos para transportadores de flujo de cadena:<\/a>\n\t\t\t\t\t<\/div>\n\t\t\t\t\t<div id=\"elementor-tab-content-2152\" class=\"elementor-tab-content elementor-clearfix\" data-tab=\"2\" role=\"region\" aria-labelledby=\"elementor-tab-title-2152\"><ul><li>Cadena de acero inoxidable 304 o 316.<\/li><li>discos UHMWPE<\/li><li>4\u201d (100 mm) de di\u00e1metro<\/li><\/ul><\/div>\n\t\t\t\t<\/div>\n\t\t\t\t\t\t\t<div class=\"elementor-accordion-item\">\n\t\t\t\t\t<div id=\"elementor-tab-title-2153\" class=\"elementor-tab-title\" data-tab=\"3\" role=\"button\" aria-controls=\"elementor-tab-content-2153\" aria-expanded=\"false\">\n\t\t\t\t\t\t\t\t\t\t\t\t\t<span class=\"elementor-accordion-icon elementor-accordion-icon-left\" aria-hidden=\"true\">\n\t\t\t\t\t\t\t\t\t\t\t\t\t\t\t<span class=\"elementor-accordion-icon-closed\"><i class=\"fas fa-plus\"><\/i><\/span>\n\t\t\t\t\t\t\t\t<span class=\"elementor-accordion-icon-opened\"><i class=\"fas fa-minus\"><\/i><\/span>\n\t\t\t\t\t\t\t\t\t\t\t\t\t\t<\/span>\n\t\t\t\t\t\t\t\t\t\t\t\t<a class=\"elementor-accordion-title\" tabindex=\"0\">Conjuntos de cadenas y discos para transportadores Dynaflow:<\/a>\n\t\t\t\t\t<\/div>\n\t\t\t\t\t<div id=\"elementor-tab-content-2153\" class=\"elementor-tab-content elementor-clearfix\" data-tab=\"3\" role=\"region\" aria-labelledby=\"elementor-tab-title-2153\"><ul><li>Cadena de pasadores sellada con discos de acero.<\/li><li>Cadena de eslabones y pasadores con discos de UHMWPE<\/li><li>Cadena de forja ca\u00edda con discos de fundici\u00f3n.<\/li><li>Di\u00e1metros de 3\u201d (75 mm), 4\u201d (100 mm), 6\u201d (150 mm) o 8&#039; (200 mm)<\/li><\/ul><\/div>\n\t\t\t\t<\/div>\n\t\t\t\t\t\t\t<div class=\"elementor-accordion-item\">\n\t\t\t\t\t<div id=\"elementor-tab-title-2154\" class=\"elementor-tab-title\" data-tab=\"4\" role=\"button\" aria-controls=\"elementor-tab-content-2154\" aria-expanded=\"false\">\n\t\t\t\t\t\t\t\t\t\t\t\t\t<span class=\"elementor-accordion-icon elementor-accordion-icon-left\" aria-hidden=\"true\">\n\t\t\t\t\t\t\t\t\t\t\t\t\t\t\t<span class=\"elementor-accordion-icon-closed\"><i class=\"fas fa-plus\"><\/i><\/span>\n\t\t\t\t\t\t\t\t<span class=\"elementor-accordion-icon-opened\"><i class=\"fas fa-minus\"><\/i><\/span>\n\t\t\t\t\t\t\t\t\t\t\t\t\t\t<\/span>\n\t\t\t\t\t\t\t\t\t\t\t\t<a class=\"elementor-accordion-title\" tabindex=\"0\">Paquetes de repuestos<\/a>\n\t\t\t\t\t<\/div>\n\t\t\t\t\t<div id=\"elementor-tab-content-2154\" class=\"elementor-tab-content elementor-clearfix\" data-tab=\"4\" role=\"region\" aria-labelledby=\"elementor-tab-title-2154\"><p>Se ofrecen paquetes de repuestos al comprar equipos nuevos para reducir los costos de flete y brindarle un stock inicial de repuestos esenciales. Para saber m\u00e1s cont\u00e1ctenos con el n\u00famero de serie de su m\u00e1quina.<\/p><p>\u00a0<\/p><\/div>\n\t\t\t\t<\/div>\n\t\t\t\t\t\t\t<div class=\"elementor-accordion-item\">\n\t\t\t\t\t<div id=\"elementor-tab-title-2155\" class=\"elementor-tab-title\" data-tab=\"5\" role=\"button\" aria-controls=\"elementor-tab-content-2155\" aria-expanded=\"false\">\n\t\t\t\t\t\t\t\t\t\t\t\t\t<span class=\"elementor-accordion-icon elementor-accordion-icon-left\" aria-hidden=\"true\">\n\t\t\t\t\t\t\t\t\t\t\t\t\t\t\t<span class=\"elementor-accordion-icon-closed\"><i class=\"fas fa-plus\"><\/i><\/span>\n\t\t\t\t\t\t\t\t<span class=\"elementor-accordion-icon-opened\"><i class=\"fas fa-minus\"><\/i><\/span>\n\t\t\t\t\t\t\t\t\t\t\t\t\t\t<\/span>\n\t\t\t\t\t\t\t\t\t\t\t\t<a class=\"elementor-accordion-title\" tabindex=\"0\">Piezas de repuesto para m\u00faltiples fabricantes<\/a>\n\t\t\t\t\t<\/div>\n\t\t\t\t\t<div id=\"elementor-tab-content-2155\" class=\"elementor-tab-content elementor-clearfix\" data-tab=\"5\" role=\"region\" aria-labelledby=\"elementor-tab-title-2155\"><p>Por supuesto, proporcionamos piezas de repuesto para nuestros propios sistemas de manipulaci\u00f3n de materiales a granel, pero \u00bfsab\u00eda que nuestras piezas de primera calidad est\u00e1n dise\u00f1adas para funcionar en sistemas suministrados por otros fabricantes? Puede tener un transportador de cualquier n\u00famero de proveedores. Aseg\u00farese de que su equipo actual funcione al m\u00e1ximo con las piezas de repuesto de Spiroflow.<\/p><p>\u00a0<\/p><\/div>\n\t\t\t\t<\/div>\n\t\t\t\t\t\t\t<div class=\"elementor-accordion-item\">\n\t\t\t\t\t<div id=\"elementor-tab-title-2156\" class=\"elementor-tab-title\" data-tab=\"6\" role=\"button\" aria-controls=\"elementor-tab-content-2156\" aria-expanded=\"false\">\n\t\t\t\t\t\t\t\t\t\t\t\t\t<span class=\"elementor-accordion-icon elementor-accordion-icon-left\" aria-hidden=\"true\">\n\t\t\t\t\t\t\t\t\t\t\t\t\t\t\t<span class=\"elementor-accordion-icon-closed\"><i class=\"fas fa-plus\"><\/i><\/span>\n\t\t\t\t\t\t\t\t<span class=\"elementor-accordion-icon-opened\"><i class=\"fas fa-minus\"><\/i><\/span>\n\t\t\t\t\t\t\t\t\t\t\t\t\t\t<\/span>\n\t\t\t\t\t\t\t\t\t\t\t\t<a class=\"elementor-accordion-title\" tabindex=\"0\">Repuestos recomendados<\/a>\n\t\t\t\t\t<\/div>\n\t\t\t\t\t<div id=\"elementor-tab-content-2156\" class=\"elementor-tab-content elementor-clearfix\" data-tab=\"6\" role=\"region\" aria-labelledby=\"elementor-tab-title-2156\"><p>\u00bfEst\u00e1 comprando nuevos equipos para mejorar su producci\u00f3n? Todos nuestros equipos se suministran con una lista de repuestos recomendados antes del env\u00edo. Hable hoy con su ingeniero sobre c\u00f3mo agregar esta opci\u00f3n para ahorrar en costos de env\u00edo y tiempo de inactividad.<\/p><p>\u00a0<\/p><\/div>\n\t\t\t\t<\/div>\n\t\t\t\t\t\t\t\t<\/div>\n\t\t\t\t\t\t<\/div>\n\t\t\t\t<\/div>\n\t\t\t\t<\/div>\n\t\t\t\t\t<\/div>\n\t\t\t\t<\/div>\n\t\t<div class=\"elementor-element elementor-element-c21ffeb e-con-full e-flex e-con e-parent\" data-id=\"c21ffeb\" data-element_type=\"container\" data-settings=\"{&quot;background_background&quot;:&quot;classic&quot;}\">\n\t\t\t\t<div class=\"elementor-element elementor-element-e04b663 elementor-widget elementor-widget-heading\" data-id=\"e04b663\" data-element_type=\"widget\" data-widget_type=\"heading.default\">\n\t\t\t\t<div class=\"elementor-widget-container\">\n\t\t\t\t\t<h2 class=\"elementor-heading-title elementor-size-default\">Solicitar piezas de repuesto<\/h2>\t\t\t\t<\/div>\n\t\t\t\t<\/div>\n\t\t\t\t<div class=\"elementor-element elementor-element-80775e7 elementor-widget elementor-widget-text-editor\" data-id=\"80775e7\" data-element_type=\"widget\" data-widget_type=\"text-editor.default\">\n\t\t\t\t<div class=\"elementor-widget-container\">\n\t\t\t\t\t\t\t\t\t<div class=\"container\"><div class=\"section-banner-inner\"><div class=\"section-banner-content\"><p>P\u00f3ngase en contacto con nuestro equipo de repuestos hoy para solicitar sus repuestos y repuestos.<\/p><\/div><\/div><\/div>\t\t\t\t\t\t\t\t<\/div>\n\t\t\t\t<\/div>\n\t\t\t\t<div class=\"elementor-element elementor-element-32dd34c elementor-mobile-align-center elementor-align-center elementor-widget elementor-widget-button\" data-id=\"32dd34c\" data-element_type=\"widget\" data-widget_type=\"button.default\">\n\t\t\t\t<div class=\"elementor-widget-container\">\n\t\t\t\t\t\t\t\t\t<div class=\"elementor-button-wrapper\">\n\t\t\t\t\t<a class=\"elementor-button elementor-button-link elementor-size-md\" href=\"\/es\/contacto-de-repuestos\/\">\n\t\t\t\t\t\t<span class=\"elementor-button-content-wrapper\">\n\t\t\t\t\t\t\t\t\t<span class=\"elementor-button-text\">CONT\u00c1CTENOS<\/span>\n\t\t\t\t\t<\/span>\n\t\t\t\t\t<\/a>\n\t\t\t\t<\/div>\n\t\t\t\t\t\t\t\t<\/div>\n\t\t\t\t<\/div>\n\t\t\t\t<\/div>\n\t\t\t\t<\/div>","protected":false},"excerpt":{"rendered":"<p>Cables de repuesto para transportadores de arrastre Piezas de repuesto de calidad Las piezas originales del transportador de cadena de arrastre de Spiroflow son incomparables. Est\u00e1n optimizados para los requisitos del usuario y de la m\u00e1quina, y se distinguen por su larga vida \u00fatil, calidad superior e instalaci\u00f3n sencilla. Incluso cuando una l\u00ednea est\u00e1 fuera de servicio por un corto tiempo, cuesta tiempo y [\u2026]<\/p>","protected":false},"author":2,"featured_media":0,"parent":10869,"menu_order":0,"comment_status":"closed","ping_status":"closed","template":"","meta":{"content-type":"","footnotes":""},"class_list":["post-10916","page","type-page","status-publish","hentry"],"_links":{"self":[{"href":"https:\/\/www.spiroflow.com\/es\/wp-json\/wp\/v2\/pages\/10916","targetHints":{"allow":["GET"]}}],"collection":[{"href":"https:\/\/www.spiroflow.com\/es\/wp-json\/wp\/v2\/pages"}],"about":[{"href":"https:\/\/www.spiroflow.com\/es\/wp-json\/wp\/v2\/types\/page"}],"author":[{"embeddable":true,"href":"https:\/\/www.spiroflow.com\/es\/wp-json\/wp\/v2\/users\/2"}],"replies":[{"embeddable":true,"href":"https:\/\/www.spiroflow.com\/es\/wp-json\/wp\/v2\/comments?post=10916"}],"version-history":[{"count":0,"href":"https:\/\/www.spiroflow.com\/es\/wp-json\/wp\/v2\/pages\/10916\/revisions"}],"up":[{"embeddable":true,"href":"https:\/\/www.spiroflow.com\/es\/wp-json\/wp\/v2\/pages\/10869"}],"wp:attachment":[{"href":"https:\/\/www.spiroflow.com\/es\/wp-json\/wp\/v2\/media?parent=10916"}],"curies":[{"name":"Gracias","href":"https:\/\/api.w.org\/{rel}","templated":true}]}}