{"id":11353,"date":"2023-08-30T15:28:15","date_gmt":"2023-08-30T15:28:15","guid":{"rendered":"https:\/\/www.spiroflow.com\/?page_id=11353"},"modified":"2024-03-05T22:23:52","modified_gmt":"2024-03-05T22:23:52","slug":"politica-de-privacidad-de-cookies","status":"publish","type":"page","link":"https:\/\/www.spiroflow.com\/es\/politica-de-privacidad-de-cookies\/","title":{"rendered":"Pol\u00edtica de Privacidad\/Cookies"},"content":{"rendered":"<div data-elementor-type=\"wp-page\" data-elementor-id=\"11353\" class=\"elementor elementor-11353\" data-elementor-post-type=\"page\">\n\t\t\t\t<div class=\"elementor-element elementor-element-e5e5e91 e-flex e-con-boxed e-con e-parent\" data-id=\"e5e5e91\" data-element_type=\"container\" data-settings=\"{&quot;background_background&quot;:&quot;classic&quot;}\">\n\t\t\t\t\t<div class=\"e-con-inner\">\n\t\t\t\t<div class=\"elementor-element elementor-element-0c4651a elementor-widget elementor-widget-heading\" data-id=\"0c4651a\" data-element_type=\"widget\" data-widget_type=\"heading.default\">\n\t\t\t\t<div class=\"elementor-widget-container\">\n\t\t\t\t\t<h1 class=\"elementor-heading-title elementor-size-default\">Pol\u00edtica de Privacidad\/Cookies<\/h1>\t\t\t\t<\/div>\n\t\t\t\t<\/div>\n\t\t\t\t\t<\/div>\n\t\t\t\t<\/div>\n\t\t<div class=\"elementor-element elementor-element-4645c76 e-flex e-con-boxed e-con e-parent\" data-id=\"4645c76\" data-element_type=\"container\">\n\t\t\t\t\t<div class=\"e-con-inner\">\n\t\t<div class=\"elementor-element elementor-element-fcdbf56 e-con-full e-flex e-con e-child\" data-id=\"fcdbf56\" data-element_type=\"container\">\n\t\t\t\t<div class=\"elementor-element elementor-element-5a7865c elementor-widget elementor-widget-text-editor\" data-id=\"5a7865c\" data-element_type=\"widget\" data-widget_type=\"text-editor.default\">\n\t\t\t\t<div class=\"elementor-widget-container\">\n\t\t\t\t\t\t\t\t\t<div class=\"default-row-col default-row-1-col default-row-col1 default-row-1-col1\"><div class=\"default-row-col-content\"><div class=\"default-row-col default-row-1-col default-row-col1 default-row-1-col1\"><div class=\"default-row-col-content\"><div class=\"default-row-col default-row-1-col default-row-col1 default-row-1-col1\"><div class=\"default-row-col-content\"><h3>pol\u00edtica de privacidad<\/h3><p>Spiroflow Limited se compromete a proteger su privacidad y nos tomamos muy en serio nuestras responsabilidades con respecto a la seguridad de la informaci\u00f3n del usuario. Esta Declaraci\u00f3n de Privacidad establece c\u00f3mo cumplimos con los requisitos de protecci\u00f3n de datos del Reino Unido y de la Uni\u00f3n Europea.<\/p><p>Hemos estructurado nuestro sitio web para que pueda visitarlo sin identificarse ni revelar ninguna informaci\u00f3n personal. Una vez que elija proporcionarnos cualquier informaci\u00f3n mediante la cual pueda ser identificado, se utilizar\u00e1 \u00fanicamente para procesar consultas. Para su protecci\u00f3n, estamos registrados seg\u00fan la Ley de Protecci\u00f3n de Datos de 1998 y hemos enviado todas las notificaciones correspondientes al Comisionado de Informaci\u00f3n.<\/p><p>No venderemos, distribuiremos ni cederemos su informaci\u00f3n personal a terceros a menos que tengamos su permiso o estemos obligados a hacerlo por ley. Puede solicitar que se eliminen sus datos de nuestro sistema escribiendo a la direcci\u00f3n que aparece a continuaci\u00f3n.<\/p><h4>Protecci\u00f3n de Datos<\/h4><p>\u00bfQu\u00e9 sucede si cree que tenemos informaci\u00f3n incorrecta o desea una copia de la informaci\u00f3n que tenemos sobre usted?<\/p><p>Seg\u00fan la Ley de Protecci\u00f3n de Datos de 1998, usted puede solicitar detalles de la informaci\u00f3n personal que tenemos sobre usted. Si desea una copia de la informaci\u00f3n que tenemos sobre usted, escriba a la direcci\u00f3n que aparece a continuaci\u00f3n o env\u00edenos un correo electr\u00f3nico a info@oldspiroflostg.wpengine.com:<\/p><p>Spiroflow Limited \u2013 Lincoln Way, Clitheroe, Lancashire, BB7 1QG Reino Unido<\/p><p>Si cree que cualquier informaci\u00f3n que tenemos sobre usted es incorrecta o est\u00e1 incompleta, escr\u00edbanos o env\u00edenos un correo electr\u00f3nico lo antes posible a la direcci\u00f3n anterior. Cualquier informaci\u00f3n incorrecta ser\u00e1 corregida de inmediato.<\/p><h4>Protecci\u00f3n de Datos<\/h4><p>Estamos comprometidos a garantizar que su informaci\u00f3n est\u00e9 segura. Para evitar el acceso o la divulgaci\u00f3n no autorizados, hemos implementado procedimientos f\u00edsicos, electr\u00f3nicos y administrativos adecuados para salvaguardar y asegurar la informaci\u00f3n que recopilamos en l\u00ednea.<\/p><h4>Otros sitios web<\/h4><p>Este sitio web puede contener enlaces que le permitan visitar otros sitios web de inter\u00e9s. Sin embargo, una vez que haya utilizado estos enlaces para abandonar nuestro sitio, debe tener en cuenta que no tenemos ning\u00fan control sobre ning\u00fan otro sitio web. Por lo tanto, no podemos ser responsables de la protecci\u00f3n y privacidad de cualquier informaci\u00f3n que usted proporcione mientras visita otros sitios y dichos sitios no se rigen por esta Declaraci\u00f3n de Privacidad. Debe tener precauci\u00f3n y leer la Declaraci\u00f3n de Privacidad aplicable al sitio web en cuesti\u00f3n.<\/p><h4>Tu consentimiento<\/h4><p>Al utilizar este sitio web, usted acepta que recopilemos y utilicemos esta informaci\u00f3n para los fines descritos anteriormente. Si decidimos cambiar nuestra Pol\u00edtica de Privacidad, publicaremos los cambios en esta p\u00e1gina para que siempre est\u00e9 al tanto de qu\u00e9 informaci\u00f3n recopilamos, c\u00f3mo la usamos y en qu\u00e9 circunstancias la divulgamos.<\/p><\/div><\/div><div class=\"default-row-col default-row-1-col default-row-col2 default-row-1-col2\"><div class=\"default-row-col-content\"><h3>Pol\u00edtica de cookies<\/h3><p>Somos conscientes de nuestra responsabilidad de proteger su privacidad. Como parte de esta responsabilidad, le informamos qu\u00e9 informaci\u00f3n recopilamos mediante cookies cuando utiliza nuestros sitios web, por qu\u00e9 la recopilamos y c\u00f3mo la usamos para mejorar su experiencia.<\/p><h4>\u00bfQu\u00e9 es una galleta?<\/h4><ul><li>Una cookie es un archivo de texto simple de letras y n\u00fameros que se descarga en su computadora o dispositivo m\u00f3vil cuando visita nuestro sitio web.<\/li><li>Utilizamos cookies para distinguirlo de otros usuarios de nuestro sitio web. Esto nos ayuda a brindarle una experiencia positiva cuando navega por nuestro sitio web y tambi\u00e9n nos permite mejorarlo.<\/li><li>Tambi\u00e9n reconocen cu\u00e1ndo has proporcionado tu nombre de usuario y contrase\u00f1a para que no tengas que hacerlo en cada p\u00e1gina web que visites. Tambi\u00e9n miden cu\u00e1ntas personas utilizan nuestros sitios web para que podamos hacerlo m\u00e1s f\u00e1cil de usar y garantizar que haya suficiente capacidad para que el sitio sea r\u00e1pido.<\/li><li>La mayor\u00eda de las cookies no recopilar\u00e1n informaci\u00f3n que lo identifique personalmente. Recopilar\u00e1n informaci\u00f3n m\u00e1s general, como c\u00f3mo los usuarios llegan y utilizan nuestro sitio web, o la ubicaci\u00f3n general de un usuario.<\/li><\/ul><p>Puede restringir o bloquear las cookies en cualquier momento utilizando la configuraci\u00f3n de su navegador. Puede aprender c\u00f3mo eliminar las cookies instaladas en su computadora\/dispositivo m\u00f3vil a trav\u00e9s del siguiente enlace:\u00a0<a href=\"http:\/\/www.allaboutcookies.org\/manage-cookies\/\" target=\"_blank\" rel=\"noopener\">http:\/\/www.allaboutcookies.org\/manage-cookies\/<\/a><\/p><h4>C\u00f3mo utilizamos las cookies<\/h4><p><strong>Generalmente nuestras cookies realizan hasta tres funciones diferentes:<\/strong><\/p><p><strong>Cookies estrictamente esenciales<\/strong>\u00a0\u2013 Para ejecutar algunas partes de nuestro sitio, configuramos una cookie de sesi\u00f3n. Esta cookie se utiliza para identificar las sesiones de los usuarios entre visitas a la p\u00e1gina. Nuestro sitio no funcionar\u00e1 correctamente si no se pueden configurar las cookies (por ejemplo, si configura su navegador de Internet para que rechace todas las cookies).<\/p><p><strong>Cookies de terceros\u00a0<\/strong>\u2013 Estas son cookies que se encuentran en las herramientas de Internet de otras empresas y que utilizamos para mejorar nuestro sitio. Son de Flickr, Facebook, Twitter, Google Maps que tienen sus propias cookies y est\u00e1n controladas por ellas.<\/p><p><strong>Cookies anal\u00edticas\/de rendimiento<\/strong>\u00a0\u2013 Estas son cookies que nos permiten reconocer y contar la cantidad de visitantes al sitio web y ver c\u00f3mo los visitantes se mueven por el sitio web cuando lo utilizan. Utilizamos cookies de Google Analytics para rastrear estad\u00edsticas de uso an\u00f3nimas y no recopilamos ninguna informaci\u00f3n personal que pueda usarse para identificarlo. Esto nos ayuda a mejorar el funcionamiento de nuestro sitio web, por ejemplo, garantizando que los usuarios encuentren f\u00e1cilmente lo que buscan.<\/p><p>Para obtener m\u00e1s informaci\u00f3n sobre c\u00f3mo Google utiliza esta informaci\u00f3n, visite su\u00a0<a href=\"http:\/\/www.google.co.uk\/intl\/en\/policies\/privacy\/\" target=\"_blank\" rel=\"noopener\">pol\u00edtica de privacidad<\/a>.<\/p><p>Si desea excluirse de Google Analytics, puede instalar el complemento de exclusi\u00f3n voluntaria del navegador de Google\u00a0<a href=\"https:\/\/tools.google.com\/dlpage\/gaoptout\/index.html\" target=\"_blank\" rel=\"noopener\">haciendo clic aqu\u00ed<\/a>.<\/p><h4>Preocupaciones con las cookies<\/h4><p>Si bien existen muchos usos leg\u00edtimos de las cookies para mejorar la comodidad y la eficiencia, algunos usos de las cookies pueden generar problemas de privacidad. Estas preocupaciones suelen surgir cuando una cookie que contiene informaci\u00f3n personal que lo identifica (por ejemplo, nombre, direcci\u00f3n de correo electr\u00f3nico, informaci\u00f3n de facturaci\u00f3n, etc.) se utiliza en varios sitios para rastrear a los usuarios y el uso de Internet. The Flower Shop no utiliza ninguna de sus cookies de origen para almacenar informaci\u00f3n personal o rastrear a los usuarios en m\u00faltiples sitios.<\/p><h4>M\u00e1s informaci\u00f3n sobre las cookies<\/h4><p>Para m\u00e1s informaci\u00f3n sobre c\u00f3mo gestionar las cookies y sus usos visite\u00a0<a href=\"http:\/\/www.allaboutcookies.org\/manage-cookies\/\" target=\"_blank\" rel=\"noopener\">Acerca de las cookies<\/a>.<\/p><p>Para informaci\u00f3n sobre la ley actualizada de cookies visite la\u00a0<a href=\"https:\/\/ico.org.uk\/for-organisations\/guide-to-pecr\/cookies-and-similar-technologies\/\" target=\"_blank\" rel=\"noopener\">ICO<\/a>.<\/p><\/div><\/div><\/div><\/div><\/div><\/div>\t\t\t\t\t\t\t\t<\/div>\n\t\t\t\t<\/div>\n\t\t\t\t<\/div>\n\t\t\t\t\t<\/div>\n\t\t\t\t<\/div>\n\t\t\t\t<\/div>","protected":false},"excerpt":{"rendered":"<p>Pol\u00edtica de privacidad\/cookies Pol\u00edtica de privacidad Spiroflow Limited se compromete a proteger su privacidad y tomamos muy en serio nuestras responsabilidades con respecto a la seguridad de la informaci\u00f3n del usuario. Esta Declaraci\u00f3n de Privacidad establece c\u00f3mo cumplimos con los requisitos de protecci\u00f3n de datos del Reino Unido y de la Uni\u00f3n Europea. Hemos estructurado nuestra web para que puedas visitarla sin identificarte [\u2026]<\/p>","protected":false},"author":2,"featured_media":0,"parent":0,"menu_order":0,"comment_status":"closed","ping_status":"closed","template":"","meta":{"content-type":"","footnotes":""},"class_list":["post-11353","page","type-page","status-publish","hentry"],"_links":{"self":[{"href":"https:\/\/www.spiroflow.com\/es\/wp-json\/wp\/v2\/pages\/11353","targetHints":{"allow":["GET"]}}],"collection":[{"href":"https:\/\/www.spiroflow.com\/es\/wp-json\/wp\/v2\/pages"}],"about":[{"href":"https:\/\/www.spiroflow.com\/es\/wp-json\/wp\/v2\/types\/page"}],"author":[{"embeddable":true,"href":"https:\/\/www.spiroflow.com\/es\/wp-json\/wp\/v2\/users\/2"}],"replies":[{"embeddable":true,"href":"https:\/\/www.spiroflow.com\/es\/wp-json\/wp\/v2\/comments?post=11353"}],"version-history":[{"count":0,"href":"https:\/\/www.spiroflow.com\/es\/wp-json\/wp\/v2\/pages\/11353\/revisions"}],"wp:attachment":[{"href":"https:\/\/www.spiroflow.com\/es\/wp-json\/wp\/v2\/media?parent=11353"}],"curies":[{"name":"Gracias","href":"https:\/\/api.w.org\/{rel}","templated":true}]}}