{"id":12123,"date":"2024-02-20T14:52:53","date_gmt":"2024-02-20T14:52:53","guid":{"rendered":"https:\/\/www.spiroflow.com\/?page_id=12123"},"modified":"2024-03-06T22:04:07","modified_gmt":"2024-03-06T22:04:07","slug":"cte-rey-gracias","status":"publish","type":"page","link":"https:\/\/www.spiroflow.com\/es\/cte-rey-gracias\/","title":{"rendered":"CTE ROI Gracias"},"content":{"rendered":"<div data-elementor-type=\"wp-page\" data-elementor-id=\"12123\" class=\"elementor elementor-12123\" data-elementor-post-type=\"page\">\n\t\t\t\t<div class=\"elementor-element elementor-element-5b8f6c8 e-flex e-con-boxed e-con e-parent\" data-id=\"5b8f6c8\" data-element_type=\"container\" data-settings=\"{&quot;background_background&quot;:&quot;classic&quot;}\">\n\t\t\t\t\t<div class=\"e-con-inner\">\n\t\t\t\t<div class=\"elementor-element elementor-element-741648c elementor-widget elementor-widget-heading\" data-id=\"741648c\" data-element_type=\"widget\" data-widget_type=\"heading.default\">\n\t\t\t\t<div class=\"elementor-widget-container\">\n\t\t\t\t\t<h1 class=\"elementor-heading-title elementor-size-default\">Gracias por el env\u00edo<\/h1>\t\t\t\t<\/div>\n\t\t\t\t<\/div>\n\t\t\t\t\t<\/div>\n\t\t\t\t<\/div>\n\t\t<div class=\"elementor-element elementor-element-e7bc2cd e-flex e-con-boxed e-con e-parent\" data-id=\"e7bc2cd\" data-element_type=\"container\">\n\t\t\t\t\t<div class=\"e-con-inner\">\n\t\t\t\t<div class=\"elementor-element elementor-element-2cacf4a elementor-widget elementor-widget-text-editor\" data-id=\"2cacf4a\" data-element_type=\"widget\" data-widget_type=\"text-editor.default\">\n\t\t\t\t<div class=\"elementor-widget-container\">\n\t\t\t\t\t\t\t\t\t<p>Gracias\u00a0<code class=\"html hljs xml\"><\/code><strong><\/strong>, <span style=\"font-weight: 400;\">por tomarse el tiempo para completar el <\/span><b>Formulario de an\u00e1lisis de llenado de supersacos a granel ROI CTE<\/b><span style=\"font-weight: 400;\">. Su informe en PDF personalizado se enviar\u00e1 a la direcci\u00f3n de correo electr\u00f3nico que proporcion\u00f3.<\/span><\/p><p><br \/><br \/><\/p><p><strong>Aqu\u00ed est\u00e1n los resultados de su ahorro.<\/strong><br \/><br \/><\/p><p>Ahorros anuales: <br \/><code class=\"html hljs xml\"><\/code><br \/><br \/><\/p><p>Ahorros de 3 a\u00f1os: <br \/><code class=\"html hljs xml\"><\/code><br \/><br \/><\/p><p>Ahorros de 5 a\u00f1os: <br \/><\/p><pre><code class=\"html hljs xml\"><\/code><\/pre>\t\t\t\t\t\t\t\t<\/div>\n\t\t\t\t<\/div>\n\t\t\t\t\t<\/div>\n\t\t\t\t<\/div>\n\t\t\t\t<\/div>","protected":false},"excerpt":{"rendered":"<p>Gracias por el env\u00edo Gracias por tomarse el tiempo de completar el formulario de An\u00e1lisis de llenado de supersacos a granel ROI CTE. Su informe en PDF personalizado se enviar\u00e1 a la direcci\u00f3n de correo electr\u00f3nico que proporcion\u00f3. Aqu\u00ed est\u00e1n los resultados de su ahorro. Ahorros anuales: Ahorros a 3 a\u00f1os: Ahorros a 5 a\u00f1os:<\/p>","protected":false},"author":2,"featured_media":0,"parent":0,"menu_order":0,"comment_status":"closed","ping_status":"closed","template":"","meta":{"content-type":"","footnotes":""},"class_list":["post-12123","page","type-page","status-publish","hentry"],"_links":{"self":[{"href":"https:\/\/www.spiroflow.com\/es\/wp-json\/wp\/v2\/pages\/12123","targetHints":{"allow":["GET"]}}],"collection":[{"href":"https:\/\/www.spiroflow.com\/es\/wp-json\/wp\/v2\/pages"}],"about":[{"href":"https:\/\/www.spiroflow.com\/es\/wp-json\/wp\/v2\/types\/page"}],"author":[{"embeddable":true,"href":"https:\/\/www.spiroflow.com\/es\/wp-json\/wp\/v2\/users\/2"}],"replies":[{"embeddable":true,"href":"https:\/\/www.spiroflow.com\/es\/wp-json\/wp\/v2\/comments?post=12123"}],"version-history":[{"count":0,"href":"https:\/\/www.spiroflow.com\/es\/wp-json\/wp\/v2\/pages\/12123\/revisions"}],"wp:attachment":[{"href":"https:\/\/www.spiroflow.com\/es\/wp-json\/wp\/v2\/media?parent=12123"}],"curies":[{"name":"Gracias","href":"https:\/\/api.w.org\/{rel}","templated":true}]}}