{"id":12190,"date":"2024-03-19T19:30:08","date_gmt":"2024-03-19T19:30:08","guid":{"rendered":"https:\/\/www.spiroflow.com\/?page_id=12190"},"modified":"2024-08-15T12:01:32","modified_gmt":"2024-08-15T12:01:32","slug":"transportador-de-tornillo-flexible-lp","status":"publish","type":"page","link":"https:\/\/www.spiroflow.com\/es\/transportador-de-tornillo-flexible-lp\/","title":{"rendered":"Transportador de tornillo flexible \u2013 LP"},"content":{"rendered":"<div data-elementor-type=\"wp-page\" data-elementor-id=\"12190\" class=\"elementor elementor-12190\" data-elementor-post-type=\"page\">\n\t\t\t\t<div class=\"elementor-element elementor-element-5661a54 e-grid e-con-boxed e-con e-parent\" data-id=\"5661a54\" data-element_type=\"container\" data-settings=\"{&quot;background_background&quot;:&quot;classic&quot;}\">\n\t\t\t\t\t<div class=\"e-con-inner\">\n\t\t\t\t<div class=\"elementor-element elementor-element-42cc830 elementor-widget elementor-widget-spacer\" data-id=\"42cc830\" data-element_type=\"widget\" data-widget_type=\"spacer.default\">\n\t\t\t\t<div class=\"elementor-widget-container\">\n\t\t\t\t\t\t\t<div class=\"elementor-spacer\">\n\t\t\t<div class=\"elementor-spacer-inner\"><\/div>\n\t\t<\/div>\n\t\t\t\t\t\t<\/div>\n\t\t\t\t<\/div>\n\t\t\t\t<div class=\"elementor-element elementor-element-aa7f1d7 elementor-widget elementor-widget-heading\" data-id=\"aa7f1d7\" data-element_type=\"widget\" data-widget_type=\"heading.default\">\n\t\t\t\t<div class=\"elementor-widget-container\">\n\t\t\t\t\t<h1 class=\"elementor-heading-title elementor-size-default\">TRANSPORTADORES DE TORNILLO FLEXIBLES\n<\/h1>\t\t\t\t<\/div>\n\t\t\t\t<\/div>\n\t\t\t\t<div class=\"elementor-element elementor-element-e6566c1 elementor-widget elementor-widget-heading\" data-id=\"e6566c1\" data-element_type=\"widget\" data-widget_type=\"heading.default\">\n\t\t\t\t<div class=\"elementor-widget-container\">\n\t\t\t\t\t<h2 class=\"elementor-heading-title elementor-size-default\">MAXIMICE SU EFICIENCIA CON LOS TRANSPORTADORES DE TORNILLO FLEXIBLES DE SPIROFLOW<\/h2>\t\t\t\t<\/div>\n\t\t\t\t<\/div>\n\t\t\t\t<div class=\"elementor-element elementor-element-34b53ef elementor-widget elementor-widget-spacer\" data-id=\"34b53ef\" data-element_type=\"widget\" data-widget_type=\"spacer.default\">\n\t\t\t\t<div class=\"elementor-widget-container\">\n\t\t\t\t\t\t\t<div class=\"elementor-spacer\">\n\t\t\t<div class=\"elementor-spacer-inner\"><\/div>\n\t\t<\/div>\n\t\t\t\t\t\t<\/div>\n\t\t\t\t<\/div>\n\t\t\t\t\t<\/div>\n\t\t\t\t<\/div>\n\t\t<div class=\"elementor-element elementor-element-8eaa7d5 e-grid e-con-boxed e-con e-parent\" data-id=\"8eaa7d5\" data-element_type=\"container\">\n\t\t\t\t\t<div class=\"e-con-inner\">\n\t\t\t\t<div class=\"elementor-element elementor-element-b003706 elementor-widget elementor-widget-spacer\" data-id=\"b003706\" data-element_type=\"widget\" data-widget_type=\"spacer.default\">\n\t\t\t\t<div class=\"elementor-widget-container\">\n\t\t\t\t\t\t\t<div class=\"elementor-spacer\">\n\t\t\t<div class=\"elementor-spacer-inner\"><\/div>\n\t\t<\/div>\n\t\t\t\t\t\t<\/div>\n\t\t\t\t<\/div>\n\t\t\t\t\t<\/div>\n\t\t\t\t<\/div>\n\t\t<div class=\"elementor-element elementor-element-4928930 e-flex e-con-boxed e-con e-parent\" data-id=\"4928930\" data-element_type=\"container\">\n\t\t\t\t\t<div class=\"e-con-inner\">\n\t\t<div class=\"elementor-element elementor-element-ff808f9 e-con-full e-flex e-con e-child\" data-id=\"ff808f9\" data-element_type=\"container\">\n\t\t\t\t<div class=\"elementor-element elementor-element-9a9fa85 elementor-widget elementor-widget-text-editor\" data-id=\"9a9fa85\" data-element_type=\"widget\" data-widget_type=\"text-editor.default\">\n\t\t\t\t<div class=\"elementor-widget-container\">\n\t\t\t\t\t\t\t\t\t<p><strong>Adaptable a tus necesidades:<\/strong> Mueva materiales en cualquier direcci\u00f3n y sorteando obst\u00e1culos sin esfuerzo. Nuestros transportadores de tornillo flexibles se adaptan perfectamente a su espacio, lo que hace que la manipulaci\u00f3n de materiales sea un trabajo liviano.<\/p><p><strong>Mejora tus procesos:<\/strong> Levante y transporte materiales suavemente de un punto a otro, perfecto para alimentar m\u00e1quinas o mover mercanc\u00edas en sus instalaciones.\u00a0<\/p><p><strong>Calidad constante:<\/strong> Nuestros transportadores de tornillo flexibles mantienen los materiales mezclados y consistentes, evitando cualquier separaci\u00f3n para que usted obtenga un resultado constante y confiable en todo momento.<\/p><p><strong>Transporte rentable:<\/strong> Ideales para manipular s\u00f3lidos y graneles secos e ingredientes, nuestros transportadores de tornillo flexibles ofrecen una soluci\u00f3n econ\u00f3micamente inteligente para sus necesidades de transporte de materiales, reduciendo sus costos operativos sin comprometer el rendimiento.<\/p><p><strong>Uso vers\u00e1til:<\/strong> Conocidos por varios nombres y famosos por su flexibilidad, nuestros transportadores se adaptan a una amplia gama de densidades a granel, tama\u00f1os de part\u00edculas y propiedades de flujo, lo que los convierte en una opci\u00f3n vers\u00e1til para diversas aplicaciones industriales.<\/p><p>\u00a0<\/p><p><strong>Descubra el transportador adecuado para usted: explore nuestra gama de transportadores de tornillo flexibles y encuentre el ajuste perfecto para las necesidades de su industria.<\/strong><\/p>\t\t\t\t\t\t\t\t<\/div>\n\t\t\t\t<\/div>\n\t\t\t\t<\/div>\n\t\t<div class=\"elementor-element elementor-element-48b9ca5 e-con-full e-flex e-con e-child\" data-id=\"48b9ca5\" data-element_type=\"container\" data-settings=\"{&quot;background_background&quot;:&quot;classic&quot;}\">\n\t\t<div class=\"elementor-element elementor-element-fc82425 e-flex e-con-boxed e-con e-child\" data-id=\"fc82425\" data-element_type=\"container\">\n\t\t\t\t\t<div class=\"e-con-inner\">\n\t\t\t\t<div class=\"elementor-element elementor-element-28cfc53 elementor-widget elementor-widget-text-editor\" data-id=\"28cfc53\" data-element_type=\"widget\" data-widget_type=\"text-editor.default\">\n\t\t\t\t<div class=\"elementor-widget-container\">\n\t\t\t\t\t\t\t\t\t<p><strong>\u00a1Programe una discusi\u00f3n con nuestros expertos hoy!<\/strong><\/p>\t\t\t\t\t\t\t\t<\/div>\n\t\t\t\t<\/div>\n\t\t\t\t<div class=\"elementor-element elementor-element-0e6e59b elementor-widget elementor-widget-html\" data-id=\"0e6e59b\" data-element_type=\"widget\" data-widget_type=\"html.default\">\n\t\t\t\t<div class=\"elementor-widget-container\">\n\t\t\t\t\t<script charset=\"utf-8\" type=\"text\/javascript\" src=\"\/\/js.hsforms.net\/forms\/embed\/v2.js\"><\/script>\r\n<script>\r\n  hbspt.forms.create({\r\n    region: \"na1\",\r\n    portalId: \"41946\",\r\n    formId: \"2331c034-ee9a-4c33-b73b-761892826e40\"\r\n  });\r\n<\/script>\t\t\t\t<\/div>\n\t\t\t\t<\/div>\n\t\t\t\t\t<\/div>\n\t\t\t\t<\/div>\n\t\t\t\t<\/div>\n\t\t\t\t\t<\/div>\n\t\t\t\t<\/div>\n\t\t<div class=\"elementor-element elementor-element-85ace9a e-flex e-con-boxed e-con e-parent\" data-id=\"85ace9a\" data-element_type=\"container\">\n\t\t\t\t\t<div class=\"e-con-inner\">\n\t\t\t\t<div class=\"elementor-element elementor-element-978a21e elementor-widget elementor-widget-spacer\" data-id=\"978a21e\" data-element_type=\"widget\" data-widget_type=\"spacer.default\">\n\t\t\t\t<div class=\"elementor-widget-container\">\n\t\t\t\t\t\t\t<div class=\"elementor-spacer\">\n\t\t\t<div class=\"elementor-spacer-inner\"><\/div>\n\t\t<\/div>\n\t\t\t\t\t\t<\/div>\n\t\t\t\t<\/div>\n\t\t\t\t<div class=\"elementor-element elementor-element-3aada05 elementor-widget-divider--view-line elementor-widget elementor-widget-divider\" data-id=\"3aada05\" data-element_type=\"widget\" data-widget_type=\"divider.default\">\n\t\t\t\t<div class=\"elementor-widget-container\">\n\t\t\t\t\t\t\t<div class=\"elementor-divider\">\n\t\t\t<span class=\"elementor-divider-separator\">\n\t\t\t\t\t\t<\/span>\n\t\t<\/div>\n\t\t\t\t\t\t<\/div>\n\t\t\t\t<\/div>\n\t\t\t\t<div class=\"elementor-element elementor-element-3aa2d72 elementor-widget elementor-widget-html\" data-id=\"3aa2d72\" data-element_type=\"widget\" data-widget_type=\"html.default\">\n\t\t\t\t<div class=\"elementor-widget-container\">\n\t\t\t\t\t\n<!DOCTYPE html>\n<html lang=\"en\">\n<head>\n     <style>\n        \/* Specific styles for each paragraph as originally provided *\/\n        p.quote {\n            text-align: center;\n            font-size: 22px;\n            font-weight: 650;\n            font-style: italic;\n            color: grey;\n        }\n\n        p.author, p.position {\n            text-align: right;\n            font-weight:600;\n            color: grey;\n            padding-right: 40px;\n            margin-bottom: 5px;\n            margin-top: 5px;\n        }\n\n        \/* Mobile view styles *\/\n        @media (max-width: 767px) {\n            p {\n                font-size: 13px;}\n        \n        }\n    <\/style>\n<\/head>\n<body>\n\n<p class=\"quote\">\u201cEstamos encantados con la precisi\u00f3n del transportador de tornillo flexible. Fue fant\u00e1stico trabajar con Spiroflow; nos brindaron todo el apoyo que necesit\u00e1bamos de manera r\u00e1pida y eficiente\u201d.<\/p>\n\n<p class=\"author\">Esteban Walshaw<\/p>\n\n<p class=\"position\">Director general del fabricante de productos de confiter\u00eda Joseph Dobson &amp; Sons<\/p>\n\n<\/body>\n<\/html>\n\n\n\n\t\t\t\t<\/div>\n\t\t\t\t<\/div>\n\t\t\t\t<div class=\"elementor-element elementor-element-b8cd117 elementor-widget-divider--view-line elementor-widget elementor-widget-divider\" data-id=\"b8cd117\" data-element_type=\"widget\" data-widget_type=\"divider.default\">\n\t\t\t\t<div class=\"elementor-widget-container\">\n\t\t\t\t\t\t\t<div class=\"elementor-divider\">\n\t\t\t<span class=\"elementor-divider-separator\">\n\t\t\t\t\t\t<\/span>\n\t\t<\/div>\n\t\t\t\t\t\t<\/div>\n\t\t\t\t<\/div>\n\t\t\t\t<div class=\"elementor-element elementor-element-db04d2b elementor-widget elementor-widget-spacer\" data-id=\"db04d2b\" data-element_type=\"widget\" data-widget_type=\"spacer.default\">\n\t\t\t\t<div class=\"elementor-widget-container\">\n\t\t\t\t\t\t\t<div class=\"elementor-spacer\">\n\t\t\t<div class=\"elementor-spacer-inner\"><\/div>\n\t\t<\/div>\n\t\t\t\t\t\t<\/div>\n\t\t\t\t<\/div>\n\t\t\t\t\t<\/div>\n\t\t\t\t<\/div>\n\t\t<div class=\"elementor-element elementor-element-3b9b5ee e-grid e-con-boxed e-con e-parent\" data-id=\"3b9b5ee\" data-element_type=\"container\">\n\t\t\t\t\t<div class=\"e-con-inner\">\n\t\t\t\t<div class=\"elementor-element elementor-element-dd3784e elementor-widget elementor-widget-heading\" data-id=\"dd3784e\" data-element_type=\"widget\" data-widget_type=\"heading.default\">\n\t\t\t\t<div class=\"elementor-widget-container\">\n\t\t\t\t\t<h2 class=\"elementor-heading-title elementor-size-default\">Conf\u00eda en Spiroflow<\/h2>\t\t\t\t<\/div>\n\t\t\t\t<\/div>\n\t\t\t\t<div class=\"elementor-element elementor-element-a8e5649 elementor-widget elementor-widget-text-editor\" data-id=\"a8e5649\" data-element_type=\"widget\" data-widget_type=\"text-editor.default\">\n\t\t\t\t<div class=\"elementor-widget-container\">\n\t\t\t\t\t\t\t\t\t<p>Somos l\u00edderes en tecnolog\u00eda de transportadores y brindamos soluciones innovadoras que crecen con su negocio y garantizan el \u00e9xito y la eficiencia a largo plazo.<\/p>\t\t\t\t\t\t\t\t<\/div>\n\t\t\t\t<\/div>\n\t\t\t\t<div class=\"elementor-element elementor-element-da39875 elementor-widget elementor-widget-spacer\" data-id=\"da39875\" data-element_type=\"widget\" data-widget_type=\"spacer.default\">\n\t\t\t\t<div class=\"elementor-widget-container\">\n\t\t\t\t\t\t\t<div class=\"elementor-spacer\">\n\t\t\t<div class=\"elementor-spacer-inner\"><\/div>\n\t\t<\/div>\n\t\t\t\t\t\t<\/div>\n\t\t\t\t<\/div>\n\t\t\t\t\t<\/div>\n\t\t\t\t<\/div>\n\t\t<div class=\"elementor-element elementor-element-6e9b110 e-grid e-con-boxed e-con e-parent\" data-id=\"6e9b110\" data-element_type=\"container\">\n\t\t\t\t\t<div class=\"e-con-inner\">\n\t\t\t\t<div class=\"elementor-element elementor-element-30d712d elementor-widget elementor-widget-image\" data-id=\"30d712d\" data-element_type=\"widget\" data-widget_type=\"image.default\">\n\t\t\t\t<div class=\"elementor-widget-container\">\n\t\t\t\t\t\t\t\t\t\t\t\t\t\t\t<img decoding=\"async\" src=\"https:\/\/www.spiroflow.com\/wp-content\/uploads\/elementor\/thumbs\/5003-picture-2-1-qlgl5m9lkk6dyjc1xtw7igiq1vn7c57i3ho36zncxk.webp\" title=\"5003-imagen-2 (1)\" alt=\"Un sistema transportador completo\" loading=\"lazy\" \/>\t\t\t\t\t\t\t\t\t\t\t\t\t\t\t<\/div>\n\t\t\t\t<\/div>\n\t\t\t\t<div class=\"elementor-element elementor-element-15937e9 elementor-widget elementor-widget-image\" data-id=\"15937e9\" data-element_type=\"widget\" data-widget_type=\"image.default\">\n\t\t\t\t<div class=\"elementor-widget-container\">\n\t\t\t\t\t\t\t\t\t\t\t\t\t\t\t<img fetchpriority=\"high\" decoding=\"async\" width=\"300\" height=\"236\" src=\"https:\/\/www.spiroflow.com\/wp-content\/uploads\/2024\/03\/Flexible-Screws-Spiroflow.webp\" class=\"attachment-large size-large wp-image-12241\" alt=\"Tornillos flexibles Spiroflow\" srcset=\"https:\/\/www.spiroflow.com\/wp-content\/uploads\/2024\/03\/Flexible-Screws-Spiroflow.webp 300w, https:\/\/www.spiroflow.com\/wp-content\/uploads\/2024\/03\/Flexible-Screws-Spiroflow-15x12.webp 15w\" sizes=\"(max-width: 300px) 100vw, 300px\" \/>\t\t\t\t\t\t\t\t\t\t\t\t\t\t\t<\/div>\n\t\t\t\t<\/div>\n\t\t\t\t<div class=\"elementor-element elementor-element-02a5884 elementor-widget elementor-widget-image\" data-id=\"02a5884\" data-element_type=\"widget\" data-widget_type=\"image.default\">\n\t\t\t\t<div class=\"elementor-widget-container\">\n\t\t\t\t\t\t\t\t\t\t\t\t\t\t\t<img decoding=\"async\" src=\"https:\/\/www.spiroflow.com\/wp-content\/uploads\/elementor\/thumbs\/1005-CS-Image-1-Mobile-Flexible-Screw-Conveyor-Bulk-Bag-Unloader-Gem-1-qi71p7vs5iltysn75t95ric2dcnhg553c46w1uezaw.webp\" title=\"1005-CS-Image-1-Transportador de tornillo flexible m\u00f3vil-Descargador de bolsas a granel-Gem-1\" alt=\"Transportador de tornillo flexible m\u00f3vil\" loading=\"lazy\" \/>\t\t\t\t\t\t\t\t\t\t\t\t\t\t\t<\/div>\n\t\t\t\t<\/div>\n\t\t\t\t\t<\/div>\n\t\t\t\t<\/div>\n\t\t<div class=\"elementor-element elementor-element-3945703 e-con-full e-flex e-con e-parent\" data-id=\"3945703\" data-element_type=\"container\">\n\t\t\t\t<div class=\"elementor-element elementor-element-43f908b elementor-widget elementor-widget-spacer\" data-id=\"43f908b\" data-element_type=\"widget\" data-widget_type=\"spacer.default\">\n\t\t\t\t<div class=\"elementor-widget-container\">\n\t\t\t\t\t\t\t<div class=\"elementor-spacer\">\n\t\t\t<div class=\"elementor-spacer-inner\"><\/div>\n\t\t<\/div>\n\t\t\t\t\t\t<\/div>\n\t\t\t\t<\/div>\n\t\t\t\t<div class=\"elementor-element elementor-element-1b7d0ac elementor-widget elementor-widget-heading\" data-id=\"1b7d0ac\" data-element_type=\"widget\" data-widget_type=\"heading.default\">\n\t\t\t\t<div class=\"elementor-widget-container\">\n\t\t\t\t\t<h2 class=\"elementor-heading-title elementor-size-default\">CONFIGURACIONES\n<\/h2>\t\t\t\t<\/div>\n\t\t\t\t<\/div>\n\t\t\t\t<div class=\"elementor-element elementor-element-0c0e00a elementor-widget elementor-widget-text-editor\" data-id=\"0c0e00a\" data-element_type=\"widget\" data-widget_type=\"text-editor.default\">\n\t\t\t\t<div class=\"elementor-widget-container\">\n\t\t\t\t\t\t\t\t\t<p>Aqu\u00ed se muestran algunas de las configuraciones b\u00e1sicas de transportadores aeromec\u00e1nicos de Spiroflow.<\/p><p>Se pueden dise\u00f1ar muchos otros dise\u00f1os para satisfacer los requisitos del cliente.<\/p>\t\t\t\t\t\t\t\t<\/div>\n\t\t\t\t<\/div>\n\t\t\t\t<div class=\"elementor-element elementor-element-3b66d45 elementor-widget elementor-widget-image\" data-id=\"3b66d45\" data-element_type=\"widget\" data-widget_type=\"image.default\">\n\t\t\t\t<div class=\"elementor-widget-container\">\n\t\t\t\t\t\t\t\t\t\t\t\t\t\t\t<img decoding=\"async\" width=\"800\" height=\"380\" src=\"https:\/\/www.spiroflow.com\/wp-content\/uploads\/2024\/03\/Flexible-Screw-Conveyor-Configurations-1024x486.webp\" class=\"attachment-large size-large wp-image-12240\" alt=\"Configuraciones de transportadores de tornillo flexibles\" srcset=\"https:\/\/www.spiroflow.com\/wp-content\/uploads\/2024\/03\/Flexible-Screw-Conveyor-Configurations-1024x486.webp 1024w, https:\/\/www.spiroflow.com\/wp-content\/uploads\/2024\/03\/Flexible-Screw-Conveyor-Configurations-300x142.webp 300w, https:\/\/www.spiroflow.com\/wp-content\/uploads\/2024\/03\/Flexible-Screw-Conveyor-Configurations-768x364.webp 768w, https:\/\/www.spiroflow.com\/wp-content\/uploads\/2024\/03\/Flexible-Screw-Conveyor-Configurations-18x9.webp 18w, https:\/\/www.spiroflow.com\/wp-content\/uploads\/2024\/03\/Flexible-Screw-Conveyor-Configurations.webp 1109w\" sizes=\"(max-width: 800px) 100vw, 800px\" \/>\t\t\t\t\t\t\t\t\t\t\t\t\t\t\t<\/div>\n\t\t\t\t<\/div>\n\t\t\t\t<div class=\"elementor-element elementor-element-28c1fc3 elementor-widget elementor-widget-spacer\" data-id=\"28c1fc3\" data-element_type=\"widget\" data-widget_type=\"spacer.default\">\n\t\t\t\t<div class=\"elementor-widget-container\">\n\t\t\t\t\t\t\t<div class=\"elementor-spacer\">\n\t\t\t<div class=\"elementor-spacer-inner\"><\/div>\n\t\t<\/div>\n\t\t\t\t\t\t<\/div>\n\t\t\t\t<\/div>\n\t\t\t\t<\/div>\n\t\t\t\t<\/div>","protected":false},"excerpt":{"rendered":"<p>FLEXIBLE SCREW CONVEYORS MAXIMISE YOUR EFFICIENCY WITH SPIROFLOW&#8217;S FLEXIBLE SCREW CONVEYORS Adaptable to your needs: Move materials in any direction and around obstacles effortlessly. Our flexible screw conveyors fit right into your space, making material handling light work. Improve your processes: Lift and transport materials smoothly from one point to another, perfect for feeding machines [&hellip;]<\/p>","protected":false},"author":2,"featured_media":12242,"parent":0,"menu_order":0,"comment_status":"closed","ping_status":"closed","template":"","meta":{"content-type":"","footnotes":""},"class_list":["post-12190","page","type-page","status-publish","has-post-thumbnail","hentry"],"_links":{"self":[{"href":"https:\/\/www.spiroflow.com\/es\/wp-json\/wp\/v2\/pages\/12190","targetHints":{"allow":["GET"]}}],"collection":[{"href":"https:\/\/www.spiroflow.com\/es\/wp-json\/wp\/v2\/pages"}],"about":[{"href":"https:\/\/www.spiroflow.com\/es\/wp-json\/wp\/v2\/types\/page"}],"author":[{"embeddable":true,"href":"https:\/\/www.spiroflow.com\/es\/wp-json\/wp\/v2\/users\/2"}],"replies":[{"embeddable":true,"href":"https:\/\/www.spiroflow.com\/es\/wp-json\/wp\/v2\/comments?post=12190"}],"version-history":[{"count":0,"href":"https:\/\/www.spiroflow.com\/es\/wp-json\/wp\/v2\/pages\/12190\/revisions"}],"wp:featuredmedia":[{"embeddable":true,"href":"https:\/\/www.spiroflow.com\/es\/wp-json\/wp\/v2\/media\/12242"}],"wp:attachment":[{"href":"https:\/\/www.spiroflow.com\/es\/wp-json\/wp\/v2\/media?parent=12190"}],"curies":[{"name":"Gracias","href":"https:\/\/api.w.org\/{rel}","templated":true}]}}