{"id":12192,"date":"2024-03-19T19:53:38","date_gmt":"2024-03-19T19:53:38","guid":{"rendered":"https:\/\/www.spiroflow.com\/?page_id=12192"},"modified":"2024-08-15T12:17:46","modified_gmt":"2024-08-15T12:17:46","slug":"transportador-aeromecanico-lp","status":"publish","type":"page","link":"https:\/\/www.spiroflow.com\/es\/transportador-aeromecanico-lp\/","title":{"rendered":"Transportador aeromec\u00e1nico \u2013 LP"},"content":{"rendered":"<div data-elementor-type=\"wp-page\" data-elementor-id=\"12192\" class=\"elementor elementor-12192\" data-elementor-post-type=\"page\">\n\t\t\t\t<div class=\"elementor-element elementor-element-b247525 e-grid e-con-boxed e-con e-parent\" data-id=\"b247525\" data-element_type=\"container\" data-settings=\"{&quot;background_background&quot;:&quot;classic&quot;}\">\n\t\t\t\t\t<div class=\"e-con-inner\">\n\t\t\t\t<div class=\"elementor-element elementor-element-81638e8 elementor-widget elementor-widget-spacer\" data-id=\"81638e8\" data-element_type=\"widget\" data-widget_type=\"spacer.default\">\n\t\t\t\t<div class=\"elementor-widget-container\">\n\t\t\t\t\t\t\t<div class=\"elementor-spacer\">\n\t\t\t<div class=\"elementor-spacer-inner\"><\/div>\n\t\t<\/div>\n\t\t\t\t\t\t<\/div>\n\t\t\t\t<\/div>\n\t\t\t\t<div class=\"elementor-element elementor-element-448a44e elementor-widget elementor-widget-heading\" data-id=\"448a44e\" data-element_type=\"widget\" data-widget_type=\"heading.default\">\n\t\t\t\t<div class=\"elementor-widget-container\">\n\t\t\t\t\t<h1 class=\"elementor-heading-title elementor-size-default\">TRANSPORTADORES AEROMECANICOS<\/h1>\t\t\t\t<\/div>\n\t\t\t\t<\/div>\n\t\t\t\t<div class=\"elementor-element elementor-element-ef6fee5 elementor-widget elementor-widget-heading\" data-id=\"ef6fee5\" data-element_type=\"widget\" data-widget_type=\"heading.default\">\n\t\t\t\t<div class=\"elementor-widget-container\">\n\t\t\t\t\t<h2 class=\"elementor-heading-title elementor-size-default\">MAXIMICE SU EFICIENCIA CON LOS TRANSPORTADORES AEROMEC\u00c1NICOS DE SPIROFLOW<\/h2>\t\t\t\t<\/div>\n\t\t\t\t<\/div>\n\t\t\t\t<div class=\"elementor-element elementor-element-32c4d93 elementor-widget elementor-widget-spacer\" data-id=\"32c4d93\" data-element_type=\"widget\" data-widget_type=\"spacer.default\">\n\t\t\t\t<div class=\"elementor-widget-container\">\n\t\t\t\t\t\t\t<div class=\"elementor-spacer\">\n\t\t\t<div class=\"elementor-spacer-inner\"><\/div>\n\t\t<\/div>\n\t\t\t\t\t\t<\/div>\n\t\t\t\t<\/div>\n\t\t\t\t\t<\/div>\n\t\t\t\t<\/div>\n\t\t<div class=\"elementor-element elementor-element-671c79e e-grid e-con-boxed e-con e-parent\" data-id=\"671c79e\" data-element_type=\"container\">\n\t\t\t\t\t<div class=\"e-con-inner\">\n\t\t<div class=\"elementor-element elementor-element-25a3438 e-grid e-con-boxed e-con e-child\" data-id=\"25a3438\" data-element_type=\"container\">\n\t\t\t\t\t<div class=\"e-con-inner\">\n\t\t\t\t<div class=\"elementor-element elementor-element-80d1898 elementor-widget elementor-widget-spacer\" data-id=\"80d1898\" data-element_type=\"widget\" data-widget_type=\"spacer.default\">\n\t\t\t\t<div class=\"elementor-widget-container\">\n\t\t\t\t\t\t\t<div class=\"elementor-spacer\">\n\t\t\t<div class=\"elementor-spacer-inner\"><\/div>\n\t\t<\/div>\n\t\t\t\t\t\t<\/div>\n\t\t\t\t<\/div>\n\t\t\t\t\t<\/div>\n\t\t\t\t<\/div>\n\t\t\t\t\t<\/div>\n\t\t\t\t<\/div>\n\t\t<div class=\"elementor-element elementor-element-fcd1482 e-grid e-con-boxed e-con e-parent\" data-id=\"fcd1482\" data-element_type=\"container\">\n\t\t\t\t\t<div class=\"e-con-inner\">\n\t\t\t\t<div class=\"elementor-element elementor-element-3b7db60 elementor-widget elementor-widget-text-editor\" data-id=\"3b7db60\" data-element_type=\"widget\" data-widget_type=\"text-editor.default\">\n\t\t\t\t<div class=\"elementor-widget-container\">\n\t\t\t\t\t\t\t\t\t<p><strong>Cuidadoso con material friable:<\/strong> Nuestra avanzada tecnolog\u00eda de transporte soporta productos fr\u00e1giles en un colch\u00f3n de aire, minimizando el da\u00f1o.<\/p><p><strong>Dise\u00f1o vers\u00e1til con m\u00faltiples entradas\/salidas:<\/strong> Nuestros transportadores aeromec\u00e1nicos est\u00e1n dise\u00f1ados para brindar versatilidad, lo que le permite administrar m\u00faltiples materiales o ingredientes a la vez, eliminando la necesidad de transportadores separados y ahorrando espacio.<\/p><p><strong>Funcionamiento estable sin presurizaci\u00f3n:<\/strong> Manteniendo una presi\u00f3n equilibrada, los transportadores funcionan sin presurizaci\u00f3n. Esto garantiza un flujo constante de material, reduce el riesgo de fugas o bloqueos y garantiza un funcionamiento sin problemas.<\/p><p><strong>Funcionamiento silencioso:<\/strong> Nuestros transportadores minimizan el consumo de energ\u00eda, funcionan de manera silenciosa y ofrecen alta eficiencia y rendimiento. Disfrute de un espacio de trabajo m\u00e1s silencioso y menores costos operativos sin compromiso.<\/p><p><strong>Mezcla consistente de materiales:<\/strong> Nuestros transportadores garantizan una m\u00ednima segregaci\u00f3n y degradaci\u00f3n, asegurando una mezcla uniforme y la calidad de sus productos y optimizando los procesos de producci\u00f3n.<\/p><p><strong>F\u00e1cil de limpiar, lavar y secar:<\/strong> Nuestros transportadores son higi\u00e9nicos, f\u00e1ciles de limpiar y maximizan la productividad minimizando el tiempo de inactividad.<\/p><p>\u00a0<\/p><p><strong>Explore los beneficios de los transportadores aeromec\u00e1nicos y descubra c\u00f3mo pueden transformar sus operaciones y aumentar su eficiencia.<\/strong><\/p><p>\u00a0<\/p>\t\t\t\t\t\t\t\t<\/div>\n\t\t\t\t<\/div>\n\t\t<div class=\"elementor-element elementor-element-5e3b0ac e-flex e-con-boxed e-con e-child\" data-id=\"5e3b0ac\" data-element_type=\"container\">\n\t\t\t\t\t<div class=\"e-con-inner\">\n\t\t\t\t<div class=\"elementor-element elementor-element-c6abcf4 elementor-widget elementor-widget-text-editor\" data-id=\"c6abcf4\" data-element_type=\"widget\" data-widget_type=\"text-editor.default\">\n\t\t\t\t<div class=\"elementor-widget-container\">\n\t\t\t\t\t\t\t\t\t<p><strong>\u00a1Programe una discusi\u00f3n con nuestros expertos hoy!<\/strong><\/p>\t\t\t\t\t\t\t\t<\/div>\n\t\t\t\t<\/div>\n\t\t\t\t<div class=\"elementor-element elementor-element-e1d72cf elementor-widget elementor-widget-html\" data-id=\"e1d72cf\" data-element_type=\"widget\" data-widget_type=\"html.default\">\n\t\t\t\t<div class=\"elementor-widget-container\">\n\t\t\t\t\t<script charset=\"utf-8\" type=\"text\/javascript\" src=\"\/\/js.hsforms.net\/forms\/embed\/v2.js\"><\/script>\r\n<script>\r\n  hbspt.forms.create({\r\n    region: \"na1\",\r\n    portalId: \"41946\",\r\n    formId: \"2331c034-ee9a-4c33-b73b-761892826e40\"\r\n  });\r\n<\/script>\t\t\t\t<\/div>\n\t\t\t\t<\/div>\n\t\t\t\t\t<\/div>\n\t\t\t\t<\/div>\n\t\t\t\t\t<\/div>\n\t\t\t\t<\/div>\n\t\t<div class=\"elementor-element elementor-element-fe99033 e-flex e-con-boxed e-con e-parent\" data-id=\"fe99033\" data-element_type=\"container\">\n\t\t\t\t\t<div class=\"e-con-inner\">\n\t\t\t\t<div class=\"elementor-element elementor-element-02d566f elementor-widget elementor-widget-spacer\" data-id=\"02d566f\" data-element_type=\"widget\" data-widget_type=\"spacer.default\">\n\t\t\t\t<div class=\"elementor-widget-container\">\n\t\t\t\t\t\t\t<div class=\"elementor-spacer\">\n\t\t\t<div class=\"elementor-spacer-inner\"><\/div>\n\t\t<\/div>\n\t\t\t\t\t\t<\/div>\n\t\t\t\t<\/div>\n\t\t\t\t<div class=\"elementor-element elementor-element-ac0ccaa elementor-widget-divider--view-line elementor-widget elementor-widget-divider\" data-id=\"ac0ccaa\" data-element_type=\"widget\" data-widget_type=\"divider.default\">\n\t\t\t\t<div class=\"elementor-widget-container\">\n\t\t\t\t\t\t\t<div class=\"elementor-divider\">\n\t\t\t<span class=\"elementor-divider-separator\">\n\t\t\t\t\t\t<\/span>\n\t\t<\/div>\n\t\t\t\t\t\t<\/div>\n\t\t\t\t<\/div>\n\t\t\t\t<div class=\"elementor-element elementor-element-2a2b130 elementor-widget elementor-widget-html\" data-id=\"2a2b130\" data-element_type=\"widget\" data-widget_type=\"html.default\">\n\t\t\t\t<div class=\"elementor-widget-container\">\n\t\t\t\t\t\n<!DOCTYPE html>\n<html lang=\"en\">\n<head>\n     <style>\n        \/* Specific styles for each paragraph as originally provided *\/\n        p.quote {\n            text-align: center;\n            font-size: 22px;\n            font-weight: 650;\n            font-style: italic;\n            color: grey;\n        }\n\n        p.author, p.position {\n            text-align: right;\n            font-weight:600;\n            color: grey;\n            padding-right: 40px;\n            margin-bottom: 5px;\n            margin-top: 5px;\n        }\n\n        \/* Mobile view styles *\/\n        @media (max-width: 767px) {\n            p {\n                font-size: 13px;}\n        \n        }\n    <\/style>\n<\/head>\n<body>\n\n<p class=\"quote\">&quot;Nuestros propios ingenieros instalaron y pusieron en marcha el transportador mec\u00e1nico Spiroflow Aero y ha funcionado muy bien desde entonces&quot;.<\/p>\n\n<p class=\"author\">Andres Pynn<\/p>\n\n<p class=\"position\">Ingeniero Senior de Controles en Butcher&#039;s Pet Care<\/p>\n\n<\/body>\n<\/html>\n\n\n\n\t\t\t\t<\/div>\n\t\t\t\t<\/div>\n\t\t\t\t<div class=\"elementor-element elementor-element-4089ed8 elementor-widget-divider--view-line elementor-widget elementor-widget-divider\" data-id=\"4089ed8\" data-element_type=\"widget\" data-widget_type=\"divider.default\">\n\t\t\t\t<div class=\"elementor-widget-container\">\n\t\t\t\t\t\t\t<div class=\"elementor-divider\">\n\t\t\t<span class=\"elementor-divider-separator\">\n\t\t\t\t\t\t<\/span>\n\t\t<\/div>\n\t\t\t\t\t\t<\/div>\n\t\t\t\t<\/div>\n\t\t\t\t<div class=\"elementor-element elementor-element-7ba1d82 elementor-widget elementor-widget-spacer\" data-id=\"7ba1d82\" data-element_type=\"widget\" data-widget_type=\"spacer.default\">\n\t\t\t\t<div class=\"elementor-widget-container\">\n\t\t\t\t\t\t\t<div class=\"elementor-spacer\">\n\t\t\t<div class=\"elementor-spacer-inner\"><\/div>\n\t\t<\/div>\n\t\t\t\t\t\t<\/div>\n\t\t\t\t<\/div>\n\t\t\t\t\t<\/div>\n\t\t\t\t<\/div>\n\t\t<div class=\"elementor-element elementor-element-24521e5 e-grid e-con-boxed e-con e-parent\" data-id=\"24521e5\" data-element_type=\"container\">\n\t\t\t\t\t<div class=\"e-con-inner\">\n\t\t\t\t<div class=\"elementor-element elementor-element-eff2917 elementor-widget elementor-widget-heading\" data-id=\"eff2917\" data-element_type=\"widget\" data-widget_type=\"heading.default\">\n\t\t\t\t<div class=\"elementor-widget-container\">\n\t\t\t\t\t<h2 class=\"elementor-heading-title elementor-size-default\">Conf\u00eda en Spiroflow<\/h2>\t\t\t\t<\/div>\n\t\t\t\t<\/div>\n\t\t\t\t<div class=\"elementor-element elementor-element-863cae9 elementor-widget elementor-widget-text-editor\" data-id=\"863cae9\" data-element_type=\"widget\" data-widget_type=\"text-editor.default\">\n\t\t\t\t<div class=\"elementor-widget-container\">\n\t\t\t\t\t\t\t\t\t<p>Somos l\u00edderes en tecnolog\u00eda de transportadores y brindamos soluciones innovadoras que crecen con su negocio y garantizan el \u00e9xito y la eficiencia a largo plazo.<\/p>\t\t\t\t\t\t\t\t<\/div>\n\t\t\t\t<\/div>\n\t\t\t\t<div class=\"elementor-element elementor-element-a81c0b8 elementor-widget elementor-widget-spacer\" data-id=\"a81c0b8\" data-element_type=\"widget\" data-widget_type=\"spacer.default\">\n\t\t\t\t<div class=\"elementor-widget-container\">\n\t\t\t\t\t\t\t<div class=\"elementor-spacer\">\n\t\t\t<div class=\"elementor-spacer-inner\"><\/div>\n\t\t<\/div>\n\t\t\t\t\t\t<\/div>\n\t\t\t\t<\/div>\n\t\t\t\t\t<\/div>\n\t\t\t\t<\/div>\n\t\t<div class=\"elementor-element elementor-element-24ed545 e-grid e-con-boxed e-con e-parent\" data-id=\"24ed545\" data-element_type=\"container\">\n\t\t\t\t\t<div class=\"e-con-inner\">\n\t\t\t\t<div class=\"elementor-element elementor-element-ae96dc5 elementor-widget elementor-widget-image\" data-id=\"ae96dc5\" data-element_type=\"widget\" data-widget_type=\"image.default\">\n\t\t\t\t<div class=\"elementor-widget-container\">\n\t\t\t\t\t\t\t\t\t\t\t\t\t\t\t<img decoding=\"async\" src=\"https:\/\/www.spiroflow.com\/wp-content\/uploads\/elementor\/thumbs\/Aero-Mechanical-Conveyor-In-Facility-2-qm7nzq5bvvd5it6nzy9992zllr959jdtf73lvj9jy0.webp\" title=\"Transportador aeromec\u00e1nico: en las instalaciones (2)\" alt=\"Transportador aeromec\u00e1nico: en las instalaciones\" loading=\"lazy\" \/>\t\t\t\t\t\t\t\t\t\t\t\t\t\t\t<\/div>\n\t\t\t\t<\/div>\n\t\t\t\t<div class=\"elementor-element elementor-element-6aeb41c elementor-widget elementor-widget-image\" data-id=\"6aeb41c\" data-element_type=\"widget\" data-widget_type=\"image.default\">\n\t\t\t\t<div class=\"elementor-widget-container\">\n\t\t\t\t\t\t\t\t\t\t\t\t\t\t\t<img decoding=\"async\" src=\"https:\/\/www.spiroflow.com\/wp-content\/uploads\/elementor\/thumbs\/Aero-Mechanical-Conveyor-In-Facility-4-qm7nzr362pefuf5augnvtkr2754ih8hjrbr3ct85rs.webp\" title=\"Transportador aeromec\u00e1nico: en las instalaciones (4)\" alt=\"Transportador aeromec\u00e1nico: en las instalaciones\" loading=\"lazy\" \/>\t\t\t\t\t\t\t\t\t\t\t\t\t\t\t<\/div>\n\t\t\t\t<\/div>\n\t\t\t\t<div class=\"elementor-element elementor-element-e89f825 elementor-widget elementor-widget-image\" data-id=\"e89f825\" data-element_type=\"widget\" data-widget_type=\"image.default\">\n\t\t\t\t<div class=\"elementor-widget-container\">\n\t\t\t\t\t\t\t\t\t\t\t\t\t\t\t<img fetchpriority=\"high\" decoding=\"async\" width=\"300\" height=\"236\" src=\"https:\/\/www.spiroflow.com\/wp-content\/uploads\/2024\/04\/Aero-Mechanical-Conveyor-In-Facility.webp\" class=\"attachment-large size-large wp-image-12250\" alt=\"Transportador aeromec\u00e1nico: en las instalaciones\" srcset=\"https:\/\/www.spiroflow.com\/wp-content\/uploads\/2024\/04\/Aero-Mechanical-Conveyor-In-Facility.webp 300w, https:\/\/www.spiroflow.com\/wp-content\/uploads\/2024\/04\/Aero-Mechanical-Conveyor-In-Facility-15x12.webp 15w\" sizes=\"(max-width: 300px) 100vw, 300px\" \/>\t\t\t\t\t\t\t\t\t\t\t\t\t\t\t<\/div>\n\t\t\t\t<\/div>\n\t\t\t\t\t<\/div>\n\t\t\t\t<\/div>\n\t\t<div class=\"elementor-element elementor-element-9389862 e-grid e-con-boxed e-con e-parent\" data-id=\"9389862\" data-element_type=\"container\">\n\t\t\t\t\t<div class=\"e-con-inner\">\n\t\t\t\t<div class=\"elementor-element elementor-element-6c16bfb elementor-widget elementor-widget-spacer\" data-id=\"6c16bfb\" data-element_type=\"widget\" data-widget_type=\"spacer.default\">\n\t\t\t\t<div class=\"elementor-widget-container\">\n\t\t\t\t\t\t\t<div class=\"elementor-spacer\">\n\t\t\t<div class=\"elementor-spacer-inner\"><\/div>\n\t\t<\/div>\n\t\t\t\t\t\t<\/div>\n\t\t\t\t<\/div>\n\t\t\t\t\t<\/div>\n\t\t\t\t<\/div>\n\t\t<div class=\"elementor-element elementor-element-8ca73ba e-grid e-con-boxed e-con e-parent\" data-id=\"8ca73ba\" data-element_type=\"container\">\n\t\t\t\t\t<div class=\"e-con-inner\">\n\t\t\t\t<div class=\"elementor-element elementor-element-cb408ce elementor-widget elementor-widget-heading\" data-id=\"cb408ce\" data-element_type=\"widget\" data-widget_type=\"heading.default\">\n\t\t\t\t<div class=\"elementor-widget-container\">\n\t\t\t\t\t<h2 class=\"elementor-heading-title elementor-size-default\">Algunas de las configuraciones b\u00e1sicas de transportadores aeromec\u00e1nicos de Spiroflow. Se pueden dise\u00f1ar muchos otros dise\u00f1os para satisfacer los requisitos del cliente. <\/h2>\t\t\t\t<\/div>\n\t\t\t\t<\/div>\n\t\t\t\t<div class=\"elementor-element elementor-element-a93ca5d elementor-widget elementor-widget-spacer\" data-id=\"a93ca5d\" data-element_type=\"widget\" data-widget_type=\"spacer.default\">\n\t\t\t\t<div class=\"elementor-widget-container\">\n\t\t\t\t\t\t\t<div class=\"elementor-spacer\">\n\t\t\t<div class=\"elementor-spacer-inner\"><\/div>\n\t\t<\/div>\n\t\t\t\t\t\t<\/div>\n\t\t\t\t<\/div>\n\t\t\t\t\t<\/div>\n\t\t\t\t<\/div>\n\t\t<div class=\"elementor-element elementor-element-ec1ed4a e-grid e-con-boxed e-con e-parent\" data-id=\"ec1ed4a\" data-element_type=\"container\">\n\t\t\t\t\t<div class=\"e-con-inner\">\n\t\t\t\t<div class=\"elementor-element elementor-element-c6195a7 elementor-widget elementor-widget-image\" data-id=\"c6195a7\" data-element_type=\"widget\" data-widget_type=\"image.default\">\n\t\t\t\t<div class=\"elementor-widget-container\">\n\t\t\t\t\t\t\t\t\t\t\t\t\t\t\t<img decoding=\"async\" src=\"https:\/\/www.spiroflow.com\/wp-content\/uploads\/2023\/08\/aero-config-01.webp\" title=\"aero-config-01\" alt=\"aero-config-01\" loading=\"lazy\" \/>\t\t\t\t\t\t\t\t\t\t\t\t\t\t\t<\/div>\n\t\t\t\t<\/div>\n\t\t\t\t<div class=\"elementor-element elementor-element-7ae0d6a elementor-widget elementor-widget-spacer\" data-id=\"7ae0d6a\" data-element_type=\"widget\" data-widget_type=\"spacer.default\">\n\t\t\t\t<div class=\"elementor-widget-container\">\n\t\t\t\t\t\t\t<div class=\"elementor-spacer\">\n\t\t\t<div class=\"elementor-spacer-inner\"><\/div>\n\t\t<\/div>\n\t\t\t\t\t\t<\/div>\n\t\t\t\t<\/div>\n\t\t\t\t\t<\/div>\n\t\t\t\t<\/div>\n\t\t\t\t<\/div>","protected":false},"excerpt":{"rendered":"<p>TRANSPORTADORES AEROMEC\u00c1NICOS MAXIMICE SU EFICIENCIA CON LOS TRANSPORTADORES AEROMEC\u00c1NICOS DE SPIROFLOW Suave con el material friable: nuestra avanzada tecnolog\u00eda de transporte soporta productos fr\u00e1giles en un colch\u00f3n de aire, minimizando el da\u00f1o. Dise\u00f1o vers\u00e1til con m\u00faltiples entradas\/salidas: Nuestros transportadores aeromec\u00e1nicos est\u00e1n dise\u00f1ados para brindar versatilidad, lo que le permite administrar m\u00faltiples materiales o ingredientes a la vez, eliminando la necesidad de [\u2026]<\/p>","protected":false},"author":2,"featured_media":12246,"parent":0,"menu_order":0,"comment_status":"closed","ping_status":"closed","template":"","meta":{"content-type":"","footnotes":""},"class_list":["post-12192","page","type-page","status-publish","has-post-thumbnail","hentry"],"_links":{"self":[{"href":"https:\/\/www.spiroflow.com\/es\/wp-json\/wp\/v2\/pages\/12192","targetHints":{"allow":["GET"]}}],"collection":[{"href":"https:\/\/www.spiroflow.com\/es\/wp-json\/wp\/v2\/pages"}],"about":[{"href":"https:\/\/www.spiroflow.com\/es\/wp-json\/wp\/v2\/types\/page"}],"author":[{"embeddable":true,"href":"https:\/\/www.spiroflow.com\/es\/wp-json\/wp\/v2\/users\/2"}],"replies":[{"embeddable":true,"href":"https:\/\/www.spiroflow.com\/es\/wp-json\/wp\/v2\/comments?post=12192"}],"version-history":[{"count":0,"href":"https:\/\/www.spiroflow.com\/es\/wp-json\/wp\/v2\/pages\/12192\/revisions"}],"wp:featuredmedia":[{"embeddable":true,"href":"https:\/\/www.spiroflow.com\/es\/wp-json\/wp\/v2\/media\/12246"}],"wp:attachment":[{"href":"https:\/\/www.spiroflow.com\/es\/wp-json\/wp\/v2\/media?parent=12192"}],"curies":[{"name":"Gracias","href":"https:\/\/api.w.org\/{rel}","templated":true}]}}