{"id":242,"date":"2023-08-09T18:30:46","date_gmt":"2023-08-09T18:30:46","guid":{"rendered":"https:\/\/spiroflow1.wpengine.com\/?page_id=242"},"modified":"2024-07-31T15:57:12","modified_gmt":"2024-07-31T15:57:12","slug":"soluciones-de-llenado-de-supersacos","status":"publish","type":"page","link":"https:\/\/www.spiroflow.com\/es\/soluciones-de-llenado-de-supersacos\/","title":{"rendered":"Soluciones de llenado de supersacos"},"content":{"rendered":"<div data-elementor-type=\"wp-page\" data-elementor-id=\"242\" class=\"elementor elementor-242\" data-elementor-post-type=\"page\">\n\t\t\t\t<div class=\"elementor-element elementor-element-51f9901 e-flex e-con-boxed e-con e-parent\" data-id=\"51f9901\" data-element_type=\"container\" data-settings=\"{&quot;background_background&quot;:&quot;classic&quot;}\">\n\t\t\t\t\t<div class=\"e-con-inner\">\n\t\t\t\t<div class=\"elementor-element elementor-element-ac5db53 elementor-widget elementor-widget-heading\" data-id=\"ac5db53\" data-element_type=\"widget\" data-widget_type=\"heading.default\">\n\t\t\t\t<div class=\"elementor-widget-container\">\n\t\t\t\t\t<h1 class=\"elementor-heading-title elementor-size-default\">Llenadores de supersacos<\/h1>\t\t\t\t<\/div>\n\t\t\t\t<\/div>\n\t\t\t\t\t<\/div>\n\t\t\t\t<\/div>\n\t\t<div class=\"elementor-element elementor-element-2a4e3ca e-flex e-con-boxed e-con e-parent\" data-id=\"2a4e3ca\" data-element_type=\"container\">\n\t\t\t\t\t<div class=\"e-con-inner\">\n\t\t<div class=\"elementor-element elementor-element-983a1ac e-con-full e-flex e-con e-child\" data-id=\"983a1ac\" data-element_type=\"container\">\n\t\t\t\t<div class=\"elementor-element elementor-element-5d76cdd elementor-widget elementor-widget-text-editor\" data-id=\"5d76cdd\" data-element_type=\"widget\" data-widget_type=\"text-editor.default\">\n\t\t\t\t<div class=\"elementor-widget-container\">\n\t\t\t\t\t\t\t\t\t<p><span style=\"font-weight: 400;\">Spiroflow es l\u00edder en la industria de <\/span><b>llenadores de bolsas a granel<\/b><span style=\"font-weight: 400;\"> y equipos de llenado, ofreciendo soluciones innovadoras de transporte y otros equipos dise\u00f1ados para satisfacer las demandas de su negocio. Ya sea que tenga necesidades de llenado de volumen bajo o alto, nuestros avanzados sistemas transportadores y llenadoras industriales est\u00e1n dise\u00f1ados para optimizar sus operaciones, mejorando la eficiencia, la precisi\u00f3n y el rendimiento general.<\/span><\/p>\t\t\t\t\t\t\t\t<\/div>\n\t\t\t\t<\/div>\n\t\t\t\t<div class=\"elementor-element elementor-element-616082a elementor-widget elementor-widget-heading\" data-id=\"616082a\" data-element_type=\"widget\" data-widget_type=\"heading.default\">\n\t\t\t\t<div class=\"elementor-widget-container\">\n\t\t\t\t\t<h2 class=\"elementor-heading-title elementor-size-default\">Gama completa de llenadores de supersacos<\/h2>\t\t\t\t<\/div>\n\t\t\t\t<\/div>\n\t\t\t\t<div class=\"elementor-element elementor-element-5d1eed1 elementor-widget elementor-widget-text-editor\" data-id=\"5d1eed1\" data-element_type=\"widget\" data-widget_type=\"text-editor.default\">\n\t\t\t\t<div class=\"elementor-widget-container\">\n\t\t\t\t\t\t\t\t\t<p><span style=\"font-weight: 400;\">Nuestra amplia l\u00ednea de llenadores de supersacos garantiza que tengamos la soluci\u00f3n adecuada para cada aplicaci\u00f3n:<\/span><\/p>\t\t\t\t\t\t\t\t<\/div>\n\t\t\t\t<\/div>\n\t\t<div class=\"elementor-element elementor-element-f2c9de6 e-con-full e-flex e-con e-child\" data-id=\"f2c9de6\" data-element_type=\"container\">\n\t\t<div class=\"elementor-element elementor-element-9270727 colzoom e-con-full e-flex e-con e-child\" data-id=\"9270727\" data-element_type=\"container\" data-settings=\"{&quot;background_background&quot;:&quot;classic&quot;}\" link=\"\/c-series-bulk-bag-fillers\/\">\n\t\t\t\t<div class=\"elementor-element elementor-element-19c1d4f elementor-widget elementor-widget-image\" data-id=\"19c1d4f\" data-element_type=\"widget\" data-widget_type=\"image.default\">\n\t\t\t\t<div class=\"elementor-widget-container\">\n\t\t\t\t\t\t\t\t\t\t\t\t\t\t\t\t<a href=\"https:\/\/www.spiroflow.com\/es\/llenadoras-de-supersacos-serie-c\/\">\n\t\t\t\t\t\t\t<img fetchpriority=\"high\" decoding=\"async\" width=\"300\" height=\"300\" src=\"https:\/\/www.spiroflow.com\/wp-content\/uploads\/2023\/08\/filler-c-series-gallery-new-300x300.webp\" class=\"attachment-medium size-medium wp-image-437\" alt=\"\" srcset=\"https:\/\/www.spiroflow.com\/wp-content\/uploads\/2023\/08\/filler-c-series-gallery-new-300x300.webp 300w, https:\/\/www.spiroflow.com\/wp-content\/uploads\/2023\/08\/filler-c-series-gallery-new-150x150.webp 150w, https:\/\/www.spiroflow.com\/wp-content\/uploads\/2023\/08\/filler-c-series-gallery-new.webp 600w\" sizes=\"(max-width: 300px) 100vw, 300px\" \/>\t\t\t\t\t\t\t\t<\/a>\n\t\t\t\t\t\t\t\t\t\t\t\t\t\t\t<\/div>\n\t\t\t\t<\/div>\n\t\t\t\t<div class=\"elementor-element elementor-element-c956f28 elementor-widget elementor-widget-heading\" data-id=\"c956f28\" data-element_type=\"widget\" data-widget_type=\"heading.default\">\n\t\t\t\t<div class=\"elementor-widget-container\">\n\t\t\t\t\t<p class=\"elementor-heading-title elementor-size-default\"><a href=\"https:\/\/www.spiroflow.com\/es\/llenadoras-de-supersacos-serie-c\/\">Llenadoras de supersacos serie C<\/a><\/p>\t\t\t\t<\/div>\n\t\t\t\t<\/div>\n\t\t\t\t<div class=\"elementor-element elementor-element-f191914 elementor-widget elementor-widget-text-editor\" data-id=\"f191914\" data-element_type=\"widget\" data-widget_type=\"text-editor.default\">\n\t\t\t\t<div class=\"elementor-widget-container\">\n\t\t\t\t\t\t\t\t\t<p><span style=\"font-weight: 400;\">Perfecto para requisitos de gran volumen, asegurando un llenado r\u00e1pido y preciso.<\/span><\/p>\t\t\t\t\t\t\t\t<\/div>\n\t\t\t\t<\/div>\n\t\t\t\t<\/div>\n\t\t<div class=\"elementor-element elementor-element-80270aa colzoom e-con-full e-flex e-con e-child\" data-id=\"80270aa\" data-element_type=\"container\" data-settings=\"{&quot;background_background&quot;:&quot;classic&quot;}\" link=\"\/cte-bulk-bag-fillers\/\">\n\t\t\t\t<div class=\"elementor-element elementor-element-8aa3478 elementor-widget elementor-widget-image\" data-id=\"8aa3478\" data-element_type=\"widget\" data-widget_type=\"image.default\">\n\t\t\t\t<div class=\"elementor-widget-container\">\n\t\t\t\t\t\t\t\t\t\t\t\t\t\t\t\t<a href=\"https:\/\/www.spiroflow.com\/es\/llenadores-de-supersacos-cte\/\">\n\t\t\t\t\t\t\t<img decoding=\"async\" width=\"300\" height=\"300\" src=\"https:\/\/www.spiroflow.com\/wp-content\/uploads\/2023\/08\/Spiroflow-CTE-Bulk-Bag-Filler-1024x1024-1-300x300.jpg\" class=\"attachment-medium size-medium wp-image-476\" alt=\"\" srcset=\"https:\/\/www.spiroflow.com\/wp-content\/uploads\/2023\/08\/Spiroflow-CTE-Bulk-Bag-Filler-1024x1024-1-300x300.jpg 300w, https:\/\/www.spiroflow.com\/wp-content\/uploads\/2023\/08\/Spiroflow-CTE-Bulk-Bag-Filler-1024x1024-1-150x150.jpg 150w, https:\/\/www.spiroflow.com\/wp-content\/uploads\/2023\/08\/Spiroflow-CTE-Bulk-Bag-Filler-1024x1024-1-768x768.jpg 768w, https:\/\/www.spiroflow.com\/wp-content\/uploads\/2023\/08\/Spiroflow-CTE-Bulk-Bag-Filler-1024x1024-1.jpg 1024w\" sizes=\"(max-width: 300px) 100vw, 300px\" \/>\t\t\t\t\t\t\t\t<\/a>\n\t\t\t\t\t\t\t\t\t\t\t\t\t\t\t<\/div>\n\t\t\t\t<\/div>\n\t\t\t\t<div class=\"elementor-element elementor-element-52d36eb elementor-widget elementor-widget-heading\" data-id=\"52d36eb\" data-element_type=\"widget\" data-widget_type=\"heading.default\">\n\t\t\t\t<div class=\"elementor-widget-container\">\n\t\t\t\t\t<p class=\"elementor-heading-title elementor-size-default\"><a href=\"https:\/\/www.spiroflow.com\/es\/llenadores-de-supersacos-cte\/\">Llenadoras de supersacos CTE<\/a><\/p>\t\t\t\t<\/div>\n\t\t\t\t<\/div>\n\t\t\t\t<div class=\"elementor-element elementor-element-fbbf14f elementor-widget elementor-widget-text-editor\" data-id=\"fbbf14f\" data-element_type=\"widget\" data-widget_type=\"text-editor.default\">\n\t\t\t\t<div class=\"elementor-widget-container\">\n\t\t\t\t\t\t\t\t\t<p><span style=\"font-weight: 400;\">Dise\u00f1ado para necesidades espec\u00edficas de la industria, integrando tecnolog\u00eda de vanguardia para un rendimiento superior.<\/span><\/p>\t\t\t\t\t\t\t\t<\/div>\n\t\t\t\t<\/div>\n\t\t\t\t<\/div>\n\t\t<div class=\"elementor-element elementor-element-2b9413e colzoom e-con-full e-flex e-con e-child\" data-id=\"2b9413e\" data-element_type=\"container\" data-settings=\"{&quot;background_background&quot;:&quot;classic&quot;}\" link=\"\/base-model-bulk-bag-fillers\/\">\n\t\t\t\t<div class=\"elementor-element elementor-element-79104c0 elementor-widget elementor-widget-image\" data-id=\"79104c0\" data-element_type=\"widget\" data-widget_type=\"image.default\">\n\t\t\t\t<div class=\"elementor-widget-container\">\n\t\t\t\t\t\t\t\t\t\t\t\t\t\t\t\t<a href=\"https:\/\/www.spiroflow.com\/es\/llenadores-de-supersacos-modelo-base\/\">\n\t\t\t\t\t\t\t<img decoding=\"async\" width=\"300\" height=\"300\" src=\"https:\/\/www.spiroflow.com\/wp-content\/uploads\/2023\/08\/filler-base-gallery-02-e1506110574154-300x300.webp\" class=\"attachment-medium size-medium wp-image-494\" alt=\"\" srcset=\"https:\/\/www.spiroflow.com\/wp-content\/uploads\/2023\/08\/filler-base-gallery-02-e1506110574154-300x300.webp 300w, https:\/\/www.spiroflow.com\/wp-content\/uploads\/2023\/08\/filler-base-gallery-02-e1506110574154-150x150.webp 150w, https:\/\/www.spiroflow.com\/wp-content\/uploads\/2023\/08\/filler-base-gallery-02-e1506110574154.webp 600w\" sizes=\"(max-width: 300px) 100vw, 300px\" \/>\t\t\t\t\t\t\t\t<\/a>\n\t\t\t\t\t\t\t\t\t\t\t\t\t\t\t<\/div>\n\t\t\t\t<\/div>\n\t\t\t\t<div class=\"elementor-element elementor-element-2d510af elementor-widget elementor-widget-heading\" data-id=\"2d510af\" data-element_type=\"widget\" data-widget_type=\"heading.default\">\n\t\t\t\t<div class=\"elementor-widget-container\">\n\t\t\t\t\t<p class=\"elementor-heading-title elementor-size-default\"><a href=\"https:\/\/www.spiroflow.com\/es\/llenadores-de-supersacos-modelo-base\/\">Llenadores de supersacos modelo base<\/a><\/p>\t\t\t\t<\/div>\n\t\t\t\t<\/div>\n\t\t\t\t<div class=\"elementor-element elementor-element-f681656 elementor-widget elementor-widget-text-editor\" data-id=\"f681656\" data-element_type=\"widget\" data-widget_type=\"text-editor.default\">\n\t\t\t\t<div class=\"elementor-widget-container\">\n\t\t\t\t\t\t\t\t\t<p><span style=\"font-weight: 400;\">Ideal para empresas que buscan soluciones de llenado confiables y rentables sin comprometer la calidad.<\/span><\/p>\t\t\t\t\t\t\t\t<\/div>\n\t\t\t\t<\/div>\n\t\t\t\t<\/div>\n\t\t\t\t<\/div>\n\t\t<div class=\"elementor-element elementor-element-9fe5b15 e-flex e-con-boxed e-con e-child\" data-id=\"9fe5b15\" data-element_type=\"container\">\n\t\t\t\t\t<div class=\"e-con-inner\">\n\t\t\t\t<div class=\"elementor-element elementor-element-d00ec90 elementor-widget__width-initial elementor-widget elementor-widget-heading\" data-id=\"d00ec90\" data-element_type=\"widget\" data-widget_type=\"heading.default\">\n\t\t\t\t<div class=\"elementor-widget-container\">\n\t\t\t\t\t<p class=\"elementor-heading-title elementor-size-default\">Seleccionar el relleno adecuado: cuadro comparativo<\/p>\t\t\t\t<\/div>\n\t\t\t\t<\/div>\n\t\t\t\t<div class=\"elementor-element elementor-element-8ad1a6e elementor-mobile-align-justify elementor-align-justify elementor-widget__width-initial elementor-widget elementor-widget-button\" data-id=\"8ad1a6e\" data-element_type=\"widget\" data-widget_type=\"button.default\">\n\t\t\t\t<div class=\"elementor-widget-container\">\n\t\t\t\t\t\t\t\t\t<div class=\"elementor-button-wrapper\">\n\t\t\t\t\t<a class=\"elementor-button elementor-button-link elementor-size-md\" href=\"https:\/\/www.spiroflow.com\/wp-content\/uploads\/2023\/08\/BBF-Comparison-11-2017-FINAL.pdf\" target=\"_blank\">\n\t\t\t\t\t\t<span class=\"elementor-button-content-wrapper\">\n\t\t\t\t\t\t\t\t\t<span class=\"elementor-button-text\">Descargar el cuadro comparativo completo<\/span>\n\t\t\t\t\t<\/span>\n\t\t\t\t\t<\/a>\n\t\t\t\t<\/div>\n\t\t\t\t\t\t\t\t<\/div>\n\t\t\t\t<\/div>\n\t\t\t\t\t<\/div>\n\t\t\t\t<\/div>\n\t\t\t\t<div class=\"elementor-element elementor-element-1c6b228 elementor-mobile-align-justify elementor-align-justify elementor-widget elementor-widget-button\" data-id=\"1c6b228\" data-element_type=\"widget\" data-widget_type=\"button.default\">\n\t\t\t\t<div class=\"elementor-widget-container\">\n\t\t\t\t\t\t\t\t\t<div class=\"elementor-button-wrapper\">\n\t\t\t\t\t<a class=\"elementor-button elementor-button-link elementor-size-md\" href=\"https:\/\/issuu.com\/spiroflow\/docs\/spiroflow-bulk_bag_filler_guide-4?utm_medium=referral&#038;utm_source=www.spiroflow.com\" target=\"_blank\">\n\t\t\t\t\t\t<span class=\"elementor-button-content-wrapper\">\n\t\t\t\t\t\t\t\t\t<span class=\"elementor-button-text\">La gu\u00eda completa de personalizaci\u00f3n del llenador de supersacos<\/span>\n\t\t\t\t\t<\/span>\n\t\t\t\t\t<\/a>\n\t\t\t\t<\/div>\n\t\t\t\t\t\t\t\t<\/div>\n\t\t\t\t<\/div>\n\t\t\t\t<\/div>\n\t\t\t\t\t<\/div>\n\t\t\t\t<\/div>\n\t\t<div class=\"elementor-element elementor-element-cdd8c17 e-flex e-con-boxed e-con e-parent\" data-id=\"cdd8c17\" data-element_type=\"container\">\n\t\t\t\t\t<div class=\"e-con-inner\">\n\t\t\t\t<div class=\"elementor-element elementor-element-2fb20d0 elementor-widget elementor-widget-heading\" data-id=\"2fb20d0\" data-element_type=\"widget\" data-widget_type=\"heading.default\">\n\t\t\t\t<div class=\"elementor-widget-container\">\n\t\t\t\t\t<h3 class=\"elementor-heading-title elementor-size-default\">Tecnolog\u00edas de llenado avanzadas<\/h3>\t\t\t\t<\/div>\n\t\t\t\t<\/div>\n\t\t\t\t<div class=\"elementor-element elementor-element-a874c46 elementor-widget elementor-widget-text-editor\" data-id=\"a874c46\" data-element_type=\"widget\" data-widget_type=\"text-editor.default\">\n\t\t\t\t<div class=\"elementor-widget-container\">\n\t\t\t\t\t\t\t\t\t<p>En Spiroflow, utilizamos tecnolog\u00eda de punta para hacer que sus sistemas de transporte sean m\u00e1s eficientes. Con la incorporaci\u00f3n de llenadores de supersacos, el proceso de llenado mejora y es m\u00e1s r\u00e1pido. Nuestras m\u00e1quinas pueden llenar hasta 40 bolsas por hora, lo que garantiza que usted haga mucho sin perder calidad. Nuestro especial <b>Sistema de densificaci\u00f3n de mesa c\u00f3nica<\/b><span style=\"font-weight: 400;\"> es un punto de inflexi\u00f3n. Ayuda a empacar m\u00e1s en cada bolsa, hace que las bolsas sean m\u00e1s estables y acelera el proceso de llenado, haciendo un mejor trabajo que los m\u00e9todos habituales. Adem\u00e1s, nuestros sistemas de pesaje precisos garantizan que cada bolsa se llene correctamente, lo que reduce el desperdicio y garantiza la consistencia.<\/span><\/p>\t\t\t\t\t\t\t\t<\/div>\n\t\t\t\t<\/div>\n\t\t\t\t<div class=\"elementor-element elementor-element-bf0d830 elementor-widget elementor-widget-heading\" data-id=\"bf0d830\" data-element_type=\"widget\" data-widget_type=\"heading.default\">\n\t\t\t\t<div class=\"elementor-widget-container\">\n\t\t\t\t\t<h2 class=\"elementor-heading-title elementor-size-default\">Soluciones de transporte y manipulaci\u00f3n de materiales<\/h2>\t\t\t\t<\/div>\n\t\t\t\t<\/div>\n\t\t\t\t<div class=\"elementor-element elementor-element-0d74c98 elementor-widget elementor-widget-text-editor\" data-id=\"0d74c98\" data-element_type=\"widget\" data-widget_type=\"text-editor.default\">\n\t\t\t\t<div class=\"elementor-widget-container\">\n\t\t\t\t\t\t\t\t\t<p><span style=\"font-weight: 400;\">En Spiroflow entendemos que un proceso de llenado eficiente es parte de un ecosistema m\u00e1s amplio. Por eso ofrecemos soluciones integrales de manipulaci\u00f3n de materiales:<\/span><\/p>\t\t\t\t\t\t\t\t<\/div>\n\t\t\t\t<\/div>\n\t\t<div class=\"elementor-element elementor-element-59a905e e-con-full e-flex e-con e-child\" data-id=\"59a905e\" data-element_type=\"container\">\n\t\t<div class=\"elementor-element elementor-element-6740e59 colzoom e-con-full e-flex e-con e-child\" data-id=\"6740e59\" data-element_type=\"container\" data-settings=\"{&quot;background_background&quot;:&quot;classic&quot;}\" link=\"\/c-series-bulk-bag-fillers\/\">\n\t\t\t\t<div class=\"elementor-element elementor-element-41147ba elementor-widget elementor-widget-heading\" data-id=\"41147ba\" data-element_type=\"widget\" data-widget_type=\"heading.default\">\n\t\t\t\t<div class=\"elementor-widget-container\">\n\t\t\t\t\t<p class=\"elementor-heading-title elementor-size-default\">Transportador de tornillo flexible<\/p>\t\t\t\t<\/div>\n\t\t\t\t<\/div>\n\t\t\t\t<div class=\"elementor-element elementor-element-3cf4991 elementor-widget elementor-widget-text-editor\" data-id=\"3cf4991\" data-element_type=\"widget\" data-widget_type=\"text-editor.default\">\n\t\t\t\t<div class=\"elementor-widget-container\">\n\t\t\t\t\t\t\t\t\t<p><span style=\"font-weight: 400;\">Una soluci\u00f3n vers\u00e1til para transportar una variedad de materiales con facilidad y eficiencia.<\/span><\/p>\t\t\t\t\t\t\t\t<\/div>\n\t\t\t\t<\/div>\n\t\t\t\t<\/div>\n\t\t<div class=\"elementor-element elementor-element-0c0032e colzoom e-con-full e-flex e-con e-child\" data-id=\"0c0032e\" data-element_type=\"container\" data-settings=\"{&quot;background_background&quot;:&quot;classic&quot;}\" link=\"\/cte-bulk-bag-fillers\/\">\n\t\t\t\t<div class=\"elementor-element elementor-element-b68dd78 elementor-widget elementor-widget-heading\" data-id=\"b68dd78\" data-element_type=\"widget\" data-widget_type=\"heading.default\">\n\t\t\t\t<div class=\"elementor-widget-container\">\n\t\t\t\t\t<p class=\"elementor-heading-title elementor-size-default\">Llenadoras de supersacos CTE<\/p>\t\t\t\t<\/div>\n\t\t\t\t<\/div>\n\t\t\t\t<div class=\"elementor-element elementor-element-278ae9d elementor-widget elementor-widget-text-editor\" data-id=\"278ae9d\" data-element_type=\"widget\" data-widget_type=\"text-editor.default\">\n\t\t\t\t<div class=\"elementor-widget-container\">\n\t\t\t\t\t\t\t\t\t<p><span style=\"font-weight: 400;\">Eficiente y preciso. Las llenadoras CTE utilizan un densificador de mesa c\u00f3nica para empacar la mayor cantidad de material en cada bolsa.<\/span><\/p>\t\t\t\t\t\t\t\t<\/div>\n\t\t\t\t<\/div>\n\t\t\t\t<\/div>\n\t\t<div class=\"elementor-element elementor-element-e980daf colzoom e-con-full e-flex e-con e-child\" data-id=\"e980daf\" data-element_type=\"container\" data-settings=\"{&quot;background_background&quot;:&quot;classic&quot;}\" link=\"\/base-model-bulk-bag-fillers\/\">\n\t\t\t\t<div class=\"elementor-element elementor-element-7c46456 elementor-widget elementor-widget-heading\" data-id=\"7c46456\" data-element_type=\"widget\" data-widget_type=\"heading.default\">\n\t\t\t\t<div class=\"elementor-widget-container\">\n\t\t\t\t\t<p class=\"elementor-heading-title elementor-size-default\">Otras tecnolog\u00edas de transporte<\/p>\t\t\t\t<\/div>\n\t\t\t\t<\/div>\n\t\t\t\t<div class=\"elementor-element elementor-element-e86d8f6 elementor-widget elementor-widget-text-editor\" data-id=\"e86d8f6\" data-element_type=\"widget\" data-widget_type=\"text-editor.default\">\n\t\t\t\t<div class=\"elementor-widget-container\">\n\t\t\t\t\t\t\t\t\t<p><span style=\"font-weight: 400;\">As\u00f3ciese con nosotros para obtener sistemas de transporte adaptados a sus necesidades espec\u00edficas.<\/span><\/p>\t\t\t\t\t\t\t\t<\/div>\n\t\t\t\t<\/div>\n\t\t\t\t<\/div>\n\t\t\t\t<\/div>\n\t\t\t\t<div class=\"elementor-element elementor-element-c3327d0 elementor-widget elementor-widget-heading\" data-id=\"c3327d0\" data-element_type=\"widget\" data-widget_type=\"heading.default\">\n\t\t\t\t<div class=\"elementor-widget-container\">\n\t\t\t\t\t<h3 class=\"elementor-heading-title elementor-size-default\">Beneficios y ahorro de costos<\/h3>\t\t\t\t<\/div>\n\t\t\t\t<\/div>\n\t\t\t\t<div class=\"elementor-element elementor-element-00e2051 elementor-widget elementor-widget-text-editor\" data-id=\"00e2051\" data-element_type=\"widget\" data-widget_type=\"text-editor.default\">\n\t\t\t\t<div class=\"elementor-widget-container\">\n\t\t\t\t\t\t\t\t\t<p>Elegir Spiroflow significa m\u00e1s que simplemente adquirir equipos nuevos: se trata de hacer que toda su operaci\u00f3n funcione de manera m\u00e1s eficiente. Con nuestros sistemas de transporte ayudamos a agilizar la producci\u00f3n. Y llenadores de supersacos, que pueden llenar cada bolsa con m\u00e1s producto, reduciendo los costos de embalaje. La densificaci\u00f3n de las bolsas las hace m\u00e1s estables, lo que permite un almacenamiento y manipulaci\u00f3n m\u00e1s seguros. Podr\u00e1s llenar bolsas m\u00e1s r\u00e1pido, aumentando la cantidad que puedes producir sin perder calidad. Adem\u00e1s, puedes <b>Ahorre hasta 25% en costos<\/b><span style=\"font-weight: 400;\"> como env\u00edo, almacenamiento y mano de obra, lo que significa m\u00e1s ganancias para su negocio.<\/span><\/p>\t\t\t\t\t\t\t\t<\/div>\n\t\t\t\t<\/div>\n\t\t\t\t<div class=\"elementor-element elementor-element-b6cf905 elementor-widget elementor-widget-heading\" data-id=\"b6cf905\" data-element_type=\"widget\" data-widget_type=\"heading.default\">\n\t\t\t\t<div class=\"elementor-widget-container\">\n\t\t\t\t\t<h2 class=\"elementor-heading-title elementor-size-default\">Descubra Spiroflow: fabricantes de equipos de llenado y transportadores<\/h2>\t\t\t\t<\/div>\n\t\t\t\t<\/div>\n\t\t\t\t<div class=\"elementor-element elementor-element-fc4cfef elementor-widget elementor-widget-text-editor\" data-id=\"fc4cfef\" data-element_type=\"widget\" data-widget_type=\"text-editor.default\">\n\t\t\t\t<div class=\"elementor-widget-container\">\n\t\t\t\t\t\t\t\t\t<p><span style=\"font-weight: 400;\">Spiroflow es m\u00e1s que un simple proveedor de equipos de llenado y transporte. <\/span><b>Somos socios en el \u00e9xito de su negocio<\/b>, ofreciendo soluciones personalizadas que se integran perfectamente con sus operaciones. Cont\u00e1ctenos hoy para descubrir c\u00f3mo nuestros llenadores de supersacos, descargadores de supersacos y soluciones de sistemas de transporte pueden revolucionar su proceso de producci\u00f3n.<\/p>\t\t\t\t\t\t\t\t<\/div>\n\t\t\t\t<\/div>\n\t\t\t\t\t<\/div>\n\t\t\t\t<\/div>\n\t\t\t\t<\/div>","protected":false},"excerpt":{"rendered":"<p>Llenadores de supersacos Spiroflow es l\u00edder en la industria de llenadores y equipos de llenado de supersacos y ofrece soluciones innovadoras de transportadores y otros equipos dise\u00f1ados para satisfacer las demandas de su negocio. Ya sea que tenga necesidades de llenado de bajo o alto volumen, nuestros avanzados sistemas transportadores y llenadoras industriales est\u00e1n dise\u00f1ados para optimizar sus operaciones, mejorar la eficiencia, [\u2026]<\/p>","protected":false},"author":2,"featured_media":0,"parent":0,"menu_order":0,"comment_status":"closed","ping_status":"closed","template":"","meta":{"content-type":"","footnotes":""},"class_list":["post-242","page","type-page","status-publish","hentry"],"_links":{"self":[{"href":"https:\/\/www.spiroflow.com\/es\/wp-json\/wp\/v2\/pages\/242","targetHints":{"allow":["GET"]}}],"collection":[{"href":"https:\/\/www.spiroflow.com\/es\/wp-json\/wp\/v2\/pages"}],"about":[{"href":"https:\/\/www.spiroflow.com\/es\/wp-json\/wp\/v2\/types\/page"}],"author":[{"embeddable":true,"href":"https:\/\/www.spiroflow.com\/es\/wp-json\/wp\/v2\/users\/2"}],"replies":[{"embeddable":true,"href":"https:\/\/www.spiroflow.com\/es\/wp-json\/wp\/v2\/comments?post=242"}],"version-history":[{"count":0,"href":"https:\/\/www.spiroflow.com\/es\/wp-json\/wp\/v2\/pages\/242\/revisions"}],"wp:attachment":[{"href":"https:\/\/www.spiroflow.com\/es\/wp-json\/wp\/v2\/media?parent=242"}],"curies":[{"name":"Gracias","href":"https:\/\/api.w.org\/{rel}","templated":true}]}}