{"id":708,"date":"2023-08-11T13:17:12","date_gmt":"2023-08-11T13:17:12","guid":{"rendered":"https:\/\/spiroflow1.wpengine.com\/?page_id=708"},"modified":"2024-03-20T11:30:49","modified_gmt":"2024-03-20T11:30:49","slug":"soluciones-del-sistema","status":"publish","type":"page","link":"https:\/\/www.spiroflow.com\/es\/soluciones-del-sistema\/","title":{"rendered":"Soluciones de sistema"},"content":{"rendered":"<div data-elementor-type=\"wp-page\" data-elementor-id=\"708\" class=\"elementor elementor-708\" data-elementor-post-type=\"page\">\n\t\t\t\t<div class=\"elementor-element elementor-element-6d563ee e-flex e-con-boxed e-con e-parent\" data-id=\"6d563ee\" data-element_type=\"container\" data-settings=\"{&quot;background_background&quot;:&quot;classic&quot;}\">\n\t\t\t\t\t<div class=\"e-con-inner\">\n\t\t\t\t<div class=\"elementor-element elementor-element-af5f415 elementor-widget elementor-widget-heading\" data-id=\"af5f415\" data-element_type=\"widget\" data-widget_type=\"heading.default\">\n\t\t\t\t<div class=\"elementor-widget-container\">\n\t\t\t\t\t<h1 class=\"elementor-heading-title elementor-size-default\">Soluciones de sistema<\/h1>\t\t\t\t<\/div>\n\t\t\t\t<\/div>\n\t\t\t\t\t<\/div>\n\t\t\t\t<\/div>\n\t\t<div class=\"elementor-element elementor-element-4dfff3e e-flex e-con-boxed e-con e-parent\" data-id=\"4dfff3e\" data-element_type=\"container\">\n\t\t\t\t\t<div class=\"e-con-inner\">\n\t\t<div class=\"elementor-element elementor-element-d79b326 e-con-full e-flex e-con e-child\" data-id=\"d79b326\" data-element_type=\"container\">\n\t\t\t\t<div class=\"elementor-element elementor-element-1ad6310 elementor-widget elementor-widget-text-editor\" data-id=\"1ad6310\" data-element_type=\"widget\" data-widget_type=\"text-editor.default\">\n\t\t\t\t<div class=\"elementor-widget-container\">\n\t\t\t\t\t\t\t\t\t<p><span style=\"font-weight: 400;\">En Spiroflow, nos centramos en la innovaci\u00f3n y en ofrecer la mejor calidad. <\/span><b>soluciones del sistema<\/b><span style=\"font-weight: 400;\"> que incluyen tecnolog\u00edas de transporte, sistemas de procesamiento de alimentos, sistemas de dosificaci\u00f3n de productos qu\u00edmicos con p\u00e9rdida de peso y sistemas de llenado de supersacos con ganancia de peso. Entendemos que las necesidades de nuestros clientes cambian constantemente, por lo que nos aseguramos de estar siempre a la vanguardia con las \u00faltimas soluciones de transporte.<\/span><\/p><p><span style=\"font-weight: 400;\">Nuestra amplia gama de productos est\u00e1 dise\u00f1ada para satisfacer las diversas necesidades de los procesadores que a menudo requieren m\u00e1s que un solo equipo. Nuestros ingenieros experimentados son <\/span><b>expertos en elegir la maquinaria adecuada<\/b><span style=\"font-weight: 400;\"> e integrarlo perfectamente en su configuraci\u00f3n existente, asegurando que sus operaciones se realicen sin problemas y de manera eficiente.<\/span><\/p>\t\t\t\t\t\t\t\t<\/div>\n\t\t\t\t<\/div>\n\t\t\t\t<\/div>\n\t\t\t\t\t<\/div>\n\t\t\t\t<\/div>\n\t\t<div class=\"elementor-element elementor-element-82c392a e-flex e-con-boxed e-con e-parent\" data-id=\"82c392a\" data-element_type=\"container\">\n\t\t\t\t\t<div class=\"e-con-inner\">\n\t\t<div class=\"elementor-element elementor-element-7e922b5 e-con-full e-flex e-con e-child\" data-id=\"7e922b5\" data-element_type=\"container\">\n\t\t\t\t<div class=\"elementor-element elementor-element-6056ad3 elementor-widget elementor-widget-image\" data-id=\"6056ad3\" data-element_type=\"widget\" data-widget_type=\"image.default\">\n\t\t\t\t<div class=\"elementor-widget-container\">\n\t\t\t\t\t\t\t\t\t\t\t\t\t\t\t<img fetchpriority=\"high\" decoding=\"async\" width=\"800\" height=\"531\" src=\"https:\/\/www.spiroflow.com\/wp-content\/uploads\/2017\/06\/1008-CS-Image-1-Tunnocks-Flexible-Screw-Conveyor-with-Hoppers-1024x680.jpg\" class=\"attachment-large size-large wp-image-9439\" alt=\"Un transportador de tornillo flexible con tolvas\" srcset=\"https:\/\/www.spiroflow.com\/wp-content\/uploads\/2017\/06\/1008-CS-Image-1-Tunnocks-Flexible-Screw-Conveyor-with-Hoppers-1024x680.jpg 1024w, https:\/\/www.spiroflow.com\/wp-content\/uploads\/2017\/06\/1008-CS-Image-1-Tunnocks-Flexible-Screw-Conveyor-with-Hoppers-300x199.jpg 300w, https:\/\/www.spiroflow.com\/wp-content\/uploads\/2017\/06\/1008-CS-Image-1-Tunnocks-Flexible-Screw-Conveyor-with-Hoppers-768x510.jpg 768w, https:\/\/www.spiroflow.com\/wp-content\/uploads\/2017\/06\/1008-CS-Image-1-Tunnocks-Flexible-Screw-Conveyor-with-Hoppers-1536x1020.jpg 1536w, https:\/\/www.spiroflow.com\/wp-content\/uploads\/2017\/06\/1008-CS-Image-1-Tunnocks-Flexible-Screw-Conveyor-with-Hoppers-2048x1360.jpg 2048w\" sizes=\"(max-width: 800px) 100vw, 800px\" \/>\t\t\t\t\t\t\t\t\t\t\t\t\t\t\t<\/div>\n\t\t\t\t<\/div>\n\t\t\t\t<\/div>\n\t\t<div class=\"elementor-element elementor-element-e2d649f e-con-full e-flex e-con e-child\" data-id=\"e2d649f\" data-element_type=\"container\">\n\t\t\t\t<div class=\"elementor-element elementor-element-d107a8a elementor-widget elementor-widget-heading\" data-id=\"d107a8a\" data-element_type=\"widget\" data-widget_type=\"heading.default\">\n\t\t\t\t<div class=\"elementor-widget-container\">\n\t\t\t\t\t<h2 class=\"elementor-heading-title elementor-size-default\">Sistemas de procesamiento de alimentos<\/h2>\t\t\t\t<\/div>\n\t\t\t\t<\/div>\n\t\t\t\t<div class=\"elementor-element elementor-element-7213608 elementor-widget-divider--view-line elementor-widget elementor-widget-divider\" data-id=\"7213608\" data-element_type=\"widget\" data-widget_type=\"divider.default\">\n\t\t\t\t<div class=\"elementor-widget-container\">\n\t\t\t\t\t\t\t<div class=\"elementor-divider\">\n\t\t\t<span class=\"elementor-divider-separator\">\n\t\t\t\t\t\t<\/span>\n\t\t<\/div>\n\t\t\t\t\t\t<\/div>\n\t\t\t\t<\/div>\n\t\t\t\t<div class=\"elementor-element elementor-element-b5808c2 elementor-widget elementor-widget-text-editor\" data-id=\"b5808c2\" data-element_type=\"widget\" data-widget_type=\"text-editor.default\">\n\t\t\t\t<div class=\"elementor-widget-container\">\n\t\t\t\t\t\t\t\t\t<p><span style=\"font-weight: 400;\">Nuestro sistema hecho a medida mezcla de manera experta pan rallado y condimentos para nuggets de pollo. Comienza con un descargador de supersacos y un transportador de tornillo flexible que <\/span><b>transportar condimentos premezclados<\/b><span style=\"font-weight: 400;\"> a una tolva de sobretensi\u00f3n. Esta tolva luego suministra los condimentos a un dosificador por p\u00e9rdida de peso preciso, que los mueve a un transportador de tornillo flexible horizontal.<\/span><\/p><p><span style=\"font-weight: 400;\">A continuaci\u00f3n, una tolva grande alimenta el pan rallado a otro alimentador por p\u00e9rdida de peso, conectado a un transportador de tornillo flexible un poco m\u00e1s grande. <\/span><b>Esta configuraci\u00f3n fusiona los condimentos.<\/b><span style=\"font-weight: 400;\"> y pan rallado en un proceso de mezclado continuo.<\/span><\/p><p><span style=\"font-weight: 400;\">Luego, la mezcla viaja a una tolva, seguida de una elevaci\u00f3n vertical.<\/span><b>A trav\u00e9s de un transportador aeromec\u00e1nico.<\/b><span style=\"font-weight: 400;\"> a otro transportador de tornillo flexible (no se muestra aqu\u00ed). Finalmente, la mezcla se dirige a una m\u00e1quina envasadora o llenadora de supersacos.<\/span><\/p>\t\t\t\t\t\t\t\t<\/div>\n\t\t\t\t<\/div>\n\t\t\t\t<\/div>\n\t\t\t\t\t<\/div>\n\t\t\t\t<\/div>\n\t\t<div class=\"elementor-element elementor-element-2eabc1d e-flex e-con-boxed e-con e-parent\" data-id=\"2eabc1d\" data-element_type=\"container\">\n\t\t\t\t\t<div class=\"e-con-inner\">\n\t\t<div class=\"elementor-element elementor-element-1b737b0 e-con-full e-flex e-con e-child\" data-id=\"1b737b0\" data-element_type=\"container\">\n\t\t\t\t<div class=\"elementor-element elementor-element-6cbcb4b elementor-widget elementor-widget-heading\" data-id=\"6cbcb4b\" data-element_type=\"widget\" data-widget_type=\"heading.default\">\n\t\t\t\t<div class=\"elementor-widget-container\">\n\t\t\t\t\t<h2 class=\"elementor-heading-title elementor-size-default\">Sistemas de dosificaci\u00f3n de productos qu\u00edmicos por p\u00e9rdida de peso\n<\/h2>\t\t\t\t<\/div>\n\t\t\t\t<\/div>\n\t\t\t\t<div class=\"elementor-element elementor-element-3bac1e9 elementor-widget-divider--view-line elementor-widget elementor-widget-divider\" data-id=\"3bac1e9\" data-element_type=\"widget\" data-widget_type=\"divider.default\">\n\t\t\t\t<div class=\"elementor-widget-container\">\n\t\t\t\t\t\t\t<div class=\"elementor-divider\">\n\t\t\t<span class=\"elementor-divider-separator\">\n\t\t\t\t\t\t<\/span>\n\t\t<\/div>\n\t\t\t\t\t\t<\/div>\n\t\t\t\t<\/div>\n\t\t\t\t<div class=\"elementor-element elementor-element-d23c170 elementor-widget elementor-widget-text-editor\" data-id=\"d23c170\" data-element_type=\"widget\" data-widget_type=\"text-editor.default\">\n\t\t\t\t<div class=\"elementor-widget-container\">\n\t\t\t\t\t\t\t\t\t<p><span style=\"font-weight: 400;\">El sistema de dosificaci\u00f3n de productos qu\u00edmicos por p\u00e9rdida de peso fue dise\u00f1ado por los ingenieros de Spiroflow. <\/span><b>para un fabricante l\u00edder de bater\u00edas<\/b><span style=\"font-weight: 400;\">. Buscaban fabricantes de sistemas transportadores que pudieran mejorar sus operaciones. Este sistema combina cantidades espec\u00edficas de negro de humo, grafito y dos tipos de EMD.\u00a0<\/span><\/p><p><span style=\"font-weight: 400;\">El sistema de cinta transportadora que dise\u00f1amos incluye dos descargadores de supersacos que dirigen el EMD hacia una tolva, mientras que las estaciones de descarga de sacos con cajas de guantes y transportadores de tornillo flexible agregan negro de humo y grafito. Despu\u00e9s de mezclar estos ingredientes, un <\/span><b>transportador aeromec\u00e1nico transporta la mezcla<\/b><span style=\"font-weight: 400;\"> a otra mezcladora para verificar el tama\u00f1o de los lotes en el proceso de p\u00e9rdida de peso. Luego, un transportador de tornillo flexible horizontal mueve la mezcla seca a un mezclador final para agregar l\u00edquido.<\/span><\/p>\t\t\t\t\t\t\t\t<\/div>\n\t\t\t\t<\/div>\n\t\t\t\t<\/div>\n\t\t<div class=\"elementor-element elementor-element-d380987 e-con-full e-flex e-con e-child\" data-id=\"d380987\" data-element_type=\"container\">\n\t\t\t\t<div class=\"elementor-element elementor-element-09098a1 elementor-widget elementor-widget-image\" data-id=\"09098a1\" data-element_type=\"widget\" data-widget_type=\"image.default\">\n\t\t\t\t<div class=\"elementor-widget-container\">\n\t\t\t\t\t\t\t\t\t\t\t\t\t\t\t<img decoding=\"async\" width=\"753\" height=\"395\" src=\"https:\/\/www.spiroflow.com\/wp-content\/uploads\/2023\/08\/equip-solutions-02.webp\" class=\"attachment-large size-large wp-image-720\" alt=\"Sistema de dosificaci\u00f3n de productos qu\u00edmicos por p\u00e9rdida de peso\" srcset=\"https:\/\/www.spiroflow.com\/wp-content\/uploads\/2023\/08\/equip-solutions-02.webp 753w, https:\/\/www.spiroflow.com\/wp-content\/uploads\/2023\/08\/equip-solutions-02-300x157.webp 300w\" sizes=\"(max-width: 753px) 100vw, 753px\" \/>\t\t\t\t\t\t\t\t\t\t\t\t\t\t\t<\/div>\n\t\t\t\t<\/div>\n\t\t\t\t<\/div>\n\t\t\t\t\t<\/div>\n\t\t\t\t<\/div>\n\t\t<div class=\"elementor-element elementor-element-d35f661 e-flex e-con-boxed e-con e-parent\" data-id=\"d35f661\" data-element_type=\"container\">\n\t\t\t\t\t<div class=\"e-con-inner\">\n\t\t<div class=\"elementor-element elementor-element-c53eb63 e-con-full e-flex e-con e-child\" data-id=\"c53eb63\" data-element_type=\"container\">\n\t\t\t\t<div class=\"elementor-element elementor-element-71e2a8c elementor-widget elementor-widget-image\" data-id=\"71e2a8c\" data-element_type=\"widget\" data-widget_type=\"image.default\">\n\t\t\t\t<div class=\"elementor-widget-container\">\n\t\t\t\t\t\t\t\t\t\t\t\t\t\t\t<img decoding=\"async\" width=\"593\" height=\"439\" src=\"https:\/\/www.spiroflow.com\/wp-content\/uploads\/2023\/08\/equip-solutions-03.webp\" class=\"attachment-large size-large wp-image-721\" alt=\"Sistema de llenado de supersacos con aumento de peso\" srcset=\"https:\/\/www.spiroflow.com\/wp-content\/uploads\/2023\/08\/equip-solutions-03.webp 593w, https:\/\/www.spiroflow.com\/wp-content\/uploads\/2023\/08\/equip-solutions-03-300x222.webp 300w\" sizes=\"(max-width: 593px) 100vw, 593px\" \/>\t\t\t\t\t\t\t\t\t\t\t\t\t\t\t<\/div>\n\t\t\t\t<\/div>\n\t\t\t\t<\/div>\n\t\t<div class=\"elementor-element elementor-element-684ab5b e-con-full e-flex e-con e-child\" data-id=\"684ab5b\" data-element_type=\"container\">\n\t\t\t\t<div class=\"elementor-element elementor-element-f4b06bd elementor-widget elementor-widget-heading\" data-id=\"f4b06bd\" data-element_type=\"widget\" data-widget_type=\"heading.default\">\n\t\t\t\t<div class=\"elementor-widget-container\">\n\t\t\t\t\t<h2 class=\"elementor-heading-title elementor-size-default\">Sistemas de llenado de supersacos con aumento de peso<\/h2>\t\t\t\t<\/div>\n\t\t\t\t<\/div>\n\t\t\t\t<div class=\"elementor-element elementor-element-f3969ed elementor-widget-divider--view-line elementor-widget elementor-widget-divider\" data-id=\"f3969ed\" data-element_type=\"widget\" data-widget_type=\"divider.default\">\n\t\t\t\t<div class=\"elementor-widget-container\">\n\t\t\t\t\t\t\t<div class=\"elementor-divider\">\n\t\t\t<span class=\"elementor-divider-separator\">\n\t\t\t\t\t\t<\/span>\n\t\t<\/div>\n\t\t\t\t\t\t<\/div>\n\t\t\t\t<\/div>\n\t\t\t\t<div class=\"elementor-element elementor-element-9e637b3 elementor-widget elementor-widget-text-editor\" data-id=\"9e637b3\" data-element_type=\"widget\" data-widget_type=\"text-editor.default\">\n\t\t\t\t<div class=\"elementor-widget-container\">\n\t\t\t\t\t\t\t\t\t<p><span style=\"font-weight: 400;\">Esta configuraci\u00f3n, dise\u00f1ada para un destacado fabricante de alfombras, implica <\/span><b>Tres llenadores de supersacos para manipular polvo de harina de PVC<\/b><span style=\"font-weight: 400;\">. Encima de los llenadores, una esclusa de aire giratoria, una v\u00e1lvula desviadora y una compuerta deslizante controlan el flujo de polvo de harina de PVC hacia una estaci\u00f3n de llenado doble de aumento de peso. Esta estaci\u00f3n permite un llenado eficiente y cambios r\u00e1pidos de bolsas, lo que mejora la productividad del operador.<\/span><\/p><p><span style=\"font-weight: 400;\">Un llenador de supersacos adicional maneja el polvo de harina de PVC recolectado a trav\u00e9s de un sistema de recolecci\u00f3n de polvo en toda la planta. Utiliza un transportador de tornillo flexible dentro de una tolva, <\/span><b>abastecimiento de material de una configuraci\u00f3n externa<\/b><span style=\"font-weight: 400;\"> (no mostrada).<\/span><\/p>\t\t\t\t\t\t\t\t<\/div>\n\t\t\t\t<\/div>\n\t\t\t\t<\/div>\n\t\t\t\t\t<\/div>\n\t\t\t\t<\/div>\n\t\t<div class=\"elementor-element elementor-element-6bc50e4 e-flex e-con-boxed e-con e-parent\" data-id=\"6bc50e4\" data-element_type=\"container\">\n\t\t\t\t\t<div class=\"e-con-inner\">\n\t\t\t\t<div class=\"elementor-element elementor-element-4da7f8d elementor-widget elementor-widget-heading\" data-id=\"4da7f8d\" data-element_type=\"widget\" data-widget_type=\"heading.default\">\n\t\t\t\t<div class=\"elementor-widget-container\">\n\t\t\t\t\t<h2 class=\"elementor-heading-title elementor-size-default\">Invierta en nuestras soluciones de sistemas y mejore sus operaciones<\/h2>\t\t\t\t<\/div>\n\t\t\t\t<\/div>\n\t\t\t\t<div class=\"elementor-element elementor-element-584cf71 elementor-widget-divider--view-line elementor-widget elementor-widget-divider\" data-id=\"584cf71\" data-element_type=\"widget\" data-widget_type=\"divider.default\">\n\t\t\t\t<div class=\"elementor-widget-container\">\n\t\t\t\t\t\t\t<div class=\"elementor-divider\">\n\t\t\t<span class=\"elementor-divider-separator\">\n\t\t\t\t\t\t<\/span>\n\t\t<\/div>\n\t\t\t\t\t\t<\/div>\n\t\t\t\t<\/div>\n\t\t\t\t<div class=\"elementor-element elementor-element-7d042bb elementor-widget elementor-widget-text-editor\" data-id=\"7d042bb\" data-element_type=\"widget\" data-widget_type=\"text-editor.default\">\n\t\t\t\t<div class=\"elementor-widget-container\">\n\t\t\t\t\t\t\t\t\t<p><span style=\"font-weight: 400;\">Spiroflow se destaca como l\u00edder en el suministro de soluciones de sistemas de cinta transportadora y otros equipos eficaces y f\u00e1ciles de usar. Nos especializamos en crear soluciones completas de bandas transportadoras que se ajusten a las necesidades espec\u00edficas de nuestros clientes. Desde el procesamiento de alimentos hasta la dosificaci\u00f3n de productos qu\u00edmicos y el llenado de supersacos, nuestros sistemas son <\/span><b>todo sobre dise\u00f1o inteligente y confiabilidad<\/b><span style=\"font-weight: 400;\">.<\/span><\/p><p><span style=\"font-weight: 400;\">En el centro se encuentran nuestros sistemas de transporte industrial, incluidos sistemas de cinta transportadora y <\/span><b>configuraciones industriales m\u00e1s amplias<\/b><span style=\"font-weight: 400;\">. Estos sistemas son cruciales para mezclar suavemente ingredientes en la producci\u00f3n de alimentos o manejar mediciones precisas en procesos qu\u00edmicos.<\/span><\/p><p><span style=\"font-weight: 400;\">Como uno de los principales fabricantes de cintas transportadoras, sabemos lo importante que son las cintas transportadoras fuertes y confiables para mantener las operaciones funcionando sin problemas. Es por eso que nos enfocamos en construir sistemas de cintas transportadoras duraderos y de alta calidad en los que usted pueda confiar. Nuestro <\/span><b>soluciones de llenado y descarga<\/b><span style=\"font-weight: 400;\"> puede automatizar sus procesos y mejorar sus operaciones mientras minimiza el da\u00f1o y la p\u00e9rdida de productos. Con Spiroflow, obtiene m\u00e1s que solo un producto. Est\u00e1 ganando un socio comprometido con la innovaci\u00f3n y la mejora, garantizando que nuestras soluciones siempre cumplan con los altos est\u00e1ndares que esperan nuestros clientes.<\/span><\/p>\t\t\t\t\t\t\t\t<\/div>\n\t\t\t\t<\/div>\n\t\t\t\t\t<\/div>\n\t\t\t\t<\/div>\n\t\t<div class=\"elementor-element elementor-element-d02a737 e-con-full e-flex e-con e-parent\" data-id=\"d02a737\" data-element_type=\"container\" data-settings=\"{&quot;background_background&quot;:&quot;classic&quot;}\">\n\t\t\t\t<div class=\"elementor-element elementor-element-935f2f0 elementor-widget__width-inherit elementor-widget elementor-widget-heading\" data-id=\"935f2f0\" data-element_type=\"widget\" data-widget_type=\"heading.default\">\n\t\t\t\t<div class=\"elementor-widget-container\">\n\t\t\t\t\t<p class=\"elementor-heading-title elementor-size-default\">\u00bfNecesita ayuda? Cont\u00e1ctenos hoy, le responderemos lo antes posible<\/p>\t\t\t\t<\/div>\n\t\t\t\t<\/div>\n\t\t\t\t<div class=\"elementor-element elementor-element-14af650 elementor-align-center elementor-mobile-align-center elementor-widget elementor-widget-button\" data-id=\"14af650\" data-element_type=\"widget\" data-widget_type=\"button.default\">\n\t\t\t\t<div class=\"elementor-widget-container\">\n\t\t\t\t\t\t\t\t\t<div class=\"elementor-button-wrapper\">\n\t\t\t\t\t<a class=\"elementor-button elementor-button-link elementor-size-md\" href=\"\/es\/contactenos\/\">\n\t\t\t\t\t\t<span class=\"elementor-button-content-wrapper\">\n\t\t\t\t\t\t\t\t\t<span class=\"elementor-button-text\">Cont\u00e1ctenos<\/span>\n\t\t\t\t\t<\/span>\n\t\t\t\t\t<\/a>\n\t\t\t\t<\/div>\n\t\t\t\t\t\t\t\t<\/div>\n\t\t\t\t<\/div>\n\t\t\t\t<\/div>\n\t\t\t\t<\/div>","protected":false},"excerpt":{"rendered":"<p>Soluciones de sistemas En Spiroflow, nos centramos en la innovaci\u00f3n y en ofrecer soluciones de sistemas de primer nivel que incluyen tecnolog\u00edas de transporte, sistemas de procesamiento de alimentos, sistemas de dosificaci\u00f3n de productos qu\u00edmicos con p\u00e9rdida de peso y sistemas de llenado de supersacos con ganancia de peso. Entendemos que las necesidades de nuestros clientes cambian constantemente, por lo que nos aseguramos de estar siempre a la vanguardia con las \u00faltimas soluciones de transporte. Nuestro [\u2026]<\/p>","protected":false},"author":2,"featured_media":719,"parent":0,"menu_order":0,"comment_status":"closed","ping_status":"closed","template":"","meta":{"content-type":"","footnotes":""},"class_list":["post-708","page","type-page","status-publish","has-post-thumbnail","hentry"],"_links":{"self":[{"href":"https:\/\/www.spiroflow.com\/es\/wp-json\/wp\/v2\/pages\/708","targetHints":{"allow":["GET"]}}],"collection":[{"href":"https:\/\/www.spiroflow.com\/es\/wp-json\/wp\/v2\/pages"}],"about":[{"href":"https:\/\/www.spiroflow.com\/es\/wp-json\/wp\/v2\/types\/page"}],"author":[{"embeddable":true,"href":"https:\/\/www.spiroflow.com\/es\/wp-json\/wp\/v2\/users\/2"}],"replies":[{"embeddable":true,"href":"https:\/\/www.spiroflow.com\/es\/wp-json\/wp\/v2\/comments?post=708"}],"version-history":[{"count":0,"href":"https:\/\/www.spiroflow.com\/es\/wp-json\/wp\/v2\/pages\/708\/revisions"}],"wp:featuredmedia":[{"embeddable":true,"href":"https:\/\/www.spiroflow.com\/es\/wp-json\/wp\/v2\/media\/719"}],"wp:attachment":[{"href":"https:\/\/www.spiroflow.com\/es\/wp-json\/wp\/v2\/media?parent=708"}],"curies":[{"name":"Gracias","href":"https:\/\/api.w.org\/{rel}","templated":true}]}}