{"id":709,"date":"2023-08-11T13:17:23","date_gmt":"2023-08-11T13:17:23","guid":{"rendered":"https:\/\/spiroflow1.wpengine.com\/?page_id=709"},"modified":"2024-03-19T22:28:28","modified_gmt":"2024-03-19T22:28:28","slug":"soluciones-de-pesaje-por-lotes","status":"publish","type":"page","link":"https:\/\/www.spiroflow.com\/es\/soluciones-de-pesaje-por-lotes\/","title":{"rendered":"Soluciones de pesaje y dosificaci\u00f3n"},"content":{"rendered":"<div data-elementor-type=\"wp-page\" data-elementor-id=\"709\" class=\"elementor elementor-709\" data-elementor-post-type=\"page\">\n\t\t\t\t<div class=\"elementor-element elementor-element-77394d9 e-flex e-con-boxed e-con e-parent\" data-id=\"77394d9\" data-element_type=\"container\" data-settings=\"{&quot;background_background&quot;:&quot;classic&quot;}\">\n\t\t\t\t\t<div class=\"e-con-inner\">\n\t\t\t\t<div class=\"elementor-element elementor-element-f4149f7 elementor-widget elementor-widget-heading\" data-id=\"f4149f7\" data-element_type=\"widget\" data-widget_type=\"heading.default\">\n\t\t\t\t<div class=\"elementor-widget-container\">\n\t\t\t\t\t<h1 class=\"elementor-heading-title elementor-size-default\">Soluciones de pesaje y dosificaci\u00f3n<\/h1>\t\t\t\t<\/div>\n\t\t\t\t<\/div>\n\t\t\t\t\t<\/div>\n\t\t\t\t<\/div>\n\t\t<div class=\"elementor-element elementor-element-a40909d e-flex e-con-boxed e-con e-parent\" data-id=\"a40909d\" data-element_type=\"container\">\n\t\t\t\t\t<div class=\"e-con-inner\">\n\t\t\t\t<div class=\"elementor-element elementor-element-68ba436 elementor-widget elementor-widget-text-editor\" data-id=\"68ba436\" data-element_type=\"widget\" data-widget_type=\"text-editor.default\">\n\t\t\t\t<div class=\"elementor-widget-container\">\n\t\t\t\t\t\t\t\t\t<p><span style=\"font-weight: 400;\">Preciso <\/span><b>soluciones de pesaje y dosificaci\u00f3n<\/b><span style=\"font-weight: 400;\"> son cruciales para mantener la calidad del producto y la eficiencia operativa. Estos sistemas son esenciales para minimizar el desperdicio de materiales y maximizar la utilizaci\u00f3n de recursos. A su vez, tiene un impacto directo en los resultados de una empresa al optimizar la rentabilidad de los procesos de producci\u00f3n.<\/span><\/p>\t\t\t\t\t\t\t\t<\/div>\n\t\t\t\t<\/div>\n\t\t\t\t\t<\/div>\n\t\t\t\t<\/div>\n\t\t<div class=\"elementor-element elementor-element-02925f8 e-flex e-con-boxed e-con e-parent\" data-id=\"02925f8\" data-element_type=\"container\">\n\t\t\t\t\t<div class=\"e-con-inner\">\n\t\t<div class=\"elementor-element elementor-element-57ab694 e-con-full e-flex e-con e-child\" data-id=\"57ab694\" data-element_type=\"container\">\n\t\t\t\t<div class=\"elementor-element elementor-element-fe64cf5 elementor-widget elementor-widget-heading\" data-id=\"fe64cf5\" data-element_type=\"widget\" data-widget_type=\"heading.default\">\n\t\t\t\t<div class=\"elementor-widget-container\">\n\t\t\t\t\t<h2 class=\"elementor-heading-title elementor-size-default\">Sistemas de dosificaci\u00f3n de productos qu\u00edmicos por p\u00e9rdida de peso\n<\/h2>\t\t\t\t<\/div>\n\t\t\t\t<\/div>\n\t\t\t\t<div class=\"elementor-element elementor-element-5c9019e elementor-widget-divider--view-line elementor-widget elementor-widget-divider\" data-id=\"5c9019e\" data-element_type=\"widget\" data-widget_type=\"divider.default\">\n\t\t\t\t<div class=\"elementor-widget-container\">\n\t\t\t\t\t\t\t<div class=\"elementor-divider\">\n\t\t\t<span class=\"elementor-divider-separator\">\n\t\t\t\t\t\t<\/span>\n\t\t<\/div>\n\t\t\t\t\t\t<\/div>\n\t\t\t\t<\/div>\n\t\t\t\t<div class=\"elementor-element elementor-element-e365c88 elementor-widget elementor-widget-text-editor\" data-id=\"e365c88\" data-element_type=\"widget\" data-widget_type=\"text-editor.default\">\n\t\t\t\t<div class=\"elementor-widget-container\">\n\t\t\t\t\t\t\t\t\t<p><span style=\"font-weight: 400;\">Los ingenieros de Spiroflow crearon un sistema de dosificaci\u00f3n de productos qu\u00edmicos por p\u00e9rdida de peso especializado, dise\u00f1ado para un destacado productor de bater\u00edas que atiende a los sectores militar y sanitario. Este innovador sistema combina una combinaci\u00f3n \u00fanica de <\/span><b>negro de carb\u00f3n, grafito y dos variedades de EMD<\/b><span style=\"font-weight: 400;\">. Emplea dos descargadores de supersacos que alimentan EMD a una tolva.<\/span><\/p><p><span style=\"font-weight: 400;\">Adem\u00e1s, el negro de humo y el grafito se transportan a la misma tolva a trav\u00e9s de dos estaciones de descarga de bolsas. <\/span><b>equipado con guanteras<\/b><span style=\"font-weight: 400;\">, compactadores de bolsas y transportadores de tornillo flexibles vers\u00e1tiles. Posteriormente, la tolva canaliza estos materiales hacia una licuadora para una mezcla completa.<\/span><\/p><p><span style=\"font-weight: 400;\">Despu\u00e9s del mezclado, la mezcla se transfiere mediante un transportador aeromec\u00e1nico a otra estaci\u00f3n de mezclado, asegurando la <\/span><b>precisi\u00f3n del tama\u00f1o del lote de p\u00e9rdida de peso<\/b><span style=\"font-weight: 400;\">. Finalmente, un transportador de tornillo flexible horizontal de la amplia gama de soluciones de transporte transporta eficientemente la mezcla seca a un mezclador adicional para la integraci\u00f3n de componentes l\u00edquidos. Este proceso ejemplifica las tecnolog\u00edas de transporte de vanguardia y las soluciones de cintas transportadoras proporcionadas por los principales fabricantes de sistemas de transporte: Spiroflow. Muestra nuestro compromiso de ofrecer sistemas transportadores industriales integrales.<\/span><\/p>\t\t\t\t\t\t\t\t<\/div>\n\t\t\t\t<\/div>\n\t\t\t\t<\/div>\n\t\t<div class=\"elementor-element elementor-element-2854b92 e-con-full e-flex e-con e-child\" data-id=\"2854b92\" data-element_type=\"container\">\n\t\t\t\t<div class=\"elementor-element elementor-element-f202f47 elementor-widget elementor-widget-image\" data-id=\"f202f47\" data-element_type=\"widget\" data-widget_type=\"image.default\">\n\t\t\t\t<div class=\"elementor-widget-container\">\n\t\t\t\t\t\t\t\t\t\t\t\t\t\t\t<img fetchpriority=\"high\" decoding=\"async\" width=\"753\" height=\"395\" src=\"https:\/\/www.spiroflow.com\/wp-content\/uploads\/2023\/08\/equip-solutions-02.webp\" class=\"attachment-large size-large wp-image-720\" alt=\"Sistema de dosificaci\u00f3n de productos qu\u00edmicos por p\u00e9rdida de peso\" srcset=\"https:\/\/www.spiroflow.com\/wp-content\/uploads\/2023\/08\/equip-solutions-02.webp 753w, https:\/\/www.spiroflow.com\/wp-content\/uploads\/2023\/08\/equip-solutions-02-300x157.webp 300w\" sizes=\"(max-width: 753px) 100vw, 753px\" \/>\t\t\t\t\t\t\t\t\t\t\t\t\t\t\t<\/div>\n\t\t\t\t<\/div>\n\t\t\t\t<\/div>\n\t\t\t\t\t<\/div>\n\t\t\t\t<\/div>\n\t\t<div class=\"elementor-element elementor-element-0aa0bba e-flex e-con-boxed e-con e-parent\" data-id=\"0aa0bba\" data-element_type=\"container\">\n\t\t\t\t\t<div class=\"e-con-inner\">\n\t\t<div class=\"elementor-element elementor-element-56227f5 e-con-full e-flex e-con e-child\" data-id=\"56227f5\" data-element_type=\"container\">\n\t\t\t\t<div class=\"elementor-element elementor-element-6467987 elementor-widget elementor-widget-image\" data-id=\"6467987\" data-element_type=\"widget\" data-widget_type=\"image.default\">\n\t\t\t\t<div class=\"elementor-widget-container\">\n\t\t\t\t\t\t\t\t\t\t\t\t\t\t\t<img decoding=\"async\" width=\"593\" height=\"439\" src=\"https:\/\/www.spiroflow.com\/wp-content\/uploads\/2023\/08\/equip-solutions-03.webp\" class=\"attachment-large size-large wp-image-721\" alt=\"Sistema de llenado de supersacos con aumento de peso\" srcset=\"https:\/\/www.spiroflow.com\/wp-content\/uploads\/2023\/08\/equip-solutions-03.webp 593w, https:\/\/www.spiroflow.com\/wp-content\/uploads\/2023\/08\/equip-solutions-03-300x222.webp 300w\" sizes=\"(max-width: 593px) 100vw, 593px\" \/>\t\t\t\t\t\t\t\t\t\t\t\t\t\t\t<\/div>\n\t\t\t\t<\/div>\n\t\t\t\t<\/div>\n\t\t<div class=\"elementor-element elementor-element-592db6d e-con-full e-flex e-con e-child\" data-id=\"592db6d\" data-element_type=\"container\">\n\t\t\t\t<div class=\"elementor-element elementor-element-df32b9c elementor-widget elementor-widget-heading\" data-id=\"df32b9c\" data-element_type=\"widget\" data-widget_type=\"heading.default\">\n\t\t\t\t<div class=\"elementor-widget-container\">\n\t\t\t\t\t<h2 class=\"elementor-heading-title elementor-size-default\">Sistemas de llenado de supersacos con aumento de peso<\/h2>\t\t\t\t<\/div>\n\t\t\t\t<\/div>\n\t\t\t\t<div class=\"elementor-element elementor-element-ceb0d09 elementor-widget-divider--view-line elementor-widget elementor-widget-divider\" data-id=\"ceb0d09\" data-element_type=\"widget\" data-widget_type=\"divider.default\">\n\t\t\t\t<div class=\"elementor-widget-container\">\n\t\t\t\t\t\t\t<div class=\"elementor-divider\">\n\t\t\t<span class=\"elementor-divider-separator\">\n\t\t\t\t\t\t<\/span>\n\t\t<\/div>\n\t\t\t\t\t\t<\/div>\n\t\t\t\t<\/div>\n\t\t\t\t<div class=\"elementor-element elementor-element-9881471 elementor-widget elementor-widget-text-editor\" data-id=\"9881471\" data-element_type=\"widget\" data-widget_type=\"text-editor.default\">\n\t\t\t\t<div class=\"elementor-widget-container\">\n\t\t\t\t\t\t\t\t\t<p><span style=\"font-weight: 400;\">Tres llenadores de supersacos distintos fueron esenciales para crear un proceso de polvo de harina de PVC personalizado para un importante productor de alfombras. Colocada arriba, una unidad dispensadora equipada con un <\/span><b>Esclusa de aire giratoria, v\u00e1lvula desviadora y compuerta deslizante.<\/b><span style=\"font-weight: 400;\"> canaliza eficientemente el polvo de harina de PVC hacia un sistema doble de llenado de supersacos con aumento de peso.<\/span><\/p><p><span style=\"font-weight: 400;\">Este sistema, <\/span><b>Dise\u00f1ado cuidadosamente para tasas de embolsado superiores.<\/b><span style=\"font-weight: 400;\"> y una mayor eficiencia del operador, permite el llenado simult\u00e1neo de un supersaco y al mismo tiempo facilita el reemplazo de otro. Este funcionamiento perfecto es un testimonio de los innovadores sistemas y soluciones de cintas transportadoras proporcionados por fabricantes de transportadores especializados como Spiroflow.<\/span><\/p><p><span style=\"font-weight: 400;\">Adem\u00e1s, un tercer llenador de supersacos est\u00e1 listo para acomodar el polvo de harina de PVC acumulado a trav\u00e9s de un sistema integral de recolecci\u00f3n de polvo en toda la planta. Este relleno es <\/span><b>reabastecido constantemente mediante un transportador de tornillo flexible<\/b><span style=\"font-weight: 400;\">, una parte integral del sistema de cinta transportadora, proveniente de una fuente externa designada. Esta configuraci\u00f3n no solo personifica la eficiencia de los sistemas de cintas transportadoras modernas, sino que tambi\u00e9n resalta la ingenier\u00eda de precisi\u00f3n de los principales fabricantes de cintas transportadoras para satisfacer las necesidades industriales.<\/span><\/p>\t\t\t\t\t\t\t\t<\/div>\n\t\t\t\t<\/div>\n\t\t\t\t<\/div>\n\t\t\t\t\t<\/div>\n\t\t\t\t<\/div>\n\t\t<div class=\"elementor-element elementor-element-2fb1a5d e-flex e-con-boxed e-con e-parent\" data-id=\"2fb1a5d\" data-element_type=\"container\">\n\t\t\t\t\t<div class=\"e-con-inner\">\n\t\t\t\t<div class=\"elementor-element elementor-element-fcf0d25 elementor-widget elementor-widget-heading\" data-id=\"fcf0d25\" data-element_type=\"widget\" data-widget_type=\"heading.default\">\n\t\t\t\t<div class=\"elementor-widget-container\">\n\t\t\t\t\t<h2 class=\"elementor-heading-title elementor-size-default\">Soluciones de pesaje y dosificaci\u00f3n para eficiencia operativa<\/h2>\t\t\t\t<\/div>\n\t\t\t\t<\/div>\n\t\t\t\t<div class=\"elementor-element elementor-element-b701a82 elementor-widget-divider--view-line elementor-widget elementor-widget-divider\" data-id=\"b701a82\" data-element_type=\"widget\" data-widget_type=\"divider.default\">\n\t\t\t\t<div class=\"elementor-widget-container\">\n\t\t\t\t\t\t\t<div class=\"elementor-divider\">\n\t\t\t<span class=\"elementor-divider-separator\">\n\t\t\t\t\t\t<\/span>\n\t\t<\/div>\n\t\t\t\t\t\t<\/div>\n\t\t\t\t<\/div>\n\t\t\t\t<div class=\"elementor-element elementor-element-745e4a8 elementor-widget elementor-widget-text-editor\" data-id=\"745e4a8\" data-element_type=\"widget\" data-widget_type=\"text-editor.default\">\n\t\t\t\t<div class=\"elementor-widget-container\">\n\t\t\t\t\t\t\t\t\t<p><span style=\"font-weight: 400;\">El sistema de dosificaci\u00f3n de productos qu\u00edmicos por p\u00e9rdida de peso hecho a medida y los sistemas de llenado de supersacos de harina de PVC hechos a medida son representaciones ejemplares de ingenier\u00eda avanzada y fabricaci\u00f3n precisa. Al integrar sofisticadas cintas transportadoras y otros equipos, atendemos necesidades industriales espec\u00edficas, asegurando <\/span><b>eficiencia, precisi\u00f3n y productividad<\/b><span style=\"font-weight: 400;\">.<\/span><\/p><p><span style=\"font-weight: 400;\">Como resultado, cada parte de nuestra soluci\u00f3n sistem\u00e1tica, desde el sistema de cinta transportadora hasta el llenado y descarga, cumple con los rigurosos requisitos de las aplicaciones especializadas. Estos sistemas son un testimonio del compromiso con <\/span><b>Excelencia en el campo de los sistemas de transporte industrial.<\/b><span style=\"font-weight: 400;\">. Demuestran que una ingenier\u00eda precisa y un dise\u00f1o bien pensado pueden mejorar significativamente la eficacia operativa y la calidad del producto en diversos entornos industriales.<\/span><\/p>\t\t\t\t\t\t\t\t<\/div>\n\t\t\t\t<\/div>\n\t\t\t\t\t<\/div>\n\t\t\t\t<\/div>\n\t\t<div class=\"elementor-element elementor-element-ca3d413 e-con-full e-flex e-con e-parent\" data-id=\"ca3d413\" data-element_type=\"container\" data-settings=\"{&quot;background_background&quot;:&quot;classic&quot;}\">\n\t\t\t\t<div class=\"elementor-element elementor-element-945c110 elementor-widget elementor-widget-heading\" data-id=\"945c110\" data-element_type=\"widget\" data-widget_type=\"heading.default\">\n\t\t\t\t<div class=\"elementor-widget-container\">\n\t\t\t\t\t<p class=\"elementor-heading-title elementor-size-default\">\u00bfNecesita ayuda? Cont\u00e1ctenos hoy, le responderemos lo antes posible<\/p>\t\t\t\t<\/div>\n\t\t\t\t<\/div>\n\t\t\t\t<div class=\"elementor-element elementor-element-b89c2f8 elementor-align-center elementor-mobile-align-center elementor-widget elementor-widget-button\" data-id=\"b89c2f8\" data-element_type=\"widget\" data-widget_type=\"button.default\">\n\t\t\t\t<div class=\"elementor-widget-container\">\n\t\t\t\t\t\t\t\t\t<div class=\"elementor-button-wrapper\">\n\t\t\t\t\t<a class=\"elementor-button elementor-button-link elementor-size-md\" href=\"\/es\/contactenos\/\">\n\t\t\t\t\t\t<span class=\"elementor-button-content-wrapper\">\n\t\t\t\t\t\t\t\t\t<span class=\"elementor-button-text\">Cont\u00e1ctenos<\/span>\n\t\t\t\t\t<\/span>\n\t\t\t\t\t<\/a>\n\t\t\t\t<\/div>\n\t\t\t\t\t\t\t\t<\/div>\n\t\t\t\t<\/div>\n\t\t\t\t<\/div>\n\t\t\t\t<\/div>","protected":false},"excerpt":{"rendered":"<p>Soluciones de pesaje y dosificaci\u00f3n Las soluciones de pesaje y dosificaci\u00f3n precisas son cruciales para mantener la calidad del producto y la eficiencia operativa. Estos sistemas son esenciales para minimizar el desperdicio de materiales y maximizar la utilizaci\u00f3n de recursos. A su vez, tiene un impacto directo en los resultados de una empresa al optimizar la rentabilidad de los procesos de producci\u00f3n. Los ingenieros de sistemas de dosificaci\u00f3n de productos qu\u00edmicos con p\u00e9rdida de peso de Spiroflow crearon un [\u2026]<\/p>","protected":false},"author":2,"featured_media":722,"parent":0,"menu_order":0,"comment_status":"closed","ping_status":"closed","template":"","meta":{"content-type":"","footnotes":""},"class_list":["post-709","page","type-page","status-publish","has-post-thumbnail","hentry"],"_links":{"self":[{"href":"https:\/\/www.spiroflow.com\/es\/wp-json\/wp\/v2\/pages\/709","targetHints":{"allow":["GET"]}}],"collection":[{"href":"https:\/\/www.spiroflow.com\/es\/wp-json\/wp\/v2\/pages"}],"about":[{"href":"https:\/\/www.spiroflow.com\/es\/wp-json\/wp\/v2\/types\/page"}],"author":[{"embeddable":true,"href":"https:\/\/www.spiroflow.com\/es\/wp-json\/wp\/v2\/users\/2"}],"replies":[{"embeddable":true,"href":"https:\/\/www.spiroflow.com\/es\/wp-json\/wp\/v2\/comments?post=709"}],"version-history":[{"count":0,"href":"https:\/\/www.spiroflow.com\/es\/wp-json\/wp\/v2\/pages\/709\/revisions"}],"wp:featuredmedia":[{"embeddable":true,"href":"https:\/\/www.spiroflow.com\/es\/wp-json\/wp\/v2\/media\/722"}],"wp:attachment":[{"href":"https:\/\/www.spiroflow.com\/es\/wp-json\/wp\/v2\/media?parent=709"}],"curies":[{"name":"Gracias","href":"https:\/\/api.w.org\/{rel}","templated":true}]}}