{"id":711,"date":"2023-08-11T13:17:50","date_gmt":"2023-08-11T13:17:50","guid":{"rendered":"https:\/\/spiroflow1.wpengine.com\/?page_id=711"},"modified":"2024-03-20T17:19:46","modified_gmt":"2024-03-20T17:19:46","slug":"soluciones-de-llenado-semiautomaticas","status":"publish","type":"page","link":"https:\/\/www.spiroflow.com\/es\/soluciones-de-llenado-semiautomaticas\/","title":{"rendered":"Soluciones de llenado semiautom\u00e1ticas"},"content":{"rendered":"<div data-elementor-type=\"wp-page\" data-elementor-id=\"711\" class=\"elementor elementor-711\" data-elementor-post-type=\"page\">\n\t\t\t\t<div class=\"elementor-element elementor-element-fa8f271 e-flex e-con-boxed e-con e-parent\" data-id=\"fa8f271\" data-element_type=\"container\" data-settings=\"{&quot;background_background&quot;:&quot;classic&quot;}\">\n\t\t\t\t\t<div class=\"e-con-inner\">\n\t\t\t\t<div class=\"elementor-element elementor-element-365e086 elementor-widget elementor-widget-heading\" data-id=\"365e086\" data-element_type=\"widget\" data-widget_type=\"heading.default\">\n\t\t\t\t<div class=\"elementor-widget-container\">\n\t\t\t\t\t<h1 class=\"elementor-heading-title elementor-size-default\">Soluciones de llenado semiautom\u00e1ticas<\/h1>\t\t\t\t<\/div>\n\t\t\t\t<\/div>\n\t\t\t\t\t<\/div>\n\t\t\t\t<\/div>\n\t\t<div class=\"elementor-element elementor-element-e8d9e7c e-flex e-con-boxed e-con e-parent\" data-id=\"e8d9e7c\" data-element_type=\"container\">\n\t\t\t\t\t<div class=\"e-con-inner\">\n\t\t\t\t<div class=\"elementor-element elementor-element-8f7b571 elementor-widget elementor-widget-text-editor\" data-id=\"8f7b571\" data-element_type=\"widget\" data-widget_type=\"text-editor.default\">\n\t\t\t\t<div class=\"elementor-widget-container\">\n\t\t\t\t\t\t\t\t\t<p><span style=\"font-weight: 400;\">En Spiroflow, nos enorgullecemos de la ingenier\u00eda <\/span><b>soluciones de llenado semiautom\u00e1ticas<\/b><span style=\"font-weight: 400;\"> que suponen un salto importante en eficiencia y productividad. Son especialmente \u00fatiles para usuarios de gran volumen en entornos industriales.<\/span><\/p>\t\t\t\t\t\t\t\t<\/div>\n\t\t\t\t<\/div>\n\t\t\t\t\t<\/div>\n\t\t\t\t<\/div>\n\t\t<div class=\"elementor-element elementor-element-f4f52c3 e-flex e-con-boxed e-con e-parent\" data-id=\"f4f52c3\" data-element_type=\"container\">\n\t\t\t\t\t<div class=\"e-con-inner\">\n\t\t\t\t<div class=\"elementor-element elementor-element-f1b206a elementor-widget__width-initial elementor-widget-mobile__width-inherit elementor-widget elementor-widget-text-editor\" data-id=\"f1b206a\" data-element_type=\"widget\" data-widget_type=\"text-editor.default\">\n\t\t\t\t<div class=\"elementor-widget-container\">\n\t\t\t\t\t\t\t\t\t<p><span style=\"font-weight: 400;\">Nuestros sistemas avanzados est\u00e1n cuidadosamente dise\u00f1ados para agilizar el proceso de llenado, proporcionando una operaci\u00f3n continua que elimina la necesidad de intervenci\u00f3n manual durante las etapas cr\u00edticas de descarga de cada bolsa o caja. El coraz\u00f3n de nuestros sistemas es un sofisticado sistema de cinta transportadora, que desempe\u00f1a un papel crucial en <\/span><b>Automatizar el movimiento y manipulaci\u00f3n de materiales.<\/b><span style=\"font-weight: 400;\">.<\/span><\/p>\t\t\t\t\t\t\t\t<\/div>\n\t\t\t\t<\/div>\n\t\t\t\t<div class=\"elementor-element elementor-element-e3b3b50 elementor-widget__width-initial elementor-widget-mobile__width-inherit elementor-widget elementor-widget-image\" data-id=\"e3b3b50\" data-element_type=\"widget\" data-widget_type=\"image.default\">\n\t\t\t\t<div class=\"elementor-widget-container\">\n\t\t\t\t\t\t\t\t\t\t\t\t\t\t\t<img fetchpriority=\"high\" decoding=\"async\" width=\"589\" height=\"589\" src=\"https:\/\/www.spiroflow.com\/wp-content\/uploads\/2023\/08\/equip-filling-solutions-01.webp\" class=\"attachment-medium_large size-medium_large wp-image-724\" alt=\"Un gr\u00e1fico que muestra el dise\u00f1o del sistema semiautom\u00e1tico.\" srcset=\"https:\/\/www.spiroflow.com\/wp-content\/uploads\/2023\/08\/equip-filling-solutions-01.webp 589w, https:\/\/www.spiroflow.com\/wp-content\/uploads\/2023\/08\/equip-filling-solutions-01-300x300.webp 300w, https:\/\/www.spiroflow.com\/wp-content\/uploads\/2023\/08\/equip-filling-solutions-01-150x150.webp 150w\" sizes=\"(max-width: 589px) 100vw, 589px\" \/>\t\t\t\t\t\t\t\t\t\t\t\t\t\t\t<\/div>\n\t\t\t\t<\/div>\n\t\t\t\t\t<\/div>\n\t\t\t\t<\/div>\n\t\t<div class=\"elementor-element elementor-element-51f52b7 e-flex e-con-boxed e-con e-parent\" data-id=\"51f52b7\" data-element_type=\"container\">\n\t\t\t\t\t<div class=\"e-con-inner\">\n\t\t\t\t<div class=\"elementor-element elementor-element-c2ee219 elementor-widget elementor-widget-heading\" data-id=\"c2ee219\" data-element_type=\"widget\" data-widget_type=\"heading.default\">\n\t\t\t\t<div class=\"elementor-widget-container\">\n\t\t\t\t\t<h2 class=\"elementor-heading-title elementor-size-default\">Manejo optimizado de materiales de soluciones de llenado semiautom\u00e1ticas<\/h2>\t\t\t\t<\/div>\n\t\t\t\t<\/div>\n\t\t\t\t<div class=\"elementor-element elementor-element-978c658 elementor-widget elementor-widget-text-editor\" data-id=\"978c658\" data-element_type=\"widget\" data-widget_type=\"text-editor.default\">\n\t\t\t\t<div class=\"elementor-widget-container\">\n\t\t\t\t\t\t\t\t\t<p><span style=\"font-weight: 400;\">En nuestra configuraci\u00f3n de llenado semiautom\u00e1tica t\u00edpica, las paletas se alimentan autom\u00e1ticamente a la plataforma de llenado, lo que garantiza un suministro continuo de materiales a procesar. Esto se ve facilitado por nuestras soluciones de cintas transportadoras de \u00faltima generaci\u00f3n, que son <\/span><b>integral en el mantenimiento del flujo y la eficiencia<\/b><span style=\"font-weight: 400;\"> de la operaci\u00f3n. Las propias bolsas est\u00e1n sujetas de forma segura a ganchos operados neum\u00e1ticamente, una caracter\u00edstica que subraya el compromiso de nuestro sistema con la precisi\u00f3n y la confiabilidad.<\/span><\/p>\t\t\t\t\t\t\t\t<\/div>\n\t\t\t\t<\/div>\n\t\t\t\t\t<\/div>\n\t\t\t\t<\/div>\n\t\t<div class=\"elementor-element elementor-element-8233db9 e-flex e-con-boxed e-con e-parent\" data-id=\"8233db9\" data-element_type=\"container\">\n\t\t\t\t\t<div class=\"e-con-inner\">\n\t\t\t\t<div class=\"elementor-element elementor-element-65b70ea elementor-widget elementor-widget-heading\" data-id=\"65b70ea\" data-element_type=\"widget\" data-widget_type=\"heading.default\">\n\t\t\t\t<div class=\"elementor-widget-container\">\n\t\t\t\t\t<h3 class=\"elementor-heading-title elementor-size-default\">Transici\u00f3n automatizada y transporte eficiente despu\u00e9s del llenado<\/h3>\t\t\t\t<\/div>\n\t\t\t\t<\/div>\n\t\t\t\t<div class=\"elementor-element elementor-element-9df809a elementor-widget elementor-widget-text-editor\" data-id=\"9df809a\" data-element_type=\"widget\" data-widget_type=\"text-editor.default\">\n\t\t\t\t<div class=\"elementor-widget-container\">\n\t\t\t\t\t\t\t\t\t<p><span style=\"font-weight: 400;\">Una vez completada la fase de llenado, nuestro sistema demuestra sus capacidades aut\u00f3nomas liberando autom\u00e1ticamente los bucles. Esto marca el <\/span><b>transici\u00f3n del llenado a la siguiente fase<\/b><span style=\"font-weight: 400;\"> de la operaci\u00f3n. Despu\u00e9s del llenado, las bolsas se mueven r\u00e1pidamente a lo largo de la l\u00ednea de producci\u00f3n mediante cintas transportadoras de extracci\u00f3n motorizadas, que son un componente esencial de nuestro sistema de cinta transportadora. Esto no s\u00f3lo optimiza el flujo de trabajo sino que tambi\u00e9n minimiza el tiempo que cada bolsa pasa en la fase de transici\u00f3n, mejorando as\u00ed la productividad general.<\/span><\/p>\t\t\t\t\t\t\t\t<\/div>\n\t\t\t\t<\/div>\n\t\t\t\t<div class=\"elementor-element elementor-element-002c2ee elementor-widget elementor-widget-heading\" data-id=\"002c2ee\" data-element_type=\"widget\" data-widget_type=\"heading.default\">\n\t\t\t\t<div class=\"elementor-widget-container\">\n\t\t\t\t\t<h3 class=\"elementor-heading-title elementor-size-default\">Manejo de materiales vers\u00e1til<\/h3>\t\t\t\t<\/div>\n\t\t\t\t<\/div>\n\t\t\t\t<div class=\"elementor-element elementor-element-613c9a1 elementor-widget elementor-widget-text-editor\" data-id=\"613c9a1\" data-element_type=\"widget\" data-widget_type=\"text-editor.default\">\n\t\t\t\t<div class=\"elementor-widget-container\">\n\t\t\t\t\t\t\t\t\t<p><span style=\"font-weight: 400;\">La integraci\u00f3n de tecnolog\u00edas de transporte, como el transportador de tornillo flexible, mejora a\u00fan m\u00e1s la flexibilidad y adaptabilidad de nuestros sistemas de transporte industrial. Estos transportadores son conocidos por su capacidad para <\/span><b>manejar una amplia gama de materiales<\/b><span style=\"font-weight: 400;\">, a\u00f1adiendo una capa de versatilidad a nuestras soluciones de llenado semiautom\u00e1ticas.<\/span><\/p>\t\t\t\t\t\t\t\t<\/div>\n\t\t\t\t<\/div>\n\t\t\t\t\t<\/div>\n\t\t\t\t<\/div>\n\t\t<div class=\"elementor-element elementor-element-e38e384 e-flex e-con-boxed e-con e-parent\" data-id=\"e38e384\" data-element_type=\"container\">\n\t\t\t\t\t<div class=\"e-con-inner\">\n\t\t\t\t<div class=\"elementor-element elementor-element-fbce030 elementor-widget elementor-widget-heading\" data-id=\"fbce030\" data-element_type=\"widget\" data-widget_type=\"heading.default\">\n\t\t\t\t<div class=\"elementor-widget-container\">\n\t\t\t\t\t<h2 class=\"elementor-heading-title elementor-size-default\">Integraci\u00f3n perfecta de soluciones de llenado semiautom\u00e1ticas<\/h2>\t\t\t\t<\/div>\n\t\t\t\t<\/div>\n\t\t\t\t<div class=\"elementor-element elementor-element-978e392 elementor-widget elementor-widget-text-editor\" data-id=\"978e392\" data-element_type=\"widget\" data-widget_type=\"text-editor.default\">\n\t\t\t\t<div class=\"elementor-widget-container\">\n\t\t\t\t\t\t\t\t\t<p><span style=\"font-weight: 400;\">Nuestras soluciones de llenado semiautom\u00e1ticas, impulsadas por tecnolog\u00edas y sistemas de cinta transportadora avanzados, ofrecen una manera s\u00f3lida y eficiente de <\/span><b>mejorar la productividad de los usuarios de gran volumen<\/b><span style=\"font-weight: 400;\">. La perfecta integraci\u00f3n de estos sistemas y soluciones y tecnolog\u00edas de cintas transportadoras garantiza un funcionamiento fluido y continuo, lo que marca un importante paso adelante en el manejo y procesamiento de materiales industriales.<\/span><\/p><p><span style=\"font-weight: 400;\">Las caracter\u00edsticas clave de nuestras soluciones de llenado semiautom\u00e1ticas incluyen:<\/span><\/p><ul><li style=\"font-weight: 400;\" aria-level=\"1\"><b>Operaci\u00f3n continua<\/b><span style=\"font-weight: 400;\"> \u2013 Elimina la necesidad de detener y descargar cada bolsa o caja, asegurando un flujo de producci\u00f3n fluido.<\/span><\/li><li style=\"font-weight: 400;\" aria-level=\"1\"><b>Alimentaci\u00f3n automatizada de palets<\/b><span style=\"font-weight: 400;\"> \u2013 Los pal\u00e9s se alimentan autom\u00e1ticamente a la plataforma de llenado, gracias a las soluciones avanzadas de cinta transportadora de Spiroflow.<\/span><\/li><li style=\"font-weight: 400;\" aria-level=\"1\"><b>Ganchos accionados neum\u00e1ticamente<\/b><span style=\"font-weight: 400;\"> \u2013 Enrolle y sujete las bolsas de forma segura durante el proceso de llenado, garantizando precisi\u00f3n y confiabilidad.<\/span><\/li><li style=\"font-weight: 400;\" aria-level=\"1\"><b>Liberaci\u00f3n autom\u00e1tica del bucle<\/b><span style=\"font-weight: 400;\"> \u2013 Despu\u00e9s del llenado, los bucles se liberan autom\u00e1ticamente, lo que agiliza la transici\u00f3n a la siguiente fase de operaci\u00f3n.<\/span><\/li><li style=\"font-weight: 400;\" aria-level=\"1\"><b>Transportador de salida motorizado<\/b><span style=\"font-weight: 400;\"> \u2013 Mueve las bolsas llenas a lo largo de la l\u00ednea de producci\u00f3n de manera eficiente, integral al sistema de cinta transportadora.<\/span><\/li><li style=\"font-weight: 400;\" aria-level=\"1\"><b>Integraci\u00f3n con soluciones de transporte<\/b><span style=\"font-weight: 400;\"> \u2013 Los sistemas como los sistemas de cinta transportadora de Spiroflow a\u00f1aden versatilidad para manejar una amplia gama de materiales.<\/span><\/li><li style=\"font-weight: 400;\" aria-level=\"1\"><b>Personalizaci\u00f3n del sistema.<\/b><span style=\"font-weight: 400;\"> \u2013 Como fabricantes l\u00edderes de sistemas de transporte, ofrecemos soluciones personalizadas para satisfacer necesidades industriales espec\u00edficas.<\/span><\/li><\/ul>\t\t\t\t\t\t\t\t<\/div>\n\t\t\t\t<\/div>\n\t\t\t\t<div class=\"elementor-element elementor-element-eb4e76c elementor-widget elementor-widget-text-editor\" data-id=\"eb4e76c\" data-element_type=\"widget\" data-widget_type=\"text-editor.default\">\n\t\t\t\t<div class=\"elementor-widget-container\">\n\t\t\t\t\t\t\t\t\t<p><span style=\"font-weight: 400;\">Somos los fabricantes de transportadores dedicados a su \u00e9xito, brindando no solo soluciones sino tambi\u00e9n una <\/span><b>camino hacia un futuro m\u00e1s eficiente y productivo<\/b><span style=\"font-weight: 400;\">.<\/span><\/p>\t\t\t\t\t\t\t\t<\/div>\n\t\t\t\t<\/div>\n\t\t\t\t<div class=\"elementor-element elementor-element-f408836 elementor-widget elementor-widget-heading\" data-id=\"f408836\" data-element_type=\"widget\" data-widget_type=\"heading.default\">\n\t\t\t\t<div class=\"elementor-widget-container\">\n\t\t\t\t\t<h2 class=\"elementor-heading-title elementor-size-default\">Elaboraci\u00f3n de soluciones personalizadas con fabricantes de cintas transportadoras\n<\/h2>\t\t\t\t<\/div>\n\t\t\t\t<\/div>\n\t\t\t\t<div class=\"elementor-element elementor-element-3153ac4 elementor-widget elementor-widget-text-editor\" data-id=\"3153ac4\" data-element_type=\"widget\" data-widget_type=\"text-editor.default\">\n\t\t\t\t<div class=\"elementor-widget-container\">\n\t\t\t\t\t\t\t\t\t<p><span style=\"font-weight: 400;\">Como l\u00edderes de la industria, Spiroflow es m\u00e1s que solo fabricantes de sistemas transportadores: somos sus socios para brindarle <\/span><b>Soluciones personalizadas que satisfacen las necesidades espec\u00edficas.<\/b><span style=\"font-weight: 400;\"> de diferentes aplicaciones industriales. Ya sea un sistema de cinta transportadora personalizado o un sistema transportador industrial m\u00e1s estandarizado, aprovechamos nuestra experiencia para ofrecer soluciones que se alineen con los objetivos operativos de nuestros clientes.<\/span><\/p>\t\t\t\t\t\t\t\t<\/div>\n\t\t\t\t<\/div>\n\t\t\t\t\t<\/div>\n\t\t\t\t<\/div>\n\t\t<div class=\"elementor-element elementor-element-6b7a45b e-con-full e-flex e-con e-parent\" data-id=\"6b7a45b\" data-element_type=\"container\" data-settings=\"{&quot;background_background&quot;:&quot;classic&quot;}\">\n\t\t\t\t<div class=\"elementor-element elementor-element-4af5ad6 elementor-widget elementor-widget-heading\" data-id=\"4af5ad6\" data-element_type=\"widget\" data-widget_type=\"heading.default\">\n\t\t\t\t<div class=\"elementor-widget-container\">\n\t\t\t\t\t<p class=\"elementor-heading-title elementor-size-default\">\u00bfNecesita ayuda? Cont\u00e1ctenos hoy, le responderemos lo antes posible<\/p>\t\t\t\t<\/div>\n\t\t\t\t<\/div>\n\t\t\t\t<div class=\"elementor-element elementor-element-ef7faec elementor-align-center elementor-mobile-align-center elementor-widget elementor-widget-button\" data-id=\"ef7faec\" data-element_type=\"widget\" data-widget_type=\"button.default\">\n\t\t\t\t<div class=\"elementor-widget-container\">\n\t\t\t\t\t\t\t\t\t<div class=\"elementor-button-wrapper\">\n\t\t\t\t\t<a class=\"elementor-button elementor-button-link elementor-size-md\" href=\"\/es\/contactenos\/\">\n\t\t\t\t\t\t<span class=\"elementor-button-content-wrapper\">\n\t\t\t\t\t\t\t\t\t<span class=\"elementor-button-text\">Cont\u00e1ctenos<\/span>\n\t\t\t\t\t<\/span>\n\t\t\t\t\t<\/a>\n\t\t\t\t<\/div>\n\t\t\t\t\t\t\t\t<\/div>\n\t\t\t\t<\/div>\n\t\t\t\t<\/div>\n\t\t\t\t<\/div>","protected":false},"excerpt":{"rendered":"<p>Soluciones de llenado semiautom\u00e1ticas En Spiroflow, nos enorgullecemos de dise\u00f1ar soluciones de llenado semiautom\u00e1ticas que representan un salto significativo en eficiencia y productividad. Son especialmente \u00fatiles para usuarios de gran volumen en entornos industriales. Nuestros sistemas avanzados est\u00e1n cuidadosamente dise\u00f1ados para agilizar el proceso de llenado, proporcionando un funcionamiento continuo que elimina la necesidad de intervenci\u00f3n manual durante el [\u2026]<\/p>","protected":false},"author":2,"featured_media":532,"parent":0,"menu_order":0,"comment_status":"closed","ping_status":"closed","template":"","meta":{"content-type":"","footnotes":""},"class_list":["post-711","page","type-page","status-publish","has-post-thumbnail","hentry"],"_links":{"self":[{"href":"https:\/\/www.spiroflow.com\/es\/wp-json\/wp\/v2\/pages\/711","targetHints":{"allow":["GET"]}}],"collection":[{"href":"https:\/\/www.spiroflow.com\/es\/wp-json\/wp\/v2\/pages"}],"about":[{"href":"https:\/\/www.spiroflow.com\/es\/wp-json\/wp\/v2\/types\/page"}],"author":[{"embeddable":true,"href":"https:\/\/www.spiroflow.com\/es\/wp-json\/wp\/v2\/users\/2"}],"replies":[{"embeddable":true,"href":"https:\/\/www.spiroflow.com\/es\/wp-json\/wp\/v2\/comments?post=711"}],"version-history":[{"count":0,"href":"https:\/\/www.spiroflow.com\/es\/wp-json\/wp\/v2\/pages\/711\/revisions"}],"wp:featuredmedia":[{"embeddable":true,"href":"https:\/\/www.spiroflow.com\/es\/wp-json\/wp\/v2\/media\/532"}],"wp:attachment":[{"href":"https:\/\/www.spiroflow.com\/es\/wp-json\/wp\/v2\/media?parent=711"}],"curies":[{"name":"Gracias","href":"https:\/\/api.w.org\/{rel}","templated":true}]}}