{"id":10906,"date":"2023-08-15T07:16:39","date_gmt":"2023-08-15T07:16:39","guid":{"rendered":"https:\/\/spiroflow1.wpengine.com\/?page_id=10906"},"modified":"2024-03-04T23:21:28","modified_gmt":"2024-03-04T23:21:28","slug":"experts-en-defis","status":"publish","type":"page","link":"https:\/\/www.spiroflow.com\/fr\/experts-en-defis\/","title":{"rendered":"D\u00e9fiez les experts"},"content":{"rendered":"<div data-elementor-type=\"wp-page\" data-elementor-id=\"10906\" class=\"elementor elementor-10906\" data-elementor-post-type=\"page\">\n\t\t\t\t<div class=\"elementor-element elementor-element-1879a8d e-flex e-con-boxed e-con e-parent\" data-id=\"1879a8d\" data-element_type=\"container\" data-settings=\"{&quot;background_background&quot;:&quot;classic&quot;}\">\n\t\t\t\t\t<div class=\"e-con-inner\">\n\t\t\t\t<div class=\"elementor-element elementor-element-a387e68 elementor-widget elementor-widget-heading\" data-id=\"a387e68\" data-element_type=\"widget\" data-widget_type=\"heading.default\">\n\t\t\t\t<div class=\"elementor-widget-container\">\n\t\t\t\t\t<h1 class=\"elementor-heading-title elementor-size-default\">D\u00e9fiez les experts<\/h1>\t\t\t\t<\/div>\n\t\t\t\t<\/div>\n\t\t\t\t\t<\/div>\n\t\t\t\t<\/div>\n\t\t<div class=\"elementor-element elementor-element-2e50819 e-flex e-con-boxed e-con e-parent\" data-id=\"2e50819\" data-element_type=\"container\">\n\t\t\t\t\t<div class=\"e-con-inner\">\n\t\t<div class=\"elementor-element elementor-element-a5ebb25 e-con-full e-flex e-con e-child\" data-id=\"a5ebb25\" data-element_type=\"container\">\n\t\t\t\t<div class=\"elementor-element elementor-element-cdd7608 elementor-widget elementor-widget-text-editor\" data-id=\"cdd7608\" data-element_type=\"widget\" data-widget_type=\"text-editor.default\">\n\t\t\t\t<div class=\"elementor-widget-container\">\n\t\t\t\t\t\t\t\t\t<p>Avez-vous un probl\u00e8me persistant que vous ne parvenez pas \u00e0 r\u00e9soudre de mani\u00e8re satisfaisante\u00a0? Il s&#039;agit peut-\u00eatre d&#039;un probl\u00e8me r\u00e9current qui arr\u00eate votre cha\u00eene de production ou d&#039;une limitation de vos contr\u00f4les existants.<br \/>Chez Spiroflow, nous disposons d\u2019une \u00e9quipe d\u2019ing\u00e9nieurs titulaires poss\u00e9dant de nombreuses ann\u00e9es d\u2019expertise en mati\u00e8re de manutention de mat\u00e9riaux en vrac sec et d\u2019automatisation. Nous vous invitons \u00e0 partager vos probl\u00e8mes les plus difficiles et nous promettons de faire de notre mieux pour les r\u00e9soudre pour vous\u00a0! D\u00e9crochez simplement le t\u00e9l\u00e9phone ou parlez-nous un peu de votre probl\u00e8me dans le lien ci-dessous.<\/p>\t\t\t\t\t\t\t\t<\/div>\n\t\t\t\t<\/div>\n\t\t\t\t<\/div>\n\t\t<div class=\"elementor-element elementor-element-a382739 e-con-full e-flex e-con e-child\" data-id=\"a382739\" data-element_type=\"container\">\n\t\t\t\t<div class=\"elementor-element elementor-element-8e82afc elementor-widget__width-initial elementor-widget elementor-widget-video\" data-id=\"8e82afc\" data-element_type=\"widget\" data-settings=\"{&quot;video_type&quot;:&quot;vimeo&quot;}\" data-widget_type=\"video.default\">\n\t\t\t\t<div class=\"elementor-widget-container\">\n\t\t\t\t\t\t\t<div class=\"elementor-wrapper elementor-open-inline\">\n\t\t\t<iframe class=\"elementor-video-iframe\" allowfullscreen allow=\"clipboard-write\" title=\"Lecteur vid\u00e9o vimeo\" src=\"https:\/\/player.vimeo.com\/video\/220833043?color&amp;autopause=0&amp;loop=0&amp;muted=0&amp;title=1&amp;portrait=1&amp;byline=1#t=\" data-no-translation-title=\"\"><\/iframe>\t\t<\/div>\n\t\t\t\t\t\t<\/div>\n\t\t\t\t<\/div>\n\t\t\t\t<\/div>\n\t\t\t\t\t<\/div>\n\t\t\t\t<\/div>\n\t\t<div class=\"elementor-element elementor-element-d81ab33 e-flex e-con-boxed e-con e-parent\" data-id=\"d81ab33\" data-element_type=\"container\" data-settings=\"{&quot;background_background&quot;:&quot;classic&quot;}\">\n\t\t\t\t\t<div class=\"e-con-inner\">\n\t\t\t\t<div class=\"elementor-element elementor-element-9fa149a elementor-widget elementor-widget-html\" data-id=\"9fa149a\" data-element_type=\"widget\" data-widget_type=\"html.default\">\n\t\t\t\t<div class=\"elementor-widget-container\">\n\t\t\t\t\t<!--[if lte IE 8]>\r\n<script charset=\"utf-8\" type=\"text\/javascript\" src=\"\/\/js.hsforms.net\/forms\/v2-legacy.js\"><\/script>\r\n<![endif]-->\r\n<script charset=\"utf-8\" type=\"text\/javascript\" src=\"\/\/js.hsforms.net\/forms\/v2.js\"><\/script>\r\n<script>\r\n  hbspt.forms.create({ \r\n    css: '',\r\n    portalId: '41946',\r\n    formId: '7ed61e0d-d380-41c4-bd16-ddd34e48fd69'\r\n  });\r\n<\/script>\t\t\t\t<\/div>\n\t\t\t\t<\/div>\n\t\t\t\t\t<\/div>\n\t\t\t\t<\/div>\n\t\t\t\t<\/div>","protected":false},"excerpt":{"rendered":"<p>D\u00e9fiez les experts Avez-vous un probl\u00e8me persistant que vous ne parvenez pas \u00e0 r\u00e9soudre \u00e0 votre satisfaction ? Il s&#039;agit peut-\u00eatre d&#039;un probl\u00e8me r\u00e9current qui arr\u00eate votre cha\u00eene de production ou d&#039;une limitation de vos contr\u00f4les existants. Chez Spiroflow, nous disposons d&#039;une \u00e9quipe d&#039;ing\u00e9nieurs titulaires poss\u00e9dant de nombreuses ann\u00e9es d&#039;expertise en mati\u00e8re de manutention de mat\u00e9riaux en vrac sec et d&#039;automatisation. [\u2026]<\/p>","protected":false},"author":2,"featured_media":0,"parent":0,"menu_order":0,"comment_status":"closed","ping_status":"closed","template":"","meta":{"content-type":"","footnotes":""},"class_list":["post-10906","page","type-page","status-publish","hentry"],"_links":{"self":[{"href":"https:\/\/www.spiroflow.com\/fr\/wp-json\/wp\/v2\/pages\/10906","targetHints":{"allow":["GET"]}}],"collection":[{"href":"https:\/\/www.spiroflow.com\/fr\/wp-json\/wp\/v2\/pages"}],"about":[{"href":"https:\/\/www.spiroflow.com\/fr\/wp-json\/wp\/v2\/types\/page"}],"author":[{"embeddable":true,"href":"https:\/\/www.spiroflow.com\/fr\/wp-json\/wp\/v2\/users\/2"}],"replies":[{"embeddable":true,"href":"https:\/\/www.spiroflow.com\/fr\/wp-json\/wp\/v2\/comments?post=10906"}],"version-history":[{"count":0,"href":"https:\/\/www.spiroflow.com\/fr\/wp-json\/wp\/v2\/pages\/10906\/revisions"}],"wp:attachment":[{"href":"https:\/\/www.spiroflow.com\/fr\/wp-json\/wp\/v2\/media?parent=10906"}],"curies":[{"name":"wp","href":"https:\/\/api.w.org\/{rel}","templated":true}]}}