{"id":10914,"date":"2023-08-15T07:58:06","date_gmt":"2023-08-15T07:58:06","guid":{"rendered":"https:\/\/spiroflow1.wpengine.com\/?page_id=10914"},"modified":"2024-03-04T23:36:02","modified_gmt":"2024-03-04T23:36:02","slug":"cables-de-remplacement-de-convoyeur-mecanique-aeronautique","status":"publish","type":"page","link":"https:\/\/www.spiroflow.com\/fr\/pieces-de-rechange\/cables-de-remplacement-de-convoyeur-mecanique-aeronautique\/","title":{"rendered":"C\u00e2bles de remplacement pour convoyeur m\u00e9canique a\u00e9rodynamique"},"content":{"rendered":"<div data-elementor-type=\"wp-page\" data-elementor-id=\"10914\" class=\"elementor elementor-10914\" data-elementor-post-type=\"page\">\n\t\t\t\t<div class=\"elementor-element elementor-element-1ed4c89 e-flex e-con-boxed e-con e-parent\" data-id=\"1ed4c89\" data-element_type=\"container\" data-settings=\"{&quot;background_background&quot;:&quot;classic&quot;}\">\n\t\t\t\t\t<div class=\"e-con-inner\">\n\t\t\t\t<div class=\"elementor-element elementor-element-4159dba elementor-widget elementor-widget-heading\" data-id=\"4159dba\" data-element_type=\"widget\" data-widget_type=\"heading.default\">\n\t\t\t\t<div class=\"elementor-widget-container\">\n\t\t\t\t\t<h1 class=\"elementor-heading-title elementor-size-default\">C\u00e2bles de remplacement pour convoyeur m\u00e9canique a\u00e9rodynamique<\/h1>\t\t\t\t<\/div>\n\t\t\t\t<\/div>\n\t\t\t\t\t<\/div>\n\t\t\t\t<\/div>\n\t\t<div class=\"elementor-element elementor-element-a63c484 e-flex e-con-boxed e-con e-parent\" data-id=\"a63c484\" data-element_type=\"container\">\n\t\t\t\t\t<div class=\"e-con-inner\">\n\t\t<div class=\"elementor-element elementor-element-203c178 e-con-full e-flex e-con e-child\" data-id=\"203c178\" data-element_type=\"container\">\n\t\t\t\t<div class=\"elementor-element elementor-element-e7237ac elementor-widget elementor-widget-image\" data-id=\"e7237ac\" data-element_type=\"widget\" data-widget_type=\"image.default\">\n\t\t\t\t<div class=\"elementor-widget-container\">\n\t\t\t\t\t\t\t\t\t\t\t\t\t\t\t<img fetchpriority=\"high\" decoding=\"async\" width=\"800\" height=\"600\" src=\"https:\/\/www.spiroflow.com\/wp-content\/uploads\/2013\/11\/3-Cableflow-Tubular-Drag-Conveyor-Coffee-Eight-OClock-1024x768.jpg\" class=\"attachment-large size-large wp-image-7090\" alt=\"Convoyeur \u00e0 tra\u00een\u00e9e tubulaire Cableflow, caf\u00e9 (huit heures)\" srcset=\"https:\/\/www.spiroflow.com\/wp-content\/uploads\/2013\/11\/3-Cableflow-Tubular-Drag-Conveyor-Coffee-Eight-OClock-1024x768.jpg 1024w, https:\/\/www.spiroflow.com\/wp-content\/uploads\/2013\/11\/3-Cableflow-Tubular-Drag-Conveyor-Coffee-Eight-OClock-300x225.jpg 300w, https:\/\/www.spiroflow.com\/wp-content\/uploads\/2013\/11\/3-Cableflow-Tubular-Drag-Conveyor-Coffee-Eight-OClock-768x576.jpg 768w, https:\/\/www.spiroflow.com\/wp-content\/uploads\/2013\/11\/3-Cableflow-Tubular-Drag-Conveyor-Coffee-Eight-OClock-1536x1152.jpg 1536w, https:\/\/www.spiroflow.com\/wp-content\/uploads\/2013\/11\/3-Cableflow-Tubular-Drag-Conveyor-Coffee-Eight-OClock-2048x1536.jpg 2048w\" sizes=\"(max-width: 800px) 100vw, 800px\" \/>\t\t\t\t\t\t\t\t\t\t\t\t\t\t\t<\/div>\n\t\t\t\t<\/div>\n\t\t\t\t<\/div>\n\t\t<div class=\"elementor-element elementor-element-b9a4cef e-con-full e-flex e-con e-child\" data-id=\"b9a4cef\" data-element_type=\"container\">\n\t\t\t\t<div class=\"elementor-element elementor-element-4acd302 elementor-widget elementor-widget-heading\" data-id=\"4acd302\" data-element_type=\"widget\" data-widget_type=\"heading.default\">\n\t\t\t\t<div class=\"elementor-widget-container\">\n\t\t\t\t\t<h2 class=\"elementor-heading-title elementor-size-default\">Pi\u00e8ces de rechange de qualit\u00e9<\/h2>\t\t\t\t<\/div>\n\t\t\t\t<\/div>\n\t\t\t\t<div class=\"elementor-element elementor-element-848b56e elementor-widget-divider--view-line elementor-widget elementor-widget-divider\" data-id=\"848b56e\" data-element_type=\"widget\" data-widget_type=\"divider.default\">\n\t\t\t\t<div class=\"elementor-widget-container\">\n\t\t\t\t\t\t\t<div class=\"elementor-divider\">\n\t\t\t<span class=\"elementor-divider-separator\">\n\t\t\t\t\t\t<\/span>\n\t\t<\/div>\n\t\t\t\t\t\t<\/div>\n\t\t\t\t<\/div>\n\t\t\t\t<div class=\"elementor-element elementor-element-9f70e0a elementor-widget elementor-widget-text-editor\" data-id=\"9f70e0a\" data-element_type=\"widget\" data-widget_type=\"text-editor.default\">\n\t\t\t\t<div class=\"elementor-widget-container\">\n\t\t\t\t\t\t\t\t\t<p>Les pi\u00e8ces originales du convoyeur m\u00e9canique a\u00e9rodynamique Spiroflow sont incomparables. Ils sont optimis\u00e9s pour r\u00e9pondre aux exigences de l&#039;utilisateur et de la machine et se distinguent par leur longue dur\u00e9e de vie, leur qualit\u00e9 sup\u00e9rieure et leur simplicit\u00e9 d&#039;installation. M\u00eame lorsqu&#039;une ligne est en panne pendant une courte p\u00e9riode, cela co\u00fbte du temps et de l&#039;argent, alors ne vous laissez pas tenter par des prix qui semblent plus bas. La diff\u00e9rence entre une pi\u00e8ce d&#039;origine et une r\u00e9plique r\u00e9side dans la qualit\u00e9. Les pi\u00e8ces de rechange originales Spiroflow sont fabriqu\u00e9es \u00e0 partir de mat\u00e9riaux de premi\u00e8re qualit\u00e9, pr\u00e9cis\u00e9ment adapt\u00e9s aux exigences op\u00e9rationnelles de nos \u00e9quipements.<\/p>\t\t\t\t\t\t\t\t<\/div>\n\t\t\t\t<\/div>\n\t\t\t\t<div class=\"elementor-element elementor-element-529fb29 elementor-widget elementor-widget-accordion\" data-id=\"529fb29\" data-element_type=\"widget\" data-widget_type=\"accordion.default\">\n\t\t\t\t<div class=\"elementor-widget-container\">\n\t\t\t\t\t\t\t<div class=\"elementor-accordion\">\n\t\t\t\t\t\t\t<div class=\"elementor-accordion-item\">\n\t\t\t\t\t<div id=\"elementor-tab-title-8661\" class=\"elementor-tab-title\" data-tab=\"1\" role=\"button\" aria-controls=\"elementor-tab-content-8661\" aria-expanded=\"false\">\n\t\t\t\t\t\t\t\t\t\t\t\t\t<span class=\"elementor-accordion-icon elementor-accordion-icon-left\" aria-hidden=\"true\">\n\t\t\t\t\t\t\t\t\t\t\t\t\t\t\t<span class=\"elementor-accordion-icon-closed\"><i class=\"fas fa-plus\"><\/i><\/span>\n\t\t\t\t\t\t\t\t<span class=\"elementor-accordion-icon-opened\"><i class=\"fas fa-minus\"><\/i><\/span>\n\t\t\t\t\t\t\t\t\t\t\t\t\t\t<\/span>\n\t\t\t\t\t\t\t\t\t\t\t\t<a class=\"elementor-accordion-title\" tabindex=\"0\">cach\u00e9<\/a>\n\t\t\t\t\t<\/div>\n\t\t\t\t\t<div id=\"elementor-tab-content-8661\" class=\"elementor-tab-content elementor-clearfix\" data-tab=\"1\" role=\"region\" aria-labelledby=\"elementor-tab-title-8661\"><\/div>\n\t\t\t\t<\/div>\n\t\t\t\t\t\t\t<div class=\"elementor-accordion-item\">\n\t\t\t\t\t<div id=\"elementor-tab-title-8662\" class=\"elementor-tab-title\" data-tab=\"2\" role=\"button\" aria-controls=\"elementor-tab-content-8662\" aria-expanded=\"false\">\n\t\t\t\t\t\t\t\t\t\t\t\t\t<span class=\"elementor-accordion-icon elementor-accordion-icon-left\" aria-hidden=\"true\">\n\t\t\t\t\t\t\t\t\t\t\t\t\t\t\t<span class=\"elementor-accordion-icon-closed\"><i class=\"fas fa-plus\"><\/i><\/span>\n\t\t\t\t\t\t\t\t<span class=\"elementor-accordion-icon-opened\"><i class=\"fas fa-minus\"><\/i><\/span>\n\t\t\t\t\t\t\t\t\t\t\t\t\t\t<\/span>\n\t\t\t\t\t\t\t\t\t\t\t\t<a class=\"elementor-accordion-title\" tabindex=\"0\">Pi\u00e8ces de rechange pour convoyeur m\u00e9canique a\u00e9rodynamique<\/a>\n\t\t\t\t\t<\/div>\n\t\t\t\t\t<div id=\"elementor-tab-content-8662\" class=\"elementor-tab-content elementor-clearfix\" data-tab=\"2\" role=\"region\" aria-labelledby=\"elementor-tab-title-8662\"><p>Tous nos ensembles de c\u00e2bles et de disques de remplacement pour convoyeurs a\u00e9ronautiques m\u00e9caniques sont fabriqu\u00e9s \u00e0 partir de\u00a0:<\/p><ul><li><strong>C\u00e2bles<\/strong>\u00a0\u2013 C\u00e2bles inox 304 ou inox 316<\/li><li><strong>Disques<\/strong>\u00a0\u2013 Moul\u00e9 sur des disques en polyur\u00e9thane accept\u00e9s par l\u2019USDA. Moul\u00e9 sur disques Hytrel pour applications haute temp\u00e9rature<\/li><li><strong>Tailles de disque<\/strong>\u00a0\u2013 \u200bDiam\u00e8tres 3&quot; (75 mm), 4&quot; (100 mm) ou 5&quot; (125 mm)<\/li><\/ul><p>Les autres pi\u00e8ces de rechange pour convoyeurs a\u00e9ronautiques m\u00e9caniques comprennent les raccords d&#039;extr\u00e9mit\u00e9, les bo\u00eetiers de roulements, les roulements, les joints, les arbres d&#039;entra\u00eenement, les arbres de renvoi et les pignons.<\/p><\/div>\n\t\t\t\t<\/div>\n\t\t\t\t\t\t\t<div class=\"elementor-accordion-item\">\n\t\t\t\t\t<div id=\"elementor-tab-title-8663\" class=\"elementor-tab-title\" data-tab=\"3\" role=\"button\" aria-controls=\"elementor-tab-content-8663\" aria-expanded=\"false\">\n\t\t\t\t\t\t\t\t\t\t\t\t\t<span class=\"elementor-accordion-icon elementor-accordion-icon-left\" aria-hidden=\"true\">\n\t\t\t\t\t\t\t\t\t\t\t\t\t\t\t<span class=\"elementor-accordion-icon-closed\"><i class=\"fas fa-plus\"><\/i><\/span>\n\t\t\t\t\t\t\t\t<span class=\"elementor-accordion-icon-opened\"><i class=\"fas fa-minus\"><\/i><\/span>\n\t\t\t\t\t\t\t\t\t\t\t\t\t\t<\/span>\n\t\t\t\t\t\t\t\t\t\t\t\t<a class=\"elementor-accordion-title\" tabindex=\"0\">Articles en stock de convoyeurs m\u00e9caniques a\u00e9rodynamiques<\/a>\n\t\t\t\t\t<\/div>\n\t\t\t\t\t<div id=\"elementor-tab-content-8663\" class=\"elementor-tab-content elementor-clearfix\" data-tab=\"3\" role=\"region\" aria-labelledby=\"elementor-tab-title-8663\"><p>Nous stockons des assemblages de c\u00e2bles, des embouts, des bo\u00eetiers de roulements, des roulements, des joints, des arbres de transmission, des arbres de renvoi et des pignons.<\/p><\/div>\n\t\t\t\t<\/div>\n\t\t\t\t\t\t\t<div class=\"elementor-accordion-item\">\n\t\t\t\t\t<div id=\"elementor-tab-title-8664\" class=\"elementor-tab-title\" data-tab=\"4\" role=\"button\" aria-controls=\"elementor-tab-content-8664\" aria-expanded=\"false\">\n\t\t\t\t\t\t\t\t\t\t\t\t\t<span class=\"elementor-accordion-icon elementor-accordion-icon-left\" aria-hidden=\"true\">\n\t\t\t\t\t\t\t\t\t\t\t\t\t\t\t<span class=\"elementor-accordion-icon-closed\"><i class=\"fas fa-plus\"><\/i><\/span>\n\t\t\t\t\t\t\t\t<span class=\"elementor-accordion-icon-opened\"><i class=\"fas fa-minus\"><\/i><\/span>\n\t\t\t\t\t\t\t\t\t\t\t\t\t\t<\/span>\n\t\t\t\t\t\t\t\t\t\t\t\t<a class=\"elementor-accordion-title\" tabindex=\"0\">Convoyeur m\u00e9canique a\u00e9ronautique Articles non en stock<\/a>\n\t\t\t\t\t<\/div>\n\t\t\t\t\t<div id=\"elementor-tab-content-8664\" class=\"elementor-tab-content elementor-clearfix\" data-tab=\"4\" role=\"region\" aria-labelledby=\"elementor-tab-title-8664\"><p>Les articles non stock\u00e9s sont g\u00e9n\u00e9ralement des moteurs et des bo\u00eetes de vitesses.<\/p><\/div>\n\t\t\t\t<\/div>\n\t\t\t\t\t\t\t<div class=\"elementor-accordion-item\">\n\t\t\t\t\t<div id=\"elementor-tab-title-8665\" class=\"elementor-tab-title\" data-tab=\"5\" role=\"button\" aria-controls=\"elementor-tab-content-8665\" aria-expanded=\"false\">\n\t\t\t\t\t\t\t\t\t\t\t\t\t<span class=\"elementor-accordion-icon elementor-accordion-icon-left\" aria-hidden=\"true\">\n\t\t\t\t\t\t\t\t\t\t\t\t\t\t\t<span class=\"elementor-accordion-icon-closed\"><i class=\"fas fa-plus\"><\/i><\/span>\n\t\t\t\t\t\t\t\t<span class=\"elementor-accordion-icon-opened\"><i class=\"fas fa-minus\"><\/i><\/span>\n\t\t\t\t\t\t\t\t\t\t\t\t\t\t<\/span>\n\t\t\t\t\t\t\t\t\t\t\t\t<a class=\"elementor-accordion-title\" tabindex=\"0\">Ensembles de pi\u00e8ces de rechange<\/a>\n\t\t\t\t\t<\/div>\n\t\t\t\t\t<div id=\"elementor-tab-content-8665\" class=\"elementor-tab-content elementor-clearfix\" data-tab=\"5\" role=\"region\" aria-labelledby=\"elementor-tab-title-8665\"><p>Des packs de pi\u00e8ces d\u00e9tach\u00e9es sont propos\u00e9s lors de l&#039;achat de nouveaux \u00e9quipements afin de r\u00e9duire les co\u00fbts de transport et de vous fournir un premier stock de pi\u00e8ces essentielles. Pour en savoir plus contactez-nous avec le num\u00e9ro de s\u00e9rie de votre machine.<\/p><\/div>\n\t\t\t\t<\/div>\n\t\t\t\t\t\t\t<div class=\"elementor-accordion-item\">\n\t\t\t\t\t<div id=\"elementor-tab-title-8666\" class=\"elementor-tab-title\" data-tab=\"6\" role=\"button\" aria-controls=\"elementor-tab-content-8666\" aria-expanded=\"false\">\n\t\t\t\t\t\t\t\t\t\t\t\t\t<span class=\"elementor-accordion-icon elementor-accordion-icon-left\" aria-hidden=\"true\">\n\t\t\t\t\t\t\t\t\t\t\t\t\t\t\t<span class=\"elementor-accordion-icon-closed\"><i class=\"fas fa-plus\"><\/i><\/span>\n\t\t\t\t\t\t\t\t<span class=\"elementor-accordion-icon-opened\"><i class=\"fas fa-minus\"><\/i><\/span>\n\t\t\t\t\t\t\t\t\t\t\t\t\t\t<\/span>\n\t\t\t\t\t\t\t\t\t\t\t\t<a class=\"elementor-accordion-title\" tabindex=\"0\">Pi\u00e8ces de rechange pour plusieurs fabricants<\/a>\n\t\t\t\t\t<\/div>\n\t\t\t\t\t<div id=\"elementor-tab-content-8666\" class=\"elementor-tab-content elementor-clearfix\" data-tab=\"6\" role=\"region\" aria-labelledby=\"elementor-tab-title-8666\"><p>Bien s\u00fbr, nous fournissons des pi\u00e8ces de rechange pour nos propres syst\u00e8mes de manutention de mat\u00e9riaux en vrac, mais saviez-vous que nos pi\u00e8ces de premi\u00e8re qualit\u00e9 sont con\u00e7ues pour fonctionner dans des syst\u00e8mes fournis par d&#039;autres fabricants ? Vous pouvez avoir un convoyeur provenant d\u2019un certain nombre de fournisseurs. Assurez-vous que votre \u00e9quipement existant fonctionne au mieux avec les pi\u00e8ces de rechange Spiroflow.<\/p><\/div>\n\t\t\t\t<\/div>\n\t\t\t\t\t\t\t<div class=\"elementor-accordion-item\">\n\t\t\t\t\t<div id=\"elementor-tab-title-8667\" class=\"elementor-tab-title\" data-tab=\"7\" role=\"button\" aria-controls=\"elementor-tab-content-8667\" aria-expanded=\"false\">\n\t\t\t\t\t\t\t\t\t\t\t\t\t<span class=\"elementor-accordion-icon elementor-accordion-icon-left\" aria-hidden=\"true\">\n\t\t\t\t\t\t\t\t\t\t\t\t\t\t\t<span class=\"elementor-accordion-icon-closed\"><i class=\"fas fa-plus\"><\/i><\/span>\n\t\t\t\t\t\t\t\t<span class=\"elementor-accordion-icon-opened\"><i class=\"fas fa-minus\"><\/i><\/span>\n\t\t\t\t\t\t\t\t\t\t\t\t\t\t<\/span>\n\t\t\t\t\t\t\t\t\t\t\t\t<a class=\"elementor-accordion-title\" tabindex=\"0\">D\u00e9lai de 24 heures sur les articles en stock<\/a>\n\t\t\t\t\t<\/div>\n\t\t\t\t\t<div id=\"elementor-tab-content-8667\" class=\"elementor-tab-content elementor-clearfix\" data-tab=\"7\" role=\"region\" aria-labelledby=\"elementor-tab-title-8667\"><p>Lorsque vous avez besoin d\u2019une pi\u00e8ce de rechange, nous comprenons que vous en ayez besoin rapidement. Tout temps d&#039;arr\u00eat de processus affecte n\u00e9gativement votre productivit\u00e9 et votre rentabilit\u00e9, et \u00e9ventuellement le taux de satisfaction des clients de votre entreprise. Nous pouvons vous aider \u00e0 remettre votre ligne en service rapidement. Ainsi, nos pi\u00e8ces d\u00e9tach\u00e9es standards sont en stock et peuvent vous \u00eatre exp\u00e9di\u00e9es sous 24 heures par transporteur de nuit ou par fret a\u00e9rien.<\/p><p>Nous encourageons nos clients \u00e0 stocker les pi\u00e8ces de rechange essentielles et surtout non standard afin d&#039;\u00e9viter des d\u00e9lais de livraison inutiles. Imaginez ceci : votre processus fonctionne 24 heures sur 24 et 7 jours sur 7 et la spirale de ce convoyeur vieux de 10 ans tombe finalement en panne pendant le quart de travail du vendredi soir. Vous commandez la pi\u00e8ce le lundi matin puis la recevez et l&#039;installez le mardi. Vous avez perdu au moins 3 jours et demi. Le co\u00fbt de ce temps d&#039;arr\u00eat est probablement disproportionn\u00e9 par rapport au co\u00fbt de stockage de la pi\u00e8ce de rechange appropri\u00e9e sur site.<\/p><\/div>\n\t\t\t\t<\/div>\n\t\t\t\t\t\t\t<div class=\"elementor-accordion-item\">\n\t\t\t\t\t<div id=\"elementor-tab-title-8668\" class=\"elementor-tab-title\" data-tab=\"8\" role=\"button\" aria-controls=\"elementor-tab-content-8668\" aria-expanded=\"false\">\n\t\t\t\t\t\t\t\t\t\t\t\t\t<span class=\"elementor-accordion-icon elementor-accordion-icon-left\" aria-hidden=\"true\">\n\t\t\t\t\t\t\t\t\t\t\t\t\t\t\t<span class=\"elementor-accordion-icon-closed\"><i class=\"fas fa-plus\"><\/i><\/span>\n\t\t\t\t\t\t\t\t<span class=\"elementor-accordion-icon-opened\"><i class=\"fas fa-minus\"><\/i><\/span>\n\t\t\t\t\t\t\t\t\t\t\t\t\t\t<\/span>\n\t\t\t\t\t\t\t\t\t\t\t\t<a class=\"elementor-accordion-title\" tabindex=\"0\">Pi\u00e8ces de rechange recommand\u00e9es<\/a>\n\t\t\t\t\t<\/div>\n\t\t\t\t\t<div id=\"elementor-tab-content-8668\" class=\"elementor-tab-content elementor-clearfix\" data-tab=\"8\" role=\"region\" aria-labelledby=\"elementor-tab-title-8668\"><p>Vous achetez de nouveaux \u00e9quipements pour am\u00e9liorer votre production ? Tous nos \u00e9quipements sont fournis avec une liste de pi\u00e8ces de rechange recommand\u00e9es avant exp\u00e9dition. Discutez d\u00e8s aujourd\u2019hui avec votre ing\u00e9nieur de l\u2019ajout de cette option afin d\u2019\u00e9conomiser sur les co\u00fbts d\u2019exp\u00e9dition et de temps d\u2019arr\u00eat.<\/p><p>\u00a0<\/p><\/div>\n\t\t\t\t<\/div>\n\t\t\t\t\t\t\t\t<\/div>\n\t\t\t\t\t\t<\/div>\n\t\t\t\t<\/div>\n\t\t\t\t<\/div>\n\t\t\t\t\t<\/div>\n\t\t\t\t<\/div>\n\t\t<div class=\"elementor-element elementor-element-9dc745c e-con-full e-flex e-con e-parent\" data-id=\"9dc745c\" data-element_type=\"container\" data-settings=\"{&quot;background_background&quot;:&quot;classic&quot;}\">\n\t\t\t\t<div class=\"elementor-element elementor-element-c5050b4 elementor-widget elementor-widget-heading\" data-id=\"c5050b4\" data-element_type=\"widget\" data-widget_type=\"heading.default\">\n\t\t\t\t<div class=\"elementor-widget-container\">\n\t\t\t\t\t<h2 class=\"elementor-heading-title elementor-size-default\">Commander des pi\u00e8ces de rechange<\/h2>\t\t\t\t<\/div>\n\t\t\t\t<\/div>\n\t\t\t\t<div class=\"elementor-element elementor-element-20b69e6 elementor-widget elementor-widget-text-editor\" data-id=\"20b69e6\" data-element_type=\"widget\" data-widget_type=\"text-editor.default\">\n\t\t\t\t<div class=\"elementor-widget-container\">\n\t\t\t\t\t\t\t\t\t<div class=\"container\"><div class=\"section-banner-inner\"><div class=\"section-banner-content\"><p>Contactez notre \u00e9quipe de pi\u00e8ces de rechange d\u00e8s aujourd\u2019hui pour commander vos pi\u00e8ces de rechange et de remplacement.<\/p><\/div><\/div><\/div>\t\t\t\t\t\t\t\t<\/div>\n\t\t\t\t<\/div>\n\t\t\t\t<div class=\"elementor-element elementor-element-c305988 elementor-mobile-align-center elementor-align-center elementor-widget elementor-widget-button\" data-id=\"c305988\" data-element_type=\"widget\" data-widget_type=\"button.default\">\n\t\t\t\t<div class=\"elementor-widget-container\">\n\t\t\t\t\t\t\t\t\t<div class=\"elementor-button-wrapper\">\n\t\t\t\t\t<a class=\"elementor-button elementor-button-link elementor-size-md\" href=\"\/fr\/contact-pieces-de-rechange\/\">\n\t\t\t\t\t\t<span class=\"elementor-button-content-wrapper\">\n\t\t\t\t\t\t\t\t\t<span class=\"elementor-button-text\">CONTACTEZ-NOUS<\/span>\n\t\t\t\t\t<\/span>\n\t\t\t\t\t<\/a>\n\t\t\t\t<\/div>\n\t\t\t\t\t\t\t\t<\/div>\n\t\t\t\t<\/div>\n\t\t\t\t<\/div>\n\t\t\t\t<\/div>","protected":false},"excerpt":{"rendered":"<p>C\u00e2bles de remplacement pour convoyeur m\u00e9canique a\u00e9rodynamique Pi\u00e8ces de rechange de qualit\u00e9 Les pi\u00e8ces originales du convoyeur m\u00e9canique a\u00e9rodynamique Spiroflow sont incomparables. Ils sont optimis\u00e9s pour r\u00e9pondre aux exigences de l&#039;utilisateur et de la machine et se distinguent par leur longue dur\u00e9e de vie, leur qualit\u00e9 sup\u00e9rieure et leur simplicit\u00e9 d&#039;installation. M\u00eame lorsqu&#039;une ligne est en panne pendant une courte p\u00e9riode, cela co\u00fbte du temps et [\u2026]<\/p>","protected":false},"author":2,"featured_media":0,"parent":10869,"menu_order":0,"comment_status":"closed","ping_status":"closed","template":"","meta":{"content-type":"","footnotes":""},"class_list":["post-10914","page","type-page","status-publish","hentry"],"_links":{"self":[{"href":"https:\/\/www.spiroflow.com\/fr\/wp-json\/wp\/v2\/pages\/10914","targetHints":{"allow":["GET"]}}],"collection":[{"href":"https:\/\/www.spiroflow.com\/fr\/wp-json\/wp\/v2\/pages"}],"about":[{"href":"https:\/\/www.spiroflow.com\/fr\/wp-json\/wp\/v2\/types\/page"}],"author":[{"embeddable":true,"href":"https:\/\/www.spiroflow.com\/fr\/wp-json\/wp\/v2\/users\/2"}],"replies":[{"embeddable":true,"href":"https:\/\/www.spiroflow.com\/fr\/wp-json\/wp\/v2\/comments?post=10914"}],"version-history":[{"count":0,"href":"https:\/\/www.spiroflow.com\/fr\/wp-json\/wp\/v2\/pages\/10914\/revisions"}],"up":[{"embeddable":true,"href":"https:\/\/www.spiroflow.com\/fr\/wp-json\/wp\/v2\/pages\/10869"}],"wp:attachment":[{"href":"https:\/\/www.spiroflow.com\/fr\/wp-json\/wp\/v2\/media?parent=10914"}],"curies":[{"name":"wp","href":"https:\/\/api.w.org\/{rel}","templated":true}]}}