{"id":11239,"date":"2023-08-17T15:54:12","date_gmt":"2023-08-17T15:54:12","guid":{"rendered":"https:\/\/spiroflow1.wpengine.com\/?page_id=11239"},"modified":"2024-03-04T23:45:52","modified_gmt":"2024-03-04T23:45:52","slug":"nouvelles","status":"publish","type":"page","link":"https:\/\/www.spiroflow.com\/fr\/nouvelles\/","title":{"rendered":"Nouvelles"},"content":{"rendered":"<div data-elementor-type=\"wp-page\" data-elementor-id=\"11239\" class=\"elementor elementor-11239\" data-elementor-post-type=\"page\">\n\t\t\t\t<div class=\"elementor-element elementor-element-1ebded0 e-flex e-con-boxed e-con e-parent\" data-id=\"1ebded0\" data-element_type=\"container\" data-settings=\"{&quot;background_background&quot;:&quot;classic&quot;}\">\n\t\t\t\t\t<div class=\"e-con-inner\">\n\t\t\t\t<div class=\"elementor-element elementor-element-46cb918 elementor-widget elementor-widget-heading\" data-id=\"46cb918\" data-element_type=\"widget\" data-widget_type=\"heading.default\">\n\t\t\t\t<div class=\"elementor-widget-container\">\n\t\t\t\t\t<h1 class=\"elementor-heading-title elementor-size-default\">Actualit\u00e9s Spiroflow<\/h1>\t\t\t\t<\/div>\n\t\t\t\t<\/div>\n\t\t\t\t\t<\/div>\n\t\t\t\t<\/div>\n\t\t<div class=\"elementor-element elementor-element-9261ba0 e-flex e-con-boxed e-con e-parent\" data-id=\"9261ba0\" data-element_type=\"container\">\n\t\t\t\t\t<div class=\"e-con-inner\">\n\t\t<div class=\"elementor-element elementor-element-d494940 e-con-full e-flex e-con e-child\" data-id=\"d494940\" data-element_type=\"container\">\n\t\t\t\t<div class=\"elementor-element elementor-element-6a89ae5 elementor-posts--align-left elementor-grid-3 elementor-grid-tablet-2 elementor-grid-mobile-1 elementor-posts--thumbnail-top elementor-card-shadow-yes elementor-posts__hover-gradient elementor-widget elementor-widget-posts\" data-id=\"6a89ae5\" data-element_type=\"widget\" data-settings=\"{&quot;pagination_type&quot;:&quot;load_more_infinite_scroll&quot;,&quot;cards_row_gap&quot;:{&quot;unit&quot;:&quot;px&quot;,&quot;size&quot;:20,&quot;sizes&quot;:[]},&quot;cards_columns&quot;:&quot;3&quot;,&quot;cards_columns_tablet&quot;:&quot;2&quot;,&quot;cards_columns_mobile&quot;:&quot;1&quot;,&quot;cards_row_gap_tablet&quot;:{&quot;unit&quot;:&quot;px&quot;,&quot;size&quot;:&quot;&quot;,&quot;sizes&quot;:[]},&quot;cards_row_gap_mobile&quot;:{&quot;unit&quot;:&quot;px&quot;,&quot;size&quot;:&quot;&quot;,&quot;sizes&quot;:[]},&quot;load_more_spinner&quot;:{&quot;value&quot;:&quot;fas fa-spinner&quot;,&quot;library&quot;:&quot;fa-solid&quot;}}\" data-widget_type=\"posts.cards\">\n\t\t\t\t<div class=\"elementor-widget-container\">\n\t\t\t\t\t\t\t<div class=\"elementor-posts-container elementor-posts elementor-posts--skin-cards elementor-grid\" role=\"list\">\n\t\t\t\t<article class=\"elementor-post elementor-grid-item post-12888 post type-post status-publish format-standard has-post-thumbnail hentry category-uncategorized category-news tag-bag-dump-station tag-material-handling tag-sack-tip-station\" role=\"listitem\">\n\t\t\t<div class=\"elementor-post__card\">\n\t\t\t\t<a class=\"elementor-post__thumbnail__link\" href=\"https:\/\/www.spiroflow.com\/fr\/spiroflow-concoit-et-developpe-une-nouvelle-station-de-basculement-de-sacs\/\" tabindex=\"-1\" ><div class=\"elementor-post__thumbnail\"><img fetchpriority=\"high\" decoding=\"async\" width=\"300\" height=\"225\" src=\"https:\/\/www.spiroflow.com\/wp-content\/uploads\/2025\/01\/Sack-Tip-Station-1200x900-1-300x225.webp\" class=\"attachment-medium size-medium wp-image-12893\" alt=\"Station de basculement de sacs pour une manutention contr\u00f4l\u00e9e des mat\u00e9riaux\" srcset=\"https:\/\/www.spiroflow.com\/wp-content\/uploads\/2025\/01\/Sack-Tip-Station-1200x900-1-300x225.webp 300w, https:\/\/www.spiroflow.com\/wp-content\/uploads\/2025\/01\/Sack-Tip-Station-1200x900-1-1024x768.webp 1024w, https:\/\/www.spiroflow.com\/wp-content\/uploads\/2025\/01\/Sack-Tip-Station-1200x900-1-768x576.webp 768w, https:\/\/www.spiroflow.com\/wp-content\/uploads\/2025\/01\/Sack-Tip-Station-1200x900-1-16x12.webp 16w, https:\/\/www.spiroflow.com\/wp-content\/uploads\/2025\/01\/Sack-Tip-Station-1200x900-1.webp 1200w\" sizes=\"(max-width: 300px) 100vw, 300px\" \/><\/div><\/a>\n\t\t\t\t<div class=\"elementor-post__text\">\n\t\t\t\t<h3 class=\"elementor-post__title\">\n\t\t\t<a href=\"https:\/\/www.spiroflow.com\/fr\/spiroflow-concoit-et-developpe-une-nouvelle-station-de-basculement-de-sacs\/\" >\n\t\t\t\tSpiroflow con\u00e7oit et d\u00e9veloppe une nouvelle station de basculement de sacs\t\t\t<\/a>\n\t\t<\/h3>\n\t\t\t\t<\/div>\n\t\t\t\t\t<\/div>\n\t\t<\/article>\n\t\t\t\t<article class=\"elementor-post elementor-grid-item post-12428 post type-post status-publish format-standard has-post-thumbnail hentry category-news\" role=\"listitem\">\n\t\t\t<div class=\"elementor-post__card\">\n\t\t\t\t<a class=\"elementor-post__thumbnail__link\" href=\"https:\/\/www.spiroflow.com\/fr\/3-depenses-imprevues-liees-aux-relations-avec-plusieurs-fournisseurs-dequipements\/\" tabindex=\"-1\" ><div class=\"elementor-post__thumbnail\"><img decoding=\"async\" width=\"300\" height=\"225\" src=\"https:\/\/www.spiroflow.com\/wp-content\/uploads\/2024\/05\/3-unforeseen-expenses-of-dealing-with-multiple-equipment-suppliers-1200x900-1-300x225.webp\" class=\"attachment-medium size-medium wp-image-12450\" alt=\"3 d\u00e9penses impr\u00e9vues li\u00e9es aux relations avec plusieurs fournisseurs d&#039;\u00e9quipements (1200x900)\" srcset=\"https:\/\/www.spiroflow.com\/wp-content\/uploads\/2024\/05\/3-unforeseen-expenses-of-dealing-with-multiple-equipment-suppliers-1200x900-1-300x225.webp 300w, https:\/\/www.spiroflow.com\/wp-content\/uploads\/2024\/05\/3-unforeseen-expenses-of-dealing-with-multiple-equipment-suppliers-1200x900-1-1024x768.webp 1024w, https:\/\/www.spiroflow.com\/wp-content\/uploads\/2024\/05\/3-unforeseen-expenses-of-dealing-with-multiple-equipment-suppliers-1200x900-1-768x576.webp 768w, https:\/\/www.spiroflow.com\/wp-content\/uploads\/2024\/05\/3-unforeseen-expenses-of-dealing-with-multiple-equipment-suppliers-1200x900-1-16x12.webp 16w, https:\/\/www.spiroflow.com\/wp-content\/uploads\/2024\/05\/3-unforeseen-expenses-of-dealing-with-multiple-equipment-suppliers-1200x900-1.webp 1200w\" sizes=\"(max-width: 300px) 100vw, 300px\" \/><\/div><\/a>\n\t\t\t\t<div class=\"elementor-post__text\">\n\t\t\t\t<h3 class=\"elementor-post__title\">\n\t\t\t<a href=\"https:\/\/www.spiroflow.com\/fr\/3-depenses-imprevues-liees-aux-relations-avec-plusieurs-fournisseurs-dequipements\/\" >\n\t\t\t\t3 d\u00e9penses impr\u00e9vues li\u00e9es aux relations avec plusieurs fournisseurs d&#039;\u00e9quipements\t\t\t<\/a>\n\t\t<\/h3>\n\t\t\t\t<\/div>\n\t\t\t\t\t<\/div>\n\t\t<\/article>\n\t\t\t\t<article class=\"elementor-post elementor-grid-item post-10296 post type-post status-publish format-standard has-post-thumbnail hentry category-news\" role=\"listitem\">\n\t\t\t<div class=\"elementor-post__card\">\n\t\t\t\t<a class=\"elementor-post__thumbnail__link\" href=\"https:\/\/www.spiroflow.com\/fr\/spiroflow-est-heureux-daccueillir-frema-process-en-tant-quagent-representatif-au-danemark\/\" tabindex=\"-1\" ><div class=\"elementor-post__thumbnail\"><img decoding=\"async\" width=\"300\" height=\"138\" src=\"https:\/\/www.spiroflow.com\/wp-content\/uploads\/2021\/09\/SPI_NewsBanner_1-300x138.webp\" class=\"attachment-medium size-medium wp-image-10944\" alt=\"\" srcset=\"https:\/\/www.spiroflow.com\/wp-content\/uploads\/2021\/09\/SPI_NewsBanner_1-300x138.webp 300w, https:\/\/www.spiroflow.com\/wp-content\/uploads\/2021\/09\/SPI_NewsBanner_1-768x353.webp 768w, https:\/\/www.spiroflow.com\/wp-content\/uploads\/2021\/09\/SPI_NewsBanner_1.webp 1024w\" sizes=\"(max-width: 300px) 100vw, 300px\" \/><\/div><\/a>\n\t\t\t\t<div class=\"elementor-post__text\">\n\t\t\t\t<h3 class=\"elementor-post__title\">\n\t\t\t<a href=\"https:\/\/www.spiroflow.com\/fr\/spiroflow-est-heureux-daccueillir-frema-process-en-tant-quagent-representatif-au-danemark\/\" >\n\t\t\t\tSpiroflow est heureux d&#039;accueillir Frema Process en tant qu&#039;agent repr\u00e9sentatif au Danemark\t\t\t<\/a>\n\t\t<\/h3>\n\t\t\t\t<\/div>\n\t\t\t\t\t<\/div>\n\t\t<\/article>\n\t\t\t\t<article class=\"elementor-post elementor-grid-item post-10227 post type-post status-publish format-standard has-post-thumbnail hentry category-news\" role=\"listitem\">\n\t\t\t<div class=\"elementor-post__card\">\n\t\t\t\t<a class=\"elementor-post__thumbnail__link\" href=\"https:\/\/www.spiroflow.com\/fr\/spiroflow-uk-elargit-son-equipe-technico-commerciale\/\" tabindex=\"-1\" ><div class=\"elementor-post__thumbnail\"><img loading=\"lazy\" decoding=\"async\" width=\"300\" height=\"169\" src=\"https:\/\/www.spiroflow.com\/wp-content\/uploads\/2021\/06\/20210616_091124-scaled-1-300x169.jpg\" class=\"attachment-medium size-medium wp-image-10228\" alt=\"\" srcset=\"https:\/\/www.spiroflow.com\/wp-content\/uploads\/2021\/06\/20210616_091124-scaled-1-300x169.jpg 300w, https:\/\/www.spiroflow.com\/wp-content\/uploads\/2021\/06\/20210616_091124-scaled-1-1024x576.jpg 1024w, https:\/\/www.spiroflow.com\/wp-content\/uploads\/2021\/06\/20210616_091124-scaled-1-768x432.jpg 768w, https:\/\/www.spiroflow.com\/wp-content\/uploads\/2021\/06\/20210616_091124-scaled-1-1536x863.jpg 1536w, https:\/\/www.spiroflow.com\/wp-content\/uploads\/2021\/06\/20210616_091124-scaled-1-2048x1151.jpg 2048w\" sizes=\"(max-width: 300px) 100vw, 300px\" \/><\/div><\/a>\n\t\t\t\t<div class=\"elementor-post__text\">\n\t\t\t\t<h3 class=\"elementor-post__title\">\n\t\t\t<a href=\"https:\/\/www.spiroflow.com\/fr\/spiroflow-uk-elargit-son-equipe-technico-commerciale\/\" >\n\t\t\t\tSpiroflow UK \u00e9largit son \u00e9quipe technico-commerciale\t\t\t<\/a>\n\t\t<\/h3>\n\t\t\t\t<\/div>\n\t\t\t\t\t<\/div>\n\t\t<\/article>\n\t\t\t\t<article class=\"elementor-post elementor-grid-item post-10215 post type-post status-publish format-standard has-post-thumbnail hentry category-news\" role=\"listitem\">\n\t\t\t<div class=\"elementor-post__card\">\n\t\t\t\t<a class=\"elementor-post__thumbnail__link\" href=\"https:\/\/www.spiroflow.com\/fr\/des-solutions-sures-de-manipulation-et-de-confinement-avant-la-reglementation-sur-le-dioxyde-de-titane-regarder-la-video\/\" tabindex=\"-1\" ><div class=\"elementor-post__thumbnail\"><img loading=\"lazy\" decoding=\"async\" width=\"300\" height=\"300\" src=\"https:\/\/www.spiroflow.com\/wp-content\/uploads\/2023\/07\/favicon-300x300.webp\" class=\"attachment-medium size-medium wp-image-60\" alt=\"Logo Spiroflow sur fond blanc\" srcset=\"https:\/\/www.spiroflow.com\/wp-content\/uploads\/2023\/07\/favicon-300x300.webp 300w, https:\/\/www.spiroflow.com\/wp-content\/uploads\/2023\/07\/favicon-150x150.webp 150w, https:\/\/www.spiroflow.com\/wp-content\/uploads\/2023\/07\/favicon.webp 512w\" sizes=\"(max-width: 300px) 100vw, 300px\" \/><\/div><\/a>\n\t\t\t\t<div class=\"elementor-post__text\">\n\t\t\t\t<h3 class=\"elementor-post__title\">\n\t\t\t<a href=\"https:\/\/www.spiroflow.com\/fr\/des-solutions-sures-de-manipulation-et-de-confinement-avant-la-reglementation-sur-le-dioxyde-de-titane-regarder-la-video\/\" >\n\t\t\t\tSolutions de manipulation et de confinement s\u00fbres avant la r\u00e9glementation sur le dioxyde de titane \u2013 regardez la vid\u00e9o\t\t\t<\/a>\n\t\t<\/h3>\n\t\t\t\t<\/div>\n\t\t\t\t\t<\/div>\n\t\t<\/article>\n\t\t\t\t<article class=\"elementor-post elementor-grid-item post-10188 post type-post status-publish format-standard has-post-thumbnail hentry category-news\" role=\"listitem\">\n\t\t\t<div class=\"elementor-post__card\">\n\t\t\t\t<a class=\"elementor-post__thumbnail__link\" href=\"https:\/\/www.spiroflow.com\/fr\/spiroflow-coo-invite-a-prendre-la-parole-a-lacademie-des-solides-en-vrac-de-la-poudre-de-luniversite-de-letat-du-kansas-en-mars\/\" tabindex=\"-1\" ><div class=\"elementor-post__thumbnail\"><img loading=\"lazy\" decoding=\"async\" width=\"300\" height=\"200\" src=\"https:\/\/www.spiroflow.com\/wp-content\/uploads\/2021\/03\/Picture1-300x200.jpg\" class=\"attachment-medium size-medium wp-image-10189\" alt=\"\" srcset=\"https:\/\/www.spiroflow.com\/wp-content\/uploads\/2021\/03\/Picture1-300x200.jpg 300w, https:\/\/www.spiroflow.com\/wp-content\/uploads\/2021\/03\/Picture1.jpg 750w\" sizes=\"(max-width: 300px) 100vw, 300px\" \/><\/div><\/a>\n\t\t\t\t<div class=\"elementor-post__text\">\n\t\t\t\t<h3 class=\"elementor-post__title\">\n\t\t\t<a href=\"https:\/\/www.spiroflow.com\/fr\/spiroflow-coo-invite-a-prendre-la-parole-a-lacademie-des-solides-en-vrac-de-la-poudre-de-luniversite-de-letat-du-kansas-en-mars\/\" >\n\t\t\t\tSpiroflow COO invit\u00e9 \u00e0 prendre la parole \u00e0 la Kansas State University Powder &amp; Bulk Solids Academy en mars\t\t\t<\/a>\n\t\t<\/h3>\n\t\t\t\t<\/div>\n\t\t\t\t\t<\/div>\n\t\t<\/article>\n\t\t\t\t<article class=\"elementor-post elementor-grid-item post-10174 post type-post status-publish format-standard hentry category-news\" role=\"listitem\">\n\t\t\t<div class=\"elementor-post__card\">\n\t\t\t\t<div class=\"elementor-post__text\">\n\t\t\t\t<h3 class=\"elementor-post__title\">\n\t\t\t<a href=\"https:\/\/www.spiroflow.com\/fr\/demonstrations-de-machines-virtuelles-inspection-avant-livraison-et-visites-du-site\/\" >\n\t\t\t\tD\u00e9monstrations de machines virtuelles, inspection avant livraison et visites de sites\t\t\t<\/a>\n\t\t<\/h3>\n\t\t\t\t<\/div>\n\t\t\t\t\t<\/div>\n\t\t<\/article>\n\t\t\t\t<article class=\"elementor-post elementor-grid-item post-10071 post type-post status-publish format-standard has-post-thumbnail hentry category-news\" role=\"listitem\">\n\t\t\t<div class=\"elementor-post__card\">\n\t\t\t\t<a class=\"elementor-post__thumbnail__link\" href=\"https:\/\/www.spiroflow.com\/fr\/succes-pour-spiroflow-uk-aux-sub36-awards\/\" tabindex=\"-1\" ><div class=\"elementor-post__thumbnail\"><img loading=\"lazy\" decoding=\"async\" width=\"300\" height=\"225\" src=\"https:\/\/www.spiroflow.com\/wp-content\/uploads\/2020\/11\/Photo-16-11-2020-15-16-15-scaled-1-300x225.jpg\" class=\"attachment-medium size-medium wp-image-10072\" alt=\"Innovateur Spiroflow de l\u2019ann\u00e9e\" srcset=\"https:\/\/www.spiroflow.com\/wp-content\/uploads\/2020\/11\/Photo-16-11-2020-15-16-15-scaled-1-300x225.jpg 300w, https:\/\/www.spiroflow.com\/wp-content\/uploads\/2020\/11\/Photo-16-11-2020-15-16-15-scaled-1-1024x768.jpg 1024w, https:\/\/www.spiroflow.com\/wp-content\/uploads\/2020\/11\/Photo-16-11-2020-15-16-15-scaled-1-768x576.jpg 768w, https:\/\/www.spiroflow.com\/wp-content\/uploads\/2020\/11\/Photo-16-11-2020-15-16-15-scaled-1-1536x1152.jpg 1536w, https:\/\/www.spiroflow.com\/wp-content\/uploads\/2020\/11\/Photo-16-11-2020-15-16-15-scaled-1-2048x1536.jpg 2048w\" sizes=\"(max-width: 300px) 100vw, 300px\" \/><\/div><\/a>\n\t\t\t\t<div class=\"elementor-post__text\">\n\t\t\t\t<h3 class=\"elementor-post__title\">\n\t\t\t<a href=\"https:\/\/www.spiroflow.com\/fr\/succes-pour-spiroflow-uk-aux-sub36-awards\/\" >\n\t\t\t\tSucc\u00e8s pour Spiroflow UK aux Sub36 Awards\t\t\t<\/a>\n\t\t<\/h3>\n\t\t\t\t<\/div>\n\t\t\t\t\t<\/div>\n\t\t<\/article>\n\t\t\t\t<article class=\"elementor-post elementor-grid-item post-9961 post type-post status-publish format-standard has-post-thumbnail hentry category-news tag-seasoning tag-snack-food\" role=\"listitem\">\n\t\t\t<div class=\"elementor-post__card\">\n\t\t\t\t<a class=\"elementor-post__thumbnail__link\" href=\"https:\/\/www.spiroflow.com\/fr\/spiroflow-repond-a-laugmentation-de-la-categorie-des-snacks\/\" tabindex=\"-1\" ><div class=\"elementor-post__thumbnail\"><img loading=\"lazy\" decoding=\"async\" width=\"225\" height=\"300\" src=\"https:\/\/www.spiroflow.com\/wp-content\/uploads\/2020\/07\/Sesoning-Unit-1-225x300.png\" class=\"attachment-medium size-medium wp-image-9962\" alt=\"\" srcset=\"https:\/\/www.spiroflow.com\/wp-content\/uploads\/2020\/07\/Sesoning-Unit-1-225x300.png 225w, https:\/\/www.spiroflow.com\/wp-content\/uploads\/2020\/07\/Sesoning-Unit-1-768x1024.png 768w, https:\/\/www.spiroflow.com\/wp-content\/uploads\/2020\/07\/Sesoning-Unit-1-1152x1536.png 1152w, https:\/\/www.spiroflow.com\/wp-content\/uploads\/2020\/07\/Sesoning-Unit-1-1536x2048.png 1536w\" sizes=\"(max-width: 225px) 100vw, 225px\" \/><\/div><\/a>\n\t\t\t\t<div class=\"elementor-post__text\">\n\t\t\t\t<h3 class=\"elementor-post__title\">\n\t\t\t<a href=\"https:\/\/www.spiroflow.com\/fr\/spiroflow-repond-a-laugmentation-de-la-categorie-des-snacks\/\" >\n\t\t\t\tSpiroflow r\u00e9pond \u00e0 l&#039;augmentation de la cat\u00e9gorie des snacks\t\t\t<\/a>\n\t\t<\/h3>\n\t\t\t\t<\/div>\n\t\t\t\t\t<\/div>\n\t\t<\/article>\n\t\t\t\t<article class=\"elementor-post elementor-grid-item post-9855 post type-post status-publish format-standard has-post-thumbnail hentry category-news\" role=\"listitem\">\n\t\t\t<div class=\"elementor-post__card\">\n\t\t\t\t<a class=\"elementor-post__thumbnail__link\" href=\"https:\/\/www.spiroflow.com\/fr\/james-podevyn-est-presente-dans-le-debat-sur-la-fabrication-dans-le-lancashire-business-view\/\" tabindex=\"-1\" ><div class=\"elementor-post__thumbnail\"><img loading=\"lazy\" decoding=\"async\" width=\"300\" height=\"173\" src=\"https:\/\/www.spiroflow.com\/wp-content\/uploads\/2020\/03\/Screen-Shot-2020-03-30-at-14.57.13-300x173.png\" class=\"attachment-medium size-medium wp-image-9857\" alt=\"D\u00e9bat sur la fabrication\" srcset=\"https:\/\/www.spiroflow.com\/wp-content\/uploads\/2020\/03\/Screen-Shot-2020-03-30-at-14.57.13-300x173.png 300w, https:\/\/www.spiroflow.com\/wp-content\/uploads\/2020\/03\/Screen-Shot-2020-03-30-at-14.57.13-768x444.png 768w, https:\/\/www.spiroflow.com\/wp-content\/uploads\/2020\/03\/Screen-Shot-2020-03-30-at-14.57.13.png 895w\" sizes=\"(max-width: 300px) 100vw, 300px\" \/><\/div><\/a>\n\t\t\t\t<div class=\"elementor-post__text\">\n\t\t\t\t<h3 class=\"elementor-post__title\">\n\t\t\t<a href=\"https:\/\/www.spiroflow.com\/fr\/james-podevyn-est-presente-dans-le-debat-sur-la-fabrication-dans-le-lancashire-business-view\/\" >\n\t\t\t\tJames Podevyn est pr\u00e9sent\u00e9 dans le d\u00e9bat sur la fabrication dans le Lancashire Business View\t\t\t<\/a>\n\t\t<\/h3>\n\t\t\t\t<\/div>\n\t\t\t\t\t<\/div>\n\t\t<\/article>\n\t\t\t\t<article class=\"elementor-post elementor-grid-item post-9885 post type-post status-publish format-standard has-post-thumbnail hentry category-news\" role=\"listitem\">\n\t\t\t<div class=\"elementor-post__card\">\n\t\t\t\t<a class=\"elementor-post__thumbnail__link\" href=\"https:\/\/www.spiroflow.com\/fr\/spiroflow-covid-19-mise-a-jour-critique\/\" tabindex=\"-1\" ><div class=\"elementor-post__thumbnail\"><img loading=\"lazy\" decoding=\"async\" width=\"300\" height=\"64\" src=\"https:\/\/www.spiroflow.com\/wp-content\/uploads\/2020\/04\/SPI_Covid-19-Web-Banner_040720-02-300x64.png\" class=\"attachment-medium size-medium wp-image-9886\" alt=\"\" srcset=\"https:\/\/www.spiroflow.com\/wp-content\/uploads\/2020\/04\/SPI_Covid-19-Web-Banner_040720-02-300x64.png 300w, https:\/\/www.spiroflow.com\/wp-content\/uploads\/2020\/04\/SPI_Covid-19-Web-Banner_040720-02-1024x219.png 1024w, https:\/\/www.spiroflow.com\/wp-content\/uploads\/2020\/04\/SPI_Covid-19-Web-Banner_040720-02-768x164.png 768w, https:\/\/www.spiroflow.com\/wp-content\/uploads\/2020\/04\/SPI_Covid-19-Web-Banner_040720-02-1536x329.png 1536w, https:\/\/www.spiroflow.com\/wp-content\/uploads\/2020\/04\/SPI_Covid-19-Web-Banner_040720-02.png 1920w\" sizes=\"(max-width: 300px) 100vw, 300px\" \/><\/div><\/a>\n\t\t\t\t<div class=\"elementor-post__text\">\n\t\t\t\t<h3 class=\"elementor-post__title\">\n\t\t\t<a href=\"https:\/\/www.spiroflow.com\/fr\/spiroflow-covid-19-mise-a-jour-critique\/\" >\n\t\t\t\tMise \u00e0 jour critique Spiroflow COVID-19\t\t\t<\/a>\n\t\t<\/h3>\n\t\t\t\t<\/div>\n\t\t\t\t\t<\/div>\n\t\t<\/article>\n\t\t\t\t<article class=\"elementor-post elementor-grid-item post-9852 post type-post status-publish format-standard has-post-thumbnail hentry category-news\" role=\"listitem\">\n\t\t\t<div class=\"elementor-post__card\">\n\t\t\t\t<a class=\"elementor-post__thumbnail__link\" href=\"https:\/\/www.spiroflow.com\/fr\/commander-un-magasin-de-construction\/\" tabindex=\"-1\" ><div class=\"elementor-post__thumbnail\"><img loading=\"lazy\" decoding=\"async\" width=\"300\" height=\"158\" src=\"https:\/\/www.spiroflow.com\/wp-content\/uploads\/2020\/03\/LinkedIn-OBS-300x158.png\" class=\"attachment-medium size-medium wp-image-9853\" alt=\"\" srcset=\"https:\/\/www.spiroflow.com\/wp-content\/uploads\/2020\/03\/LinkedIn-OBS-300x158.png 300w, https:\/\/www.spiroflow.com\/wp-content\/uploads\/2020\/03\/LinkedIn-OBS-1024x541.png 1024w, https:\/\/www.spiroflow.com\/wp-content\/uploads\/2020\/03\/LinkedIn-OBS-768x406.png 768w, https:\/\/www.spiroflow.com\/wp-content\/uploads\/2020\/03\/LinkedIn-OBS-1536x811.png 1536w, https:\/\/www.spiroflow.com\/wp-content\/uploads\/2020\/03\/LinkedIn-OBS-2048x1081.png 2048w\" sizes=\"(max-width: 300px) 100vw, 300px\" \/><\/div><\/a>\n\t\t\t\t<div class=\"elementor-post__text\">\n\t\t\t\t<h3 class=\"elementor-post__title\">\n\t\t\t<a href=\"https:\/\/www.spiroflow.com\/fr\/commander-un-magasin-de-construction\/\" >\n\t\t\t\tInitiative de commande, de construction et de magasin\t\t\t<\/a>\n\t\t<\/h3>\n\t\t\t\t<\/div>\n\t\t\t\t\t<\/div>\n\t\t<\/article>\n\t\t\t\t<\/div>\n\t\t\t\t\t<span class=\"e-load-more-spinner\">\n\t\t\t\t<i aria-hidden=\"true\" class=\"fas fa-spinner\"><\/i>\t\t\t<\/span>\n\t\t\n\t\t\t\t<div class=\"e-load-more-anchor\" data-page=\"1\" data-max-page=\"5\" data-next-page=\"https:\/\/www.spiroflow.com\/wp-json\/wp\/v2\/pages\/11239\/page\/2\/\"><\/div>\n\t\t\t\t<div class=\"e-load-more-message\"><\/div>\n\t\t\t\t\t\t<\/div>\n\t\t\t\t<\/div>\n\t\t\t\t<\/div>\n\t\t\t\t\t<\/div>\n\t\t\t\t<\/div>\n\t\t\t\t<\/div>","protected":false},"excerpt":{"rendered":"<p>Actualit\u00e9s Spiroflow<\/p>","protected":false},"author":2,"featured_media":0,"parent":0,"menu_order":0,"comment_status":"closed","ping_status":"closed","template":"","meta":{"content-type":"","footnotes":""},"class_list":["post-11239","page","type-page","status-publish","hentry"],"_links":{"self":[{"href":"https:\/\/www.spiroflow.com\/fr\/wp-json\/wp\/v2\/pages\/11239","targetHints":{"allow":["GET"]}}],"collection":[{"href":"https:\/\/www.spiroflow.com\/fr\/wp-json\/wp\/v2\/pages"}],"about":[{"href":"https:\/\/www.spiroflow.com\/fr\/wp-json\/wp\/v2\/types\/page"}],"author":[{"embeddable":true,"href":"https:\/\/www.spiroflow.com\/fr\/wp-json\/wp\/v2\/users\/2"}],"replies":[{"embeddable":true,"href":"https:\/\/www.spiroflow.com\/fr\/wp-json\/wp\/v2\/comments?post=11239"}],"version-history":[{"count":0,"href":"https:\/\/www.spiroflow.com\/fr\/wp-json\/wp\/v2\/pages\/11239\/revisions"}],"wp:attachment":[{"href":"https:\/\/www.spiroflow.com\/fr\/wp-json\/wp\/v2\/media?parent=11239"}],"curies":[{"name":"wp","href":"https:\/\/api.w.org\/{rel}","templated":true}]}}