{"id":11276,"date":"2023-08-21T20:24:53","date_gmt":"2023-08-21T20:24:53","guid":{"rendered":"https:\/\/spiroflow1.wpengine.com\/?page_id=11276"},"modified":"2024-10-23T10:59:50","modified_gmt":"2024-10-23T10:59:50","slug":"evenements","status":"publish","type":"page","link":"https:\/\/www.spiroflow.com\/fr\/evenements\/","title":{"rendered":"\u00c9v\u00e9nements"},"content":{"rendered":"<div data-elementor-type=\"wp-page\" data-elementor-id=\"11276\" class=\"elementor elementor-11276\" data-elementor-post-type=\"page\">\n\t\t\t\t<div class=\"elementor-element elementor-element-96c644a e-flex e-con-boxed e-con e-parent\" data-id=\"96c644a\" data-element_type=\"container\" data-settings=\"{&quot;background_background&quot;:&quot;classic&quot;}\">\n\t\t\t\t\t<div class=\"e-con-inner\">\n\t\t\t\t<div class=\"elementor-element elementor-element-35ad67c elementor-widget elementor-widget-heading\" data-id=\"35ad67c\" data-element_type=\"widget\" data-widget_type=\"heading.default\">\n\t\t\t\t<div class=\"elementor-widget-container\">\n\t\t\t\t\t<h1 class=\"elementor-heading-title elementor-size-default\">\u00c9V\u00c9NEMENTS<\/h1>\t\t\t\t<\/div>\n\t\t\t\t<\/div>\n\t\t\t\t\t<\/div>\n\t\t\t\t<\/div>\n\t\t<div class=\"elementor-element elementor-element-82b7580 e-flex e-con-boxed e-con e-parent\" data-id=\"82b7580\" data-element_type=\"container\">\n\t\t\t\t\t<div class=\"e-con-inner\">\n\t\t<div class=\"elementor-element elementor-element-6645ee1 e-con-full e-flex e-con e-child\" data-id=\"6645ee1\" data-element_type=\"container\">\n\t\t\t\t<div class=\"elementor-element elementor-element-40b1274 elementor-widget elementor-widget-text-editor\" data-id=\"40b1274\" data-element_type=\"widget\" data-widget_type=\"text-editor.default\">\n\t\t\t\t<div class=\"elementor-widget-container\">\n\t\t\t\t\t\t\t\t\t<p>Au cours des 50 derni\u00e8res ann\u00e9es, nous avons particip\u00e9 activement \u00e0 de nombreux \u00e9v\u00e9nements et salons, avec une moyenne de 6 \u00e0 10 participations par an. Notre pr\u00e9sence s&#039;\u00e9tend \u00e0 travers l&#039;Asie, l&#039;Europe, l&#039;Am\u00e9rique du Sud et l&#039;Am\u00e9rique du Nord. Nous avons h\u00e2te de vous voir et de pr\u00e9senter \u00e0 votre \u00e9quipe notre famille de marques \u2013 AHS \u2013 Spiroflow, Cablevey et AMP \u2013 Kason et Marion.<\/p><p>Rejoignez-nous lors de nos prochains salons et \u00e9v\u00e9nements pour acqu\u00e9rir des opportunit\u00e9s de r\u00e9seautage, des conseils d&#039;experts et un potentiel de collaborations rentables. Cela offre une excellente opportunit\u00e9 de se connecter avec des clients potentiels, de d\u00e9couvrir nos derni\u00e8res innovations et de rester inform\u00e9 des tendances du secteur.<\/p>\t\t\t\t\t\t\t\t<\/div>\n\t\t\t\t<\/div>\n\t\t\t\t<\/div>\n\t\t\t\t\t<\/div>\n\t\t\t\t<\/div>\n\t\t<div class=\"elementor-element elementor-element-155e465 e-flex e-con-boxed e-con e-parent\" data-id=\"155e465\" data-element_type=\"container\">\n\t\t\t\t\t<div class=\"e-con-inner\">\n\t\t\t\t<div class=\"elementor-element elementor-element-30f00fe elementor-widget-divider--view-line elementor-widget elementor-widget-divider\" data-id=\"30f00fe\" data-element_type=\"widget\" data-widget_type=\"divider.default\">\n\t\t\t\t<div class=\"elementor-widget-container\">\n\t\t\t\t\t\t\t<div class=\"elementor-divider\">\n\t\t\t<span class=\"elementor-divider-separator\">\n\t\t\t\t\t\t<\/span>\n\t\t<\/div>\n\t\t\t\t\t\t<\/div>\n\t\t\t\t<\/div>\n\t\t\t\t\t<\/div>\n\t\t\t\t<\/div>\n\t\t<div class=\"elementor-element elementor-element-cf63340 e-grid e-con-boxed e-con e-parent\" data-id=\"cf63340\" data-element_type=\"container\">\n\t\t\t\t\t<div class=\"e-con-inner\">\n\t\t<div class=\"elementor-element elementor-element-4bafae0 e-con-full e-flex e-con e-child\" data-id=\"4bafae0\" data-element_type=\"container\">\n\t\t\t\t<div class=\"elementor-element elementor-element-9b7b683 elementor-widget elementor-widget-image\" data-id=\"9b7b683\" data-element_type=\"widget\" data-widget_type=\"image.default\">\n\t\t\t\t<div class=\"elementor-widget-container\">\n\t\t\t\t\t\t\t\t\t\t\t\t\t\t\t<img fetchpriority=\"high\" decoding=\"async\" width=\"790\" height=\"220\" src=\"https:\/\/www.spiroflow.com\/wp-content\/uploads\/2025\/01\/PPMA-Show-2025-NEC-Birmingham.webp\" class=\"attachment-large size-large wp-image-12882\" alt=\"Exposition PPMA au NEC Birmingham 2025\" srcset=\"https:\/\/www.spiroflow.com\/wp-content\/uploads\/2025\/01\/PPMA-Show-2025-NEC-Birmingham.webp 790w, https:\/\/www.spiroflow.com\/wp-content\/uploads\/2025\/01\/PPMA-Show-2025-NEC-Birmingham-300x84.webp 300w, https:\/\/www.spiroflow.com\/wp-content\/uploads\/2025\/01\/PPMA-Show-2025-NEC-Birmingham-768x214.webp 768w, https:\/\/www.spiroflow.com\/wp-content\/uploads\/2025\/01\/PPMA-Show-2025-NEC-Birmingham-18x5.webp 18w\" sizes=\"(max-width: 790px) 100vw, 790px\" \/>\t\t\t\t\t\t\t\t\t\t\t\t\t\t\t<\/div>\n\t\t\t\t<\/div>\n\t\t\t\t<\/div>\n\t\t<div class=\"elementor-element elementor-element-3e3c85d e-con-full e-flex e-con e-child\" data-id=\"3e3c85d\" data-element_type=\"container\">\n\t\t\t\t<div class=\"elementor-element elementor-element-71f5e7a elementor-widget elementor-widget-text-editor\" data-id=\"71f5e7a\" data-element_type=\"widget\" data-widget_type=\"text-editor.default\">\n\t\t\t\t<div class=\"elementor-widget-container\">\n\t\t\t\t\t\t\t\t\t<p class=\"heading\"><strong>PPMA 2025<\/strong><\/p>\t\t\t\t\t\t\t\t<\/div>\n\t\t\t\t<\/div>\n\t\t\t\t<div class=\"elementor-element elementor-element-db83e92 elementor-widget elementor-widget-text-editor\" data-id=\"db83e92\" data-element_type=\"widget\" data-widget_type=\"text-editor.default\">\n\t\t\t\t<div class=\"elementor-widget-container\">\n\t\t\t\t\t\t\t\t\t<p><strong>Emplacement<\/strong>: Pendigo Way, Marston Green, Birmingham B40 1NT<\/p><p><strong>Dates:<\/strong> 23-25 septembre<\/p><p><strong>Num\u00e9ro de stand<\/strong>: F54<\/p><p><strong>Lien d&#039;inscription : <\/strong><a href=\"https:\/\/www.ppmashow.co.uk\/register-your-interest\" target=\"_blank\" rel=\"noopener\">https:\/\/www.ppmashow.co.uk\/register-your-interest<\/a><\/p>\t\t\t\t\t\t\t\t<\/div>\n\t\t\t\t<\/div>\n\t\t\t\t<\/div>\n\t\t\t\t\t<\/div>\n\t\t\t\t<\/div>\n\t\t<div class=\"elementor-element elementor-element-5d0f7a6 e-flex e-con-boxed e-con e-parent\" data-id=\"5d0f7a6\" data-element_type=\"container\">\n\t\t\t\t\t<div class=\"e-con-inner\">\n\t\t\t\t<div class=\"elementor-element elementor-element-a77e7da elementor-widget-divider--view-line elementor-widget elementor-widget-divider\" data-id=\"a77e7da\" data-element_type=\"widget\" data-widget_type=\"divider.default\">\n\t\t\t\t<div class=\"elementor-widget-container\">\n\t\t\t\t\t\t\t<div class=\"elementor-divider\">\n\t\t\t<span class=\"elementor-divider-separator\">\n\t\t\t\t\t\t<\/span>\n\t\t<\/div>\n\t\t\t\t\t\t<\/div>\n\t\t\t\t<\/div>\n\t\t\t\t\t<\/div>\n\t\t\t\t<\/div>\n\t\t<div class=\"elementor-element elementor-element-f45a974 e-grid e-con-boxed e-con e-parent\" data-id=\"f45a974\" data-element_type=\"container\">\n\t\t\t\t\t<div class=\"e-con-inner\">\n\t\t<div class=\"elementor-element elementor-element-2cb8299 e-con-full e-flex e-con e-child\" data-id=\"2cb8299\" data-element_type=\"container\">\n\t\t\t\t<div class=\"elementor-element elementor-element-e9db5a6 elementor-widget elementor-widget-image\" data-id=\"e9db5a6\" data-element_type=\"widget\" data-widget_type=\"image.default\">\n\t\t\t\t<div class=\"elementor-widget-container\">\n\t\t\t\t\t\t\t\t\t\t\t\t\t\t\t<img decoding=\"async\" width=\"790\" height=\"220\" src=\"https:\/\/www.spiroflow.com\/wp-content\/uploads\/2025\/02\/PackExpo-2025-Las-Vegas-Nevada.webp\" class=\"attachment-large size-large wp-image-12919\" alt=\"Pack Expo 2025 Las Vegas Nevada\" srcset=\"https:\/\/www.spiroflow.com\/wp-content\/uploads\/2025\/02\/PackExpo-2025-Las-Vegas-Nevada.webp 790w, https:\/\/www.spiroflow.com\/wp-content\/uploads\/2025\/02\/PackExpo-2025-Las-Vegas-Nevada-300x84.webp 300w, https:\/\/www.spiroflow.com\/wp-content\/uploads\/2025\/02\/PackExpo-2025-Las-Vegas-Nevada-768x214.webp 768w, https:\/\/www.spiroflow.com\/wp-content\/uploads\/2025\/02\/PackExpo-2025-Las-Vegas-Nevada-18x5.webp 18w\" sizes=\"(max-width: 790px) 100vw, 790px\" \/>\t\t\t\t\t\t\t\t\t\t\t\t\t\t\t<\/div>\n\t\t\t\t<\/div>\n\t\t\t\t<\/div>\n\t\t<div class=\"elementor-element elementor-element-e2f7724 e-con-full e-flex e-con e-child\" data-id=\"e2f7724\" data-element_type=\"container\">\n\t\t\t\t<div class=\"elementor-element elementor-element-6dd208c elementor-widget elementor-widget-text-editor\" data-id=\"6dd208c\" data-element_type=\"widget\" data-widget_type=\"text-editor.default\">\n\t\t\t\t<div class=\"elementor-widget-container\">\n\t\t\t\t\t\t\t\t\t<p class=\"heading\"><strong>PackExpo 2025<\/strong><\/p>\t\t\t\t\t\t\t\t<\/div>\n\t\t\t\t<\/div>\n\t\t\t\t<div class=\"elementor-element elementor-element-d97f38a elementor-widget elementor-widget-text-editor\" data-id=\"d97f38a\" data-element_type=\"widget\" data-widget_type=\"text-editor.default\">\n\t\t\t\t<div class=\"elementor-widget-container\">\n\t\t\t\t\t\t\t\t\t<p><strong>Emplacement<\/strong>:Palais des congr\u00e8s de Las Vegas<\/p><p><strong>Dates:<\/strong> 29 septembre \u2013 01 octobre<\/p><p><strong>Num\u00e9ro de stand<\/strong>: N-7402<\/p><p><strong>Lien d&#039;inscription : <\/strong><a href=\"https:\/\/www.packexpolasvegas.com\/\" target=\"_blank\" rel=\"noopener\">https:\/\/www.packexpolasvegas.com\/<\/a><\/p>\t\t\t\t\t\t\t\t<\/div>\n\t\t\t\t<\/div>\n\t\t\t\t<\/div>\n\t\t\t\t\t<\/div>\n\t\t\t\t<\/div>\n\t\t\t\t<\/div>","protected":false},"excerpt":{"rendered":"<p>\u00c9V\u00c9NEMENTS Au cours des 50 derni\u00e8res ann\u00e9es, nous avons particip\u00e9 activement \u00e0 de nombreux \u00e9v\u00e9nements et salons professionnels, avec une moyenne de 6 \u00e0 10 participations par an. Notre pr\u00e9sence s&#039;\u00e9tend \u00e0 travers l&#039;Asie, l&#039;Europe, l&#039;Am\u00e9rique du Sud et l&#039;Am\u00e9rique du Nord. Nous avons h\u00e2te de vous voir et de pr\u00e9senter \u00e0 votre \u00e9quipe notre famille de marques \u2013 AHS \u2013 Spiroflow, Cablevey et [\u2026]<\/p>","protected":false},"author":2,"featured_media":0,"parent":0,"menu_order":0,"comment_status":"closed","ping_status":"closed","template":"","meta":{"content-type":"","footnotes":""},"class_list":["post-11276","page","type-page","status-publish","hentry"],"_links":{"self":[{"href":"https:\/\/www.spiroflow.com\/fr\/wp-json\/wp\/v2\/pages\/11276","targetHints":{"allow":["GET"]}}],"collection":[{"href":"https:\/\/www.spiroflow.com\/fr\/wp-json\/wp\/v2\/pages"}],"about":[{"href":"https:\/\/www.spiroflow.com\/fr\/wp-json\/wp\/v2\/types\/page"}],"author":[{"embeddable":true,"href":"https:\/\/www.spiroflow.com\/fr\/wp-json\/wp\/v2\/users\/2"}],"replies":[{"embeddable":true,"href":"https:\/\/www.spiroflow.com\/fr\/wp-json\/wp\/v2\/comments?post=11276"}],"version-history":[{"count":0,"href":"https:\/\/www.spiroflow.com\/fr\/wp-json\/wp\/v2\/pages\/11276\/revisions"}],"wp:attachment":[{"href":"https:\/\/www.spiroflow.com\/fr\/wp-json\/wp\/v2\/media?parent=11276"}],"curies":[{"name":"wp","href":"https:\/\/api.w.org\/{rel}","templated":true}]}}