{"id":11353,"date":"2023-08-30T15:28:15","date_gmt":"2023-08-30T15:28:15","guid":{"rendered":"https:\/\/www.spiroflow.com\/?page_id=11353"},"modified":"2024-03-05T22:23:52","modified_gmt":"2024-03-05T22:23:52","slug":"politique-de-cookies-de-confidentialite","status":"publish","type":"page","link":"https:\/\/www.spiroflow.com\/fr\/politique-de-cookies-de-confidentialite\/","title":{"rendered":"Politique de confidentialit\u00e9\/cookies"},"content":{"rendered":"<div data-elementor-type=\"wp-page\" data-elementor-id=\"11353\" class=\"elementor elementor-11353\" data-elementor-post-type=\"page\">\n\t\t\t\t<div class=\"elementor-element elementor-element-e5e5e91 e-flex e-con-boxed e-con e-parent\" data-id=\"e5e5e91\" data-element_type=\"container\" data-settings=\"{&quot;background_background&quot;:&quot;classic&quot;}\">\n\t\t\t\t\t<div class=\"e-con-inner\">\n\t\t\t\t<div class=\"elementor-element elementor-element-0c4651a elementor-widget elementor-widget-heading\" data-id=\"0c4651a\" data-element_type=\"widget\" data-widget_type=\"heading.default\">\n\t\t\t\t<div class=\"elementor-widget-container\">\n\t\t\t\t\t<h1 class=\"elementor-heading-title elementor-size-default\">Politique de confidentialit\u00e9\/cookies<\/h1>\t\t\t\t<\/div>\n\t\t\t\t<\/div>\n\t\t\t\t\t<\/div>\n\t\t\t\t<\/div>\n\t\t<div class=\"elementor-element elementor-element-4645c76 e-flex e-con-boxed e-con e-parent\" data-id=\"4645c76\" data-element_type=\"container\">\n\t\t\t\t\t<div class=\"e-con-inner\">\n\t\t<div class=\"elementor-element elementor-element-fcdbf56 e-con-full e-flex e-con e-child\" data-id=\"fcdbf56\" data-element_type=\"container\">\n\t\t\t\t<div class=\"elementor-element elementor-element-5a7865c elementor-widget elementor-widget-text-editor\" data-id=\"5a7865c\" data-element_type=\"widget\" data-widget_type=\"text-editor.default\">\n\t\t\t\t<div class=\"elementor-widget-container\">\n\t\t\t\t\t\t\t\t\t<div class=\"default-row-col default-row-1-col default-row-col1 default-row-1-col1\"><div class=\"default-row-col-content\"><div class=\"default-row-col default-row-1-col default-row-col1 default-row-1-col1\"><div class=\"default-row-col-content\"><div class=\"default-row-col default-row-1-col default-row-col1 default-row-1-col1\"><div class=\"default-row-col-content\"><h3>politique de confidentialit\u00e9<\/h3><p>Spiroflow Limited s&#039;engage \u00e0 prot\u00e9ger votre vie priv\u00e9e et nous prenons tr\u00e8s au s\u00e9rieux nos responsabilit\u00e9s concernant la s\u00e9curit\u00e9 des informations des utilisateurs. Cette d\u00e9claration de confidentialit\u00e9 explique comment nous nous conformons aux exigences de protection des donn\u00e9es du Royaume-Uni et de l&#039;Union europ\u00e9enne.<\/p><p>Nous avons structur\u00e9 notre site Web de mani\u00e8re \u00e0 ce que vous puissiez le visiter sans vous identifier ni r\u00e9v\u00e9ler aucune information personnelle. Une fois que vous choisissez de nous fournir des informations permettant de vous identifier, elles seront utilis\u00e9es uniquement pour traiter les demandes. Pour votre protection, nous sommes enregistr\u00e9s en vertu de la loi sur la protection des donn\u00e9es de 1998 et avons adress\u00e9 toutes les notifications appropri\u00e9es au commissaire \u00e0 l&#039;information.<\/p><p>Nous ne vendrons, distribuerons ou louerons pas vos informations personnelles \u00e0 des tiers, sauf si nous avons votre autorisation ou si la loi nous y oblige. Vous pouvez demander que vos coordonn\u00e9es soient supprim\u00e9es de notre syst\u00e8me en \u00e9crivant \u00e0 l&#039;adresse ci-dessous.<\/p><h4>Protection des donn\u00e9es<\/h4><p>Que se passe-t-il si vous pensez que nous avons des informations incorrectes ou si vous souhaitez une copie des informations que nous d\u00e9tenons \u00e0 votre sujet\u00a0?<\/p><p>En vertu de la loi sur la protection des donn\u00e9es de 1998, vous pouvez demander des d\u00e9tails sur les informations personnelles que nous d\u00e9tenons \u00e0 votre sujet. Si vous souhaitez une copie des informations d\u00e9tenues sur vous, veuillez \u00e9crire \u00e0 l&#039;adresse ci-dessous ou nous envoyer un e-mail \u00e0 info@oldspiroflostg.wpengine.com :<\/p><p>Spiroflow Limited \u2013 Lincoln Way, Clitheroe, Lancashire, BB7 1QG Royaume-Uni<\/p><p>Si vous pensez que les informations que nous d\u00e9tenons \u00e0 votre sujet sont incorrectes ou incompl\u00e8tes, veuillez nous \u00e9crire ou nous envoyer un e-mail d\u00e8s que possible \u00e0 l&#039;adresse ci-dessus. Toute information incorrecte sera corrig\u00e9e dans les plus brefs d\u00e9lais.<\/p><h4>Protection des donn\u00e9es<\/h4><p>Nous nous engageons \u00e0 garantir la s\u00e9curit\u00e9 de vos informations. Afin d&#039;emp\u00eacher tout acc\u00e8s ou divulgation non autoris\u00e9, nous avons mis en place des proc\u00e9dures physiques, \u00e9lectroniques et de gestion appropri\u00e9es pour sauvegarder et s\u00e9curiser les informations que nous collectons en ligne.<\/p><h4>Autres sites Web<\/h4><p>Ce site Web peut contenir des liens pour vous permettre de visiter d&#039;autres sites Web qui vous int\u00e9ressent. Cependant, une fois que vous avez utilis\u00e9 ces liens pour quitter notre site, vous devez noter que nous n&#039;avons aucun contr\u00f4le sur les autres sites Web. Par cons\u00e9quent, nous ne pouvons \u00eatre responsables de la protection et de la confidentialit\u00e9 des informations que vous fournissez lorsque vous visitez d\u2019autres sites et ces sites ne sont pas r\u00e9gis par cette d\u00e9claration de confidentialit\u00e9. Vous devez faire preuve de prudence et lire la d\u00e9claration de confidentialit\u00e9 applicable au site Web en question.<\/p><h4>Votre consentement<\/h4><p>En utilisant ce site Web, vous consentez \u00e0 la collecte et \u00e0 l&#039;utilisation de ces informations par nous aux fins d\u00e9crites ci-dessus. Si nous d\u00e9cidons de modifier notre politique de confidentialit\u00e9, nous publierons les modifications sur cette page afin que vous sachiez toujours quelles informations nous collectons, comment nous les utilisons et dans quelles circonstances nous les divulguons.<\/p><\/div><\/div><div class=\"default-row-col default-row-1-col default-row-col2 default-row-1-col2\"><div class=\"default-row-col-content\"><h3>Politique de cookies<\/h3><p>Nous sommes conscients de notre responsabilit\u00e9 de prot\u00e9ger votre vie priv\u00e9e. Dans le cadre de cette responsabilit\u00e9, nous vous informons quelles informations nous collectons \u00e0 l&#039;aide de cookies lorsque vous utilisez nos sites Web, pourquoi nous les collectons et comment nous les utilisons pour am\u00e9liorer votre exp\u00e9rience.<\/p><h4>Qu&#039;est-ce qu&#039;un cookie ?<\/h4><ul><li>Un cookie est un simple fichier texte compos\u00e9 de lettres et de chiffres qui est t\u00e9l\u00e9charg\u00e9 sur votre ordinateur ou appareil mobile lorsque vous visitez notre site Web.<\/li><li>Nous utilisons des cookies pour vous distinguer des autres utilisateurs de notre site Web. Cela nous aide \u00e0 vous offrir une exp\u00e9rience positive lorsque vous naviguez sur notre site Web et nous permet \u00e9galement d&#039;am\u00e9liorer le site.<\/li><li>Ils reconnaissent \u00e9galement lorsque vous avez donn\u00e9 votre nom d&#039;utilisateur et votre mot de passe afin que vous n&#039;ayez pas besoin de le faire pour chaque page Web que vous visitez. Ils mesurent \u00e9galement le nombre de personnes qui utilisent nos sites Web afin que nous puissions les rendre plus faciles \u00e0 utiliser et garantir qu&#039;il y a suffisamment de capacit\u00e9 pour rendre le site rapide.<\/li><li>La plupart des cookies ne collecteront pas d&#039;informations permettant de vous identifier personnellement. Ils collecteront des informations plus g\u00e9n\u00e9rales telles que la mani\u00e8re dont les utilisateurs acc\u00e8dent et utilisent notre site Web, ou l&#039;emplacement g\u00e9n\u00e9ral d&#039;un utilisateur.<\/li><\/ul><p>Vous pouvez restreindre ou bloquer les cookies \u00e0 tout moment en utilisant les param\u00e8tres de votre navigateur. Vous pouvez apprendre comment supprimer les cookies install\u00e9s sur votre ordinateur\/appareil mobile via le lien suivant \u2013\u00a0<a href=\"http:\/\/www.allaboutcookies.org\/manage-cookies\/\" target=\"_blank\" rel=\"noopener\">http:\/\/www.allaboutcookies.org\/manage-cookies\/<\/a><\/p><h4>Comment nous utilisons les cookies<\/h4><p><strong>G\u00e9n\u00e9ralement, nos cookies remplissent jusqu&#039;\u00e0 trois fonctions diff\u00e9rentes\u00a0:<\/strong><\/p><p><strong>Cookies strictement essentiels<\/strong>\u00a0\u2013 Pour ex\u00e9cuter certaines parties de notre site, nous d\u00e9finissons un cookie de session. Ce cookie est utilis\u00e9 pour identifier les sessions utilisateur entre les visites de pages. Notre site ne fonctionnera pas correctement si le cookie ne peut pas \u00eatre install\u00e9 (par exemple si vous configurez votre navigateur Internet pour rejeter tous les cookies).<\/p><p><strong>Cookies tiers\u00a0<\/strong>\u2013 Il s&#039;agit de cookies trouv\u00e9s dans les outils Internet d&#039;autres soci\u00e9t\u00e9s que nous utilisons pour am\u00e9liorer notre site. Ceux-ci proviennent de Flickr, Facebook, Twitter, Google Maps qui poss\u00e8dent leurs propres cookies et sont contr\u00f4l\u00e9s par ceux-ci.<\/p><p><strong>Cookies d&#039;analyse\/de performance<\/strong>\u00a0\u2013 Il s\u2019agit de cookies qui nous permettent de reconna\u00eetre et de compter le nombre de visiteurs du site Internet et de voir comment les visiteurs se d\u00e9placent sur le site Internet lorsqu\u2019ils l\u2019utilisent. Nous utilisons les cookies de Google Analytics pour suivre des statistiques d&#039;utilisation anonymes et ne collectons aucune information personnelle pouvant \u00eatre utilis\u00e9e pour vous identifier. Cela nous aide \u00e0 am\u00e9liorer le fonctionnement de notre site Web, par exemple en garantissant que les utilisateurs trouvent facilement ce qu&#039;ils recherchent.<\/p><p>Pour plus d&#039;informations sur la mani\u00e8re dont Google utilise ces informations, visitez leur\u00a0<a href=\"http:\/\/www.google.co.uk\/intl\/en\/policies\/privacy\/\" target=\"_blank\" rel=\"noopener\">politique de confidentialit\u00e9<\/a>.<\/p><p>Si vous souhaitez vous d\u00e9sinscrire de Google Analytics, vous pouvez installer le module compl\u00e9mentaire de navigateur de d\u00e9sinscription de Google en\u00a0<a href=\"https:\/\/tools.google.com\/dlpage\/gaoptout\/index.html\" target=\"_blank\" rel=\"noopener\">en cliquant ici<\/a>.<\/p><h4>Pr\u00e9occupations concernant les cookies<\/h4><p>Bien qu&#039;il existe de nombreuses utilisations l\u00e9gitimes des cookies pour am\u00e9liorer la commodit\u00e9 et l&#039;efficacit\u00e9, certaines utilisations des cookies peuvent entra\u00eener des probl\u00e8mes de confidentialit\u00e9. Ces probl\u00e8mes surviennent g\u00e9n\u00e9ralement lorsqu&#039;un cookie contenant des informations personnelles vous identifiant (par exemple, nom, adresse e-mail, informations de facturation, etc.) est utilis\u00e9 sur plusieurs sites pour suivre les utilisateurs et l&#039;utilisation d&#039;Internet. The Flower Shop n&#039;utilise aucun de ses cookies propri\u00e9taires pour conserver des informations personnelles ou suivre les utilisateurs sur plusieurs sites.<\/p><h4>Informations compl\u00e9mentaires sur les cookies<\/h4><p>Pour plus d&#039;informations sur la gestion des cookies et leurs utilisations, visitez\u00a0<a href=\"http:\/\/www.allaboutcookies.org\/manage-cookies\/\" target=\"_blank\" rel=\"noopener\">\u00c0 propos des cookies<\/a>.<\/p><p>Pour plus d&#039;informations sur la loi mise \u00e0 jour sur les cookies, visitez le\u00a0<a href=\"https:\/\/ico.org.uk\/for-organisations\/guide-to-pecr\/cookies-and-similar-technologies\/\" target=\"_blank\" rel=\"noopener\">OIC<\/a>.<\/p><\/div><\/div><\/div><\/div><\/div><\/div>\t\t\t\t\t\t\t\t<\/div>\n\t\t\t\t<\/div>\n\t\t\t\t<\/div>\n\t\t\t\t\t<\/div>\n\t\t\t\t<\/div>\n\t\t\t\t<\/div>","protected":false},"excerpt":{"rendered":"<p>Politique de confidentialit\u00e9\/cookies Politique de confidentialit\u00e9 Spiroflow Limited s&#039;engage \u00e0 prot\u00e9ger votre vie priv\u00e9e et nous prenons tr\u00e8s au s\u00e9rieux nos responsabilit\u00e9s concernant la s\u00e9curit\u00e9 des informations des utilisateurs. Cette d\u00e9claration de confidentialit\u00e9 explique comment nous nous conformons aux exigences de protection des donn\u00e9es du Royaume-Uni et de l&#039;Union europ\u00e9enne. Nous avons structur\u00e9 notre site Web de mani\u00e8re \u00e0 ce que vous puissiez le visiter sans vous identifier [\u2026]<\/p>","protected":false},"author":2,"featured_media":0,"parent":0,"menu_order":0,"comment_status":"closed","ping_status":"closed","template":"","meta":{"content-type":"","footnotes":""},"class_list":["post-11353","page","type-page","status-publish","hentry"],"_links":{"self":[{"href":"https:\/\/www.spiroflow.com\/fr\/wp-json\/wp\/v2\/pages\/11353","targetHints":{"allow":["GET"]}}],"collection":[{"href":"https:\/\/www.spiroflow.com\/fr\/wp-json\/wp\/v2\/pages"}],"about":[{"href":"https:\/\/www.spiroflow.com\/fr\/wp-json\/wp\/v2\/types\/page"}],"author":[{"embeddable":true,"href":"https:\/\/www.spiroflow.com\/fr\/wp-json\/wp\/v2\/users\/2"}],"replies":[{"embeddable":true,"href":"https:\/\/www.spiroflow.com\/fr\/wp-json\/wp\/v2\/comments?post=11353"}],"version-history":[{"count":0,"href":"https:\/\/www.spiroflow.com\/fr\/wp-json\/wp\/v2\/pages\/11353\/revisions"}],"wp:attachment":[{"href":"https:\/\/www.spiroflow.com\/fr\/wp-json\/wp\/v2\/media?parent=11353"}],"curies":[{"name":"wp","href":"https:\/\/api.w.org\/{rel}","templated":true}]}}