{"id":11354,"date":"2023-08-30T15:32:03","date_gmt":"2023-08-30T15:32:03","guid":{"rendered":"https:\/\/www.spiroflow.com\/?page_id=11354"},"modified":"2024-03-05T22:25:08","modified_gmt":"2024-03-05T22:25:08","slug":"termes-et-conditions","status":"publish","type":"page","link":"https:\/\/www.spiroflow.com\/fr\/termes-et-conditions\/","title":{"rendered":"termes et conditions"},"content":{"rendered":"<div data-elementor-type=\"wp-page\" data-elementor-id=\"11354\" class=\"elementor elementor-11354\" data-elementor-post-type=\"page\">\n\t\t\t\t<div class=\"elementor-element elementor-element-1ad01a2 e-flex e-con-boxed e-con e-parent\" data-id=\"1ad01a2\" data-element_type=\"container\" data-settings=\"{&quot;background_background&quot;:&quot;classic&quot;}\">\n\t\t\t\t\t<div class=\"e-con-inner\">\n\t\t\t\t<div class=\"elementor-element elementor-element-f423ca0 elementor-widget elementor-widget-heading\" data-id=\"f423ca0\" data-element_type=\"widget\" data-widget_type=\"heading.default\">\n\t\t\t\t<div class=\"elementor-widget-container\">\n\t\t\t\t\t<h1 class=\"elementor-heading-title elementor-size-default\">Conditions g\u00e9n\u00e9rales de vente\n<\/h1>\t\t\t\t<\/div>\n\t\t\t\t<\/div>\n\t\t\t\t\t<\/div>\n\t\t\t\t<\/div>\n\t\t<div class=\"elementor-element elementor-element-dbddfde e-flex e-con-boxed e-con e-parent\" data-id=\"dbddfde\" data-element_type=\"container\">\n\t\t\t\t\t<div class=\"e-con-inner\">\n\t\t<div class=\"elementor-element elementor-element-0c96b64 e-con-full e-flex e-con e-child\" data-id=\"0c96b64\" data-element_type=\"container\">\n\t\t\t\t<div class=\"elementor-element elementor-element-8c1852b elementor-widget elementor-widget-text-editor\" data-id=\"8c1852b\" data-element_type=\"widget\" data-widget_type=\"text-editor.default\">\n\t\t\t\t<div class=\"elementor-widget-container\">\n\t\t\t\t\t\t\t\t\t<div class=\"default-row-col default-row-1-col default-row-col1 default-row-1-col1\"><div class=\"default-row-col-content\"><div class=\"default-row-col default-row-1-col default-row-col1 default-row-1-col1\"><div class=\"default-row-col-content\"><h3>1. Op\u00e9rateur du site Web<\/h3><p>Ce site Web est exploit\u00e9 par Spiroflow Limited. Notre num\u00e9ro de TVA est GB 732 9112 49. Notre bureau est situ\u00e9 \u00e0 Unit B, Prime Point, Lower Eccleshill Rd, Darwen BB3 0RP. Vous pouvez nous appeler au 01200 409253 ou nous envoyer un e-mail \u00e0 info@spiroflow.com<\/p><h3>2. Licence<\/h3><ol type=\"a\"><li>Spiroflow Limited vous accorde une licence non exclusive pour utiliser ce site Web selon les termes et conditions suivants.<\/li><li>Nous pouvons r\u00e9silier cette licence \u00e0 tout moment sans pr\u00e9avis.<\/li><\/ol><h3>3. Documents sur le site Web<\/h3><ol type=\"a\"><li>Ce site Web contient du mat\u00e9riel appartenant \u00e0 ou sous licence de l&#039;op\u00e9rateur. Ce mat\u00e9riel comprend, sans toutefois s&#039;y limiter, la conception, la mise en page, l&#039;apparence et les graphiques. Il est prot\u00e9g\u00e9 par les lois sur la propri\u00e9t\u00e9 intellectuelle, y compris, mais sans s&#039;y limiter, le droit d&#039;auteur.<\/li><li>Vous pouvez consulter, utiliser, t\u00e9l\u00e9charger et stocker le mat\u00e9riel de ce site Web pour un usage personnel ou dans le but de faire affaire avec nous. L\u2019utilisation commerciale n\u2019est pas autoris\u00e9e. La redistribution, la republication ou la mise \u00e0 disposition de toute autre mani\u00e8re du mat\u00e9riel de ce site Web \u00e0 des tiers, sans notre consentement \u00e9crit pr\u00e9alable, est interdite.<\/li><li>L&#039;utilisation non autoris\u00e9e de ce site Web peut donner lieu \u00e0 une demande de dommages-int\u00e9r\u00eats et\/ou constituer une infraction p\u00e9nale.<\/li><\/ol><h3>4. Exactitude des informations<\/h3><ol type=\"a\"><li>Les informations contenues dans ce site Web sont fournies de bonne foi et \u00e0 titre d&#039;information et d&#039;int\u00e9r\u00eat g\u00e9n\u00e9ral uniquement. Un changement sans pr\u00e9avis est possible. Nous ne sommes pas responsables des inexactitudes et\u00a0<em>(sauf dans les cas \u00e9nonc\u00e9s \u00e0 la clause 6c)<\/em>\u00a0ne font aucune repr\u00e9sentation et ne donnent aucune garantie quant \u00e0 son exactitude.<\/li><li>Les informations contenues dans ce site Web ne doivent pas \u00eatre fiables et ne constituent aucune forme de conseil ou de recommandation. En utilisant ce site Web, vous confirmez que vous ne vous \u00eates pas appuy\u00e9 sur de telles informations. Tout arrangement conclu entre vous et tout tiers nomm\u00e9 ou mentionn\u00e9 sur le site Web est enti\u00e8rement \u00e0 vos propres risques et sous votre seule responsabilit\u00e9.<\/li><\/ol><h3>5. Lien<\/h3><ol type=\"a\"><li>Ce site Web peut contenir des liens vers d&#039;autres sites Web. Nous d\u00e9clinons toute responsabilit\u00e9 quant au contenu d&#039;autres sites Web qui ne sont pas sous notre strict contr\u00f4le. Tout lien n\u2019est pas destin\u00e9 \u00e0 \u00eatre, ni ne doit \u00eatre interpr\u00e9t\u00e9 comme, une approbation de quelque nature que ce soit de notre part de cet autre site Web.<\/li><li>Vous ne pouvez pas cr\u00e9er un lien vers ce site Web \u00e0 partir d\u2019un autre site Web ou d\u2019un autre document sans notre accord \u00e9crit pr\u00e9alable.<\/li><\/ol><h3>6. Responsabilit\u00e9<\/h3><ol type=\"a\"><li>Nous ne garantissons pas que l&#039;utilisation de ce site Web sera compatible avec tous les mat\u00e9riels et logiciels pouvant \u00eatre utilis\u00e9s par les visiteurs du site.<\/li><li>Sauf dans les cas \u00e9nonc\u00e9s \u00e0 la clause 6c, nous ne serons en aucun cas tenus responsables envers vous, que ce soit par contrat, d\u00e9lit\u00a0<em>(y compris la n\u00e9gligence)<\/em>, violation d&#039;une obligation l\u00e9gale, restitution ou autre pour toute blessure, d\u00e9c\u00e8s, dommage ou perte directe, indirecte ou cons\u00e9cutive\u00a0<em>(ces trois termes incluent, sans s&#039;y limiter, la perte \u00e9conomique pure, la perte de b\u00e9n\u00e9fices, la perte d&#039;activit\u00e9, l&#039;\u00e9puisement du fonds de commerce et les pertes similaires)<\/em>\u00a0quelle qu&#039;en soit la cause, d\u00e9coulant de ou en relation avec l&#039;utilisation de ce site Web ou l&#039;utilisation, l&#039;acc\u00e8s, le t\u00e9l\u00e9chargement ou le recours \u00e0 toute information ou autre mat\u00e9riel contenu dans ce site Web, y compris, sans s&#039;y limiter, \u00e0 la suite d&#039;un virus informatique.<\/li><li>Les pr\u00e9sentes conditions g\u00e9n\u00e9rales n&#039;excluent pas notre responsabilit\u00e9\u00a0<em>(si seulement)<\/em>\u00a0\u00e0 vous en cas de blessure corporelle ou de d\u00e9c\u00e8s r\u00e9sultant de notre n\u00e9gligence, de fraude ou de toute question qu&#039;il serait ill\u00e9gal pour nous d&#039;exclure ou de tenter d&#039;exclure notre responsabilit\u00e9.<\/li><\/ol><h3>7. Confidentialit\u00e9<\/h3><p>Notre politique de confidentialit\u00e9 fait partie des pr\u00e9sentes conditions g\u00e9n\u00e9rales.<\/p><h3>8. Accord complet<\/h3><p>Ces termes et conditions\u00a0<em>(y compris la politique de confidentialit\u00e9 mentionn\u00e9e \u00e0 l&#039;article 7)<\/em>\u00a0contiennent toutes les conditions que vous et l&#039;Op\u00e9rateur avez convenues concernant l&#039;utilisation du site Web.<\/p><h3>9. Juridiction et acceptation des pr\u00e9sentes conditions g\u00e9n\u00e9rales<\/h3><p>Ce site Web est contr\u00f4l\u00e9 et exploit\u00e9 par Spiroflow Limited depuis nos bureaux en Angleterre. La formation, l&#039;existence, la construction, l&#039;ex\u00e9cution, la validit\u00e9 sous tous ses aspects des pr\u00e9sentes Conditions g\u00e9n\u00e9rales ou de toute clause des pr\u00e9sentes Conditions g\u00e9n\u00e9rales ou tout litige relatif aux \u00e9l\u00e9ments contenus dans ce site Web seront r\u00e9gis par le droit anglais. Les tribunaux anglais auront la comp\u00e9tence exclusive pour r\u00e9gler tout litige pouvant d\u00e9couler de ou en relation avec les pr\u00e9sentes conditions g\u00e9n\u00e9rales ou l&#039;utilisation du site Web.<\/p><ol type=\"a\"><li>Votre utilisation continue de ce site Web indique votre acceptation de ces termes et conditions.<\/li><\/ol><\/div><\/div><\/div><\/div>\t\t\t\t\t\t\t\t<\/div>\n\t\t\t\t<\/div>\n\t\t\t\t<\/div>\n\t\t\t\t\t<\/div>\n\t\t\t\t<\/div>\n\t\t\t\t<\/div>","protected":false},"excerpt":{"rendered":"<p>Conditions g\u00e9n\u00e9rales 1. Op\u00e9rateur du site web Ce site web est exploit\u00e9 par Spiroflow Limited. Notre num\u00e9ro de TVA est le GB 732 9112 49. Nos bureaux sont situ\u00e9s \u00e0 l&#039;adresse Unit B, Prime Point, Lower Eccleshill Rd, Darwen BB3 0RP. Vous pouvez nous appeler au 01200 409253 ou nous envoyer un e-mail \u00e0 info@spiroflow.com. 2. Licence Spiroflow Limited vous accorde un [\u2026]<\/p>","protected":false},"author":2,"featured_media":0,"parent":0,"menu_order":0,"comment_status":"closed","ping_status":"closed","template":"","meta":{"content-type":"","footnotes":""},"class_list":["post-11354","page","type-page","status-publish","hentry"],"_links":{"self":[{"href":"https:\/\/www.spiroflow.com\/fr\/wp-json\/wp\/v2\/pages\/11354","targetHints":{"allow":["GET"]}}],"collection":[{"href":"https:\/\/www.spiroflow.com\/fr\/wp-json\/wp\/v2\/pages"}],"about":[{"href":"https:\/\/www.spiroflow.com\/fr\/wp-json\/wp\/v2\/types\/page"}],"author":[{"embeddable":true,"href":"https:\/\/www.spiroflow.com\/fr\/wp-json\/wp\/v2\/users\/2"}],"replies":[{"embeddable":true,"href":"https:\/\/www.spiroflow.com\/fr\/wp-json\/wp\/v2\/comments?post=11354"}],"version-history":[{"count":0,"href":"https:\/\/www.spiroflow.com\/fr\/wp-json\/wp\/v2\/pages\/11354\/revisions"}],"wp:attachment":[{"href":"https:\/\/www.spiroflow.com\/fr\/wp-json\/wp\/v2\/media?parent=11354"}],"curies":[{"name":"wp","href":"https:\/\/api.w.org\/{rel}","templated":true}]}}