{"id":11355,"date":"2023-08-30T15:34:57","date_gmt":"2023-08-30T15:34:57","guid":{"rendered":"https:\/\/www.spiroflow.com\/?page_id=11355"},"modified":"2024-09-13T14:07:25","modified_gmt":"2024-09-13T14:07:25","slug":"conditions-dachat","status":"publish","type":"page","link":"https:\/\/www.spiroflow.com\/fr\/conditions-dachat\/","title":{"rendered":"Conditions d&#039;achat"},"content":{"rendered":"<div data-elementor-type=\"wp-page\" data-elementor-id=\"11355\" class=\"elementor elementor-11355\" data-elementor-post-type=\"page\">\n\t\t\t\t<div class=\"elementor-element elementor-element-3807ce1 e-flex e-con-boxed e-con e-parent\" data-id=\"3807ce1\" data-element_type=\"container\" data-settings=\"{&quot;background_background&quot;:&quot;classic&quot;}\">\n\t\t\t\t\t<div class=\"e-con-inner\">\n\t\t\t\t<div class=\"elementor-element elementor-element-c2611ae elementor-widget elementor-widget-heading\" data-id=\"c2611ae\" data-element_type=\"widget\" data-widget_type=\"heading.default\">\n\t\t\t\t<div class=\"elementor-widget-container\">\n\t\t\t\t\t<h1 class=\"elementor-heading-title elementor-size-default\">Conditions g\u00e9n\u00e9rales d&#039;achat\n<\/h1>\t\t\t\t<\/div>\n\t\t\t\t<\/div>\n\t\t\t\t\t<\/div>\n\t\t\t\t<\/div>\n\t\t<div class=\"elementor-element elementor-element-3f562ab e-flex e-con-boxed e-con e-parent\" data-id=\"3f562ab\" data-element_type=\"container\">\n\t\t\t\t\t<div class=\"e-con-inner\">\n\t\t<div class=\"elementor-element elementor-element-077d3ff e-con-full e-flex e-con e-child\" data-id=\"077d3ff\" data-element_type=\"container\">\n\t\t\t\t<div class=\"elementor-element elementor-element-35ced01 elementor-widget elementor-widget-text-editor\" data-id=\"35ced01\" data-element_type=\"widget\" data-widget_type=\"text-editor.default\">\n\t\t\t\t<div class=\"elementor-widget-container\">\n\t\t\t\t\t\t\t\t\t<div class=\"default-row-col default-row-1-col default-row-col1 default-row-1-col1\"><div class=\"default-row-col-content\"><h3>1. Interpr\u00e9tation<\/h3><ol type=\"a\"><li>Dans les pr\u00e9sentes Conditions, \u00ab\u00a0Soci\u00e9t\u00e9\u00a0\u00bb d\u00e9signe Spiroflow Limited et inclut ses successeurs et ayants droit\u00a0; \u00ab Bon de commande \u00bb d\u00e9signe la commande de la Soci\u00e9t\u00e9 pour l&#039;achat de biens ou de services\u00a0; \u00ab\u00a0Fournisseur\u00a0\u00bb d\u00e9signe la partie \u00e0 laquelle le bon de commande est adress\u00e9\u00a0; \u00ab Contrat \u00bb d\u00e9signe le contrat entre la Soci\u00e9t\u00e9 et le Fournisseur pour la vente et l&#039;achat des biens et\/ou la fourniture et l&#039;acquisition des services d\u00e9crits dans le Bon de Commande.<\/li><\/ol><h3>2. Conditions applicables<\/h3><ol type=\"a\"><li>\u00a0Le Bon de Commande constitue une offre de la Soci\u00e9t\u00e9 d&#039;acheter les biens et\/ou d&#039;acqu\u00e9rir les services qui y sont d\u00e9crits sous r\u00e9serve des pr\u00e9sentes Conditions.<\/li><li>Les pr\u00e9sentes Conditions doivent s&#039;appliquer au Contrat \u00e0 l&#039;exclusion de tous les autres termes et conditions selon lesquels un devis a \u00e9t\u00e9 remis \u00e0 la Soci\u00e9t\u00e9 ou sous r\u00e9serve desquels le Bon de Commande est accept\u00e9 ou cens\u00e9 \u00eatre accept\u00e9 par le Fournisseur.<\/li><li>Le Bon de Commande peut \u00eatre retir\u00e9 par la Soci\u00e9t\u00e9 \u00e0 tout moment avant son acceptation sans r\u00e9serve par le Fournisseur. La fourniture de biens et\/ou de services selon les termes du bon de commande sera consid\u00e9r\u00e9e comme une acceptation sans condition.<\/li><li>Aucune modification du bon de commande ou des pr\u00e9sentes conditions ne sera contraignante, sauf accord \u00e9crit d&#039;un repr\u00e9sentant autoris\u00e9 de la soci\u00e9t\u00e9.<\/li><\/ol><h3>3. Sp\u00e9cifications<\/h3><ol type=\"a\"><li>La quantit\u00e9, la qualit\u00e9 et la description des biens et\/ou services doivent \u00eatre telles que sp\u00e9cifi\u00e9es dans le bon de commande et\/ou dans toute sp\u00e9cification applicable fournie par la Soci\u00e9t\u00e9 au fournisseur.<\/li><li>Toute sp\u00e9cification et\/ou quantit\u00e9 applicable peut \u00eatre sujette \u00e0 modification \u00e0 la demande de la Soci\u00e9t\u00e9, \u00e0 sa seule discr\u00e9tion. Le Fournisseur donnera effet \u00e0 toute modification d\u00e8s sa r\u00e9ception. Dans ce cas, l&#039;entreprise et le fournisseur conviendront d&#039;un ajustement du prix.<\/li><li>Toute sp\u00e9cification fournie par la Soci\u00e9t\u00e9 au Fournisseur, ou sp\u00e9cifiquement produite par le Fournisseur pour la Soci\u00e9t\u00e9, dans le cadre du Contrat, ainsi que les droits d&#039;auteur, les droits de conception et\/ou tout autre droit de propri\u00e9t\u00e9 intellectuelle dans la sp\u00e9cification, doivent \u00eatre la propri\u00e9t\u00e9 exclusive. propri\u00e9t\u00e9 et confidentielle de la Soci\u00e9t\u00e9. Le fournisseur ne doit pas utiliser ou divulguer une telle sp\u00e9cification, sauf si cela est requis aux fins du contrat.<\/li><li>Sauf accord \u00e9crit contraire d&#039;un repr\u00e9sentant autoris\u00e9 de la Soci\u00e9t\u00e9, le Fournisseur doit se conformer \u00e0 toutes les normes britanniques applicables et \u00e0 toutes les r\u00e9glementations ou autres exigences l\u00e9gales concernant la conception, la fabrication, les tests, l&#039;emballage, l&#039;emballage, l&#039;\u00e9tiquetage et la livraison des marchandises et\/ou le r\u00e9alisation des prestations.<\/li><li>Les marchandises doivent \u00eatre marqu\u00e9es conform\u00e9ment aux instructions de la Soci\u00e9t\u00e9 et \u00e0 toutes les exigences l\u00e9gales et correctement emball\u00e9es et s\u00e9curis\u00e9es pour \u00eatre livr\u00e9es \u00e0 la Soci\u00e9t\u00e9 dans un \u00e9tat intact.<\/li><\/ol><h3>4. Prix<\/h3><ol type=\"a\"><li>Le prix des biens et\/ou services sera celui indiqu\u00e9 dans le bon de commande et ne pourra pas \u00eatre modifi\u00e9 par le fournisseur.<\/li><li>Sauf indication contraire dans le bon de commande, le prix comprend tous les frais d&#039;emballage, de conditionnement, de caisses ou de conteneurs, de manutention, d&#039;exp\u00e9dition, de transport, de chargement, de d\u00e9chargement, d&#039;assurance et de livraison des marchandises au point de livraison indiqu\u00e9 dans le bon de commande et tous droits, imp\u00f4ts ou pr\u00e9l\u00e8vements (autres que la TVA).<\/li><li>Le prix s&#039;entend hors TVA applicable qui sera payable par la Soci\u00e9t\u00e9 sous r\u00e9serve de r\u00e9ception d&#039;une facture TVA.<\/li><\/ol><h3>5. Modalit\u00e9s de paiement<\/h3><ol type=\"a\"><li>Le fournisseur aura le droit de facturer la soci\u00e9t\u00e9 au moment ou \u00e0 tout moment apr\u00e8s la livraison des biens ou l&#039;ex\u00e9cution des services, et chaque facture doit mentionner le num\u00e9ro du bon de commande.<\/li><li>Sauf accord contraire \u00e9crit d&#039;un repr\u00e9sentant autoris\u00e9 de la Soci\u00e9t\u00e9, le paiement du prix sera d\u00fb 60 jours apr\u00e8s la fin du mois de r\u00e9ception par la Soci\u00e9t\u00e9 d&#039;une facture en bonne et due forme ou, si plus tard, 60 jours apr\u00e8s l&#039;acceptation des marchandises ou prestations par la Soci\u00e9t\u00e9.<\/li><li>La Soci\u00e9t\u00e9 aura le droit de compenser par le prix toute somme due \u00e0 la Soci\u00e9t\u00e9 par le Fournisseur, que ce soit au titre du Contrat ou autrement.<\/li><\/ol><h3>6. Livraison et acceptation<\/h3><ol type=\"a\"><li>La livraison doit \u00eatre effectu\u00e9e de la mani\u00e8re indiqu\u00e9e dans le bon de commande et doit \u00eatre accompagn\u00e9e d&#039;un bon de livraison.<\/li><li>La signature d&#039;un bon de livraison par les repr\u00e9sentants ou agents d\u00fbment autoris\u00e9s de la Soci\u00e9t\u00e9 constitue uniquement une preuve de livraison.<\/li><li>Le d\u00e9lai de livraison des biens et d\u2019ex\u00e9cution des services est essentiel au Contrat.<\/li><li>La Soci\u00e9t\u00e9 aura le droit de refuser toute marchandise livr\u00e9e qui ne serait pas conforme au Contrat. La Soci\u00e9t\u00e9 ne sera r\u00e9put\u00e9e avoir accept\u00e9 aucune marchandise tant qu&#039;elle ne les aura pas effectivement inspect\u00e9s apr\u00e8s la livraison ou, si plus tard, dans un d\u00e9lai raisonnable apr\u00e8s qu&#039;un d\u00e9faut cach\u00e9 des marchandises soit devenu apparent.<\/li><li>Nonobstant la clause 6d et l&#039;article 35 de la loi sur la vente de marchandises de 1979, telle que modifi\u00e9e par la loi de 1994 sur la vente et la fourniture de marchandises, o\u00f9 les marchandises doivent \u00eatre command\u00e9es par le fournisseur dans les locaux de la soci\u00e9t\u00e9 (ou ailleurs \u00e0 la demande de la soci\u00e9t\u00e9), acceptation la livraison des marchandises n&#039;aura lieu ou ne sera r\u00e9put\u00e9e avoir lieu que lorsque cette mise en service aura \u00e9t\u00e9 effectu\u00e9e et achev\u00e9e de mani\u00e8re satisfaisante \u00e0 tous \u00e9gards.<\/li><li>M\u00eame si les obligations du Fournisseur en vertu de cette clause auraient pu \u00eatre remplies, l&#039;ex\u00e9cution du Contrat ne sera pas r\u00e9put\u00e9e avoir eu lieu tant que tous les documents sp\u00e9cifi\u00e9s dans le Bon de Commande n&#039;auront pas \u00e9t\u00e9 fournis.<\/li><\/ol><h3>7. Risques et biens<\/h3><ol type=\"a\"><li>Le risque de dommage ou de perte des marchandises sera transf\u00e9r\u00e9 \u00e0 la Soci\u00e9t\u00e9 d\u00e8s la livraison conform\u00e9ment au Contrat.<\/li><li>La propri\u00e9t\u00e9 des marchandises sera transf\u00e9r\u00e9e \u00e0 la Soci\u00e9t\u00e9 \u00e0 la livraison, \u00e0 moins que le paiement des marchandises ne soit effectu\u00e9 avant la livraison, lorsqu&#039;elle sera transf\u00e9r\u00e9e \u00e0 la Soci\u00e9t\u00e9 une fois le paiement effectu\u00e9 et les marchandises affect\u00e9es au Contrat.<\/li><\/ol><h3>8. D\u00e9fauts<\/h3><ol type=\"a\"><li>Le Fournisseur garantit que les marchandises :<br \/><ol type=\"i\"><li>sera de qualit\u00e9 satisfaisante et adapt\u00e9 \u00e0 tout usage propos\u00e9 par le fournisseur ou port\u00e9 \u00e0 la connaissance du fournisseur au moment de la passation du bon de commande\u00a0;<\/li><li>sera exempt de tout d\u00e9faut de conception, de mat\u00e9riau et de fabrication.<\/li><li>correspondra \u00e0 toute sp\u00e9cification ou \u00e9chantillon pertinent\u00a0;<\/li><li>ne portera atteinte aux droits d\u2019aucun tiers.<\/li><\/ol><\/li><li>Le Fournisseur garantit que tous les services seront ex\u00e9cut\u00e9s par un personnel d\u00fbment qualifi\u00e9 et form\u00e9, avec le soin et la diligence n\u00e9cessaires et selon un niveau de qualit\u00e9 aussi \u00e9lev\u00e9 que la Soci\u00e9t\u00e9 peut raisonnablement s&#039;attendre dans toutes les circonstances.<\/li><li>Sans limiter tout autre recours disponible, si des biens ou des services ne sont pas fournis ou ex\u00e9cut\u00e9s conform\u00e9ment au contrat ou pr\u00e9sentent un d\u00e9faut dans les 12 mois suivant l&#039;acceptation des marchandises par l&#039;entreprise. La Soci\u00e9t\u00e9, \u00e0 sa discr\u00e9tion, aura le droit, nonobstant toute acceptation des marchandises par la Soci\u00e9t\u00e9\u00a0:<br \/><ol type=\"i\"><li>rejeter les marchandises, exiger du Fournisseur qu&#039;il r\u00e9pare les marchandises ou qu&#039;il fournisse des biens ou des services de remplacement conform\u00e9ment au Contrat\u00a0; ou<\/li><\/ol><\/li><li>Le Fournisseur indemnisera int\u00e9gralement la Soci\u00e9t\u00e9 contre toute responsabilit\u00e9, perte, dommage, co\u00fbt et d\u00e9pense (y compris les frais juridiques) attribu\u00e9s ou engag\u00e9s ou pay\u00e9s par la Soci\u00e9t\u00e9 \u00e0 la suite de ou en relation avec toute violation par le Fournisseur du Contrat ou l&#039;une de ces conditions.<\/li><\/ol><h3>9. S\u00e9curit\u00e9 des produits<\/h3><p>Le Fournisseur garantit et s&#039;engage envers la Soci\u00e9t\u00e9 :<\/p><ol type=\"a\"><li>qu&#039;il fournira rapidement \u00e0 la Soci\u00e9t\u00e9, de temps \u00e0 autre, les informations n\u00e9cessaires pour permettre \u00e0 la Soci\u00e9t\u00e9 d&#039;\u00e9valuer la nature et l&#039;\u00e9tendue de tout risque de s\u00e9curit\u00e9 des produits associ\u00e9 aux marchandises ou \u00e0 leur utilisation et prendra les mesures qui peuvent \u00eatre raisonnablement n\u00e9cessaires pour permettre \u00e0 la Soci\u00e9t\u00e9 de se conformer aux exigences de toutes les lois de s\u00e9curit\u00e9 applicables.<\/li><li>que les marchandises ou les mat\u00e9riaux doivent \u00eatre formul\u00e9s, con\u00e7us, construits, finis et emball\u00e9s de mani\u00e8re \u00e0 \u00eatre s\u00fbrs et sans risque pour la sant\u00e9 et conformes \u00e0 toutes les normes britanniques et europ\u00e9ennes ou \u00e0 d&#039;autres normes reconnues de sant\u00e9 et de s\u00e9curit\u00e9, y compris les exigences de sant\u00e9 et de s\u00e9curit\u00e9 du Loi de 1974 sur la sant\u00e9 et la s\u00e9curit\u00e9 au travail, etc., loi de 1987 sur la protection des consommateurs et r\u00e8glement g\u00e9n\u00e9ral sur la s\u00e9curit\u00e9 des produits de 1994.<\/li><li>que tous les biens ou mat\u00e9riaux qui sont (ou seront fournis dans l&#039;Union europ\u00e9enne) dans le champ d&#039;application des exigences de marquage CE de toute directive europ\u00e9enne pertinente ou des lois locales la mettant en \u0153uvre satisferont aux exigences pertinentes et porteront une marque CE correctement appos\u00e9e , disposer d&#039;un certificat de conformit\u00e9 et de toutes les sp\u00e9cifications techniques n\u00e9cessaires, et r\u00e9pondre \u00e0 toutes les exigences pertinentes en mati\u00e8re de sant\u00e9 et de s\u00e9curit\u00e9 applicables aux marchandises \u00e0 la fois dans l&#039;\u00e9tat ou sous la forme fournie \u00e0 la Soci\u00e9t\u00e9 et lorsqu&#039;elles sont combin\u00e9es avec d&#039;autres marchandises. Il est de la responsabilit\u00e9 du fournisseur de se familiariser avec le but pour lequel les marchandises doivent \u00eatre fournies.<\/li><li>que le fournisseur devra, avant la livraison, fournir \u00e0 la soci\u00e9t\u00e9 par \u00e9crit une liste nominative et une description de toutes les propri\u00e9t\u00e9s ou ingr\u00e9dients nocifs ou potentiellement nocifs pr\u00e9sents dans tout bien ou mat\u00e9riau \u00e0 fournir, qu&#039;ils soient utilis\u00e9s ou non, et par la suite des informations concernant tout changement dans ces propri\u00e9t\u00e9s ou ingr\u00e9dients. La Soci\u00e9t\u00e9 s&#039;appuiera sur la fourniture de ces informations par l&#039;entrepreneur afin de satisfaire \u00e0 ses propres obligations en vertu des exigences pertinentes en mati\u00e8re de sant\u00e9 et de s\u00e9curit\u00e9, notamment la loi de 1974 sur la sant\u00e9 et la s\u00e9curit\u00e9 au travail, etc. et les r\u00e8glements de 1988 sur le contr\u00f4le des substances dangereuses pour la sant\u00e9.<\/li><\/ol><h3>10. R\u00e9siliation et annulation<\/h3><ol type=\"a\"><li>La Soci\u00e9t\u00e9 aura le droit d&#039;exiger la suspension des livraisons ou d&#039;annuler le Contrat sans encourir aucune responsabilit\u00e9 envers le Fournisseur, et sans limiter les autres droits qu&#039;elle pourrait avoir contre le Fournisseur, en donnant une notification \u00e9crite au Fournisseur \u00e0 tout moment si\u00a0:<br \/><ol type=\"i\"><li>le Fournisseur cesse, ou menace de cesser, d&#039;exercer ses activit\u00e9s\u00a0; ou<\/li><li>la Soci\u00e9t\u00e9 craint raisonnablement que le Fournisseur soit sur le point de cesser ses activit\u00e9s ou qu&#039;il soit incapable de payer ses dettes\u00a0; ou<\/li><li>la livraison n&#039;est pas effectu\u00e9e dans le d\u00e9lai imparti\u00a0; ou<\/li><li>le Fournisseur commet toute autre violation substantielle de tout terme ou condition du Contrat et n&#039;a pas r\u00e9ussi \u00e0 y rem\u00e9dier \u00e0 la r\u00e9ception d&#039;un avis de la soci\u00e9t\u00e9.<\/li><\/ol><p>Et dans de telles circonstances, tous les paiements effectu\u00e9s par la Soci\u00e9t\u00e9 au Fournisseur en vertu du Contrat deviendront imm\u00e9diatement remboursables.<\/p><\/li><li>En plus de ses droits en vertu de la clause 10a, la Soci\u00e9t\u00e9 peut annuler le Contrat par notification \u00e9crite au Fournisseur donn\u00e9e \u00e0 tout moment, auquel cas la Soci\u00e9t\u00e9 (\u00e0 moins qu&#039;au moment d&#039;une telle annulation elle aurait pu r\u00e9silier le contrat en vertu de la clause 10a sera responsable de payer un prix juste et raisonnable au Fournisseur\u00a0:<br \/><ol type=\"i\"><li>pour les biens et services d\u00e9j\u00e0 fournis dans le cadre du Contrat et finalement accept\u00e9s par la Soci\u00e9t\u00e9 avant l&#039;annulation<\/li><li>pour les produits finis dont la fabrication avait commenc\u00e9 \u00e0 la date de cette r\u00e9siliation et que le Fournisseur livre ensuite \u00e0 la Soci\u00e9t\u00e9, \u00e0 condition que les marchandises et la livraison soient (si le Contrat \u00e9tait alors en vigueur) conformes au Contrat \u00e0 tous \u00e9gards<\/li><li>pour tous les stocks de mati\u00e8res premi\u00e8res qu&#039;\u00e0 la date de r\u00e9siliation le Fournisseur a acquis ou s&#039;est engag\u00e9 \u00e0 acqu\u00e9rir aux fins du Contrat et dont la Soci\u00e9t\u00e9 est convaincue qu&#039;elles ne pourraient autrement \u00eatre utilis\u00e9es par le Fournisseur<\/li><\/ol><p>Et la Soci\u00e9t\u00e9 ne sera pas responsable de toute perte, dommage ou perte de profit cons\u00e9cutif encouru par le Fournisseur en raison d&#039;une telle annulation.<\/p><\/li><\/ol><h3>11. Contr\u00f4le<\/h3><ol type=\"a\"><li>Sans pr\u00e9judice du droit de la Soci\u00e9t\u00e9 de refuser les marchandises ou de tout autre droit ou recours de la Soci\u00e9t\u00e9, la Soci\u00e9t\u00e9 peut (mais ne sera pas oblig\u00e9e de) inspecter les marchandises pendant la fabrication et avant l&#039;exp\u00e9dition et effectuer les tests n\u00e9cessaires. dans le bon de commande ou dans toute sp\u00e9cification qui y est mentionn\u00e9e et le fournisseur accordera des facilit\u00e9s aux repr\u00e9sentants de la soci\u00e9t\u00e9 \u00e0 cet effet et, le cas \u00e9ch\u00e9ant, informera la soci\u00e9t\u00e9 lorsque les marchandises seront pr\u00eates pour l&#039;inspection et les tests.<\/li><li>Lorsque le bon de commande comprend un certain nombre d&#039;articles similaires et qu&#039;une inspection ou un test effectu\u00e9 par ou pour la Soci\u00e9t\u00e9 autoriserait la Soci\u00e9t\u00e9 \u00e0 rejeter un ou plusieurs articles, la Soci\u00e9t\u00e9 peut rejeter tous les articles compris dans le bon de commande, sauf dans la mesure o\u00f9 ils se sont r\u00e9v\u00e9l\u00e9s satisfaisants lors d&#039;essais effectu\u00e9s aux frais du Fournisseur.<\/li><\/ol><h3>12. G\u00e9n\u00e9ral<\/h3><ol type=\"a\"><li>Le Bon de Commande est personnel au Fournisseur et le Fournisseur ne peut pas c\u00e9der ou transf\u00e9rer, ou pr\u00e9tendre c\u00e9der ou transf\u00e9rer, \u00e0 toute autre personne l&#039;un de ses droits ou sous-traiter l&#039;une de ses obligations en vertu du Contrat.<\/li><li>Aucune renonciation de la Soci\u00e9t\u00e9 \u00e0 toute rupture du Contrat par le Fournisseur ne sera consid\u00e9r\u00e9e comme une renonciation \u00e0 toute violation ult\u00e9rieure de celle-ci ou de toute autre disposition.<\/li><li>Si une disposition des pr\u00e9sentes Conditions est jug\u00e9e par une autorit\u00e9 comp\u00e9tente comme invalide ou inapplicable en tout ou en partie, la validit\u00e9 des autres dispositions des pr\u00e9sentes Conditions et le reste de la disposition en question ne seront pas affect\u00e9s.<\/li><li>Le Contrat est soumis au droit d&#039;Angleterre et du Pays de Galles.<\/li><li>Tous les litiges d\u00e9coulant du Contrat seront soumis \u00e0 la comp\u00e9tence non exclusive des tribunaux d&#039;Angleterre et du Pays de Galles.<\/li><\/ol><\/div><\/div>\t\t\t\t\t\t\t\t<\/div>\n\t\t\t\t<\/div>\n\t\t\t\t<\/div>\n\t\t\t\t\t<\/div>\n\t\t\t\t<\/div>\n\t\t\t\t<\/div>","protected":false},"excerpt":{"rendered":"<p>Conditions g\u00e9n\u00e9rales d&#039;achat 1. Interpr\u00e9tation Dans ces conditions, \u00ab\u00a0Soci\u00e9t\u00e9\u00a0\u00bb d\u00e9signe Spiroflow Limited et inclut ses successeurs et ayants droit\u00a0; \u00ab Bon de commande \u00bb d\u00e9signe la commande de la Soci\u00e9t\u00e9 pour l&#039;achat de biens ou de services\u00a0; \u00ab\u00a0Fournisseur\u00a0\u00bb d\u00e9signe la partie \u00e0 laquelle le bon de commande est adress\u00e9\u00a0; \u00ab Contrat \u00bb d\u00e9signe le contrat entre la Soci\u00e9t\u00e9 et le Fournisseur pour le [\u2026]<\/p>","protected":false},"author":2,"featured_media":0,"parent":0,"menu_order":0,"comment_status":"closed","ping_status":"closed","template":"","meta":{"content-type":"","footnotes":""},"class_list":["post-11355","page","type-page","status-publish","hentry"],"_links":{"self":[{"href":"https:\/\/www.spiroflow.com\/fr\/wp-json\/wp\/v2\/pages\/11355","targetHints":{"allow":["GET"]}}],"collection":[{"href":"https:\/\/www.spiroflow.com\/fr\/wp-json\/wp\/v2\/pages"}],"about":[{"href":"https:\/\/www.spiroflow.com\/fr\/wp-json\/wp\/v2\/types\/page"}],"author":[{"embeddable":true,"href":"https:\/\/www.spiroflow.com\/fr\/wp-json\/wp\/v2\/users\/2"}],"replies":[{"embeddable":true,"href":"https:\/\/www.spiroflow.com\/fr\/wp-json\/wp\/v2\/comments?post=11355"}],"version-history":[{"count":0,"href":"https:\/\/www.spiroflow.com\/fr\/wp-json\/wp\/v2\/pages\/11355\/revisions"}],"wp:attachment":[{"href":"https:\/\/www.spiroflow.com\/fr\/wp-json\/wp\/v2\/media?parent=11355"}],"curies":[{"name":"wp","href":"https:\/\/api.w.org\/{rel}","templated":true}]}}