{"id":12192,"date":"2024-03-19T19:53:38","date_gmt":"2024-03-19T19:53:38","guid":{"rendered":"https:\/\/www.spiroflow.com\/?page_id=12192"},"modified":"2024-08-15T12:17:46","modified_gmt":"2024-08-15T12:17:46","slug":"convoyeur-mecanique-aerodynamique-lp","status":"publish","type":"page","link":"https:\/\/www.spiroflow.com\/fr\/convoyeur-mecanique-aerodynamique-lp\/","title":{"rendered":"Convoyeur A\u00e9ro M\u00e9canique \u2013 LP"},"content":{"rendered":"<div data-elementor-type=\"wp-page\" data-elementor-id=\"12192\" class=\"elementor elementor-12192\" data-elementor-post-type=\"page\">\n\t\t\t\t<div class=\"elementor-element elementor-element-b247525 e-grid e-con-boxed e-con e-parent\" data-id=\"b247525\" data-element_type=\"container\" data-settings=\"{&quot;background_background&quot;:&quot;classic&quot;}\">\n\t\t\t\t\t<div class=\"e-con-inner\">\n\t\t\t\t<div class=\"elementor-element elementor-element-81638e8 elementor-widget elementor-widget-spacer\" data-id=\"81638e8\" data-element_type=\"widget\" data-widget_type=\"spacer.default\">\n\t\t\t\t<div class=\"elementor-widget-container\">\n\t\t\t\t\t\t\t<div class=\"elementor-spacer\">\n\t\t\t<div class=\"elementor-spacer-inner\"><\/div>\n\t\t<\/div>\n\t\t\t\t\t\t<\/div>\n\t\t\t\t<\/div>\n\t\t\t\t<div class=\"elementor-element elementor-element-448a44e elementor-widget elementor-widget-heading\" data-id=\"448a44e\" data-element_type=\"widget\" data-widget_type=\"heading.default\">\n\t\t\t\t<div class=\"elementor-widget-container\">\n\t\t\t\t\t<h1 class=\"elementor-heading-title elementor-size-default\">CONVOYEURS A\u00c9RO M\u00c9CANIQUES<\/h1>\t\t\t\t<\/div>\n\t\t\t\t<\/div>\n\t\t\t\t<div class=\"elementor-element elementor-element-ef6fee5 elementor-widget elementor-widget-heading\" data-id=\"ef6fee5\" data-element_type=\"widget\" data-widget_type=\"heading.default\">\n\t\t\t\t<div class=\"elementor-widget-container\">\n\t\t\t\t\t<h2 class=\"elementor-heading-title elementor-size-default\">MAXIMISEZ VOTRE EFFICACIT\u00c9 AVEC LES CONVOYEURS A\u00c9RO M\u00c9CANIQUES SPIROFLOW<\/h2>\t\t\t\t<\/div>\n\t\t\t\t<\/div>\n\t\t\t\t<div class=\"elementor-element elementor-element-32c4d93 elementor-widget elementor-widget-spacer\" data-id=\"32c4d93\" data-element_type=\"widget\" data-widget_type=\"spacer.default\">\n\t\t\t\t<div class=\"elementor-widget-container\">\n\t\t\t\t\t\t\t<div class=\"elementor-spacer\">\n\t\t\t<div class=\"elementor-spacer-inner\"><\/div>\n\t\t<\/div>\n\t\t\t\t\t\t<\/div>\n\t\t\t\t<\/div>\n\t\t\t\t\t<\/div>\n\t\t\t\t<\/div>\n\t\t<div class=\"elementor-element elementor-element-671c79e e-grid e-con-boxed e-con e-parent\" data-id=\"671c79e\" data-element_type=\"container\">\n\t\t\t\t\t<div class=\"e-con-inner\">\n\t\t<div class=\"elementor-element elementor-element-25a3438 e-grid e-con-boxed e-con e-child\" data-id=\"25a3438\" data-element_type=\"container\">\n\t\t\t\t\t<div class=\"e-con-inner\">\n\t\t\t\t<div class=\"elementor-element elementor-element-80d1898 elementor-widget elementor-widget-spacer\" data-id=\"80d1898\" data-element_type=\"widget\" data-widget_type=\"spacer.default\">\n\t\t\t\t<div class=\"elementor-widget-container\">\n\t\t\t\t\t\t\t<div class=\"elementor-spacer\">\n\t\t\t<div class=\"elementor-spacer-inner\"><\/div>\n\t\t<\/div>\n\t\t\t\t\t\t<\/div>\n\t\t\t\t<\/div>\n\t\t\t\t\t<\/div>\n\t\t\t\t<\/div>\n\t\t\t\t\t<\/div>\n\t\t\t\t<\/div>\n\t\t<div class=\"elementor-element elementor-element-fcd1482 e-grid e-con-boxed e-con e-parent\" data-id=\"fcd1482\" data-element_type=\"container\">\n\t\t\t\t\t<div class=\"e-con-inner\">\n\t\t\t\t<div class=\"elementor-element elementor-element-3b7db60 elementor-widget elementor-widget-text-editor\" data-id=\"3b7db60\" data-element_type=\"widget\" data-widget_type=\"text-editor.default\">\n\t\t\t\t<div class=\"elementor-widget-container\">\n\t\t\t\t\t\t\t\t\t<p><strong>Doux avec des mat\u00e9riaux friables\u00a0:<\/strong> Notre technologie de convoyage avanc\u00e9e soutient les produits fragiles dans un coussin d&#039;air, minimisant ainsi les dommages.<\/p><p><strong>Conception polyvalente avec plusieurs entr\u00e9es\/sorties\u00a0:<\/strong> Nos convoyeurs a\u00e9rom\u00e9caniques sont con\u00e7us pour \u00eatre polyvalents, vous permettant de g\u00e9rer plusieurs mat\u00e9riaux ou ingr\u00e9dients \u00e0 la fois, \u00e9liminant ainsi le besoin de convoyeurs s\u00e9par\u00e9s et \u00e9conomisant de l&#039;espace.<\/p><p><strong>Fonctionnement stable sans pressurisation\u00a0:<\/strong> En maintenant une pression \u00e9quilibr\u00e9e, les convoyeurs fonctionnent sans pressurisation. Cela garantit un flux de mat\u00e9riaux constant, r\u00e9duit le risque de fuites ou de blocages et garantit un fonctionnement fluide.<\/p><p><strong>Fonctionnement silencieux\u00a0:<\/strong> Nos convoyeurs minimisent la consommation d\u2019\u00e9nergie, fonctionnent silencieusement et offrent une efficacit\u00e9 et des performances \u00e9lev\u00e9es. Profitez d&#039;un espace de travail plus silencieux et de co\u00fbts op\u00e9rationnels r\u00e9duits sans compromis.<\/p><p><strong>M\u00e9lange de mat\u00e9riaux coh\u00e9rent\u00a0:<\/strong> Nos convoyeurs garantissent une s\u00e9gr\u00e9gation et une d\u00e9gradation minimales, garantissant un m\u00e9lange et une qualit\u00e9 uniformes de vos produits et optimisant les processus de production.<\/p><p><strong>Facile \u00e0 nettoyer, laver et s\u00e9cher :<\/strong> Nos convoyeurs sont hygi\u00e9niques, faciles \u00e0 nettoyer et maximisent la productivit\u00e9 en minimisant les temps d&#039;arr\u00eat.<\/p><p>\u00a0<\/p><p><strong>Explorez les avantages des convoyeurs a\u00e9rom\u00e9caniques et d\u00e9couvrez comment ils peuvent transformer vos op\u00e9rations et augmenter votre efficacit\u00e9.<\/strong><\/p><p>\u00a0<\/p>\t\t\t\t\t\t\t\t<\/div>\n\t\t\t\t<\/div>\n\t\t<div class=\"elementor-element elementor-element-5e3b0ac e-flex e-con-boxed e-con e-child\" data-id=\"5e3b0ac\" data-element_type=\"container\">\n\t\t\t\t\t<div class=\"e-con-inner\">\n\t\t\t\t<div class=\"elementor-element elementor-element-c6abcf4 elementor-widget elementor-widget-text-editor\" data-id=\"c6abcf4\" data-element_type=\"widget\" data-widget_type=\"text-editor.default\">\n\t\t\t\t<div class=\"elementor-widget-container\">\n\t\t\t\t\t\t\t\t\t<p><strong>Planifiez une discussion avec nos experts d\u00e8s aujourd\u2019hui\u00a0!<\/strong><\/p>\t\t\t\t\t\t\t\t<\/div>\n\t\t\t\t<\/div>\n\t\t\t\t<div class=\"elementor-element elementor-element-e1d72cf elementor-widget elementor-widget-html\" data-id=\"e1d72cf\" data-element_type=\"widget\" data-widget_type=\"html.default\">\n\t\t\t\t<div class=\"elementor-widget-container\">\n\t\t\t\t\t<script charset=\"utf-8\" type=\"text\/javascript\" src=\"\/\/js.hsforms.net\/forms\/embed\/v2.js\"><\/script>\r\n<script>\r\n  hbspt.forms.create({\r\n    region: \"na1\",\r\n    portalId: \"41946\",\r\n    formId: \"2331c034-ee9a-4c33-b73b-761892826e40\"\r\n  });\r\n<\/script>\t\t\t\t<\/div>\n\t\t\t\t<\/div>\n\t\t\t\t\t<\/div>\n\t\t\t\t<\/div>\n\t\t\t\t\t<\/div>\n\t\t\t\t<\/div>\n\t\t<div class=\"elementor-element elementor-element-fe99033 e-flex e-con-boxed e-con e-parent\" data-id=\"fe99033\" data-element_type=\"container\">\n\t\t\t\t\t<div class=\"e-con-inner\">\n\t\t\t\t<div class=\"elementor-element elementor-element-02d566f elementor-widget elementor-widget-spacer\" data-id=\"02d566f\" data-element_type=\"widget\" data-widget_type=\"spacer.default\">\n\t\t\t\t<div class=\"elementor-widget-container\">\n\t\t\t\t\t\t\t<div class=\"elementor-spacer\">\n\t\t\t<div class=\"elementor-spacer-inner\"><\/div>\n\t\t<\/div>\n\t\t\t\t\t\t<\/div>\n\t\t\t\t<\/div>\n\t\t\t\t<div class=\"elementor-element elementor-element-ac0ccaa elementor-widget-divider--view-line elementor-widget elementor-widget-divider\" data-id=\"ac0ccaa\" data-element_type=\"widget\" data-widget_type=\"divider.default\">\n\t\t\t\t<div class=\"elementor-widget-container\">\n\t\t\t\t\t\t\t<div class=\"elementor-divider\">\n\t\t\t<span class=\"elementor-divider-separator\">\n\t\t\t\t\t\t<\/span>\n\t\t<\/div>\n\t\t\t\t\t\t<\/div>\n\t\t\t\t<\/div>\n\t\t\t\t<div class=\"elementor-element elementor-element-2a2b130 elementor-widget elementor-widget-html\" data-id=\"2a2b130\" data-element_type=\"widget\" data-widget_type=\"html.default\">\n\t\t\t\t<div class=\"elementor-widget-container\">\n\t\t\t\t\t\n<!DOCTYPE html>\n<html lang=\"en\">\n<head>\n     <style>\n        \/* Specific styles for each paragraph as originally provided *\/\n        p.quote {\n            text-align: center;\n            font-size: 22px;\n            font-weight: 650;\n            font-style: italic;\n            color: grey;\n        }\n\n        p.author, p.position {\n            text-align: right;\n            font-weight:600;\n            color: grey;\n            padding-right: 40px;\n            margin-bottom: 5px;\n            margin-top: 5px;\n        }\n\n        \/* Mobile view styles *\/\n        @media (max-width: 767px) {\n            p {\n                font-size: 13px;}\n        \n        }\n    <\/style>\n<\/head>\n<body>\n\n<p class=\"quote\">&quot;Nos propres ing\u00e9nieurs ont install\u00e9 et mis en service le convoyeur m\u00e9canique Spiroflow Aero et il fonctionne depuis tr\u00e8s bien.&quot;<\/p>\n\n<p class=\"author\">Andrew Pyn<\/p>\n\n<p class=\"position\">Ing\u00e9nieur principal des contr\u00f4les chez Butcher&#039;s Pet Care<\/p>\n\n<\/body>\n<\/html>\n\n\n\n\t\t\t\t<\/div>\n\t\t\t\t<\/div>\n\t\t\t\t<div class=\"elementor-element elementor-element-4089ed8 elementor-widget-divider--view-line elementor-widget elementor-widget-divider\" data-id=\"4089ed8\" data-element_type=\"widget\" data-widget_type=\"divider.default\">\n\t\t\t\t<div class=\"elementor-widget-container\">\n\t\t\t\t\t\t\t<div class=\"elementor-divider\">\n\t\t\t<span class=\"elementor-divider-separator\">\n\t\t\t\t\t\t<\/span>\n\t\t<\/div>\n\t\t\t\t\t\t<\/div>\n\t\t\t\t<\/div>\n\t\t\t\t<div class=\"elementor-element elementor-element-7ba1d82 elementor-widget elementor-widget-spacer\" data-id=\"7ba1d82\" data-element_type=\"widget\" data-widget_type=\"spacer.default\">\n\t\t\t\t<div class=\"elementor-widget-container\">\n\t\t\t\t\t\t\t<div class=\"elementor-spacer\">\n\t\t\t<div class=\"elementor-spacer-inner\"><\/div>\n\t\t<\/div>\n\t\t\t\t\t\t<\/div>\n\t\t\t\t<\/div>\n\t\t\t\t\t<\/div>\n\t\t\t\t<\/div>\n\t\t<div class=\"elementor-element elementor-element-24521e5 e-grid e-con-boxed e-con e-parent\" data-id=\"24521e5\" data-element_type=\"container\">\n\t\t\t\t\t<div class=\"e-con-inner\">\n\t\t\t\t<div class=\"elementor-element elementor-element-eff2917 elementor-widget elementor-widget-heading\" data-id=\"eff2917\" data-element_type=\"widget\" data-widget_type=\"heading.default\">\n\t\t\t\t<div class=\"elementor-widget-container\">\n\t\t\t\t\t<h2 class=\"elementor-heading-title elementor-size-default\">Faites confiance \u00e0 Spiroflow<\/h2>\t\t\t\t<\/div>\n\t\t\t\t<\/div>\n\t\t\t\t<div class=\"elementor-element elementor-element-863cae9 elementor-widget elementor-widget-text-editor\" data-id=\"863cae9\" data-element_type=\"widget\" data-widget_type=\"text-editor.default\">\n\t\t\t\t<div class=\"elementor-widget-container\">\n\t\t\t\t\t\t\t\t\t<p>Nous sommes leaders dans le domaine de la technologie des convoyeurs et proposons des solutions innovantes qui \u00e9voluent avec votre entreprise, garantissant ainsi succ\u00e8s et efficacit\u00e9 \u00e0 long terme.<\/p>\t\t\t\t\t\t\t\t<\/div>\n\t\t\t\t<\/div>\n\t\t\t\t<div class=\"elementor-element elementor-element-a81c0b8 elementor-widget elementor-widget-spacer\" data-id=\"a81c0b8\" data-element_type=\"widget\" data-widget_type=\"spacer.default\">\n\t\t\t\t<div class=\"elementor-widget-container\">\n\t\t\t\t\t\t\t<div class=\"elementor-spacer\">\n\t\t\t<div class=\"elementor-spacer-inner\"><\/div>\n\t\t<\/div>\n\t\t\t\t\t\t<\/div>\n\t\t\t\t<\/div>\n\t\t\t\t\t<\/div>\n\t\t\t\t<\/div>\n\t\t<div class=\"elementor-element elementor-element-24ed545 e-grid e-con-boxed e-con e-parent\" data-id=\"24ed545\" data-element_type=\"container\">\n\t\t\t\t\t<div class=\"e-con-inner\">\n\t\t\t\t<div class=\"elementor-element elementor-element-ae96dc5 elementor-widget elementor-widget-image\" data-id=\"ae96dc5\" data-element_type=\"widget\" data-widget_type=\"image.default\">\n\t\t\t\t<div class=\"elementor-widget-container\">\n\t\t\t\t\t\t\t\t\t\t\t\t\t\t\t<img decoding=\"async\" src=\"https:\/\/www.spiroflow.com\/wp-content\/uploads\/elementor\/thumbs\/Aero-Mechanical-Conveyor-In-Facility-2-qm7nzq5bvvd5it6nzy9992zllr959jdtf73lvj9jy0.webp\" title=\"Convoyeur a\u00e9rom\u00e9canique \u2013 Dans les installations (2)\" alt=\"Convoyeur a\u00e9rom\u00e9canique - Dans les installations\" loading=\"lazy\" \/>\t\t\t\t\t\t\t\t\t\t\t\t\t\t\t<\/div>\n\t\t\t\t<\/div>\n\t\t\t\t<div class=\"elementor-element elementor-element-6aeb41c elementor-widget elementor-widget-image\" data-id=\"6aeb41c\" data-element_type=\"widget\" data-widget_type=\"image.default\">\n\t\t\t\t<div class=\"elementor-widget-container\">\n\t\t\t\t\t\t\t\t\t\t\t\t\t\t\t<img decoding=\"async\" src=\"https:\/\/www.spiroflow.com\/wp-content\/uploads\/elementor\/thumbs\/Aero-Mechanical-Conveyor-In-Facility-4-qm7nzr362pefuf5augnvtkr2754ih8hjrbr3ct85rs.webp\" title=\"Convoyeur a\u00e9rom\u00e9canique \u2013 Dans les installations (4)\" alt=\"Convoyeur a\u00e9rom\u00e9canique - Dans les installations\" loading=\"lazy\" \/>\t\t\t\t\t\t\t\t\t\t\t\t\t\t\t<\/div>\n\t\t\t\t<\/div>\n\t\t\t\t<div class=\"elementor-element elementor-element-e89f825 elementor-widget elementor-widget-image\" data-id=\"e89f825\" data-element_type=\"widget\" data-widget_type=\"image.default\">\n\t\t\t\t<div class=\"elementor-widget-container\">\n\t\t\t\t\t\t\t\t\t\t\t\t\t\t\t<img fetchpriority=\"high\" decoding=\"async\" width=\"300\" height=\"236\" src=\"https:\/\/www.spiroflow.com\/wp-content\/uploads\/2024\/04\/Aero-Mechanical-Conveyor-In-Facility.webp\" class=\"attachment-large size-large wp-image-12250\" alt=\"Convoyeur a\u00e9rom\u00e9canique - Dans les installations\" srcset=\"https:\/\/www.spiroflow.com\/wp-content\/uploads\/2024\/04\/Aero-Mechanical-Conveyor-In-Facility.webp 300w, https:\/\/www.spiroflow.com\/wp-content\/uploads\/2024\/04\/Aero-Mechanical-Conveyor-In-Facility-15x12.webp 15w\" sizes=\"(max-width: 300px) 100vw, 300px\" \/>\t\t\t\t\t\t\t\t\t\t\t\t\t\t\t<\/div>\n\t\t\t\t<\/div>\n\t\t\t\t\t<\/div>\n\t\t\t\t<\/div>\n\t\t<div class=\"elementor-element elementor-element-9389862 e-grid e-con-boxed e-con e-parent\" data-id=\"9389862\" data-element_type=\"container\">\n\t\t\t\t\t<div class=\"e-con-inner\">\n\t\t\t\t<div class=\"elementor-element elementor-element-6c16bfb elementor-widget elementor-widget-spacer\" data-id=\"6c16bfb\" data-element_type=\"widget\" data-widget_type=\"spacer.default\">\n\t\t\t\t<div class=\"elementor-widget-container\">\n\t\t\t\t\t\t\t<div class=\"elementor-spacer\">\n\t\t\t<div class=\"elementor-spacer-inner\"><\/div>\n\t\t<\/div>\n\t\t\t\t\t\t<\/div>\n\t\t\t\t<\/div>\n\t\t\t\t\t<\/div>\n\t\t\t\t<\/div>\n\t\t<div class=\"elementor-element elementor-element-8ca73ba e-grid e-con-boxed e-con e-parent\" data-id=\"8ca73ba\" data-element_type=\"container\">\n\t\t\t\t\t<div class=\"e-con-inner\">\n\t\t\t\t<div class=\"elementor-element elementor-element-cb408ce elementor-widget elementor-widget-heading\" data-id=\"cb408ce\" data-element_type=\"widget\" data-widget_type=\"heading.default\">\n\t\t\t\t<div class=\"elementor-widget-container\">\n\t\t\t\t\t<h2 class=\"elementor-heading-title elementor-size-default\">Certaines des configurations de base du convoyeur a\u00e9rom\u00e9canique de Spiroflow. De nombreuses autres configurations peuvent \u00eatre con\u00e7ues pour r\u00e9pondre aux exigences des clients. <\/h2>\t\t\t\t<\/div>\n\t\t\t\t<\/div>\n\t\t\t\t<div class=\"elementor-element elementor-element-a93ca5d elementor-widget elementor-widget-spacer\" data-id=\"a93ca5d\" data-element_type=\"widget\" data-widget_type=\"spacer.default\">\n\t\t\t\t<div class=\"elementor-widget-container\">\n\t\t\t\t\t\t\t<div class=\"elementor-spacer\">\n\t\t\t<div class=\"elementor-spacer-inner\"><\/div>\n\t\t<\/div>\n\t\t\t\t\t\t<\/div>\n\t\t\t\t<\/div>\n\t\t\t\t\t<\/div>\n\t\t\t\t<\/div>\n\t\t<div class=\"elementor-element elementor-element-ec1ed4a e-grid e-con-boxed e-con e-parent\" data-id=\"ec1ed4a\" data-element_type=\"container\">\n\t\t\t\t\t<div class=\"e-con-inner\">\n\t\t\t\t<div class=\"elementor-element elementor-element-c6195a7 elementor-widget elementor-widget-image\" data-id=\"c6195a7\" data-element_type=\"widget\" data-widget_type=\"image.default\">\n\t\t\t\t<div class=\"elementor-widget-container\">\n\t\t\t\t\t\t\t\t\t\t\t\t\t\t\t<img decoding=\"async\" src=\"https:\/\/www.spiroflow.com\/wp-content\/uploads\/2023\/08\/aero-config-01.webp\" title=\"a\u00e9ro-config-01\" alt=\"a\u00e9ro-config-01\" loading=\"lazy\" \/>\t\t\t\t\t\t\t\t\t\t\t\t\t\t\t<\/div>\n\t\t\t\t<\/div>\n\t\t\t\t<div class=\"elementor-element elementor-element-7ae0d6a elementor-widget elementor-widget-spacer\" data-id=\"7ae0d6a\" data-element_type=\"widget\" data-widget_type=\"spacer.default\">\n\t\t\t\t<div class=\"elementor-widget-container\">\n\t\t\t\t\t\t\t<div class=\"elementor-spacer\">\n\t\t\t<div class=\"elementor-spacer-inner\"><\/div>\n\t\t<\/div>\n\t\t\t\t\t\t<\/div>\n\t\t\t\t<\/div>\n\t\t\t\t\t<\/div>\n\t\t\t\t<\/div>\n\t\t\t\t<\/div>","protected":false},"excerpt":{"rendered":"<p>CONVOYEURS A\u00c9RO M\u00c9CANIQUES MAXIMISEZ VOTRE EFFICACIT\u00c9 AVEC LES CONVOYEURS A\u00c9RO M\u00c9CANIQUES DE SPIROFLOW Doux avec les mat\u00e9riaux friables : Notre technologie de transport avanc\u00e9e soutient les produits fragiles dans un coussin d&#039;air, minimisant ainsi les dommages. Conception polyvalente avec plusieurs entr\u00e9es\/sorties\u00a0: nos convoyeurs a\u00e9rom\u00e9caniques sont con\u00e7us pour \u00eatre polyvalents, vous permettant de g\u00e9rer plusieurs mat\u00e9riaux ou ingr\u00e9dients \u00e0 la fois, \u00e9liminant ainsi le besoin de [\u2026]<\/p>","protected":false},"author":2,"featured_media":12246,"parent":0,"menu_order":0,"comment_status":"closed","ping_status":"closed","template":"","meta":{"content-type":"","footnotes":""},"class_list":["post-12192","page","type-page","status-publish","has-post-thumbnail","hentry"],"_links":{"self":[{"href":"https:\/\/www.spiroflow.com\/fr\/wp-json\/wp\/v2\/pages\/12192","targetHints":{"allow":["GET"]}}],"collection":[{"href":"https:\/\/www.spiroflow.com\/fr\/wp-json\/wp\/v2\/pages"}],"about":[{"href":"https:\/\/www.spiroflow.com\/fr\/wp-json\/wp\/v2\/types\/page"}],"author":[{"embeddable":true,"href":"https:\/\/www.spiroflow.com\/fr\/wp-json\/wp\/v2\/users\/2"}],"replies":[{"embeddable":true,"href":"https:\/\/www.spiroflow.com\/fr\/wp-json\/wp\/v2\/comments?post=12192"}],"version-history":[{"count":0,"href":"https:\/\/www.spiroflow.com\/fr\/wp-json\/wp\/v2\/pages\/12192\/revisions"}],"wp:featuredmedia":[{"embeddable":true,"href":"https:\/\/www.spiroflow.com\/fr\/wp-json\/wp\/v2\/media\/12246"}],"wp:attachment":[{"href":"https:\/\/www.spiroflow.com\/fr\/wp-json\/wp\/v2\/media?parent=12192"}],"curies":[{"name":"wp","href":"https:\/\/api.w.org\/{rel}","templated":true}]}}