{"id":123,"date":"2023-07-31T21:55:46","date_gmt":"2023-07-31T21:55:46","guid":{"rendered":"https:\/\/spiroflow1.wpengine.com\/?page_id=123"},"modified":"2024-02-21T20:49:38","modified_gmt":"2024-02-21T20:49:38","slug":"a-propos-des-solutions-dautomatisation","status":"publish","type":"page","link":"https:\/\/www.spiroflow.com\/fr\/a-propos-des-solutions-dautomatisation\/","title":{"rendered":"Solutions d&#039;automatisation"},"content":{"rendered":"<div data-elementor-type=\"wp-page\" data-elementor-id=\"123\" class=\"elementor elementor-123\" data-elementor-post-type=\"page\">\n\t\t\t\t<div class=\"elementor-element elementor-element-fa06061 e-flex e-con-boxed e-con e-parent\" data-id=\"fa06061\" data-element_type=\"container\" data-settings=\"{&quot;background_background&quot;:&quot;classic&quot;}\">\n\t\t\t\t\t<div class=\"e-con-inner\">\n\t\t\t\t<div class=\"elementor-element elementor-element-15139a6 elementor-widget__width-initial elementor-widget elementor-widget-heading\" data-id=\"15139a6\" data-element_type=\"widget\" data-widget_type=\"heading.default\">\n\t\t\t\t<div class=\"elementor-widget-container\">\n\t\t\t\t\t<h1 class=\"elementor-heading-title elementor-size-default\">\u00c0 propos de l&#039;automatisation Spiroflow<\/h1>\t\t\t\t<\/div>\n\t\t\t\t<\/div>\n\t\t\t\t\t<\/div>\n\t\t\t\t<\/div>\n\t\t<div class=\"elementor-element elementor-element-912c28b e-flex e-con-boxed e-con e-parent\" data-id=\"912c28b\" data-element_type=\"container\">\n\t\t\t\t\t<div class=\"e-con-inner\">\n\t\t<div class=\"elementor-element elementor-element-a03d560 e-con-full e-flex e-con e-child\" data-id=\"a03d560\" data-element_type=\"container\">\n\t\t\t\t<div class=\"elementor-element elementor-element-22217c2 elementor-widget elementor-widget-heading\" data-id=\"22217c2\" data-element_type=\"widget\" data-widget_type=\"heading.default\">\n\t\t\t\t<div class=\"elementor-widget-container\">\n\t\t\t\t\t<h2 class=\"elementor-heading-title elementor-size-default\">Une fabrication plus intelligente \u00e0 port\u00e9e de main<\/h2>\t\t\t\t<\/div>\n\t\t\t\t<\/div>\n\t\t\t\t<div class=\"elementor-element elementor-element-b6618a6 elementor-widget-divider--view-line elementor-widget elementor-widget-divider\" data-id=\"b6618a6\" data-element_type=\"widget\" data-widget_type=\"divider.default\">\n\t\t\t\t<div class=\"elementor-widget-container\">\n\t\t\t\t\t\t\t<div class=\"elementor-divider\">\n\t\t\t<span class=\"elementor-divider-separator\">\n\t\t\t\t\t\t<\/span>\n\t\t<\/div>\n\t\t\t\t\t\t<\/div>\n\t\t\t\t<\/div>\n\t\t\t\t<div class=\"elementor-element elementor-element-c435e6a elementor-widget elementor-widget-text-editor\" data-id=\"c435e6a\" data-element_type=\"widget\" data-widget_type=\"text-editor.default\">\n\t\t\t\t<div class=\"elementor-widget-container\">\n\t\t\t\t\t\t\t\t\t<p>Spiroflow Automation est un fournisseur complet de contr\u00f4le industriel, de mise en r\u00e9seau et d&#039;automatisation. Nous sommes sp\u00e9cialis\u00e9s dans l&#039;int\u00e9gration de syst\u00e8mes de contr\u00f4le\u00a0; plus pr\u00e9cis\u00e9ment, le contr\u00f4le PLC et de mouvement, le contr\u00f4le de presse et l&#039;automatisation des processus. Des machines autonomes aux syst\u00e8mes multi-contr\u00f4leurs \u00e0 l&#039;\u00e9chelle de l&#039;usine, Spiroflow associe une expertise approfondie en ing\u00e9nierie \u00e0 des solutions technologiques cr\u00e9atives pour aider nos clients \u00e0 augmenter la production, \u00e0 r\u00e9duire les co\u00fbts et \u00e0 am\u00e9liorer la s\u00e9curit\u00e9.<\/p>\t\t\t\t\t\t\t\t<\/div>\n\t\t\t\t<\/div>\n\t\t\t\t<div class=\"elementor-element elementor-element-4617a66 animated-slow elementor-invisible elementor-widget elementor-widget-image\" data-id=\"4617a66\" data-element_type=\"widget\" data-settings=\"{&quot;_animation&quot;:&quot;fadeInUp&quot;}\" data-widget_type=\"image.default\">\n\t\t\t\t<div class=\"elementor-widget-container\">\n\t\t\t\t\t\t\t\t\t\t\t\t\t\t\t<img fetchpriority=\"high\" decoding=\"async\" width=\"704\" height=\"573\" src=\"https:\/\/www.spiroflow.com\/wp-content\/uploads\/2023\/07\/home-floating-image-final.webp\" class=\"attachment-large size-large wp-image-126\" alt=\"\" srcset=\"https:\/\/www.spiroflow.com\/wp-content\/uploads\/2023\/07\/home-floating-image-final.webp 704w, https:\/\/www.spiroflow.com\/wp-content\/uploads\/2023\/07\/home-floating-image-final-300x244.webp 300w\" sizes=\"(max-width: 704px) 100vw, 704px\" \/>\t\t\t\t\t\t\t\t\t\t\t\t\t\t\t<\/div>\n\t\t\t\t<\/div>\n\t\t\t\t<div class=\"elementor-element elementor-element-b1d6ae6 elementor-mobile-align-center elementor-align-center elementor-widget elementor-widget-button\" data-id=\"b1d6ae6\" data-element_type=\"widget\" data-widget_type=\"button.default\">\n\t\t\t\t<div class=\"elementor-widget-container\">\n\t\t\t\t\t\t\t\t\t<div class=\"elementor-button-wrapper\">\n\t\t\t\t\t<a class=\"elementor-button elementor-button-link elementor-size-md\" href=\"https:\/\/spiroflowautomation.com\/\" target=\"_blank\" rel=\"noopener\">\n\t\t\t\t\t\t<span class=\"elementor-button-content-wrapper\">\n\t\t\t\t\t\t\t\t\t<span class=\"elementor-button-text\">EN SAVOIR PLUS SUR SPIROFLOWAUTOMATION.COM<\/span>\n\t\t\t\t\t<\/span>\n\t\t\t\t\t<\/a>\n\t\t\t\t<\/div>\n\t\t\t\t\t\t\t\t<\/div>\n\t\t\t\t<\/div>\n\t\t\t\t<\/div>\n\t\t<div class=\"elementor-element elementor-element-8e68caf e-con-full e-flex e-con e-child\" data-id=\"8e68caf\" data-element_type=\"container\">\n\t\t\t\t<div class=\"elementor-element elementor-element-68c8aea elementor-widget elementor-widget-heading\" data-id=\"68c8aea\" data-element_type=\"widget\" data-widget_type=\"heading.default\">\n\t\t\t\t<div class=\"elementor-widget-container\">\n\t\t\t\t\t<h2 class=\"elementor-heading-title elementor-size-default\">Catalogue de l&#039;entreprise\u00a0: <br>C&#039;est Spiroflow<\/h2>\t\t\t\t<\/div>\n\t\t\t\t<\/div>\n\t\t\t\t<div class=\"elementor-element elementor-element-0c62abd elementor-widget-divider--view-line elementor-widget elementor-widget-divider\" data-id=\"0c62abd\" data-element_type=\"widget\" data-widget_type=\"divider.default\">\n\t\t\t\t<div class=\"elementor-widget-container\">\n\t\t\t\t\t\t\t<div class=\"elementor-divider\">\n\t\t\t<span class=\"elementor-divider-separator\">\n\t\t\t\t\t\t<\/span>\n\t\t<\/div>\n\t\t\t\t\t\t<\/div>\n\t\t\t\t<\/div>\n\t\t\t\t<div class=\"elementor-element elementor-element-6043400 elementor-widget elementor-widget-text-editor\" data-id=\"6043400\" data-element_type=\"widget\" data-widget_type=\"text-editor.default\">\n\t\t\t\t<div class=\"elementor-widget-container\">\n\t\t\t\t\t\t\t\t\t<p>Tournez les pages de notre catalogue d&#039;entreprise interactif en ligne pour en savoir plus sur l&#039;histoire, les valeurs et notre gamme compl\u00e8te de produits et services pour moderniser votre usine.<\/p>\t\t\t\t\t\t\t\t<\/div>\n\t\t\t\t<\/div>\n\t\t\t\t<div class=\"elementor-element elementor-element-e0800b1 elementor-widget elementor-widget-image\" data-id=\"e0800b1\" data-element_type=\"widget\" data-widget_type=\"image.default\">\n\t\t\t\t<div class=\"elementor-widget-container\">\n\t\t\t\t\t\t\t\t\t\t\t\t\t\t\t\t<a href=\"https:\/\/issuu.com\/spiroflow\/docs\/2018_spi_cataloguewebsite?e=33856933\/65729434\" target=\"_blank\" rel=\"noopener\">\n\t\t\t\t\t\t\t<img decoding=\"async\" width=\"497\" height=\"600\" src=\"https:\/\/www.spiroflow.com\/wp-content\/uploads\/2023\/10\/Spiroflow-New-Catalogue-Img.webp\" class=\"elementor-animation-rotate attachment-large size-large wp-image-11618\" alt=\"\" srcset=\"https:\/\/www.spiroflow.com\/wp-content\/uploads\/2023\/10\/Spiroflow-New-Catalogue-Img.webp 497w, https:\/\/www.spiroflow.com\/wp-content\/uploads\/2023\/10\/Spiroflow-New-Catalogue-Img-249x300.webp 249w, https:\/\/www.spiroflow.com\/wp-content\/uploads\/2023\/10\/Spiroflow-New-Catalogue-Img-10x12.webp 10w\" sizes=\"(max-width: 497px) 100vw, 497px\" \/>\t\t\t\t\t\t\t\t<\/a>\n\t\t\t\t\t\t\t\t\t\t\t\t\t\t\t<\/div>\n\t\t\t\t<\/div>\n\t\t\t\t<div class=\"elementor-element elementor-element-47f8798 elementor-mobile-align-center elementor-align-justify elementor-widget elementor-widget-button\" data-id=\"47f8798\" data-element_type=\"widget\" data-widget_type=\"button.default\">\n\t\t\t\t<div class=\"elementor-widget-container\">\n\t\t\t\t\t\t\t\t\t<div class=\"elementor-button-wrapper\">\n\t\t\t\t\t<a class=\"elementor-button elementor-button-link elementor-size-md\" href=\"\/wp-content\/uploads\/2024\/02\/SPI_2023_AHSBooklet_0328_v5.pdf\" target=\"_blank\">\n\t\t\t\t\t\t<span class=\"elementor-button-content-wrapper\">\n\t\t\t\t\t\t\t\t\t<span class=\"elementor-button-text\">T\u00c9L\u00c9CHARGER LE CATALOGUE<\/span>\n\t\t\t\t\t<\/span>\n\t\t\t\t\t<\/a>\n\t\t\t\t<\/div>\n\t\t\t\t\t\t\t\t<\/div>\n\t\t\t\t<\/div>\n\t\t\t\t<\/div>\n\t\t\t\t\t<\/div>\n\t\t\t\t<\/div>\n\t\t<div class=\"elementor-element elementor-element-a598531 e-con-full e-flex e-con e-parent\" data-id=\"a598531\" data-element_type=\"container\" data-settings=\"{&quot;background_background&quot;:&quot;classic&quot;}\">\n\t\t\t\t<div class=\"elementor-element elementor-element-1d78b9d elementor-widget elementor-widget-heading\" data-id=\"1d78b9d\" data-element_type=\"widget\" data-widget_type=\"heading.default\">\n\t\t\t\t<div class=\"elementor-widget-container\">\n\t\t\t\t\t<p class=\"elementor-heading-title elementor-size-default\">Parlez avec un expert<\/p>\t\t\t\t<\/div>\n\t\t\t\t<\/div>\n\t\t\t\t<div class=\"elementor-element elementor-element-ced1d14 elementor-widget elementor-widget-text-editor\" data-id=\"ced1d14\" data-element_type=\"widget\" data-widget_type=\"text-editor.default\">\n\t\t\t\t<div class=\"elementor-widget-container\">\n\t\t\t\t\t\t\t\t\t<div class=\"container\"><div class=\"section-banner-inner\"><div class=\"section-banner-content\"><p>Nous serons heureux de r\u00e9pondre \u00e0 toutes vos questions\u00a0! Contactez-nous aujourd&#039;hui, nous vous r\u00e9pondrons d\u00e8s que possible.<\/p><\/div><\/div><\/div>\t\t\t\t\t\t\t\t<\/div>\n\t\t\t\t<\/div>\n\t\t\t\t<div class=\"elementor-element elementor-element-a2a9eda elementor-mobile-align-center elementor-align-center elementor-widget elementor-widget-button\" data-id=\"a2a9eda\" data-element_type=\"widget\" data-widget_type=\"button.default\">\n\t\t\t\t<div class=\"elementor-widget-container\">\n\t\t\t\t\t\t\t\t\t<div class=\"elementor-button-wrapper\">\n\t\t\t\t\t<a class=\"elementor-button elementor-button-link elementor-size-md\" href=\"\/fr\/contactez-nous\/\" target=\"_blank\">\n\t\t\t\t\t\t<span class=\"elementor-button-content-wrapper\">\n\t\t\t\t\t\t\t\t\t<span class=\"elementor-button-text\">CONTACTEZ-NOUS<\/span>\n\t\t\t\t\t<\/span>\n\t\t\t\t\t<\/a>\n\t\t\t\t<\/div>\n\t\t\t\t\t\t\t\t<\/div>\n\t\t\t\t<\/div>\n\t\t\t\t<\/div>\n\t\t<div class=\"elementor-element elementor-element-6b0aa6e e-flex e-con-boxed e-con e-parent\" data-id=\"6b0aa6e\" data-element_type=\"container\">\n\t\t\t\t\t<div class=\"e-con-inner\">\n\t\t\t\t<div class=\"elementor-element elementor-element-965b7fd elementor-widget elementor-widget-heading\" data-id=\"965b7fd\" data-element_type=\"widget\" data-widget_type=\"heading.default\">\n\t\t\t\t<div class=\"elementor-widget-container\">\n\t\t\t\t\t<h2 class=\"elementor-heading-title elementor-size-default\">Des questions? Nous sommes l\u00e0 pour vous aider\u00a0!<\/h2>\t\t\t\t<\/div>\n\t\t\t\t<\/div>\n\t\t\t\t<div class=\"elementor-element elementor-element-cb1b086 elementor-widget-divider--view-line elementor-widget elementor-widget-divider\" data-id=\"cb1b086\" data-element_type=\"widget\" data-widget_type=\"divider.default\">\n\t\t\t\t<div class=\"elementor-widget-container\">\n\t\t\t\t\t\t\t<div class=\"elementor-divider\">\n\t\t\t<span class=\"elementor-divider-separator\">\n\t\t\t\t\t\t<\/span>\n\t\t<\/div>\n\t\t\t\t\t\t<\/div>\n\t\t\t\t<\/div>\n\t\t\t\t<div class=\"elementor-element elementor-element-d747bef elementor-widget elementor-widget-text-editor\" data-id=\"d747bef\" data-element_type=\"widget\" data-widget_type=\"text-editor.default\">\n\t\t\t\t<div class=\"elementor-widget-container\">\n\t\t\t\t\t\t\t\t\t<p>Notre \u00e9quipe d\u2019experts d\u00e9vou\u00e9s s\u2019engage \u00e0 fournir la bonne solution, pas n\u2019importe quelle solution. C&#039;est pourquoi nous proposons des solutions syst\u00e8me compl\u00e8tes pour vous aider\u00a0<strong><em>d\u00e9placer ce qui compte<\/em><\/strong>.<\/p>\t\t\t\t\t\t\t\t<\/div>\n\t\t\t\t<\/div>\n\t\t\t\t<div class=\"elementor-element elementor-element-84e9443 elementor-widget elementor-widget-html\" data-id=\"84e9443\" data-element_type=\"widget\" data-widget_type=\"html.default\">\n\t\t\t\t<div class=\"elementor-widget-container\">\n\t\t\t\t\t<!--[if lte IE 8]>\r\n<script charset=\"utf-8\" type=\"text\/javascript\" src=\"\/\/js.hsforms.net\/forms\/v2-legacy.js\"><\/script>\r\n<![endif]-->\r\n<script charset=\"utf-8\" type=\"text\/javascript\" src=\"\/\/js.hsforms.net\/forms\/v2.js\"><\/script>\r\n<script>\r\n  hbspt.forms.create({\r\n\tportalId: \"41946\",\r\n\tformId: \"6d64dd5c-3812-4f7e-8863-3b54c21f22cc\",\r\n});\r\n<\/script>\t\t\t\t<\/div>\n\t\t\t\t<\/div>\n\t\t\t\t\t<\/div>\n\t\t\t\t<\/div>\n\t\t\t\t<\/div>","protected":false},"excerpt":{"rendered":"<p>\u00c0 propos de Spiroflow Automation Une fabrication plus intelligente \u00e0 port\u00e9e de main Spiroflow Automation est un fournisseur complet de contr\u00f4le industriel, de mise en r\u00e9seau et d&#039;automatisation. Nous sommes sp\u00e9cialis\u00e9s dans l&#039;int\u00e9gration de syst\u00e8mes de contr\u00f4le\u00a0; plus pr\u00e9cis\u00e9ment, le contr\u00f4le PLC et de mouvement, le contr\u00f4le de presse et l&#039;automatisation des processus. Des machines autonomes aux syst\u00e8mes multi-contr\u00f4leurs \u00e0 l&#039;\u00e9chelle de l&#039;usine, Spiroflow associe une expertise approfondie en ing\u00e9nierie \u00e0 des solutions technologiques cr\u00e9atives pour aider [\u2026]<\/p>","protected":false},"author":2,"featured_media":0,"parent":0,"menu_order":0,"comment_status":"closed","ping_status":"closed","template":"","meta":{"content-type":"","footnotes":""},"class_list":["post-123","page","type-page","status-publish","hentry"],"_links":{"self":[{"href":"https:\/\/www.spiroflow.com\/fr\/wp-json\/wp\/v2\/pages\/123","targetHints":{"allow":["GET"]}}],"collection":[{"href":"https:\/\/www.spiroflow.com\/fr\/wp-json\/wp\/v2\/pages"}],"about":[{"href":"https:\/\/www.spiroflow.com\/fr\/wp-json\/wp\/v2\/types\/page"}],"author":[{"embeddable":true,"href":"https:\/\/www.spiroflow.com\/fr\/wp-json\/wp\/v2\/users\/2"}],"replies":[{"embeddable":true,"href":"https:\/\/www.spiroflow.com\/fr\/wp-json\/wp\/v2\/comments?post=123"}],"version-history":[{"count":0,"href":"https:\/\/www.spiroflow.com\/fr\/wp-json\/wp\/v2\/pages\/123\/revisions"}],"wp:attachment":[{"href":"https:\/\/www.spiroflow.com\/fr\/wp-json\/wp\/v2\/media?parent=123"}],"curies":[{"name":"wp","href":"https:\/\/api.w.org\/{rel}","templated":true}]}}