{"id":242,"date":"2023-08-09T18:30:46","date_gmt":"2023-08-09T18:30:46","guid":{"rendered":"https:\/\/spiroflow1.wpengine.com\/?page_id=242"},"modified":"2024-07-31T15:57:12","modified_gmt":"2024-07-31T15:57:12","slug":"solutions-de-remplissage-de-big-bag","status":"publish","type":"page","link":"https:\/\/www.spiroflow.com\/fr\/solutions-de-remplissage-de-big-bag\/","title":{"rendered":"Solutions de remplissage de Big Bags"},"content":{"rendered":"<div data-elementor-type=\"wp-page\" data-elementor-id=\"242\" class=\"elementor elementor-242\" data-elementor-post-type=\"page\">\n\t\t\t\t<div class=\"elementor-element elementor-element-51f9901 e-flex e-con-boxed e-con e-parent\" data-id=\"51f9901\" data-element_type=\"container\" data-settings=\"{&quot;background_background&quot;:&quot;classic&quot;}\">\n\t\t\t\t\t<div class=\"e-con-inner\">\n\t\t\t\t<div class=\"elementor-element elementor-element-ac5db53 elementor-widget elementor-widget-heading\" data-id=\"ac5db53\" data-element_type=\"widget\" data-widget_type=\"heading.default\">\n\t\t\t\t<div class=\"elementor-widget-container\">\n\t\t\t\t\t<h1 class=\"elementor-heading-title elementor-size-default\">Remplisseurs de Big Bags<\/h1>\t\t\t\t<\/div>\n\t\t\t\t<\/div>\n\t\t\t\t\t<\/div>\n\t\t\t\t<\/div>\n\t\t<div class=\"elementor-element elementor-element-2a4e3ca e-flex e-con-boxed e-con e-parent\" data-id=\"2a4e3ca\" data-element_type=\"container\">\n\t\t\t\t\t<div class=\"e-con-inner\">\n\t\t<div class=\"elementor-element elementor-element-983a1ac e-con-full e-flex e-con e-child\" data-id=\"983a1ac\" data-element_type=\"container\">\n\t\t\t\t<div class=\"elementor-element elementor-element-5d76cdd elementor-widget elementor-widget-text-editor\" data-id=\"5d76cdd\" data-element_type=\"widget\" data-widget_type=\"text-editor.default\">\n\t\t\t\t<div class=\"elementor-widget-container\">\n\t\t\t\t\t\t\t\t\t<p><span style=\"font-weight: 400;\">Spiroflow est un leader dans l&#039;industrie de <\/span><b>remplisseuses de big-bags<\/b><span style=\"font-weight: 400;\"> et \u00e9quipements de remplissage, proposant des solutions de convoyeurs innovantes et d&#039;autres \u00e9quipements adapt\u00e9s pour r\u00e9pondre aux demandes de votre entreprise. Que vous ayez des besoins de remplissage faibles ou \u00e9lev\u00e9s, nos syst\u00e8mes de convoyeurs et remplisseurs industriels avanc\u00e9s sont con\u00e7us pour optimiser vos op\u00e9rations, en am\u00e9liorant l&#039;efficacit\u00e9, la pr\u00e9cision et le rendement global.<\/span><\/p>\t\t\t\t\t\t\t\t<\/div>\n\t\t\t\t<\/div>\n\t\t\t\t<div class=\"elementor-element elementor-element-616082a elementor-widget elementor-widget-heading\" data-id=\"616082a\" data-element_type=\"widget\" data-widget_type=\"heading.default\">\n\t\t\t\t<div class=\"elementor-widget-container\">\n\t\t\t\t\t<h2 class=\"elementor-heading-title elementor-size-default\">Gamme compl\u00e8te de remplisseuses de Big Bags<\/h2>\t\t\t\t<\/div>\n\t\t\t\t<\/div>\n\t\t\t\t<div class=\"elementor-element elementor-element-5d1eed1 elementor-widget elementor-widget-text-editor\" data-id=\"5d1eed1\" data-element_type=\"widget\" data-widget_type=\"text-editor.default\">\n\t\t\t\t<div class=\"elementor-widget-container\">\n\t\t\t\t\t\t\t\t\t<p><span style=\"font-weight: 400;\">Notre vaste gamme de remplisseuses de Big Bags garantit que nous disposons de la bonne solution pour chaque application\u00a0:<\/span><\/p>\t\t\t\t\t\t\t\t<\/div>\n\t\t\t\t<\/div>\n\t\t<div class=\"elementor-element elementor-element-f2c9de6 e-con-full e-flex e-con e-child\" data-id=\"f2c9de6\" data-element_type=\"container\">\n\t\t<div class=\"elementor-element elementor-element-9270727 colzoom e-con-full e-flex e-con e-child\" data-id=\"9270727\" data-element_type=\"container\" data-settings=\"{&quot;background_background&quot;:&quot;classic&quot;}\" link=\"\/c-series-bulk-bag-fillers\/\">\n\t\t\t\t<div class=\"elementor-element elementor-element-19c1d4f elementor-widget elementor-widget-image\" data-id=\"19c1d4f\" data-element_type=\"widget\" data-widget_type=\"image.default\">\n\t\t\t\t<div class=\"elementor-widget-container\">\n\t\t\t\t\t\t\t\t\t\t\t\t\t\t\t\t<a href=\"https:\/\/www.spiroflow.com\/fr\/remplisseuses-de-big-bags-serie-c\/\">\n\t\t\t\t\t\t\t<img fetchpriority=\"high\" decoding=\"async\" width=\"300\" height=\"300\" src=\"https:\/\/www.spiroflow.com\/wp-content\/uploads\/2023\/08\/filler-c-series-gallery-new-300x300.webp\" class=\"attachment-medium size-medium wp-image-437\" alt=\"\" srcset=\"https:\/\/www.spiroflow.com\/wp-content\/uploads\/2023\/08\/filler-c-series-gallery-new-300x300.webp 300w, https:\/\/www.spiroflow.com\/wp-content\/uploads\/2023\/08\/filler-c-series-gallery-new-150x150.webp 150w, https:\/\/www.spiroflow.com\/wp-content\/uploads\/2023\/08\/filler-c-series-gallery-new.webp 600w\" sizes=\"(max-width: 300px) 100vw, 300px\" \/>\t\t\t\t\t\t\t\t<\/a>\n\t\t\t\t\t\t\t\t\t\t\t\t\t\t\t<\/div>\n\t\t\t\t<\/div>\n\t\t\t\t<div class=\"elementor-element elementor-element-c956f28 elementor-widget elementor-widget-heading\" data-id=\"c956f28\" data-element_type=\"widget\" data-widget_type=\"heading.default\">\n\t\t\t\t<div class=\"elementor-widget-container\">\n\t\t\t\t\t<p class=\"elementor-heading-title elementor-size-default\"><a href=\"https:\/\/www.spiroflow.com\/fr\/remplisseuses-de-big-bags-serie-c\/\">Remplisseuses de Big Bags s\u00e9rie C<\/a><\/p>\t\t\t\t<\/div>\n\t\t\t\t<\/div>\n\t\t\t\t<div class=\"elementor-element elementor-element-f191914 elementor-widget elementor-widget-text-editor\" data-id=\"f191914\" data-element_type=\"widget\" data-widget_type=\"text-editor.default\">\n\t\t\t\t<div class=\"elementor-widget-container\">\n\t\t\t\t\t\t\t\t\t<p><span style=\"font-weight: 400;\">Parfait pour les besoins en gros volumes, garantissant un remplissage rapide et pr\u00e9cis.<\/span><\/p>\t\t\t\t\t\t\t\t<\/div>\n\t\t\t\t<\/div>\n\t\t\t\t<\/div>\n\t\t<div class=\"elementor-element elementor-element-80270aa colzoom e-con-full e-flex e-con e-child\" data-id=\"80270aa\" data-element_type=\"container\" data-settings=\"{&quot;background_background&quot;:&quot;classic&quot;}\" link=\"\/cte-bulk-bag-fillers\/\">\n\t\t\t\t<div class=\"elementor-element elementor-element-8aa3478 elementor-widget elementor-widget-image\" data-id=\"8aa3478\" data-element_type=\"widget\" data-widget_type=\"image.default\">\n\t\t\t\t<div class=\"elementor-widget-container\">\n\t\t\t\t\t\t\t\t\t\t\t\t\t\t\t\t<a href=\"https:\/\/www.spiroflow.com\/fr\/remplisseurs-de-big-bags-cte\/\">\n\t\t\t\t\t\t\t<img decoding=\"async\" width=\"300\" height=\"300\" src=\"https:\/\/www.spiroflow.com\/wp-content\/uploads\/2023\/08\/Spiroflow-CTE-Bulk-Bag-Filler-1024x1024-1-300x300.jpg\" class=\"attachment-medium size-medium wp-image-476\" alt=\"\" srcset=\"https:\/\/www.spiroflow.com\/wp-content\/uploads\/2023\/08\/Spiroflow-CTE-Bulk-Bag-Filler-1024x1024-1-300x300.jpg 300w, https:\/\/www.spiroflow.com\/wp-content\/uploads\/2023\/08\/Spiroflow-CTE-Bulk-Bag-Filler-1024x1024-1-150x150.jpg 150w, https:\/\/www.spiroflow.com\/wp-content\/uploads\/2023\/08\/Spiroflow-CTE-Bulk-Bag-Filler-1024x1024-1-768x768.jpg 768w, https:\/\/www.spiroflow.com\/wp-content\/uploads\/2023\/08\/Spiroflow-CTE-Bulk-Bag-Filler-1024x1024-1.jpg 1024w\" sizes=\"(max-width: 300px) 100vw, 300px\" \/>\t\t\t\t\t\t\t\t<\/a>\n\t\t\t\t\t\t\t\t\t\t\t\t\t\t\t<\/div>\n\t\t\t\t<\/div>\n\t\t\t\t<div class=\"elementor-element elementor-element-52d36eb elementor-widget elementor-widget-heading\" data-id=\"52d36eb\" data-element_type=\"widget\" data-widget_type=\"heading.default\">\n\t\t\t\t<div class=\"elementor-widget-container\">\n\t\t\t\t\t<p class=\"elementor-heading-title elementor-size-default\"><a href=\"https:\/\/www.spiroflow.com\/fr\/remplisseurs-de-big-bags-cte\/\">Remplisseuses de Big Bags CTE<\/a><\/p>\t\t\t\t<\/div>\n\t\t\t\t<\/div>\n\t\t\t\t<div class=\"elementor-element elementor-element-fbbf14f elementor-widget elementor-widget-text-editor\" data-id=\"fbbf14f\" data-element_type=\"widget\" data-widget_type=\"text-editor.default\">\n\t\t\t\t<div class=\"elementor-widget-container\">\n\t\t\t\t\t\t\t\t\t<p><span style=\"font-weight: 400;\">Adapt\u00e9 aux besoins sp\u00e9cifiques de l&#039;industrie, int\u00e9grant une technologie de pointe pour des performances sup\u00e9rieures.<\/span><\/p>\t\t\t\t\t\t\t\t<\/div>\n\t\t\t\t<\/div>\n\t\t\t\t<\/div>\n\t\t<div class=\"elementor-element elementor-element-2b9413e colzoom e-con-full e-flex e-con e-child\" data-id=\"2b9413e\" data-element_type=\"container\" data-settings=\"{&quot;background_background&quot;:&quot;classic&quot;}\" link=\"\/base-model-bulk-bag-fillers\/\">\n\t\t\t\t<div class=\"elementor-element elementor-element-79104c0 elementor-widget elementor-widget-image\" data-id=\"79104c0\" data-element_type=\"widget\" data-widget_type=\"image.default\">\n\t\t\t\t<div class=\"elementor-widget-container\">\n\t\t\t\t\t\t\t\t\t\t\t\t\t\t\t\t<a href=\"https:\/\/www.spiroflow.com\/fr\/remplisseuses-de-big-bags-modele-de-base\/\">\n\t\t\t\t\t\t\t<img decoding=\"async\" width=\"300\" height=\"300\" src=\"https:\/\/www.spiroflow.com\/wp-content\/uploads\/2023\/08\/filler-base-gallery-02-e1506110574154-300x300.webp\" class=\"attachment-medium size-medium wp-image-494\" alt=\"\" srcset=\"https:\/\/www.spiroflow.com\/wp-content\/uploads\/2023\/08\/filler-base-gallery-02-e1506110574154-300x300.webp 300w, https:\/\/www.spiroflow.com\/wp-content\/uploads\/2023\/08\/filler-base-gallery-02-e1506110574154-150x150.webp 150w, https:\/\/www.spiroflow.com\/wp-content\/uploads\/2023\/08\/filler-base-gallery-02-e1506110574154.webp 600w\" sizes=\"(max-width: 300px) 100vw, 300px\" \/>\t\t\t\t\t\t\t\t<\/a>\n\t\t\t\t\t\t\t\t\t\t\t\t\t\t\t<\/div>\n\t\t\t\t<\/div>\n\t\t\t\t<div class=\"elementor-element elementor-element-2d510af elementor-widget elementor-widget-heading\" data-id=\"2d510af\" data-element_type=\"widget\" data-widget_type=\"heading.default\">\n\t\t\t\t<div class=\"elementor-widget-container\">\n\t\t\t\t\t<p class=\"elementor-heading-title elementor-size-default\"><a href=\"https:\/\/www.spiroflow.com\/fr\/remplisseuses-de-big-bags-modele-de-base\/\">Remplisseuses de Big Bags mod\u00e8le de base<\/a><\/p>\t\t\t\t<\/div>\n\t\t\t\t<\/div>\n\t\t\t\t<div class=\"elementor-element elementor-element-f681656 elementor-widget elementor-widget-text-editor\" data-id=\"f681656\" data-element_type=\"widget\" data-widget_type=\"text-editor.default\">\n\t\t\t\t<div class=\"elementor-widget-container\">\n\t\t\t\t\t\t\t\t\t<p><span style=\"font-weight: 400;\">Id\u00e9al pour les entreprises recherchant des solutions de remplissage fiables et \u00e9conomiques sans compromettre la qualit\u00e9.<\/span><\/p>\t\t\t\t\t\t\t\t<\/div>\n\t\t\t\t<\/div>\n\t\t\t\t<\/div>\n\t\t\t\t<\/div>\n\t\t<div class=\"elementor-element elementor-element-9fe5b15 e-flex e-con-boxed e-con e-child\" data-id=\"9fe5b15\" data-element_type=\"container\">\n\t\t\t\t\t<div class=\"e-con-inner\">\n\t\t\t\t<div class=\"elementor-element elementor-element-d00ec90 elementor-widget__width-initial elementor-widget elementor-widget-heading\" data-id=\"d00ec90\" data-element_type=\"widget\" data-widget_type=\"heading.default\">\n\t\t\t\t<div class=\"elementor-widget-container\">\n\t\t\t\t\t<p class=\"elementor-heading-title elementor-size-default\">Choisir le bon produit de remplissage\u00a0: tableau comparatif<\/p>\t\t\t\t<\/div>\n\t\t\t\t<\/div>\n\t\t\t\t<div class=\"elementor-element elementor-element-8ad1a6e elementor-mobile-align-justify elementor-align-justify elementor-widget__width-initial elementor-widget elementor-widget-button\" data-id=\"8ad1a6e\" data-element_type=\"widget\" data-widget_type=\"button.default\">\n\t\t\t\t<div class=\"elementor-widget-container\">\n\t\t\t\t\t\t\t\t\t<div class=\"elementor-button-wrapper\">\n\t\t\t\t\t<a class=\"elementor-button elementor-button-link elementor-size-md\" href=\"https:\/\/www.spiroflow.com\/wp-content\/uploads\/2023\/08\/BBF-Comparison-11-2017-FINAL.pdf\" target=\"_blank\">\n\t\t\t\t\t\t<span class=\"elementor-button-content-wrapper\">\n\t\t\t\t\t\t\t\t\t<span class=\"elementor-button-text\">T\u00e9l\u00e9charger le tableau comparatif complet<\/span>\n\t\t\t\t\t<\/span>\n\t\t\t\t\t<\/a>\n\t\t\t\t<\/div>\n\t\t\t\t\t\t\t\t<\/div>\n\t\t\t\t<\/div>\n\t\t\t\t\t<\/div>\n\t\t\t\t<\/div>\n\t\t\t\t<div class=\"elementor-element elementor-element-1c6b228 elementor-mobile-align-justify elementor-align-justify elementor-widget elementor-widget-button\" data-id=\"1c6b228\" data-element_type=\"widget\" data-widget_type=\"button.default\">\n\t\t\t\t<div class=\"elementor-widget-container\">\n\t\t\t\t\t\t\t\t\t<div class=\"elementor-button-wrapper\">\n\t\t\t\t\t<a class=\"elementor-button elementor-button-link elementor-size-md\" href=\"https:\/\/issuu.com\/spiroflow\/docs\/spiroflow-bulk_bag_filler_guide-4?utm_medium=referral&#038;utm_source=www.spiroflow.com\" target=\"_blank\">\n\t\t\t\t\t\t<span class=\"elementor-button-content-wrapper\">\n\t\t\t\t\t\t\t\t\t<span class=\"elementor-button-text\">Le guide complet de personnalisation des remplisseuses de Big Bags<\/span>\n\t\t\t\t\t<\/span>\n\t\t\t\t\t<\/a>\n\t\t\t\t<\/div>\n\t\t\t\t\t\t\t\t<\/div>\n\t\t\t\t<\/div>\n\t\t\t\t<\/div>\n\t\t\t\t\t<\/div>\n\t\t\t\t<\/div>\n\t\t<div class=\"elementor-element elementor-element-cdd8c17 e-flex e-con-boxed e-con e-parent\" data-id=\"cdd8c17\" data-element_type=\"container\">\n\t\t\t\t\t<div class=\"e-con-inner\">\n\t\t\t\t<div class=\"elementor-element elementor-element-2fb20d0 elementor-widget elementor-widget-heading\" data-id=\"2fb20d0\" data-element_type=\"widget\" data-widget_type=\"heading.default\">\n\t\t\t\t<div class=\"elementor-widget-container\">\n\t\t\t\t\t<h3 class=\"elementor-heading-title elementor-size-default\">Technologies de remplissage avanc\u00e9es<\/h3>\t\t\t\t<\/div>\n\t\t\t\t<\/div>\n\t\t\t\t<div class=\"elementor-element elementor-element-a874c46 elementor-widget elementor-widget-text-editor\" data-id=\"a874c46\" data-element_type=\"widget\" data-widget_type=\"text-editor.default\">\n\t\t\t\t<div class=\"elementor-widget-container\">\n\t\t\t\t\t\t\t\t\t<p>Chez Spiroflow, nous utilisons une technologie de pointe pour rendre vos syst\u00e8mes de transport plus efficaces. Avec l\u2019ajout de remplisseuses de Big Bags, le processus de remplissage devient meilleur et plus rapide. Nos machines peuvent remplir jusqu&#039;\u00e0 40 sacs par heure, vous garantissant ainsi d&#039;accomplir beaucoup de choses sans perdre en qualit\u00e9. Notre sp\u00e9cial <b>Syst\u00e8me de densification de table conique<\/b><span style=\"font-weight: 400;\"> change la donne. Cela permet d&#039;en emballer davantage dans chaque sac, de rendre les sacs plus stables et d&#039;acc\u00e9l\u00e9rer le processus de remplissage, faisant ainsi un meilleur travail que les m\u00e9thodes habituelles. De plus, nos syst\u00e8mes de pes\u00e9e pr\u00e9cis garantissent que chaque sac est parfaitement rempli, r\u00e9duisant ainsi le gaspillage et garantissant la coh\u00e9rence.<\/span><\/p>\t\t\t\t\t\t\t\t<\/div>\n\t\t\t\t<\/div>\n\t\t\t\t<div class=\"elementor-element elementor-element-bf0d830 elementor-widget elementor-widget-heading\" data-id=\"bf0d830\" data-element_type=\"widget\" data-widget_type=\"heading.default\">\n\t\t\t\t<div class=\"elementor-widget-container\">\n\t\t\t\t\t<h2 class=\"elementor-heading-title elementor-size-default\">Solutions de convoyeurs et de manutention<\/h2>\t\t\t\t<\/div>\n\t\t\t\t<\/div>\n\t\t\t\t<div class=\"elementor-element elementor-element-0d74c98 elementor-widget elementor-widget-text-editor\" data-id=\"0d74c98\" data-element_type=\"widget\" data-widget_type=\"text-editor.default\">\n\t\t\t\t<div class=\"elementor-widget-container\">\n\t\t\t\t\t\t\t\t\t<p><span style=\"font-weight: 400;\">Chez Spiroflow, nous comprenons qu&#039;un processus de remplissage efficace fait partie d&#039;un \u00e9cosyst\u00e8me plus vaste. C&#039;est pourquoi nous proposons des solutions compl\u00e8tes de manutention :<\/span><\/p>\t\t\t\t\t\t\t\t<\/div>\n\t\t\t\t<\/div>\n\t\t<div class=\"elementor-element elementor-element-59a905e e-con-full e-flex e-con e-child\" data-id=\"59a905e\" data-element_type=\"container\">\n\t\t<div class=\"elementor-element elementor-element-6740e59 colzoom e-con-full e-flex e-con e-child\" data-id=\"6740e59\" data-element_type=\"container\" data-settings=\"{&quot;background_background&quot;:&quot;classic&quot;}\" link=\"\/c-series-bulk-bag-fillers\/\">\n\t\t\t\t<div class=\"elementor-element elementor-element-41147ba elementor-widget elementor-widget-heading\" data-id=\"41147ba\" data-element_type=\"widget\" data-widget_type=\"heading.default\">\n\t\t\t\t<div class=\"elementor-widget-container\">\n\t\t\t\t\t<p class=\"elementor-heading-title elementor-size-default\">Convoyeur \u00e0 vis flexible<\/p>\t\t\t\t<\/div>\n\t\t\t\t<\/div>\n\t\t\t\t<div class=\"elementor-element elementor-element-3cf4991 elementor-widget elementor-widget-text-editor\" data-id=\"3cf4991\" data-element_type=\"widget\" data-widget_type=\"text-editor.default\">\n\t\t\t\t<div class=\"elementor-widget-container\">\n\t\t\t\t\t\t\t\t\t<p><span style=\"font-weight: 400;\">Une solution polyvalente pour transporter une vari\u00e9t\u00e9 de mat\u00e9riaux avec facilit\u00e9 et efficacit\u00e9.<\/span><\/p>\t\t\t\t\t\t\t\t<\/div>\n\t\t\t\t<\/div>\n\t\t\t\t<\/div>\n\t\t<div class=\"elementor-element elementor-element-0c0032e colzoom e-con-full e-flex e-con e-child\" data-id=\"0c0032e\" data-element_type=\"container\" data-settings=\"{&quot;background_background&quot;:&quot;classic&quot;}\" link=\"\/cte-bulk-bag-fillers\/\">\n\t\t\t\t<div class=\"elementor-element elementor-element-b68dd78 elementor-widget elementor-widget-heading\" data-id=\"b68dd78\" data-element_type=\"widget\" data-widget_type=\"heading.default\">\n\t\t\t\t<div class=\"elementor-widget-container\">\n\t\t\t\t\t<p class=\"elementor-heading-title elementor-size-default\">Remplisseuses de Big Bags CTE<\/p>\t\t\t\t<\/div>\n\t\t\t\t<\/div>\n\t\t\t\t<div class=\"elementor-element elementor-element-278ae9d elementor-widget elementor-widget-text-editor\" data-id=\"278ae9d\" data-element_type=\"widget\" data-widget_type=\"text-editor.default\">\n\t\t\t\t<div class=\"elementor-widget-container\">\n\t\t\t\t\t\t\t\t\t<p><span style=\"font-weight: 400;\">Efficace et pr\u00e9cis. Les remplisseurs CTE utilisent un densificateur \u00e0 table conique pour emballer le plus de mat\u00e9riau dans chaque sac.<\/span><\/p>\t\t\t\t\t\t\t\t<\/div>\n\t\t\t\t<\/div>\n\t\t\t\t<\/div>\n\t\t<div class=\"elementor-element elementor-element-e980daf colzoom e-con-full e-flex e-con e-child\" data-id=\"e980daf\" data-element_type=\"container\" data-settings=\"{&quot;background_background&quot;:&quot;classic&quot;}\" link=\"\/base-model-bulk-bag-fillers\/\">\n\t\t\t\t<div class=\"elementor-element elementor-element-7c46456 elementor-widget elementor-widget-heading\" data-id=\"7c46456\" data-element_type=\"widget\" data-widget_type=\"heading.default\">\n\t\t\t\t<div class=\"elementor-widget-container\">\n\t\t\t\t\t<p class=\"elementor-heading-title elementor-size-default\">Autres technologies de convoyage<\/p>\t\t\t\t<\/div>\n\t\t\t\t<\/div>\n\t\t\t\t<div class=\"elementor-element elementor-element-e86d8f6 elementor-widget elementor-widget-text-editor\" data-id=\"e86d8f6\" data-element_type=\"widget\" data-widget_type=\"text-editor.default\">\n\t\t\t\t<div class=\"elementor-widget-container\">\n\t\t\t\t\t\t\t\t\t<p><span style=\"font-weight: 400;\">Associez-vous \u00e0 nous pour des syst\u00e8mes de convoyeurs adapt\u00e9s \u00e0 vos besoins sp\u00e9cifiques.<\/span><\/p>\t\t\t\t\t\t\t\t<\/div>\n\t\t\t\t<\/div>\n\t\t\t\t<\/div>\n\t\t\t\t<\/div>\n\t\t\t\t<div class=\"elementor-element elementor-element-c3327d0 elementor-widget elementor-widget-heading\" data-id=\"c3327d0\" data-element_type=\"widget\" data-widget_type=\"heading.default\">\n\t\t\t\t<div class=\"elementor-widget-container\">\n\t\t\t\t\t<h3 class=\"elementor-heading-title elementor-size-default\">Avantages et \u00e9conomies<\/h3>\t\t\t\t<\/div>\n\t\t\t\t<\/div>\n\t\t\t\t<div class=\"elementor-element elementor-element-00e2051 elementor-widget elementor-widget-text-editor\" data-id=\"00e2051\" data-element_type=\"widget\" data-widget_type=\"text-editor.default\">\n\t\t\t\t<div class=\"elementor-widget-container\">\n\t\t\t\t\t\t\t\t\t<p>Choisir Spiroflow signifie bien plus que simplement acqu\u00e9rir un nouvel \u00e9quipement : il s&#039;agit \u00e9galement de rendre l&#039;ensemble de votre exploitation plus efficace. Avec nos syst\u00e8mes de convoyeurs aidant \u00e0 rationaliser la production. Et des remplisseuses de big bag, qui peuvent remplir chaque sac avec plus de produit, r\u00e9duisant ainsi les co\u00fbts d&#039;emballage. La densification des sacs les rend plus stables, ce qui permet un stockage et une manipulation plus s\u00fbrs. Vous pourrez remplir les sacs plus rapidement, augmentant ainsi la quantit\u00e9 que vous pouvez produire sans perte de qualit\u00e9. De plus, vous pouvez <b>\u00e9conomisez jusqu&#039;\u00e0 25% sur les co\u00fbts<\/b><span style=\"font-weight: 400;\"> comme l&#039;exp\u00e9dition, le stockage et la main d&#039;\u0153uvre, ce qui signifie plus de b\u00e9n\u00e9fices pour votre entreprise.<\/span><\/p>\t\t\t\t\t\t\t\t<\/div>\n\t\t\t\t<\/div>\n\t\t\t\t<div class=\"elementor-element elementor-element-b6cf905 elementor-widget elementor-widget-heading\" data-id=\"b6cf905\" data-element_type=\"widget\" data-widget_type=\"heading.default\">\n\t\t\t\t<div class=\"elementor-widget-container\">\n\t\t\t\t\t<h2 class=\"elementor-heading-title elementor-size-default\">D\u00e9couvrez Spiroflow \u2013 Fabricants d\u2019\u00e9quipements de remplissage et de convoyeurs<\/h2>\t\t\t\t<\/div>\n\t\t\t\t<\/div>\n\t\t\t\t<div class=\"elementor-element elementor-element-fc4cfef elementor-widget elementor-widget-text-editor\" data-id=\"fc4cfef\" data-element_type=\"widget\" data-widget_type=\"text-editor.default\">\n\t\t\t\t<div class=\"elementor-widget-container\">\n\t\t\t\t\t\t\t\t\t<p><span style=\"font-weight: 400;\">Spiroflow est bien plus qu&#039;un simple fournisseur d&#039;\u00e9quipements de remplissage et de transport. <\/span><b>Nous sommes partenaires du succ\u00e8s de votre entreprise<\/b>, proposant des solutions sur mesure qui s&#039;int\u00e8grent parfaitement \u00e0 vos op\u00e9rations. Contactez-nous d\u00e8s aujourd&#039;hui pour d\u00e9couvrir comment nos solutions de remplissage de Big Bags, de d\u00e9chargeurs de Big Bags et de syst\u00e8mes de convoyage peuvent r\u00e9volutionner votre processus de production.<\/p>\t\t\t\t\t\t\t\t<\/div>\n\t\t\t\t<\/div>\n\t\t\t\t\t<\/div>\n\t\t\t\t<\/div>\n\t\t\t\t<\/div>","protected":false},"excerpt":{"rendered":"<p>Remplisseuses de Big Bags Spiroflow est un leader dans l&#039;industrie des remplisseuses de Big Bags et des \u00e9quipements de remplissage, proposant des solutions de convoyeurs innovantes et d&#039;autres \u00e9quipements adapt\u00e9s pour r\u00e9pondre aux demandes de votre entreprise. Que vous ayez des besoins de remplissage faibles ou \u00e9lev\u00e9s, nos syst\u00e8mes de convoyeurs et remplisseurs industriels avanc\u00e9s sont con\u00e7us pour optimiser vos op\u00e9rations, en am\u00e9liorant l&#039;efficacit\u00e9, [\u2026]<\/p>","protected":false},"author":2,"featured_media":0,"parent":0,"menu_order":0,"comment_status":"closed","ping_status":"closed","template":"","meta":{"content-type":"","footnotes":""},"class_list":["post-242","page","type-page","status-publish","hentry"],"_links":{"self":[{"href":"https:\/\/www.spiroflow.com\/fr\/wp-json\/wp\/v2\/pages\/242","targetHints":{"allow":["GET"]}}],"collection":[{"href":"https:\/\/www.spiroflow.com\/fr\/wp-json\/wp\/v2\/pages"}],"about":[{"href":"https:\/\/www.spiroflow.com\/fr\/wp-json\/wp\/v2\/types\/page"}],"author":[{"embeddable":true,"href":"https:\/\/www.spiroflow.com\/fr\/wp-json\/wp\/v2\/users\/2"}],"replies":[{"embeddable":true,"href":"https:\/\/www.spiroflow.com\/fr\/wp-json\/wp\/v2\/comments?post=242"}],"version-history":[{"count":0,"href":"https:\/\/www.spiroflow.com\/fr\/wp-json\/wp\/v2\/pages\/242\/revisions"}],"wp:attachment":[{"href":"https:\/\/www.spiroflow.com\/fr\/wp-json\/wp\/v2\/media?parent=242"}],"curies":[{"name":"wp","href":"https:\/\/api.w.org\/{rel}","templated":true}]}}