{"id":264,"date":"2023-08-09T18:37:34","date_gmt":"2023-08-09T18:37:34","guid":{"rendered":"https:\/\/spiroflow1.wpengine.com\/?page_id=264"},"modified":"2024-04-15T17:18:43","modified_gmt":"2024-04-15T17:18:43","slug":"equipement-supplementaire-palettisation-robotisee","status":"publish","type":"page","link":"https:\/\/www.spiroflow.com\/fr\/equipement-supplementaire-palettisation-robotisee\/","title":{"rendered":"\u00c9quipement suppl\u00e9mentaire et palettisation robotis\u00e9e"},"content":{"rendered":"<div data-elementor-type=\"wp-page\" data-elementor-id=\"264\" class=\"elementor elementor-264\" data-elementor-post-type=\"page\">\n\t\t\t\t<div class=\"elementor-element elementor-element-ec9e807 e-flex e-con-boxed e-con e-parent\" data-id=\"ec9e807\" data-element_type=\"container\" data-settings=\"{&quot;background_background&quot;:&quot;classic&quot;}\">\n\t\t\t\t\t<div class=\"e-con-inner\">\n\t\t\t\t<div class=\"elementor-element elementor-element-11846f1 elementor-widget__width-inherit elementor-widget elementor-widget-heading\" data-id=\"11846f1\" data-element_type=\"widget\" data-widget_type=\"heading.default\">\n\t\t\t\t<div class=\"elementor-widget-container\">\n\t\t\t\t\t<h1 class=\"elementor-heading-title elementor-size-default\">\u00c9quipement suppl\u00e9mentaire<\/h1>\t\t\t\t<\/div>\n\t\t\t\t<\/div>\n\t\t\t\t\t<\/div>\n\t\t\t\t<\/div>\n\t\t<div class=\"elementor-element elementor-element-7170824 e-flex e-con-boxed e-con e-parent\" data-id=\"7170824\" data-element_type=\"container\">\n\t\t\t\t\t<div class=\"e-con-inner\">\n\t\t<div class=\"elementor-element elementor-element-03da526 e-con-full e-flex e-con e-child\" data-id=\"03da526\" data-element_type=\"container\">\n\t\t\t\t<div class=\"elementor-element elementor-element-4ca6727 elementor-widget elementor-widget-text-editor\" data-id=\"4ca6727\" data-element_type=\"widget\" data-widget_type=\"text-editor.default\">\n\t\t\t\t<div class=\"elementor-widget-container\">\n\t\t\t\t\t\t\t\t\t<p>Les transformateurs ont souvent besoin d&#039;\u00e9quipements suppl\u00e9mentaires tels que des stations de vidange de sacs, des conditionneurs de Big Bags, des basculeurs de caisses ou de f\u00fbts ou des activateurs de bacs pour mettre pleinement en \u0153uvre un syst\u00e8me de traitement de poudre optimal. De plus, la palettisation robotis\u00e9e peut souvent rationaliser le traitement en fin de ligne des sacs ou des bo\u00eetes de votre produit.<\/p>\t\t\t\t\t\t\t\t<\/div>\n\t\t\t\t<\/div>\n\t\t<div class=\"elementor-element elementor-element-61941e5 e-con-full e-flex e-con e-child\" data-id=\"61941e5\" data-element_type=\"container\">\n\t\t<div class=\"elementor-element elementor-element-fbdf93a colzoom e-con-full e-flex e-con e-child\" data-id=\"fbdf93a\" data-element_type=\"container\" data-settings=\"{&quot;background_background&quot;:&quot;classic&quot;}\" link=\"\/bag-dump-stations\/\">\n\t\t\t\t<div class=\"elementor-element elementor-element-c7f2b8b elementor-widget elementor-widget-image\" data-id=\"c7f2b8b\" data-element_type=\"widget\" data-widget_type=\"image.default\">\n\t\t\t\t<div class=\"elementor-widget-container\">\n\t\t\t\t\t\t\t\t\t\t\t\t\t\t\t\t<a href=\"https:\/\/www.spiroflow.com\/fr\/stations-de-dechargement-de-sacs\/\">\n\t\t\t\t\t\t\t<img decoding=\"async\" width=\"120\" height=\"120\" src=\"https:\/\/www.spiroflow.com\/wp-content\/uploads\/2023\/08\/1-Bag-Dump-Station-Lid-Vibration.webp\" class=\"attachment-medium size-medium wp-image-700\" alt=\"\" \/>\t\t\t\t\t\t\t\t<\/a>\n\t\t\t\t\t\t\t\t\t\t\t\t\t\t\t<\/div>\n\t\t\t\t<\/div>\n\t\t\t\t<div class=\"elementor-element elementor-element-b80d3f0 elementor-widget elementor-widget-heading\" data-id=\"b80d3f0\" data-element_type=\"widget\" data-widget_type=\"heading.default\">\n\t\t\t\t<div class=\"elementor-widget-container\">\n\t\t\t\t\t<p class=\"elementor-heading-title elementor-size-default\"><a href=\"https:\/\/www.spiroflow.com\/fr\/stations-de-dechargement-de-sacs\/\">Stations de d\u00e9chargement de sacs<\/a><\/p>\t\t\t\t<\/div>\n\t\t\t\t<\/div>\n\t\t\t\t<\/div>\n\t\t<div class=\"elementor-element elementor-element-d74ef55 colzoom e-con-full e-flex e-con e-child\" data-id=\"d74ef55\" data-element_type=\"container\" data-settings=\"{&quot;background_background&quot;:&quot;classic&quot;}\" link=\"\/bulk-bag-conditioners\/\">\n\t\t\t\t<div class=\"elementor-element elementor-element-f828972 elementor-widget elementor-widget-image\" data-id=\"f828972\" data-element_type=\"widget\" data-widget_type=\"image.default\">\n\t\t\t\t<div class=\"elementor-widget-container\">\n\t\t\t\t\t\t\t\t\t\t\t\t\t\t\t\t<a href=\"https:\/\/www.spiroflow.com\/fr\/conditionneurs-de-big-bag\/\">\n\t\t\t\t\t\t\t<img decoding=\"async\" width=\"120\" height=\"120\" src=\"https:\/\/www.spiroflow.com\/wp-content\/uploads\/2023\/08\/conditioner-gallery-01-1.webp\" class=\"attachment-medium size-medium wp-image-701\" alt=\"\" \/>\t\t\t\t\t\t\t\t<\/a>\n\t\t\t\t\t\t\t\t\t\t\t\t\t\t\t<\/div>\n\t\t\t\t<\/div>\n\t\t\t\t<div class=\"elementor-element elementor-element-1c703c6 elementor-widget elementor-widget-heading\" data-id=\"1c703c6\" data-element_type=\"widget\" data-widget_type=\"heading.default\">\n\t\t\t\t<div class=\"elementor-widget-container\">\n\t\t\t\t\t<p class=\"elementor-heading-title elementor-size-default\"><a href=\"https:\/\/www.spiroflow.com\/fr\/conditionneurs-de-big-bag\/\">Conditionneurs de Big Bags<\/a><\/p>\t\t\t\t<\/div>\n\t\t\t\t<\/div>\n\t\t\t\t<\/div>\n\t\t<div class=\"elementor-element elementor-element-5918e57 colzoom e-con-full e-flex e-con e-child\" data-id=\"5918e57\" data-element_type=\"container\" data-settings=\"{&quot;background_background&quot;:&quot;classic&quot;}\" link=\"\/bin-activators\/\">\n\t\t\t\t<div class=\"elementor-element elementor-element-d9bbbd3 elementor-widget elementor-widget-image\" data-id=\"d9bbbd3\" data-element_type=\"widget\" data-widget_type=\"image.default\">\n\t\t\t\t<div class=\"elementor-widget-container\">\n\t\t\t\t\t\t\t\t\t\t\t\t\t\t\t\t<a href=\"https:\/\/www.spiroflow.com\/fr\/activateurs-de-poubelles\/\">\n\t\t\t\t\t\t\t<img decoding=\"async\" width=\"120\" height=\"120\" src=\"https:\/\/www.spiroflow.com\/wp-content\/uploads\/2023\/08\/1-Bin-Activator.webp\" class=\"attachment-medium size-medium wp-image-702\" alt=\"\" \/>\t\t\t\t\t\t\t\t<\/a>\n\t\t\t\t\t\t\t\t\t\t\t\t\t\t\t<\/div>\n\t\t\t\t<\/div>\n\t\t\t\t<div class=\"elementor-element elementor-element-96c7dc2 elementor-widget elementor-widget-heading\" data-id=\"96c7dc2\" data-element_type=\"widget\" data-widget_type=\"heading.default\">\n\t\t\t\t<div class=\"elementor-widget-container\">\n\t\t\t\t\t<p class=\"elementor-heading-title elementor-size-default\"><a href=\"https:\/\/www.spiroflow.com\/fr\/activateurs-de-poubelles\/\">Activateurs de poubelles<\/a><\/p>\t\t\t\t<\/div>\n\t\t\t\t<\/div>\n\t\t\t\t<\/div>\n\t\t\t\t<\/div>\n\t\t\t\t<\/div>\n\t\t\t\t\t<\/div>\n\t\t\t\t<\/div>\n\t\t\t\t<\/div>","protected":false},"excerpt":{"rendered":"<p>\u00c9quipement suppl\u00e9mentaire Les transformateurs ont souvent besoin d&#039;\u00e9quipements suppl\u00e9mentaires tels que des stations de vidage de sacs, des conditionneurs de Big Bags, des basculeurs de caisses ou de f\u00fbts ou des activateurs de bacs pour mettre pleinement en \u0153uvre un syst\u00e8me de traitement de poudre optimal. De plus, la palettisation robotis\u00e9e peut souvent rationaliser le traitement en fin de ligne des sacs ou des bo\u00eetes de votre produit. Stations de vidange de sacs Conditionneurs de Big Bags Activateurs de poubelles<\/p>","protected":false},"author":2,"featured_media":0,"parent":0,"menu_order":0,"comment_status":"closed","ping_status":"closed","template":"","meta":{"content-type":"","footnotes":""},"class_list":["post-264","page","type-page","status-publish","hentry"],"_links":{"self":[{"href":"https:\/\/www.spiroflow.com\/fr\/wp-json\/wp\/v2\/pages\/264","targetHints":{"allow":["GET"]}}],"collection":[{"href":"https:\/\/www.spiroflow.com\/fr\/wp-json\/wp\/v2\/pages"}],"about":[{"href":"https:\/\/www.spiroflow.com\/fr\/wp-json\/wp\/v2\/types\/page"}],"author":[{"embeddable":true,"href":"https:\/\/www.spiroflow.com\/fr\/wp-json\/wp\/v2\/users\/2"}],"replies":[{"embeddable":true,"href":"https:\/\/www.spiroflow.com\/fr\/wp-json\/wp\/v2\/comments?post=264"}],"version-history":[{"count":0,"href":"https:\/\/www.spiroflow.com\/fr\/wp-json\/wp\/v2\/pages\/264\/revisions"}],"wp:attachment":[{"href":"https:\/\/www.spiroflow.com\/fr\/wp-json\/wp\/v2\/media?parent=264"}],"curies":[{"name":"wp","href":"https:\/\/api.w.org\/{rel}","templated":true}]}}