{"id":708,"date":"2023-08-11T13:17:12","date_gmt":"2023-08-11T13:17:12","guid":{"rendered":"https:\/\/spiroflow1.wpengine.com\/?page_id=708"},"modified":"2024-03-20T11:30:49","modified_gmt":"2024-03-20T11:30:49","slug":"solutions-systeme","status":"publish","type":"page","link":"https:\/\/www.spiroflow.com\/fr\/solutions-systeme\/","title":{"rendered":"Solutions syst\u00e8me"},"content":{"rendered":"<div data-elementor-type=\"wp-page\" data-elementor-id=\"708\" class=\"elementor elementor-708\" data-elementor-post-type=\"page\">\n\t\t\t\t<div class=\"elementor-element elementor-element-6d563ee e-flex e-con-boxed e-con e-parent\" data-id=\"6d563ee\" data-element_type=\"container\" data-settings=\"{&quot;background_background&quot;:&quot;classic&quot;}\">\n\t\t\t\t\t<div class=\"e-con-inner\">\n\t\t\t\t<div class=\"elementor-element elementor-element-af5f415 elementor-widget elementor-widget-heading\" data-id=\"af5f415\" data-element_type=\"widget\" data-widget_type=\"heading.default\">\n\t\t\t\t<div class=\"elementor-widget-container\">\n\t\t\t\t\t<h1 class=\"elementor-heading-title elementor-size-default\">Solutions syst\u00e8me<\/h1>\t\t\t\t<\/div>\n\t\t\t\t<\/div>\n\t\t\t\t\t<\/div>\n\t\t\t\t<\/div>\n\t\t<div class=\"elementor-element elementor-element-4dfff3e e-flex e-con-boxed e-con e-parent\" data-id=\"4dfff3e\" data-element_type=\"container\">\n\t\t\t\t\t<div class=\"e-con-inner\">\n\t\t<div class=\"elementor-element elementor-element-d79b326 e-con-full e-flex e-con e-child\" data-id=\"d79b326\" data-element_type=\"container\">\n\t\t\t\t<div class=\"elementor-element elementor-element-1ad6310 elementor-widget elementor-widget-text-editor\" data-id=\"1ad6310\" data-element_type=\"widget\" data-widget_type=\"text-editor.default\">\n\t\t\t\t<div class=\"elementor-widget-container\">\n\t\t\t\t\t\t\t\t\t<p><span style=\"font-weight: 400;\">Chez Spiroflow, nous sommes tous ax\u00e9s sur l&#039;innovation et la prestation de produits de premier ordre. <\/span><b>solutions syst\u00e8me<\/b><span style=\"font-weight: 400;\"> qui incluent les technologies de convoyeurs, les syst\u00e8mes de transformation des aliments, les syst\u00e8mes de dosage de produits chimiques \u00e0 perte de poids et les syst\u00e8mes de remplissage de Big Bags \u00e0 gain de poids. Nous comprenons que les besoins de nos clients \u00e9voluent constamment, c&#039;est pourquoi nous veillons \u00e0 toujours avoir une longueur d&#039;avance avec les derni\u00e8res solutions de convoyeurs.<\/span><\/p><p><span style=\"font-weight: 400;\">Notre large gamme de produits est con\u00e7ue pour r\u00e9pondre aux divers besoins des transformateurs qui n\u00e9cessitent souvent plus qu&#039;un simple \u00e9quipement. Nos ing\u00e9nieurs exp\u00e9riment\u00e9s sont <\/span><b>experts pour choisir les bonnes machines<\/b><span style=\"font-weight: 400;\"> et l&#039;int\u00e9grer de mani\u00e8re transparente dans votre configuration existante, garantissant ainsi le bon d\u00e9roulement et l&#039;efficacit\u00e9 de vos op\u00e9rations.<\/span><\/p>\t\t\t\t\t\t\t\t<\/div>\n\t\t\t\t<\/div>\n\t\t\t\t<\/div>\n\t\t\t\t\t<\/div>\n\t\t\t\t<\/div>\n\t\t<div class=\"elementor-element elementor-element-82c392a e-flex e-con-boxed e-con e-parent\" data-id=\"82c392a\" data-element_type=\"container\">\n\t\t\t\t\t<div class=\"e-con-inner\">\n\t\t<div class=\"elementor-element elementor-element-7e922b5 e-con-full e-flex e-con e-child\" data-id=\"7e922b5\" data-element_type=\"container\">\n\t\t\t\t<div class=\"elementor-element elementor-element-6056ad3 elementor-widget elementor-widget-image\" data-id=\"6056ad3\" data-element_type=\"widget\" data-widget_type=\"image.default\">\n\t\t\t\t<div class=\"elementor-widget-container\">\n\t\t\t\t\t\t\t\t\t\t\t\t\t\t\t<img fetchpriority=\"high\" decoding=\"async\" width=\"800\" height=\"531\" src=\"https:\/\/www.spiroflow.com\/wp-content\/uploads\/2017\/06\/1008-CS-Image-1-Tunnocks-Flexible-Screw-Conveyor-with-Hoppers-1024x680.jpg\" class=\"attachment-large size-large wp-image-9439\" alt=\"Un convoyeur \u00e0 vis flexible avec tr\u00e9mies\" srcset=\"https:\/\/www.spiroflow.com\/wp-content\/uploads\/2017\/06\/1008-CS-Image-1-Tunnocks-Flexible-Screw-Conveyor-with-Hoppers-1024x680.jpg 1024w, https:\/\/www.spiroflow.com\/wp-content\/uploads\/2017\/06\/1008-CS-Image-1-Tunnocks-Flexible-Screw-Conveyor-with-Hoppers-300x199.jpg 300w, https:\/\/www.spiroflow.com\/wp-content\/uploads\/2017\/06\/1008-CS-Image-1-Tunnocks-Flexible-Screw-Conveyor-with-Hoppers-768x510.jpg 768w, https:\/\/www.spiroflow.com\/wp-content\/uploads\/2017\/06\/1008-CS-Image-1-Tunnocks-Flexible-Screw-Conveyor-with-Hoppers-1536x1020.jpg 1536w, https:\/\/www.spiroflow.com\/wp-content\/uploads\/2017\/06\/1008-CS-Image-1-Tunnocks-Flexible-Screw-Conveyor-with-Hoppers-2048x1360.jpg 2048w\" sizes=\"(max-width: 800px) 100vw, 800px\" \/>\t\t\t\t\t\t\t\t\t\t\t\t\t\t\t<\/div>\n\t\t\t\t<\/div>\n\t\t\t\t<\/div>\n\t\t<div class=\"elementor-element elementor-element-e2d649f e-con-full e-flex e-con e-child\" data-id=\"e2d649f\" data-element_type=\"container\">\n\t\t\t\t<div class=\"elementor-element elementor-element-d107a8a elementor-widget elementor-widget-heading\" data-id=\"d107a8a\" data-element_type=\"widget\" data-widget_type=\"heading.default\">\n\t\t\t\t<div class=\"elementor-widget-container\">\n\t\t\t\t\t<h2 class=\"elementor-heading-title elementor-size-default\">Syst\u00e8mes de transformation des aliments<\/h2>\t\t\t\t<\/div>\n\t\t\t\t<\/div>\n\t\t\t\t<div class=\"elementor-element elementor-element-7213608 elementor-widget-divider--view-line elementor-widget elementor-widget-divider\" data-id=\"7213608\" data-element_type=\"widget\" data-widget_type=\"divider.default\">\n\t\t\t\t<div class=\"elementor-widget-container\">\n\t\t\t\t\t\t\t<div class=\"elementor-divider\">\n\t\t\t<span class=\"elementor-divider-separator\">\n\t\t\t\t\t\t<\/span>\n\t\t<\/div>\n\t\t\t\t\t\t<\/div>\n\t\t\t\t<\/div>\n\t\t\t\t<div class=\"elementor-element elementor-element-b5808c2 elementor-widget elementor-widget-text-editor\" data-id=\"b5808c2\" data-element_type=\"widget\" data-widget_type=\"text-editor.default\">\n\t\t\t\t<div class=\"elementor-widget-container\">\n\t\t\t\t\t\t\t\t\t<p><span style=\"font-weight: 400;\">Notre syst\u00e8me sur mesure m\u00e9lange savamment la chapelure et les assaisonnements pour les nuggets de poulet. Cela commence par une d\u00e9chargeuse de Big Bags et un convoyeur \u00e0 vis flexible qui <\/span><b>transporter des assaisonnements pr\u00e9m\u00e9lang\u00e9s<\/b><span style=\"font-weight: 400;\"> \u00e0 une tr\u00e9mie tampon. Cette tr\u00e9mie alimente ensuite les assaisonnements vers un alimentateur \u00e0 perte de poids pr\u00e9cis, qui les achemine vers un convoyeur \u00e0 vis flexible horizontal.<\/span><\/p><p><span style=\"font-weight: 400;\">Ensuite, une grande tr\u00e9mie alimente en chapelure un autre alimentateur \u00e0 perte de poids, reli\u00e9 \u00e0 un convoyeur \u00e0 vis flexible l\u00e9g\u00e8rement plus grand. <\/span><b>Cette configuration fusionne les assaisonnements<\/b><span style=\"font-weight: 400;\"> et de la chapelure dans un processus de m\u00e9lange continu.<\/span><\/p><p><span style=\"font-weight: 400;\">Le m\u00e9lange se d\u00e9place ensuite vers une tr\u00e9mie, suivi d&#039;un levage vertical.<\/span><b>via un convoyeur a\u00e9rom\u00e9canique<\/b><span style=\"font-weight: 400;\"> vers un autre convoyeur \u00e0 vis flexible (non repr\u00e9sent\u00e9 ici). Enfin, le m\u00e9lange est dirig\u00e9 vers une remplisseuse de big bag ou une machine de conditionnement.<\/span><\/p>\t\t\t\t\t\t\t\t<\/div>\n\t\t\t\t<\/div>\n\t\t\t\t<\/div>\n\t\t\t\t\t<\/div>\n\t\t\t\t<\/div>\n\t\t<div class=\"elementor-element elementor-element-2eabc1d e-flex e-con-boxed e-con e-parent\" data-id=\"2eabc1d\" data-element_type=\"container\">\n\t\t\t\t\t<div class=\"e-con-inner\">\n\t\t<div class=\"elementor-element elementor-element-1b737b0 e-con-full e-flex e-con e-child\" data-id=\"1b737b0\" data-element_type=\"container\">\n\t\t\t\t<div class=\"elementor-element elementor-element-6cbcb4b elementor-widget elementor-widget-heading\" data-id=\"6cbcb4b\" data-element_type=\"widget\" data-widget_type=\"heading.default\">\n\t\t\t\t<div class=\"elementor-widget-container\">\n\t\t\t\t\t<h2 class=\"elementor-heading-title elementor-size-default\">Syst\u00e8mes de dosage de produits chimiques \u00e0 perte de poids\n<\/h2>\t\t\t\t<\/div>\n\t\t\t\t<\/div>\n\t\t\t\t<div class=\"elementor-element elementor-element-3bac1e9 elementor-widget-divider--view-line elementor-widget elementor-widget-divider\" data-id=\"3bac1e9\" data-element_type=\"widget\" data-widget_type=\"divider.default\">\n\t\t\t\t<div class=\"elementor-widget-container\">\n\t\t\t\t\t\t\t<div class=\"elementor-divider\">\n\t\t\t<span class=\"elementor-divider-separator\">\n\t\t\t\t\t\t<\/span>\n\t\t<\/div>\n\t\t\t\t\t\t<\/div>\n\t\t\t\t<\/div>\n\t\t\t\t<div class=\"elementor-element elementor-element-d23c170 elementor-widget elementor-widget-text-editor\" data-id=\"d23c170\" data-element_type=\"widget\" data-widget_type=\"text-editor.default\">\n\t\t\t\t<div class=\"elementor-widget-container\">\n\t\t\t\t\t\t\t\t\t<p><span style=\"font-weight: 400;\">Le syst\u00e8me de dosage chimique \u00e0 perte de poids a \u00e9t\u00e9 con\u00e7u par les ing\u00e9nieurs Spiroflow <\/span><b>pour un grand fabricant de batteries<\/b><span style=\"font-weight: 400;\">. Ils recherchaient des fabricants de syst\u00e8mes de convoyeurs capables d\u2019am\u00e9liorer leurs op\u00e9rations. Ce syst\u00e8me combine des quantit\u00e9s sp\u00e9cifiques de noir de carbone, de graphite et deux types d&#039;EMD.\u00a0<\/span><\/p><p><span style=\"font-weight: 400;\">Le syst\u00e8me de bande transporteuse que nous avons con\u00e7u comprend deux d\u00e9chargeurs de Big Bags dirigeant l&#039;EMD vers une tr\u00e9mie, tandis que des stations de d\u00e9chargement de sacs avec bo\u00eetes \u00e0 gants et convoyeurs \u00e0 vis flexibles ajoutent du noir de carbone et du graphite. Apr\u00e8s avoir m\u00e9lang\u00e9 ces ingr\u00e9dients, un <\/span><b>un convoyeur a\u00e9rom\u00e9canique transporte le m\u00e9lange<\/b><span style=\"font-weight: 400;\"> vers un autre m\u00e9langeur pour v\u00e9rifier la taille des lots dans le processus de perte de poids. Ensuite, un convoyeur \u00e0 vis flexible horizontal d\u00e9place le m\u00e9lange sec vers un m\u00e9langeur final pour l&#039;ajout de liquide.<\/span><\/p>\t\t\t\t\t\t\t\t<\/div>\n\t\t\t\t<\/div>\n\t\t\t\t<\/div>\n\t\t<div class=\"elementor-element elementor-element-d380987 e-con-full e-flex e-con e-child\" data-id=\"d380987\" data-element_type=\"container\">\n\t\t\t\t<div class=\"elementor-element elementor-element-09098a1 elementor-widget elementor-widget-image\" data-id=\"09098a1\" data-element_type=\"widget\" data-widget_type=\"image.default\">\n\t\t\t\t<div class=\"elementor-widget-container\">\n\t\t\t\t\t\t\t\t\t\t\t\t\t\t\t<img decoding=\"async\" width=\"753\" height=\"395\" src=\"https:\/\/www.spiroflow.com\/wp-content\/uploads\/2023\/08\/equip-solutions-02.webp\" class=\"attachment-large size-large wp-image-720\" alt=\"Syst\u00e8me de dosage chimique \u00e0 perte de poids\" srcset=\"https:\/\/www.spiroflow.com\/wp-content\/uploads\/2023\/08\/equip-solutions-02.webp 753w, https:\/\/www.spiroflow.com\/wp-content\/uploads\/2023\/08\/equip-solutions-02-300x157.webp 300w\" sizes=\"(max-width: 753px) 100vw, 753px\" \/>\t\t\t\t\t\t\t\t\t\t\t\t\t\t\t<\/div>\n\t\t\t\t<\/div>\n\t\t\t\t<\/div>\n\t\t\t\t\t<\/div>\n\t\t\t\t<\/div>\n\t\t<div class=\"elementor-element elementor-element-d35f661 e-flex e-con-boxed e-con e-parent\" data-id=\"d35f661\" data-element_type=\"container\">\n\t\t\t\t\t<div class=\"e-con-inner\">\n\t\t<div class=\"elementor-element elementor-element-c53eb63 e-con-full e-flex e-con e-child\" data-id=\"c53eb63\" data-element_type=\"container\">\n\t\t\t\t<div class=\"elementor-element elementor-element-71e2a8c elementor-widget elementor-widget-image\" data-id=\"71e2a8c\" data-element_type=\"widget\" data-widget_type=\"image.default\">\n\t\t\t\t<div class=\"elementor-widget-container\">\n\t\t\t\t\t\t\t\t\t\t\t\t\t\t\t<img decoding=\"async\" width=\"593\" height=\"439\" src=\"https:\/\/www.spiroflow.com\/wp-content\/uploads\/2023\/08\/equip-solutions-03.webp\" class=\"attachment-large size-large wp-image-721\" alt=\"Syst\u00e8me de remplissage de Big Bags avec gain de poids\" srcset=\"https:\/\/www.spiroflow.com\/wp-content\/uploads\/2023\/08\/equip-solutions-03.webp 593w, https:\/\/www.spiroflow.com\/wp-content\/uploads\/2023\/08\/equip-solutions-03-300x222.webp 300w\" sizes=\"(max-width: 593px) 100vw, 593px\" \/>\t\t\t\t\t\t\t\t\t\t\t\t\t\t\t<\/div>\n\t\t\t\t<\/div>\n\t\t\t\t<\/div>\n\t\t<div class=\"elementor-element elementor-element-684ab5b e-con-full e-flex e-con e-child\" data-id=\"684ab5b\" data-element_type=\"container\">\n\t\t\t\t<div class=\"elementor-element elementor-element-f4b06bd elementor-widget elementor-widget-heading\" data-id=\"f4b06bd\" data-element_type=\"widget\" data-widget_type=\"heading.default\">\n\t\t\t\t<div class=\"elementor-widget-container\">\n\t\t\t\t\t<h2 class=\"elementor-heading-title elementor-size-default\">Syst\u00e8mes de remplissage de Big Bags \u00e0 gain de poids<\/h2>\t\t\t\t<\/div>\n\t\t\t\t<\/div>\n\t\t\t\t<div class=\"elementor-element elementor-element-f3969ed elementor-widget-divider--view-line elementor-widget elementor-widget-divider\" data-id=\"f3969ed\" data-element_type=\"widget\" data-widget_type=\"divider.default\">\n\t\t\t\t<div class=\"elementor-widget-container\">\n\t\t\t\t\t\t\t<div class=\"elementor-divider\">\n\t\t\t<span class=\"elementor-divider-separator\">\n\t\t\t\t\t\t<\/span>\n\t\t<\/div>\n\t\t\t\t\t\t<\/div>\n\t\t\t\t<\/div>\n\t\t\t\t<div class=\"elementor-element elementor-element-9e637b3 elementor-widget elementor-widget-text-editor\" data-id=\"9e637b3\" data-element_type=\"widget\" data-widget_type=\"text-editor.default\">\n\t\t\t\t<div class=\"elementor-widget-container\">\n\t\t\t\t\t\t\t\t\t<p><span style=\"font-weight: 400;\">Cette installation, con\u00e7ue pour un important fabricant de tapis, implique <\/span><b>trois remplisseuses de big bag pour la manipulation des poussi\u00e8res de farine PVC<\/b><span style=\"font-weight: 400;\">. Au-dessus des remplisseuses, un sas rotatif, une vanne de d\u00e9rivation et une vanne coulissante contr\u00f4lent le flux de poussi\u00e8re de farine de PVC vers une double station de remplissage \u00e0 gain de poids. Cette station permet un remplissage efficace et des changements de sacs rapides, am\u00e9liorant ainsi la productivit\u00e9 de l&#039;op\u00e9rateur.<\/span><\/p><p><span style=\"font-weight: 400;\">Un remplisseur de Big Bags suppl\u00e9mentaire g\u00e8re la poussi\u00e8re de farine de PVC collect\u00e9e via un syst\u00e8me de d\u00e9poussi\u00e9rage \u00e0 l&#039;\u00e9chelle de l&#039;usine. Il utilise un convoyeur \u00e0 vis flexible dans une tr\u00e9mie, <\/span><b>rechercher du mat\u00e9riel \u00e0 partir d&#039;une configuration externe<\/b><span style=\"font-weight: 400;\"> (pas montr\u00e9).<\/span><\/p>\t\t\t\t\t\t\t\t<\/div>\n\t\t\t\t<\/div>\n\t\t\t\t<\/div>\n\t\t\t\t\t<\/div>\n\t\t\t\t<\/div>\n\t\t<div class=\"elementor-element elementor-element-6bc50e4 e-flex e-con-boxed e-con e-parent\" data-id=\"6bc50e4\" data-element_type=\"container\">\n\t\t\t\t\t<div class=\"e-con-inner\">\n\t\t\t\t<div class=\"elementor-element elementor-element-4da7f8d elementor-widget elementor-widget-heading\" data-id=\"4da7f8d\" data-element_type=\"widget\" data-widget_type=\"heading.default\">\n\t\t\t\t<div class=\"elementor-widget-container\">\n\t\t\t\t\t<h2 class=\"elementor-heading-title elementor-size-default\">Investissez dans nos solutions syst\u00e8me et am\u00e9liorez vos op\u00e9rations<\/h2>\t\t\t\t<\/div>\n\t\t\t\t<\/div>\n\t\t\t\t<div class=\"elementor-element elementor-element-584cf71 elementor-widget-divider--view-line elementor-widget elementor-widget-divider\" data-id=\"584cf71\" data-element_type=\"widget\" data-widget_type=\"divider.default\">\n\t\t\t\t<div class=\"elementor-widget-container\">\n\t\t\t\t\t\t\t<div class=\"elementor-divider\">\n\t\t\t<span class=\"elementor-divider-separator\">\n\t\t\t\t\t\t<\/span>\n\t\t<\/div>\n\t\t\t\t\t\t<\/div>\n\t\t\t\t<\/div>\n\t\t\t\t<div class=\"elementor-element elementor-element-7d042bb elementor-widget elementor-widget-text-editor\" data-id=\"7d042bb\" data-element_type=\"widget\" data-widget_type=\"text-editor.default\">\n\t\t\t\t<div class=\"elementor-widget-container\">\n\t\t\t\t\t\t\t\t\t<p><span style=\"font-weight: 400;\">Spiroflow se distingue en tant que leader en fournissant des solutions de syst\u00e8mes de convoyeurs \u00e0 bande et d&#039;autres \u00e9quipements faciles \u00e0 utiliser et efficaces. Nous sommes sp\u00e9cialis\u00e9s dans la cr\u00e9ation de solutions compl\u00e8tes de bandes transporteuses qui r\u00e9pondent aux besoins sp\u00e9cifiques de nos clients. De la transformation des aliments au dosage de produits chimiques en passant par le remplissage de big bag, nos syst\u00e8mes sont <\/span><b>tout sur la conception intelligente et la fiabilit\u00e9<\/b><span style=\"font-weight: 400;\">.<\/span><\/p><p><span style=\"font-weight: 400;\">Au c\u0153ur se trouvent nos syst\u00e8mes de convoyeurs industriels, comprenant \u00e0 la fois les syst\u00e8mes \u00e0 bande transporteuse et <\/span><b>installations industrielles plus larges<\/b><span style=\"font-weight: 400;\">. Ces syst\u00e8mes sont essentiels pour m\u00e9langer en douceur les ingr\u00e9dients dans la production alimentaire ou pour g\u00e9rer des mesures pr\u00e9cises dans les processus chimiques.<\/span><\/p><p><span style=\"font-weight: 400;\">En tant que l&#039;un des principaux fabricants de convoyeurs \u00e0 bande, nous savons \u00e0 quel point des bandes transporteuses solides et fiables sont importantes pour que les op\u00e9rations se d\u00e9roulent sans accroc. C&#039;est pourquoi nous nous concentrons sur la construction de syst\u00e8mes de bandes transporteuses durables et de haute qualit\u00e9 sur lesquels vous pouvez compter. Notre <\/span><b>solutions de remplissage et de d\u00e9chargement<\/b><span style=\"font-weight: 400;\"> peut automatiser vos processus et am\u00e9liorer vos op\u00e9rations tout en minimisant les dommages et les pertes de produits. Avec Spiroflow, vous obtenez bien plus qu&#039;un simple produit. Vous gagnez un partenaire d\u00e9termin\u00e9 \u00e0 innover et \u00e0 s&#039;am\u00e9liorer, garantissant que nos solutions r\u00e9pondent toujours aux normes \u00e9lev\u00e9es attendues par nos clients.<\/span><\/p>\t\t\t\t\t\t\t\t<\/div>\n\t\t\t\t<\/div>\n\t\t\t\t\t<\/div>\n\t\t\t\t<\/div>\n\t\t<div class=\"elementor-element elementor-element-d02a737 e-con-full e-flex e-con e-parent\" data-id=\"d02a737\" data-element_type=\"container\" data-settings=\"{&quot;background_background&quot;:&quot;classic&quot;}\">\n\t\t\t\t<div class=\"elementor-element elementor-element-935f2f0 elementor-widget__width-inherit elementor-widget elementor-widget-heading\" data-id=\"935f2f0\" data-element_type=\"widget\" data-widget_type=\"heading.default\">\n\t\t\t\t<div class=\"elementor-widget-container\">\n\t\t\t\t\t<p class=\"elementor-heading-title elementor-size-default\">Besoin d&#039;assistance? Contactez-nous aujourd&#039;hui, nous vous r\u00e9pondrons d\u00e8s que possible<\/p>\t\t\t\t<\/div>\n\t\t\t\t<\/div>\n\t\t\t\t<div class=\"elementor-element elementor-element-14af650 elementor-align-center elementor-mobile-align-center elementor-widget elementor-widget-button\" data-id=\"14af650\" data-element_type=\"widget\" data-widget_type=\"button.default\">\n\t\t\t\t<div class=\"elementor-widget-container\">\n\t\t\t\t\t\t\t\t\t<div class=\"elementor-button-wrapper\">\n\t\t\t\t\t<a class=\"elementor-button elementor-button-link elementor-size-md\" href=\"\/fr\/contactez-nous\/\">\n\t\t\t\t\t\t<span class=\"elementor-button-content-wrapper\">\n\t\t\t\t\t\t\t\t\t<span class=\"elementor-button-text\">Contactez-nous<\/span>\n\t\t\t\t\t<\/span>\n\t\t\t\t\t<\/a>\n\t\t\t\t<\/div>\n\t\t\t\t\t\t\t\t<\/div>\n\t\t\t\t<\/div>\n\t\t\t\t<\/div>\n\t\t\t\t<\/div>","protected":false},"excerpt":{"rendered":"<p>Solutions syst\u00e8me Chez Spiroflow, notre priorit\u00e9 est d&#039;innover et de fournir des solutions syst\u00e8me de premier ordre qui incluent des technologies de convoyeurs, des syst\u00e8mes de transformation des aliments, des syst\u00e8mes de dosage de produits chimiques \u00e0 perte de poids et des syst\u00e8mes de remplissage de Big Bags \u00e0 gain de poids. Nous comprenons que les besoins de nos clients \u00e9voluent constamment, c&#039;est pourquoi nous veillons \u00e0 toujours avoir une longueur d&#039;avance avec les derni\u00e8res solutions de convoyeurs. Notre [\u2026]<\/p>","protected":false},"author":2,"featured_media":719,"parent":0,"menu_order":0,"comment_status":"closed","ping_status":"closed","template":"","meta":{"content-type":"","footnotes":""},"class_list":["post-708","page","type-page","status-publish","has-post-thumbnail","hentry"],"_links":{"self":[{"href":"https:\/\/www.spiroflow.com\/fr\/wp-json\/wp\/v2\/pages\/708","targetHints":{"allow":["GET"]}}],"collection":[{"href":"https:\/\/www.spiroflow.com\/fr\/wp-json\/wp\/v2\/pages"}],"about":[{"href":"https:\/\/www.spiroflow.com\/fr\/wp-json\/wp\/v2\/types\/page"}],"author":[{"embeddable":true,"href":"https:\/\/www.spiroflow.com\/fr\/wp-json\/wp\/v2\/users\/2"}],"replies":[{"embeddable":true,"href":"https:\/\/www.spiroflow.com\/fr\/wp-json\/wp\/v2\/comments?post=708"}],"version-history":[{"count":0,"href":"https:\/\/www.spiroflow.com\/fr\/wp-json\/wp\/v2\/pages\/708\/revisions"}],"wp:featuredmedia":[{"embeddable":true,"href":"https:\/\/www.spiroflow.com\/fr\/wp-json\/wp\/v2\/media\/719"}],"wp:attachment":[{"href":"https:\/\/www.spiroflow.com\/fr\/wp-json\/wp\/v2\/media?parent=708"}],"curies":[{"name":"wp","href":"https:\/\/api.w.org\/{rel}","templated":true}]}}