{"id":709,"date":"2023-08-11T13:17:23","date_gmt":"2023-08-11T13:17:23","guid":{"rendered":"https:\/\/spiroflow1.wpengine.com\/?page_id=709"},"modified":"2024-03-19T22:28:28","modified_gmt":"2024-03-19T22:28:28","slug":"solutions-de-pesage-par-lots","status":"publish","type":"page","link":"https:\/\/www.spiroflow.com\/fr\/solutions-de-pesage-par-lots\/","title":{"rendered":"Solutions de pesage et de dosage"},"content":{"rendered":"<div data-elementor-type=\"wp-page\" data-elementor-id=\"709\" class=\"elementor elementor-709\" data-elementor-post-type=\"page\">\n\t\t\t\t<div class=\"elementor-element elementor-element-77394d9 e-flex e-con-boxed e-con e-parent\" data-id=\"77394d9\" data-element_type=\"container\" data-settings=\"{&quot;background_background&quot;:&quot;classic&quot;}\">\n\t\t\t\t\t<div class=\"e-con-inner\">\n\t\t\t\t<div class=\"elementor-element elementor-element-f4149f7 elementor-widget elementor-widget-heading\" data-id=\"f4149f7\" data-element_type=\"widget\" data-widget_type=\"heading.default\">\n\t\t\t\t<div class=\"elementor-widget-container\">\n\t\t\t\t\t<h1 class=\"elementor-heading-title elementor-size-default\">Solutions de pesage et de dosage<\/h1>\t\t\t\t<\/div>\n\t\t\t\t<\/div>\n\t\t\t\t\t<\/div>\n\t\t\t\t<\/div>\n\t\t<div class=\"elementor-element elementor-element-a40909d e-flex e-con-boxed e-con e-parent\" data-id=\"a40909d\" data-element_type=\"container\">\n\t\t\t\t\t<div class=\"e-con-inner\">\n\t\t\t\t<div class=\"elementor-element elementor-element-68ba436 elementor-widget elementor-widget-text-editor\" data-id=\"68ba436\" data-element_type=\"widget\" data-widget_type=\"text-editor.default\">\n\t\t\t\t<div class=\"elementor-widget-container\">\n\t\t\t\t\t\t\t\t\t<p><span style=\"font-weight: 400;\">Pr\u00e9cis <\/span><b>solutions de pesage et de dosage<\/b><span style=\"font-weight: 400;\"> sont cruciaux pour maintenir la qualit\u00e9 des produits et l\u2019efficacit\u00e9 op\u00e9rationnelle. Ces syst\u00e8mes sont essentiels pour minimiser le gaspillage de mat\u00e9riaux et maximiser l\u2019utilisation des ressources. \u00c0 son tour, cela a un impact direct sur les r\u00e9sultats d&#039;une entreprise en optimisant la rentabilit\u00e9 des processus de production.<\/span><\/p>\t\t\t\t\t\t\t\t<\/div>\n\t\t\t\t<\/div>\n\t\t\t\t\t<\/div>\n\t\t\t\t<\/div>\n\t\t<div class=\"elementor-element elementor-element-02925f8 e-flex e-con-boxed e-con e-parent\" data-id=\"02925f8\" data-element_type=\"container\">\n\t\t\t\t\t<div class=\"e-con-inner\">\n\t\t<div class=\"elementor-element elementor-element-57ab694 e-con-full e-flex e-con e-child\" data-id=\"57ab694\" data-element_type=\"container\">\n\t\t\t\t<div class=\"elementor-element elementor-element-fe64cf5 elementor-widget elementor-widget-heading\" data-id=\"fe64cf5\" data-element_type=\"widget\" data-widget_type=\"heading.default\">\n\t\t\t\t<div class=\"elementor-widget-container\">\n\t\t\t\t\t<h2 class=\"elementor-heading-title elementor-size-default\">Syst\u00e8mes de dosage de produits chimiques \u00e0 perte de poids\n<\/h2>\t\t\t\t<\/div>\n\t\t\t\t<\/div>\n\t\t\t\t<div class=\"elementor-element elementor-element-5c9019e elementor-widget-divider--view-line elementor-widget elementor-widget-divider\" data-id=\"5c9019e\" data-element_type=\"widget\" data-widget_type=\"divider.default\">\n\t\t\t\t<div class=\"elementor-widget-container\">\n\t\t\t\t\t\t\t<div class=\"elementor-divider\">\n\t\t\t<span class=\"elementor-divider-separator\">\n\t\t\t\t\t\t<\/span>\n\t\t<\/div>\n\t\t\t\t\t\t<\/div>\n\t\t\t\t<\/div>\n\t\t\t\t<div class=\"elementor-element elementor-element-e365c88 elementor-widget elementor-widget-text-editor\" data-id=\"e365c88\" data-element_type=\"widget\" data-widget_type=\"text-editor.default\">\n\t\t\t\t<div class=\"elementor-widget-container\">\n\t\t\t\t\t\t\t\t\t<p><span style=\"font-weight: 400;\">Les ing\u00e9nieurs de Spiroflow ont con\u00e7u un syst\u00e8me sp\u00e9cialis\u00e9 de dosage de produits chimiques \u00e0 perte de poids, adapt\u00e9 \u00e0 un important producteur de batteries destin\u00e9 aux secteurs militaire et de la sant\u00e9. Ce syst\u00e8me innovant combine un m\u00e9lange unique de <\/span><b>noir de carbone, graphite et deux vari\u00e9t\u00e9s d&#039;EMD<\/b><span style=\"font-weight: 400;\">. Il utilise deux d\u00e9chargeurs de Big Bags qui alimentent l&#039;EMD dans une tr\u00e9mie.<\/span><\/p><p><span style=\"font-weight: 400;\">De plus, le noir de carbone et le graphite sont transport\u00e9s vers la m\u00eame tr\u00e9mie via deux stations de vidange de sacs. <\/span><b>\u00e9quip\u00e9 de bo\u00eetes \u00e0 gants<\/b><span style=\"font-weight: 400;\">, compacteurs de sacs et convoyeurs \u00e0 vis flexibles polyvalents. Par la suite, la tr\u00e9mie achemine ces mat\u00e9riaux vers un m\u00e9langeur pour un m\u00e9lange complet.<\/span><\/p><p><span style=\"font-weight: 400;\">Apr\u00e8s m\u00e9lange, le m\u00e9lange est transf\u00e9r\u00e9 \u00e0 l&#039;aide d&#039;un convoyeur a\u00e9rom\u00e9canique vers une autre station de m\u00e9lange, garantissant ainsi la <\/span><b>pr\u00e9cision de la taille du lot de perte de poids<\/b><span style=\"font-weight: 400;\">. Enfin, un convoyeur \u00e0 vis flexible horizontal issu de la vaste gamme de solutions de convoyage transporte efficacement le m\u00e9lange sec vers un m\u00e9langeur suppl\u00e9mentaire pour l&#039;int\u00e9gration des composants liquides. Ce processus illustre les technologies de convoyage de pointe et les solutions de bandes transporteuses fournies par les principaux fabricants de syst\u00e8mes de convoyeurs \u2013 Spiroflow. Il met en valeur notre engagement \u00e0 fournir des syst\u00e8mes de convoyeurs industriels complets.<\/span><\/p>\t\t\t\t\t\t\t\t<\/div>\n\t\t\t\t<\/div>\n\t\t\t\t<\/div>\n\t\t<div class=\"elementor-element elementor-element-2854b92 e-con-full e-flex e-con e-child\" data-id=\"2854b92\" data-element_type=\"container\">\n\t\t\t\t<div class=\"elementor-element elementor-element-f202f47 elementor-widget elementor-widget-image\" data-id=\"f202f47\" data-element_type=\"widget\" data-widget_type=\"image.default\">\n\t\t\t\t<div class=\"elementor-widget-container\">\n\t\t\t\t\t\t\t\t\t\t\t\t\t\t\t<img fetchpriority=\"high\" decoding=\"async\" width=\"753\" height=\"395\" src=\"https:\/\/www.spiroflow.com\/wp-content\/uploads\/2023\/08\/equip-solutions-02.webp\" class=\"attachment-large size-large wp-image-720\" alt=\"Syst\u00e8me de dosage chimique \u00e0 perte de poids\" srcset=\"https:\/\/www.spiroflow.com\/wp-content\/uploads\/2023\/08\/equip-solutions-02.webp 753w, https:\/\/www.spiroflow.com\/wp-content\/uploads\/2023\/08\/equip-solutions-02-300x157.webp 300w\" sizes=\"(max-width: 753px) 100vw, 753px\" \/>\t\t\t\t\t\t\t\t\t\t\t\t\t\t\t<\/div>\n\t\t\t\t<\/div>\n\t\t\t\t<\/div>\n\t\t\t\t\t<\/div>\n\t\t\t\t<\/div>\n\t\t<div class=\"elementor-element elementor-element-0aa0bba e-flex e-con-boxed e-con e-parent\" data-id=\"0aa0bba\" data-element_type=\"container\">\n\t\t\t\t\t<div class=\"e-con-inner\">\n\t\t<div class=\"elementor-element elementor-element-56227f5 e-con-full e-flex e-con e-child\" data-id=\"56227f5\" data-element_type=\"container\">\n\t\t\t\t<div class=\"elementor-element elementor-element-6467987 elementor-widget elementor-widget-image\" data-id=\"6467987\" data-element_type=\"widget\" data-widget_type=\"image.default\">\n\t\t\t\t<div class=\"elementor-widget-container\">\n\t\t\t\t\t\t\t\t\t\t\t\t\t\t\t<img decoding=\"async\" width=\"593\" height=\"439\" src=\"https:\/\/www.spiroflow.com\/wp-content\/uploads\/2023\/08\/equip-solutions-03.webp\" class=\"attachment-large size-large wp-image-721\" alt=\"Syst\u00e8me de remplissage de Big Bags avec gain de poids\" srcset=\"https:\/\/www.spiroflow.com\/wp-content\/uploads\/2023\/08\/equip-solutions-03.webp 593w, https:\/\/www.spiroflow.com\/wp-content\/uploads\/2023\/08\/equip-solutions-03-300x222.webp 300w\" sizes=\"(max-width: 593px) 100vw, 593px\" \/>\t\t\t\t\t\t\t\t\t\t\t\t\t\t\t<\/div>\n\t\t\t\t<\/div>\n\t\t\t\t<\/div>\n\t\t<div class=\"elementor-element elementor-element-592db6d e-con-full e-flex e-con e-child\" data-id=\"592db6d\" data-element_type=\"container\">\n\t\t\t\t<div class=\"elementor-element elementor-element-df32b9c elementor-widget elementor-widget-heading\" data-id=\"df32b9c\" data-element_type=\"widget\" data-widget_type=\"heading.default\">\n\t\t\t\t<div class=\"elementor-widget-container\">\n\t\t\t\t\t<h2 class=\"elementor-heading-title elementor-size-default\">Syst\u00e8mes de remplissage de Big Bags \u00e0 gain de poids<\/h2>\t\t\t\t<\/div>\n\t\t\t\t<\/div>\n\t\t\t\t<div class=\"elementor-element elementor-element-ceb0d09 elementor-widget-divider--view-line elementor-widget elementor-widget-divider\" data-id=\"ceb0d09\" data-element_type=\"widget\" data-widget_type=\"divider.default\">\n\t\t\t\t<div class=\"elementor-widget-container\">\n\t\t\t\t\t\t\t<div class=\"elementor-divider\">\n\t\t\t<span class=\"elementor-divider-separator\">\n\t\t\t\t\t\t<\/span>\n\t\t<\/div>\n\t\t\t\t\t\t<\/div>\n\t\t\t\t<\/div>\n\t\t\t\t<div class=\"elementor-element elementor-element-9881471 elementor-widget elementor-widget-text-editor\" data-id=\"9881471\" data-element_type=\"widget\" data-widget_type=\"text-editor.default\">\n\t\t\t\t<div class=\"elementor-widget-container\">\n\t\t\t\t\t\t\t\t\t<p><span style=\"font-weight: 400;\">Trois remplisseuses de Big Bags distinctes \u00e9taient essentielles pour cr\u00e9er un processus de poussi\u00e8re de farine de PVC sur mesure adapt\u00e9 \u00e0 un important producteur de tapis. Plac\u00e9e au-dessus, une unit\u00e9 de distribution \u00e9quip\u00e9e d&#039;un <\/span><b>sas rotatif, vanne de d\u00e9rivation et vanne coulissante<\/b><span style=\"font-weight: 400;\"> canalise efficacement la poussi\u00e8re de farine de PVC vers un double syst\u00e8me de remplissage de Big Bags \u00e0 gain de poids.<\/span><\/p><p><span style=\"font-weight: 400;\">Ce syst\u00e8me, <\/span><b>soigneusement con\u00e7u pour des taux d&#039;ensachage sup\u00e9rieurs<\/b><span style=\"font-weight: 400;\"> et une efficacit\u00e9 accrue de l&#039;op\u00e9rateur, permet le remplissage simultan\u00e9 d&#039;un big bag tout en facilitant le remplacement d&#039;un autre. Ce fonctionnement fluide t\u00e9moigne des syst\u00e8mes et solutions innovants de bandes transporteuses fournis par des fabricants de convoyeurs sp\u00e9cialis\u00e9s tels que Spiroflow.<\/span><\/p><p><span style=\"font-weight: 400;\">De plus, une troisi\u00e8me remplisseuse de Big Bags est pr\u00eate \u00e0 accueillir la poussi\u00e8re de farine de PVC accumul\u00e9e gr\u00e2ce \u00e0 un syst\u00e8me complet de collecte de poussi\u00e8re \u00e0 l&#039;\u00e9chelle de l&#039;usine. Cette charge est <\/span><b>constamment r\u00e9approvisionn\u00e9 par un convoyeur \u00e0 vis flexible<\/b><span style=\"font-weight: 400;\">, partie int\u00e9grante du syst\u00e8me de convoyeur \u00e0 bande, puisant \u00e0 partir d&#039;une source externe d\u00e9sign\u00e9e. Cette configuration incarne non seulement l&#039;efficacit\u00e9 des syst\u00e8mes de convoyeurs \u00e0 bande modernes, mais met \u00e9galement en valeur l&#039;ing\u00e9nierie de pr\u00e9cision des principaux fabricants de convoyeurs \u00e0 bande pour r\u00e9pondre aux besoins industriels.<\/span><\/p>\t\t\t\t\t\t\t\t<\/div>\n\t\t\t\t<\/div>\n\t\t\t\t<\/div>\n\t\t\t\t\t<\/div>\n\t\t\t\t<\/div>\n\t\t<div class=\"elementor-element elementor-element-2fb1a5d e-flex e-con-boxed e-con e-parent\" data-id=\"2fb1a5d\" data-element_type=\"container\">\n\t\t\t\t\t<div class=\"e-con-inner\">\n\t\t\t\t<div class=\"elementor-element elementor-element-fcf0d25 elementor-widget elementor-widget-heading\" data-id=\"fcf0d25\" data-element_type=\"widget\" data-widget_type=\"heading.default\">\n\t\t\t\t<div class=\"elementor-widget-container\">\n\t\t\t\t\t<h2 class=\"elementor-heading-title elementor-size-default\">Solutions de pesage et de dosage pour une efficacit\u00e9 op\u00e9rationnelle<\/h2>\t\t\t\t<\/div>\n\t\t\t\t<\/div>\n\t\t\t\t<div class=\"elementor-element elementor-element-b701a82 elementor-widget-divider--view-line elementor-widget elementor-widget-divider\" data-id=\"b701a82\" data-element_type=\"widget\" data-widget_type=\"divider.default\">\n\t\t\t\t<div class=\"elementor-widget-container\">\n\t\t\t\t\t\t\t<div class=\"elementor-divider\">\n\t\t\t<span class=\"elementor-divider-separator\">\n\t\t\t\t\t\t<\/span>\n\t\t<\/div>\n\t\t\t\t\t\t<\/div>\n\t\t\t\t<\/div>\n\t\t\t\t<div class=\"elementor-element elementor-element-745e4a8 elementor-widget elementor-widget-text-editor\" data-id=\"745e4a8\" data-element_type=\"widget\" data-widget_type=\"text-editor.default\">\n\t\t\t\t<div class=\"elementor-widget-container\">\n\t\t\t\t\t\t\t\t\t<p><span style=\"font-weight: 400;\">Le syst\u00e8me de dosage de produits chimiques par perte de poids sur mesure et les syst\u00e8mes de remplissage de Big Bags en poussi\u00e8re de farine en PVC sur mesure sont des repr\u00e9sentations exemplaires d&#039;une ing\u00e9nierie avanc\u00e9e et d&#039;une fabrication pr\u00e9cise. En int\u00e9grant des bandes transporteuses sophistiqu\u00e9es et d&#039;autres \u00e9quipements, nous r\u00e9pondons aux besoins industriels sp\u00e9cifiques, garantissant <\/span><b>efficacit\u00e9, pr\u00e9cision et productivit\u00e9<\/b><span style=\"font-weight: 400;\">.<\/span><\/p><p><span style=\"font-weight: 400;\">En cons\u00e9quence, chaque \u00e9l\u00e9ment de notre solution syst\u00e9matique, du syst\u00e8me de bande transporteuse au remplissage et au d\u00e9chargement, r\u00e9pond aux exigences rigoureuses des applications sp\u00e9cialis\u00e9es. Ces syst\u00e8mes t\u00e9moignent de l&#039;engagement envers <\/span><b>excellence dans le domaine des syst\u00e8mes de convoyeurs industriels<\/b><span style=\"font-weight: 400;\">. Ils d\u00e9montrent qu\u2019une ing\u00e9nierie pr\u00e9cise et une conception r\u00e9fl\u00e9chie peuvent am\u00e9liorer consid\u00e9rablement l\u2019efficacit\u00e9 op\u00e9rationnelle et la qualit\u00e9 des produits dans divers paysages industriels.<\/span><\/p>\t\t\t\t\t\t\t\t<\/div>\n\t\t\t\t<\/div>\n\t\t\t\t\t<\/div>\n\t\t\t\t<\/div>\n\t\t<div class=\"elementor-element elementor-element-ca3d413 e-con-full e-flex e-con e-parent\" data-id=\"ca3d413\" data-element_type=\"container\" data-settings=\"{&quot;background_background&quot;:&quot;classic&quot;}\">\n\t\t\t\t<div class=\"elementor-element elementor-element-945c110 elementor-widget elementor-widget-heading\" data-id=\"945c110\" data-element_type=\"widget\" data-widget_type=\"heading.default\">\n\t\t\t\t<div class=\"elementor-widget-container\">\n\t\t\t\t\t<p class=\"elementor-heading-title elementor-size-default\">Besoin d&#039;assistance? Contactez-nous aujourd&#039;hui, nous vous r\u00e9pondrons d\u00e8s que possible<\/p>\t\t\t\t<\/div>\n\t\t\t\t<\/div>\n\t\t\t\t<div class=\"elementor-element elementor-element-b89c2f8 elementor-align-center elementor-mobile-align-center elementor-widget elementor-widget-button\" data-id=\"b89c2f8\" data-element_type=\"widget\" data-widget_type=\"button.default\">\n\t\t\t\t<div class=\"elementor-widget-container\">\n\t\t\t\t\t\t\t\t\t<div class=\"elementor-button-wrapper\">\n\t\t\t\t\t<a class=\"elementor-button elementor-button-link elementor-size-md\" href=\"\/fr\/contactez-nous\/\">\n\t\t\t\t\t\t<span class=\"elementor-button-content-wrapper\">\n\t\t\t\t\t\t\t\t\t<span class=\"elementor-button-text\">Contactez-nous<\/span>\n\t\t\t\t\t<\/span>\n\t\t\t\t\t<\/a>\n\t\t\t\t<\/div>\n\t\t\t\t\t\t\t\t<\/div>\n\t\t\t\t<\/div>\n\t\t\t\t<\/div>\n\t\t\t\t<\/div>","protected":false},"excerpt":{"rendered":"<p>Solutions de pesage et de dosage Des solutions de pesage et de dosage pr\u00e9cises sont essentielles au maintien de la qualit\u00e9 des produits et de l&#039;efficacit\u00e9 op\u00e9rationnelle. Ces syst\u00e8mes sont essentiels pour minimiser le gaspillage de mat\u00e9riaux et maximiser l\u2019utilisation des ressources. \u00c0 son tour, cela a un impact direct sur les r\u00e9sultats financiers d&#039;une entreprise en optimisant la rentabilit\u00e9 des processus de production. Les ing\u00e9nieurs en syst\u00e8mes de dosage de produits chimiques par perte de poids chez Spiroflow ont con\u00e7u un [\u2026]<\/p>","protected":false},"author":2,"featured_media":722,"parent":0,"menu_order":0,"comment_status":"closed","ping_status":"closed","template":"","meta":{"content-type":"","footnotes":""},"class_list":["post-709","page","type-page","status-publish","has-post-thumbnail","hentry"],"_links":{"self":[{"href":"https:\/\/www.spiroflow.com\/fr\/wp-json\/wp\/v2\/pages\/709","targetHints":{"allow":["GET"]}}],"collection":[{"href":"https:\/\/www.spiroflow.com\/fr\/wp-json\/wp\/v2\/pages"}],"about":[{"href":"https:\/\/www.spiroflow.com\/fr\/wp-json\/wp\/v2\/types\/page"}],"author":[{"embeddable":true,"href":"https:\/\/www.spiroflow.com\/fr\/wp-json\/wp\/v2\/users\/2"}],"replies":[{"embeddable":true,"href":"https:\/\/www.spiroflow.com\/fr\/wp-json\/wp\/v2\/comments?post=709"}],"version-history":[{"count":0,"href":"https:\/\/www.spiroflow.com\/fr\/wp-json\/wp\/v2\/pages\/709\/revisions"}],"wp:featuredmedia":[{"embeddable":true,"href":"https:\/\/www.spiroflow.com\/fr\/wp-json\/wp\/v2\/media\/722"}],"wp:attachment":[{"href":"https:\/\/www.spiroflow.com\/fr\/wp-json\/wp\/v2\/media?parent=709"}],"curies":[{"name":"wp","href":"https:\/\/api.w.org\/{rel}","templated":true}]}}